{"id":96096,"date":"2026-04-28T10:00:32","date_gmt":"2026-04-28T07:00:32","guid":{"rendered":"https:\/\/flama.fi\/tuote\/urban-kiz-alkeet-syksy2026\/"},"modified":"2026-05-13T15:11:44","modified_gmt":"2026-05-13T12:11:44","slug":"urban-kiz-alkeet-syksy2026","status":"publish","type":"product","link":"https:\/\/flama.fi\/en\/product\/urban-kiz-alkeet-syksy2026\/","title":{"rendered":"Urban kiz, beginners(5 sessions), Thursdays 5.11.\u201310.12. at 19.15\u201320.10, instructed by Tuomas Sirvi\u00f6"},"content":{"rendered":"<h3>What if I can&#8217;t participate every week?<\/h3>\n<p>Absences from classes can be made up during the same term in any other class or drop-in session. This way, no dance session will be wasted! <a href=\"https:\/\/flama.fi\/en\/info\/faq\/\">Read more.<\/a> <\/p>\n<h3>What should I bring with me?<\/h3>\n<p>For the class, it is recommended to wear clothes that are comfortable to move around in. You can dance with indoor sneakers, dance shoes, or socks.  Take your water bottle with you.<\/p>\n<h3>Urban Kiz<\/h3>\n<p>Urban Kiz is a couple dance style developed from kizomba. It was born in Paris, France, in the 2010s. As a music style, Urban Kiz has been influenced by hip hop, ghetto zouk and R&amp;B. This dance with African and Caribbean influences combines smooth movements, intimate couple dancing and a delicate atmosphere created by the music. Urban Kiz emphasizes improvisation and communication between the dancers. The dance experience is intimate and emotional.<\/p>\n<h3>Tuomas Sirvi\u00f6<\/h3>\n<p>Tuomas began dancing salsa and bachata while living in Paris. He returned to Finland in 2015, where he discovered kizomba, semba, and urban kiz, the latter of which captivated him. Having attended several international dance festivals and studied under top instructors, Tuomas decided in 2018 to complete the first part of the urban kiz teacher training with Curtis Seldon and Carola Tauler. Since then, he has been sharing what he has learned and developing his teaching methods, mainly in Turku.   <\/p>\n<p>\u201cI hope my classes leave a positive vibe, provide good basics for urban kiz, encourage to interpret music and realize oneself on the dance floor without boundaries. See you in the dance classes and on the dance floor!&#8221;<\/p>\n<p>More information about the course:<a href=\"mailto:info@flama.fi\"> info@flama.fi<\/a><\/p>\n","protected":false},"excerpt":{"rendered":"<p>Want to learn the sensual and emotional urban kiz? In this course, you\u2019ll practice the basic steps of urban kiz, simple routines, and leading and following techniques. <\/p>\n<p>This course is suitable for beginners. You can join without any previous dance experience.<\/p>\n<p>You can sign up alone or with a partner. During the lessons, partners are changed in a circle. If you wish, you can also dance only with your own partner. <\/p>\n<p>Anyone can participate in all Flama\u00b4s partner classes as a leader or follower, regardless of gender identity.<\/p>\n<p><b>Time: Thursdays<\/b> 5.11.\u201310.12. at 19.15\u201320.10<br \/>\n<b>Place<\/b>: Flama Rauhankatu (Rauhankatu 15, 20100 Turku)<br \/>\n<b>Level<\/b>: beginners<br \/>\n<b>Teacher:<\/b> <a href=\"https:\/\/flama.fi\/en\/instructors\/tuomas-sirvio\/\">Tuomas Sirvi\u00f6<\/a><\/p>\n<p>The course fee includes 5 x 55 min sessions. No class will be held on 26.11.<\/p>\n<p>If you are purchasing a course for two people, please add the name, email address, and phone number of the second participant in the &#8220;Order comments&#8221; field so that we can add them to the course as well.<\/p>\n<p><b>Reserve your spot in time and take advantage of the discounted price<br \/>\n<\/b>By paying the course by latest Thursday 29.10.2026 you get the course on a discounted price<\/p>\n<p>If you would like to pay part of the course fee with a tyky benefit (e.g., Smartum, Edenred, ePassi), please register by sending an email to: info@flama.fi.<\/p>\n<p>Thinking of taking more than one course? With the Flama<b><a href=\"https:\/\/flama.fi\/en\/product\/anytime-autumn-2026\/\"> Anytime Card<\/a><\/b>, you can dance as much as you want all autumn long. If you already have an Anytime pass, register for the courses by email: <a href=\"mailto:info@flama.fi\">info@flama.fi<\/a><\/p>\n","protected":false},"featured_media":48801,"template":"","meta":{"inline_featured_image":false},"product_brand":[],"product_cat":[3669],"product_tag":[4438,1241,4077,2518,2103,4474,838,2404,2405],"class_list":{"0":"post-96096","1":"product","2":"type-product","3":"status-publish","4":"has-post-thumbnail","6":"product_cat-courses-in-autumn","7":"product_tag-autumn-2026","8":"product_tag-beginners","9":"product_tag-courses","10":"product_tag-flama-rauhankatu-en","11":"product_tag-paritanssi-en","12":"product_tag-paritanssin-alkeet","13":"product_tag-tanssistudio-flama-en","14":"product_tag-tuomas-sirvio-2-en","15":"product_tag-urban-kiz-en-2","17":"first","18":"instock","19":"sale","20":"taxable","21":"shipping-taxable","22":"purchasable","23":"product-type-variable"},"yoast_head":"<!-- This site is optimized with the Yoast SEO plugin v27.6 - https:\/\/yoast.com\/product\/yoast-seo-wordpress\/ -->\n<title>Urban kiz, beginners(5 sessions), Thursdays 5.11.\u201310.12. at 19.15\u201320.10, instructed by Tuomas Sirvi\u00f6 - Tanssistudio Flama<\/title>\n<meta name=\"description\" content=\"Have you wanted to learn a new couple dance? This course for the beginners takes you to the sensitive world of urban kiz right from the very basics.\" \/>\n<meta name=\"robots\" content=\"index, follow, max-snippet:-1, max-image-preview:large, max-video-preview:-1\" \/>\n<link rel=\"canonical\" href=\"https:\/\/flama.fi\/en\/product\/urban-kiz-alkeet-syksy2026\/\" \/>\n<meta property=\"og:locale\" content=\"en_US\" \/>\n<meta property=\"og:type\" content=\"article\" \/>\n<meta property=\"og:title\" content=\"Urban kiz, beginners(5 sessions), Thursdays 5.11.\u201310.12. at 19.15\u201320.10, instructed by Tuomas Sirvi\u00f6 - Tanssistudio Flama\" \/>\n<meta property=\"og:description\" content=\"Have you wanted to learn a new couple dance? This course for the beginners takes you to the sensitive world of urban kiz right from the very basics.\" \/>\n<meta property=\"og:url\" content=\"https:\/\/flama.fi\/en\/product\/urban-kiz-alkeet-syksy2026\/\" \/>\n<meta property=\"og:site_name\" content=\"Tanssistudio Flama\" \/>\n<meta property=\"article:modified_time\" content=\"2026-05-13T12:11:44+00:00\" \/>\n<meta property=\"og:image\" content=\"https:\/\/flama.fi\/wp-content\/uploads\/2022\/11\/tuomas-sirvio-1080x1080-1.jpg\" \/>\n\t<meta property=\"og:image:width\" content=\"1080\" \/>\n\t<meta property=\"og:image:height\" content=\"1080\" \/>\n\t<meta property=\"og:image:type\" content=\"image\/jpeg\" \/>\n<meta name=\"twitter:card\" content=\"summary_large_image\" \/>\n<meta name=\"twitter:label1\" content=\"Est. reading time\" \/>\n\t<meta name=\"twitter:data1\" content=\"1 minute\" \/>\n<script type=\"application\/ld+json\" class=\"yoast-schema-graph\">{\"@context\":\"https:\\\/\\\/schema.org\",\"@graph\":[{\"@type\":\"WebPage\",\"@id\":\"https:\\\/\\\/flama.fi\\\/en\\\/product\\\/urban-kiz-alkeet-syksy2026\\\/\",\"url\":\"https:\\\/\\\/flama.fi\\\/en\\\/product\\\/urban-kiz-alkeet-syksy2026\\\/\",\"name\":\"Urban kiz, beginners(5 sessions), Thursdays 5.11.\u201310.12. at 19.15\u201320.10, instructed by Tuomas Sirvi\u00f6 - Tanssistudio Flama\",\"isPartOf\":{\"@id\":\"https:\\\/\\\/flama.fi\\\/en\\\/#website\"},\"primaryImageOfPage\":{\"@id\":\"https:\\\/\\\/flama.fi\\\/en\\\/product\\\/urban-kiz-alkeet-syksy2026\\\/#primaryimage\"},\"image\":{\"@id\":\"https:\\\/\\\/flama.fi\\\/en\\\/product\\\/urban-kiz-alkeet-syksy2026\\\/#primaryimage\"},\"thumbnailUrl\":\"https:\\\/\\\/flama.fi\\\/wp-content\\\/uploads\\\/2022\\\/11\\\/tuomas-sirvio-1080x1080-1.jpg\",\"datePublished\":\"2026-04-28T07:00:32+00:00\",\"dateModified\":\"2026-05-13T12:11:44+00:00\",\"description\":\"Have you wanted to learn a new couple dance? This course for the beginners takes you to the sensitive world of urban kiz right from the very basics.\",\"breadcrumb\":{\"@id\":\"https:\\\/\\\/flama.fi\\\/en\\\/product\\\/urban-kiz-alkeet-syksy2026\\\/#breadcrumb\"},\"inLanguage\":\"en-US\",\"potentialAction\":[{\"@type\":\"ReadAction\",\"target\":[\"https:\\\/\\\/flama.fi\\\/en\\\/product\\\/urban-kiz-alkeet-syksy2026\\\/\"]}]},{\"@type\":\"ImageObject\",\"inLanguage\":\"en-US\",\"@id\":\"https:\\\/\\\/flama.fi\\\/en\\\/product\\\/urban-kiz-alkeet-syksy2026\\\/#primaryimage\",\"url\":\"https:\\\/\\\/flama.fi\\\/wp-content\\\/uploads\\\/2022\\\/11\\\/tuomas-sirvio-1080x1080-1.jpg\",\"contentUrl\":\"https:\\\/\\\/flama.fi\\\/wp-content\\\/uploads\\\/2022\\\/11\\\/tuomas-sirvio-1080x1080-1.jpg\",\"width\":1080,\"height\":1080,\"caption\":\"Henkil\u00f6 seisoo ryhdikk\u00e4\u00e4sti k\u00e4det lantiolla ja poseeraa kameralle. P\u00e4\u00e4ll\u00e4\u00e4n sininen paita, jossa lukee \\\"Tanssistudio Flama\\\" ja p\u00e4\u00e4ss\u00e4\u00e4n lippalakki. Kuvassa Tuomas Sirvi\u00f6.\"},{\"@type\":\"BreadcrumbList\",\"@id\":\"https:\\\/\\\/flama.fi\\\/en\\\/product\\\/urban-kiz-alkeet-syksy2026\\\/#breadcrumb\",\"itemListElement\":[{\"@type\":\"ListItem\",\"position\":1,\"name\":\"Etusivu\",\"item\":\"https:\\\/\\\/flama.fi\\\/en\\\/\"},{\"@type\":\"ListItem\",\"position\":2,\"name\":\"Shop at\",\"item\":\"https:\\\/\\\/flama.fi\\\/en\\\/shop\\\/\"},{\"@type\":\"ListItem\",\"position\":3,\"name\":\"Urban kiz, beginners(5 sessions), Thursdays 5.11.\u201310.12. at 19.15\u201320.10, instructed by Tuomas Sirvi\u00f6\"}]},{\"@type\":\"WebSite\",\"@id\":\"https:\\\/\\\/flama.fi\\\/en\\\/#website\",\"url\":\"https:\\\/\\\/flama.fi\\\/en\\\/\",\"name\":\"Tanssistudio Flama\",\"description\":\"Turkulainen Tanssistudio\",\"publisher\":{\"@id\":\"https:\\\/\\\/flama.fi\\\/en\\\/#organization\"},\"potentialAction\":[{\"@type\":\"SearchAction\",\"target\":{\"@type\":\"EntryPoint\",\"urlTemplate\":\"https:\\\/\\\/flama.fi\\\/en\\\/?s={search_term_string}\"},\"query-input\":{\"@type\":\"PropertyValueSpecification\",\"valueRequired\":true,\"valueName\":\"search_term_string\"}}],\"inLanguage\":\"en-US\"},{\"@type\":\"Organization\",\"@id\":\"https:\\\/\\\/flama.fi\\\/en\\\/#organization\",\"name\":\"Tanssistudio Flama\",\"url\":\"https:\\\/\\\/flama.fi\\\/en\\\/\",\"logo\":{\"@type\":\"ImageObject\",\"inLanguage\":\"en-US\",\"@id\":\"https:\\\/\\\/flama.fi\\\/en\\\/#\\\/schema\\\/logo\\\/image\\\/\",\"url\":\"https:\\\/\\\/flama.fi\\\/wp-content\\\/uploads\\\/2022\\\/07\\\/Flama-logo.png\",\"contentUrl\":\"https:\\\/\\\/flama.fi\\\/wp-content\\\/uploads\\\/2022\\\/07\\\/Flama-logo.png\",\"width\":1240,\"height\":620,\"caption\":\"Tanssistudio Flama\"},\"image\":{\"@id\":\"https:\\\/\\\/flama.fi\\\/en\\\/#\\\/schema\\\/logo\\\/image\\\/\"}}]}<\/script>\n<!-- \/ Yoast SEO plugin. -->","yoast_head_json":{"title":"Urban kiz, beginners(5 sessions), Thursdays 5.11.\u201310.12. at 19.15\u201320.10, instructed by Tuomas Sirvi\u00f6 - Tanssistudio Flama","description":"Have you wanted to learn a new couple dance? This course for the beginners takes you to the sensitive world of urban kiz right from the very basics.","robots":{"index":"index","follow":"follow","max-snippet":"max-snippet:-1","max-image-preview":"max-image-preview:large","max-video-preview":"max-video-preview:-1"},"canonical":"https:\/\/flama.fi\/en\/product\/urban-kiz-alkeet-syksy2026\/","og_locale":"en_US","og_type":"article","og_title":"Urban kiz, beginners(5 sessions), Thursdays 5.11.\u201310.12. at 19.15\u201320.10, instructed by Tuomas Sirvi\u00f6 - Tanssistudio Flama","og_description":"Have you wanted to learn a new couple dance? This course for the beginners takes you to the sensitive world of urban kiz right from the very basics.","og_url":"https:\/\/flama.fi\/en\/product\/urban-kiz-alkeet-syksy2026\/","og_site_name":"Tanssistudio Flama","article_modified_time":"2026-05-13T12:11:44+00:00","og_image":[{"width":1080,"height":1080,"url":"https:\/\/flama.fi\/wp-content\/uploads\/2022\/11\/tuomas-sirvio-1080x1080-1.jpg","type":"image\/jpeg"}],"twitter_card":"summary_large_image","twitter_misc":{"Est. reading time":"1 minute"},"schema":{"@context":"https:\/\/schema.org","@graph":[{"@type":"WebPage","@id":"https:\/\/flama.fi\/en\/product\/urban-kiz-alkeet-syksy2026\/","url":"https:\/\/flama.fi\/en\/product\/urban-kiz-alkeet-syksy2026\/","name":"Urban kiz, beginners(5 sessions), Thursdays 5.11.\u201310.12. at 19.15\u201320.10, instructed by Tuomas Sirvi\u00f6 - Tanssistudio Flama","isPartOf":{"@id":"https:\/\/flama.fi\/en\/#website"},"primaryImageOfPage":{"@id":"https:\/\/flama.fi\/en\/product\/urban-kiz-alkeet-syksy2026\/#primaryimage"},"image":{"@id":"https:\/\/flama.fi\/en\/product\/urban-kiz-alkeet-syksy2026\/#primaryimage"},"thumbnailUrl":"https:\/\/flama.fi\/wp-content\/uploads\/2022\/11\/tuomas-sirvio-1080x1080-1.jpg","datePublished":"2026-04-28T07:00:32+00:00","dateModified":"2026-05-13T12:11:44+00:00","description":"Have you wanted to learn a new couple dance? This course for the beginners takes you to the sensitive world of urban kiz right from the very basics.","breadcrumb":{"@id":"https:\/\/flama.fi\/en\/product\/urban-kiz-alkeet-syksy2026\/#breadcrumb"},"inLanguage":"en-US","potentialAction":[{"@type":"ReadAction","target":["https:\/\/flama.fi\/en\/product\/urban-kiz-alkeet-syksy2026\/"]}]},{"@type":"ImageObject","inLanguage":"en-US","@id":"https:\/\/flama.fi\/en\/product\/urban-kiz-alkeet-syksy2026\/#primaryimage","url":"https:\/\/flama.fi\/wp-content\/uploads\/2022\/11\/tuomas-sirvio-1080x1080-1.jpg","contentUrl":"https:\/\/flama.fi\/wp-content\/uploads\/2022\/11\/tuomas-sirvio-1080x1080-1.jpg","width":1080,"height":1080,"caption":"Henkil\u00f6 seisoo ryhdikk\u00e4\u00e4sti k\u00e4det lantiolla ja poseeraa kameralle. P\u00e4\u00e4ll\u00e4\u00e4n sininen paita, jossa lukee \"Tanssistudio Flama\" ja p\u00e4\u00e4ss\u00e4\u00e4n lippalakki. Kuvassa Tuomas Sirvi\u00f6."},{"@type":"BreadcrumbList","@id":"https:\/\/flama.fi\/en\/product\/urban-kiz-alkeet-syksy2026\/#breadcrumb","itemListElement":[{"@type":"ListItem","position":1,"name":"Etusivu","item":"https:\/\/flama.fi\/en\/"},{"@type":"ListItem","position":2,"name":"Shop at","item":"https:\/\/flama.fi\/en\/shop\/"},{"@type":"ListItem","position":3,"name":"Urban kiz, beginners(5 sessions), Thursdays 5.11.\u201310.12. at 19.15\u201320.10, instructed by Tuomas Sirvi\u00f6"}]},{"@type":"WebSite","@id":"https:\/\/flama.fi\/en\/#website","url":"https:\/\/flama.fi\/en\/","name":"Tanssistudio Flama","description":"Turkulainen Tanssistudio","publisher":{"@id":"https:\/\/flama.fi\/en\/#organization"},"potentialAction":[{"@type":"SearchAction","target":{"@type":"EntryPoint","urlTemplate":"https:\/\/flama.fi\/en\/?s={search_term_string}"},"query-input":{"@type":"PropertyValueSpecification","valueRequired":true,"valueName":"search_term_string"}}],"inLanguage":"en-US"},{"@type":"Organization","@id":"https:\/\/flama.fi\/en\/#organization","name":"Tanssistudio Flama","url":"https:\/\/flama.fi\/en\/","logo":{"@type":"ImageObject","inLanguage":"en-US","@id":"https:\/\/flama.fi\/en\/#\/schema\/logo\/image\/","url":"https:\/\/flama.fi\/wp-content\/uploads\/2022\/07\/Flama-logo.png","contentUrl":"https:\/\/flama.fi\/wp-content\/uploads\/2022\/07\/Flama-logo.png","width":1240,"height":620,"caption":"Tanssistudio Flama"},"image":{"@id":"https:\/\/flama.fi\/en\/#\/schema\/logo\/image\/"}}]}},"_links":{"self":[{"href":"https:\/\/flama.fi\/en\/wp-json\/wp\/v2\/product\/96096","targetHints":{"allow":["GET"]}}],"collection":[{"href":"https:\/\/flama.fi\/en\/wp-json\/wp\/v2\/product"}],"about":[{"href":"https:\/\/flama.fi\/en\/wp-json\/wp\/v2\/types\/product"}],"version-history":[{"count":1,"href":"https:\/\/flama.fi\/en\/wp-json\/wp\/v2\/product\/96096\/revisions"}],"predecessor-version":[{"id":96101,"href":"https:\/\/flama.fi\/en\/wp-json\/wp\/v2\/product\/96096\/revisions\/96101"}],"wp:featuredmedia":[{"embeddable":true,"href":"https:\/\/flama.fi\/en\/wp-json\/wp\/v2\/media\/48801"}],"wp:attachment":[{"href":"https:\/\/flama.fi\/en\/wp-json\/wp\/v2\/media?parent=96096"}],"wp:term":[{"taxonomy":"product_brand","embeddable":true,"href":"https:\/\/flama.fi\/en\/wp-json\/wp\/v2\/product_brand?post=96096"},{"taxonomy":"product_cat","embeddable":true,"href":"https:\/\/flama.fi\/en\/wp-json\/wp\/v2\/product_cat?post=96096"},{"taxonomy":"product_tag","embeddable":true,"href":"https:\/\/flama.fi\/en\/wp-json\/wp\/v2\/product_tag?post=96096"}],"curies":[{"name":"wp","href":"https:\/\/api.w.org\/{rel}","templated":true}]}}