{"id":96074,"date":"2026-04-28T10:00:32","date_gmt":"2026-04-28T07:00:32","guid":{"rendered":"https:\/\/flama.fi\/tuote\/tanssin-alkeiden-alkeet-syksy2026\/"},"modified":"2026-04-28T10:00:32","modified_gmt":"2026-04-28T07:00:32","slug":"tanssin-alkeiden-alkeet-syksy2026","status":"publish","type":"product","link":"https:\/\/flama.fi\/en\/product\/tanssin-alkeiden-alkeet-syksy2026\/","title":{"rendered":"Dance for total beginenrs (8 sessions), Tuesdays 25.8.\u201313.10. at 16.15\u201317.10, instructed by Meri Niemi"},"content":{"rendered":"<h3>What if I can&#8217;t participate every week?<\/h3>\n<p>Absences from classes can be made up during the same term in any other class or drop-in session. This way, no dance session will be wasted! <a href=\"https:\/\/flama.fi\/en\/info\/faq\/\">Read more.<\/a> <\/p>\n<h3>What should I bring with me?<\/h3>\n<p>For the class, it is recommended to wear clothes that are comfortable to move around in. You can dance with indoor sneakers, dance shoes, or socks.  Take your water bottle with you.<\/p>\n<h3>Dance for Total Beginners<\/h3>\n<p>Now we are starting from the very beginning! This course is for you if you\u2019re looking for a new hobby or have always wanted to try dancing but haven\u2019t had the courage to join a dance class. Maybe you lack confidence in your physical abilities and don\u2019t want to be the only one in the room who doesn\u2019t know how to dance. Maybe you\u2019re afraid of embarrassing yourself in front of others, maybe new places make you nervous, maybe you don\u2019t feel like a natural dancer, or maybe your body has changed with age and doesn\u2019t feel like your own anymore. Maybe you\u2019re nervous that you\u2019ll be the only one who can\u2019t keep up.   <\/p>\n<p>In this course, we start the dance hobby from the very beginning by getting to know the dance hall, dancing and your own body at a slow pace. The teaching starts with the assumption that the participants are dancing for the very first time, and you do not need to have any previous knowledge or skills to participate in the course. The course opens up some terms commonly used in dance classes, introduces you to moving your own body in a relaxed way and offers some basic movements that help you on your dance path towards interesting course for beginners. The course progresses at a leisurely pace, taking the participants into account, and there are different options for the movements so that each participant can find the movements that best suit their body.   <\/p>\n<p>The course is aimed at those who are completely new to dance, but anyone who feels that, for one reason or another, the threshold for participating in a beginner&#8217;s course in any dance style is too high is welcome to join. There is no upper age limit for this course (as with all other Flam courses) \u2013 it&#8217;s never too late to start! <\/p>\n<h3>Meri Niemi<\/h3>\n<p>Meri is a dance teacher from Turku whose classes are filled with laughter and humor while training at full speed. Meri believes that working out and having fun do not exclude one another, on the contrary, the more fun dance classes are, the more likely we are to keep coming back to our hobby time and time again. When dancing, Meri is primarily interested in and inspired by the use of different energies and delving deeper into the qualities of movement. As an instructor she is a relaxed, but encourages dancers to always do their best in the moment \u2013 listening to their own bodies. Meri often receives praise from her students for her encouraging, positive energy and her clear and calm teaching style, which makes it easy even for beginners to keep up with the class. A motto often heard in Merin\u2019s classes is that the moves or choreography don\u2019t matter\u2014it\u2019s all about attitude. Everyone is welcome to Meri\u2019s dance classes just as they are. No matter the style, the focus is on discovering and nurturing your own unique way of moving.<\/p>\n<p>\u201cCome to class exactly as you are today, and move in the way that feels right for you today!\u201d<\/p>\n<p>Meri teaches twerk and reggaeton at Flama, and occasionally also commercial dance classes. You may also spot her at the front desk or replying to your emails, as in addition to teaching, Meri works in the studio\u2019s office. <\/p>\n<p>More information about the course:<a href=\"mailto:info@flama.fi\"> info@flama.fi<\/a><\/p>\n","protected":false},"excerpt":{"rendered":"<p>Now we are starting from the very beginning!<\/p>\n<p>In this course, we start the dance hobby from the very beginning by getting to know the dance hall, dancing and your own body at a slow pace. The teaching starts with the assumption that the participants are dancing for the very first time, and you do not need to have any previous knowledge or skills to participate in the course. <\/p>\n<p>The course is aimed at those who are completely new to dance, but anyone who feels that, for one reason or another, the threshold for participating in a beginner&#8217;s course in any dance style is too high is welcome to join. There is no upper age limit for this course (as with all other Flam courses) \u2013 it&#8217;s never too late to start! <\/p>\n<p><b>Time:<\/b> Tuesdays 25.8.\u201313.10. at 16.15\u201317.10<br \/>\n<b>Place<\/b>: Flama Linnankatu (Linnankatu 84, Turku)<br \/>\n<b>Level: beginners<\/b><br \/>\n<b>Teacher<\/b>:<a href=\"https:\/\/flama.fi\/wp-content\/uploads\/2022\/07\/20210825_Flama_Henkilokuvat6718.jpg\"> Meri Niemi<\/a><\/p>\n<p>The course fee includes 8 \u00d7 55 min sessions.<\/p>\n<p><b>Reserve your spot early and take advantage of the discount price<\/b><br \/>\nIf you pay for the course by Sunday, August 16, 2026, you\u2019ll get it at a lower price.<\/p>\n<p>If you would like to pay part of the course fee with a tyky benefit (e.g., Smartum, Edenred, ePassi), please register by sending an email to: info@flama.fi.<\/p>\n<p>Thinking of taking more than one course? With the Flama<b><a href=\"https:\/\/flama.fi\/en\/product\/anytime-autumn-2026\/\"> Anytime Card<\/a><\/b>, you can dance as much as you want all autumn long. If you already have an Anytime pass, register for the courses by email: <a href=\"mailto:info@flama.fi\">info@flama.fi<\/a><\/p>\n","protected":false},"featured_media":48825,"template":"","meta":{"inline_featured_image":false},"product_brand":[],"product_cat":[3669],"product_tag":[4438,1241,4077,4152,2695,1876,838],"class_list":{"0":"post-96074","1":"product","2":"type-product","3":"status-publish","4":"has-post-thumbnail","6":"product_cat-courses-in-autumn","7":"product_tag-autumn-2026","8":"product_tag-beginners","9":"product_tag-courses","10":"product_tag-dance-for-total-beginners","11":"product_tag-flama-linnankatu-en","12":"product_tag-meri-niemi-en-2","13":"product_tag-tanssistudio-flama-en","15":"first","16":"instock","17":"sale","18":"virtual","19":"taxable","20":"purchasable","21":"product-type-simple"},"yoast_head":"<!-- This site is optimized with the Yoast SEO plugin v27.6 - https:\/\/yoast.com\/product\/yoast-seo-wordpress\/ -->\n<title>Dance for total beginenrs (8 sessions), Tuesdays 25.8.\u201313.10. at 16.15\u201317.10, instructed by Meri Niemi - Tanssistudio Flama<\/title>\n<meta name=\"description\" content=\"This course starts from the very beginning! This is perfect for you if you have been looking for a new hobby and a warm community around you.\" \/>\n<meta name=\"robots\" content=\"index, follow, max-snippet:-1, max-image-preview:large, max-video-preview:-1\" \/>\n<link rel=\"canonical\" href=\"https:\/\/flama.fi\/en\/product\/tanssin-alkeiden-alkeet-syksy2026\/\" \/>\n<meta property=\"og:locale\" content=\"en_US\" \/>\n<meta property=\"og:type\" content=\"article\" \/>\n<meta property=\"og:title\" content=\"Dance for total beginenrs (8 sessions), Tuesdays 25.8.\u201313.10. at 16.15\u201317.10, instructed by Meri Niemi - Tanssistudio Flama\" \/>\n<meta property=\"og:description\" content=\"This course starts from the very beginning! This is perfect for you if you have been looking for a new hobby and a warm community around you.\" \/>\n<meta property=\"og:url\" content=\"https:\/\/flama.fi\/en\/product\/tanssin-alkeiden-alkeet-syksy2026\/\" \/>\n<meta property=\"og:site_name\" content=\"Tanssistudio Flama\" \/>\n<meta property=\"og:image\" content=\"https:\/\/flama.fi\/wp-content\/uploads\/2022\/11\/meri-niemi-1080x1080-1.jpg\" \/>\n\t<meta property=\"og:image:width\" content=\"1080\" \/>\n\t<meta property=\"og:image:height\" content=\"1080\" \/>\n\t<meta property=\"og:image:type\" content=\"image\/jpeg\" \/>\n<meta name=\"twitter:card\" content=\"summary_large_image\" \/>\n<meta name=\"twitter:label1\" content=\"Est. reading time\" \/>\n\t<meta name=\"twitter:data1\" content=\"3 minutes\" \/>\n<script type=\"application\/ld+json\" class=\"yoast-schema-graph\">{\"@context\":\"https:\\\/\\\/schema.org\",\"@graph\":[{\"@type\":\"WebPage\",\"@id\":\"https:\\\/\\\/flama.fi\\\/en\\\/product\\\/tanssin-alkeiden-alkeet-syksy2026\\\/\",\"url\":\"https:\\\/\\\/flama.fi\\\/en\\\/product\\\/tanssin-alkeiden-alkeet-syksy2026\\\/\",\"name\":\"Dance for total beginenrs (8 sessions), Tuesdays 25.8.\u201313.10. at 16.15\u201317.10, instructed by Meri Niemi - Tanssistudio Flama\",\"isPartOf\":{\"@id\":\"https:\\\/\\\/flama.fi\\\/en\\\/#website\"},\"primaryImageOfPage\":{\"@id\":\"https:\\\/\\\/flama.fi\\\/en\\\/product\\\/tanssin-alkeiden-alkeet-syksy2026\\\/#primaryimage\"},\"image\":{\"@id\":\"https:\\\/\\\/flama.fi\\\/en\\\/product\\\/tanssin-alkeiden-alkeet-syksy2026\\\/#primaryimage\"},\"thumbnailUrl\":\"https:\\\/\\\/flama.fi\\\/wp-content\\\/uploads\\\/2022\\\/11\\\/meri-niemi-1080x1080-1.jpg\",\"datePublished\":\"2026-04-28T07:00:32+00:00\",\"description\":\"This course starts from the very beginning! This is perfect for you if you have been looking for a new hobby and a warm community around you.\",\"breadcrumb\":{\"@id\":\"https:\\\/\\\/flama.fi\\\/en\\\/product\\\/tanssin-alkeiden-alkeet-syksy2026\\\/#breadcrumb\"},\"inLanguage\":\"en-US\",\"potentialAction\":[{\"@type\":\"ReadAction\",\"target\":[\"https:\\\/\\\/flama.fi\\\/en\\\/product\\\/tanssin-alkeiden-alkeet-syksy2026\\\/\"]}]},{\"@type\":\"ImageObject\",\"inLanguage\":\"en-US\",\"@id\":\"https:\\\/\\\/flama.fi\\\/en\\\/product\\\/tanssin-alkeiden-alkeet-syksy2026\\\/#primaryimage\",\"url\":\"https:\\\/\\\/flama.fi\\\/wp-content\\\/uploads\\\/2022\\\/11\\\/meri-niemi-1080x1080-1.jpg\",\"contentUrl\":\"https:\\\/\\\/flama.fi\\\/wp-content\\\/uploads\\\/2022\\\/11\\\/meri-niemi-1080x1080-1.jpg\",\"width\":1080,\"height\":1080,\"caption\":\"Vaaleat ja lyhyet hiukset. Nainen hymyilee leve\u00e4sti, p\u00e4\u00e4ll\u00e4\u00e4n keltainen paita. Kuvass aMeri Niemi.\"},{\"@type\":\"BreadcrumbList\",\"@id\":\"https:\\\/\\\/flama.fi\\\/en\\\/product\\\/tanssin-alkeiden-alkeet-syksy2026\\\/#breadcrumb\",\"itemListElement\":[{\"@type\":\"ListItem\",\"position\":1,\"name\":\"Etusivu\",\"item\":\"https:\\\/\\\/flama.fi\\\/en\\\/\"},{\"@type\":\"ListItem\",\"position\":2,\"name\":\"Shop at\",\"item\":\"https:\\\/\\\/flama.fi\\\/en\\\/shop\\\/\"},{\"@type\":\"ListItem\",\"position\":3,\"name\":\"Dance for total beginenrs (8 sessions), Tuesdays 25.8.\u201313.10. at 16.15\u201317.10, instructed by Meri Niemi\"}]},{\"@type\":\"WebSite\",\"@id\":\"https:\\\/\\\/flama.fi\\\/en\\\/#website\",\"url\":\"https:\\\/\\\/flama.fi\\\/en\\\/\",\"name\":\"Tanssistudio Flama\",\"description\":\"Turkulainen Tanssistudio\",\"publisher\":{\"@id\":\"https:\\\/\\\/flama.fi\\\/en\\\/#organization\"},\"potentialAction\":[{\"@type\":\"SearchAction\",\"target\":{\"@type\":\"EntryPoint\",\"urlTemplate\":\"https:\\\/\\\/flama.fi\\\/en\\\/?s={search_term_string}\"},\"query-input\":{\"@type\":\"PropertyValueSpecification\",\"valueRequired\":true,\"valueName\":\"search_term_string\"}}],\"inLanguage\":\"en-US\"},{\"@type\":\"Organization\",\"@id\":\"https:\\\/\\\/flama.fi\\\/en\\\/#organization\",\"name\":\"Tanssistudio Flama\",\"url\":\"https:\\\/\\\/flama.fi\\\/en\\\/\",\"logo\":{\"@type\":\"ImageObject\",\"inLanguage\":\"en-US\",\"@id\":\"https:\\\/\\\/flama.fi\\\/en\\\/#\\\/schema\\\/logo\\\/image\\\/\",\"url\":\"https:\\\/\\\/flama.fi\\\/wp-content\\\/uploads\\\/2022\\\/07\\\/Flama-logo.png\",\"contentUrl\":\"https:\\\/\\\/flama.fi\\\/wp-content\\\/uploads\\\/2022\\\/07\\\/Flama-logo.png\",\"width\":1240,\"height\":620,\"caption\":\"Tanssistudio Flama\"},\"image\":{\"@id\":\"https:\\\/\\\/flama.fi\\\/en\\\/#\\\/schema\\\/logo\\\/image\\\/\"}}]}<\/script>\n<!-- \/ Yoast SEO plugin. -->","yoast_head_json":{"title":"Dance for total beginenrs (8 sessions), Tuesdays 25.8.\u201313.10. at 16.15\u201317.10, instructed by Meri Niemi - Tanssistudio Flama","description":"This course starts from the very beginning! This is perfect for you if you have been looking for a new hobby and a warm community around you.","robots":{"index":"index","follow":"follow","max-snippet":"max-snippet:-1","max-image-preview":"max-image-preview:large","max-video-preview":"max-video-preview:-1"},"canonical":"https:\/\/flama.fi\/en\/product\/tanssin-alkeiden-alkeet-syksy2026\/","og_locale":"en_US","og_type":"article","og_title":"Dance for total beginenrs (8 sessions), Tuesdays 25.8.\u201313.10. at 16.15\u201317.10, instructed by Meri Niemi - Tanssistudio Flama","og_description":"This course starts from the very beginning! This is perfect for you if you have been looking for a new hobby and a warm community around you.","og_url":"https:\/\/flama.fi\/en\/product\/tanssin-alkeiden-alkeet-syksy2026\/","og_site_name":"Tanssistudio Flama","og_image":[{"width":1080,"height":1080,"url":"https:\/\/flama.fi\/wp-content\/uploads\/2022\/11\/meri-niemi-1080x1080-1.jpg","type":"image\/jpeg"}],"twitter_card":"summary_large_image","twitter_misc":{"Est. reading time":"3 minutes"},"schema":{"@context":"https:\/\/schema.org","@graph":[{"@type":"WebPage","@id":"https:\/\/flama.fi\/en\/product\/tanssin-alkeiden-alkeet-syksy2026\/","url":"https:\/\/flama.fi\/en\/product\/tanssin-alkeiden-alkeet-syksy2026\/","name":"Dance for total beginenrs (8 sessions), Tuesdays 25.8.\u201313.10. at 16.15\u201317.10, instructed by Meri Niemi - Tanssistudio Flama","isPartOf":{"@id":"https:\/\/flama.fi\/en\/#website"},"primaryImageOfPage":{"@id":"https:\/\/flama.fi\/en\/product\/tanssin-alkeiden-alkeet-syksy2026\/#primaryimage"},"image":{"@id":"https:\/\/flama.fi\/en\/product\/tanssin-alkeiden-alkeet-syksy2026\/#primaryimage"},"thumbnailUrl":"https:\/\/flama.fi\/wp-content\/uploads\/2022\/11\/meri-niemi-1080x1080-1.jpg","datePublished":"2026-04-28T07:00:32+00:00","description":"This course starts from the very beginning! This is perfect for you if you have been looking for a new hobby and a warm community around you.","breadcrumb":{"@id":"https:\/\/flama.fi\/en\/product\/tanssin-alkeiden-alkeet-syksy2026\/#breadcrumb"},"inLanguage":"en-US","potentialAction":[{"@type":"ReadAction","target":["https:\/\/flama.fi\/en\/product\/tanssin-alkeiden-alkeet-syksy2026\/"]}]},{"@type":"ImageObject","inLanguage":"en-US","@id":"https:\/\/flama.fi\/en\/product\/tanssin-alkeiden-alkeet-syksy2026\/#primaryimage","url":"https:\/\/flama.fi\/wp-content\/uploads\/2022\/11\/meri-niemi-1080x1080-1.jpg","contentUrl":"https:\/\/flama.fi\/wp-content\/uploads\/2022\/11\/meri-niemi-1080x1080-1.jpg","width":1080,"height":1080,"caption":"Vaaleat ja lyhyet hiukset. Nainen hymyilee leve\u00e4sti, p\u00e4\u00e4ll\u00e4\u00e4n keltainen paita. Kuvass aMeri Niemi."},{"@type":"BreadcrumbList","@id":"https:\/\/flama.fi\/en\/product\/tanssin-alkeiden-alkeet-syksy2026\/#breadcrumb","itemListElement":[{"@type":"ListItem","position":1,"name":"Etusivu","item":"https:\/\/flama.fi\/en\/"},{"@type":"ListItem","position":2,"name":"Shop at","item":"https:\/\/flama.fi\/en\/shop\/"},{"@type":"ListItem","position":3,"name":"Dance for total beginenrs (8 sessions), Tuesdays 25.8.\u201313.10. at 16.15\u201317.10, instructed by Meri Niemi"}]},{"@type":"WebSite","@id":"https:\/\/flama.fi\/en\/#website","url":"https:\/\/flama.fi\/en\/","name":"Tanssistudio Flama","description":"Turkulainen Tanssistudio","publisher":{"@id":"https:\/\/flama.fi\/en\/#organization"},"potentialAction":[{"@type":"SearchAction","target":{"@type":"EntryPoint","urlTemplate":"https:\/\/flama.fi\/en\/?s={search_term_string}"},"query-input":{"@type":"PropertyValueSpecification","valueRequired":true,"valueName":"search_term_string"}}],"inLanguage":"en-US"},{"@type":"Organization","@id":"https:\/\/flama.fi\/en\/#organization","name":"Tanssistudio Flama","url":"https:\/\/flama.fi\/en\/","logo":{"@type":"ImageObject","inLanguage":"en-US","@id":"https:\/\/flama.fi\/en\/#\/schema\/logo\/image\/","url":"https:\/\/flama.fi\/wp-content\/uploads\/2022\/07\/Flama-logo.png","contentUrl":"https:\/\/flama.fi\/wp-content\/uploads\/2022\/07\/Flama-logo.png","width":1240,"height":620,"caption":"Tanssistudio Flama"},"image":{"@id":"https:\/\/flama.fi\/en\/#\/schema\/logo\/image\/"}}]}},"_links":{"self":[{"href":"https:\/\/flama.fi\/en\/wp-json\/wp\/v2\/product\/96074","targetHints":{"allow":["GET"]}}],"collection":[{"href":"https:\/\/flama.fi\/en\/wp-json\/wp\/v2\/product"}],"about":[{"href":"https:\/\/flama.fi\/en\/wp-json\/wp\/v2\/types\/product"}],"version-history":[{"count":0,"href":"https:\/\/flama.fi\/en\/wp-json\/wp\/v2\/product\/96074\/revisions"}],"wp:featuredmedia":[{"embeddable":true,"href":"https:\/\/flama.fi\/en\/wp-json\/wp\/v2\/media\/48825"}],"wp:attachment":[{"href":"https:\/\/flama.fi\/en\/wp-json\/wp\/v2\/media?parent=96074"}],"wp:term":[{"taxonomy":"product_brand","embeddable":true,"href":"https:\/\/flama.fi\/en\/wp-json\/wp\/v2\/product_brand?post=96074"},{"taxonomy":"product_cat","embeddable":true,"href":"https:\/\/flama.fi\/en\/wp-json\/wp\/v2\/product_cat?post=96074"},{"taxonomy":"product_tag","embeddable":true,"href":"https:\/\/flama.fi\/en\/wp-json\/wp\/v2\/product_tag?post=96074"}],"curies":[{"name":"wp","href":"https:\/\/api.w.org\/{rel}","templated":true}]}}