{"id":96010,"date":"2026-04-28T10:00:32","date_gmt":"2026-04-28T07:00:32","guid":{"rendered":"https:\/\/flama.fi\/tuote\/show-burlesque-alkeet-syksy2026\/"},"modified":"2026-04-28T10:00:32","modified_gmt":"2026-04-28T07:00:32","slug":"show-burlesque-alkeet-syksy2026","status":"publish","type":"product","link":"https:\/\/flama.fi\/en\/product\/show-burlesque-alkeet-syksy2026\/","title":{"rendered":"Show Burlesque, alkeet (16 krt), maanantaisin 24.8.\u20137.12. klo 18.15\u201319.10, opettajana Mirka Saali"},"content":{"rendered":"<h3>What if I can&#8217;t participate every week?<\/h3>\n<p>Absences from classes can be made up during the same term in any other class or drop-in session. This way, no dance session will be wasted! <a href=\"https:\/\/flama.fi\/en\/info\/faq\/\">Read more.<\/a> <\/p>\n<h3>What should I bring with me?<\/h3>\n<p>Wear comfortable clothing that allows you to move freely and feel good.<\/p>\n<p> You can dance with your socks or toe pads, we do not recommend that you wear any dance sneakers in these classes. If you like, you can also wear something that fits the theme, such as fishnet tights. Some classes include floorwork practice, and for those sessions we recommend bringing knee pads or leg warmers to protect your knees. Knee pads are also available for purchase in our online store and at our studiosHalutessasi voit my\u00f6s pukea p\u00e4\u00e4lle my\u00f6s jotain teemaan sopivaa, esimerkiksi verkkosukkahousut. Osalla tunneista harjoitellaan lattiatekniikkaa, ja n\u00e4ille kerroille suosittelemme ottamaan mukaan polvisuojat tai s\u00e4\u00e4rystimet polvien suojaksi. Polvisuojia on myynniss\u00e4 my\u00f6s verkkokaupassamme ja studioillamme.   Remember to bring a water bottle.<\/p>\n<h3>Mirka Saali<\/h3>\n<p>Mirka has been dancing different dance styles for a long time. She started dancing at the age of seven with ballroom dancing and continued until her teenage years. She found dance again in 2010 and fell in love with latin dances, especially Cuban dances. Since then, Mirka has explored and danced many different styles.<\/p>\n<p>As a teacher, Mirka is compelling and purposeful but still easy-going. There is always a cheerful and enthusiastic atmosphere in Mirka&#8217;s classes. For Mirka, the most important thing in teaching is the joy of dance, enjoying the music and her own movement, and pushing her own boundaries.<\/p>\n<p>Mirka has been instructing various dance classes at Flama since 2018, and she currently leads three of Flama\u2019s performing dance groups: Flama Crew, Flaming Firecrackers, and La Calentura.<\/p>\n<p>More information about the course:<a href=\"mailto:info@flama.fi\"> info@flama.fi<\/a><\/p>\n","protected":false},"excerpt":{"rendered":"<p>Set your femininity free! Show Burlesque classes are show dance classes with feminine expression, drawing inspiration from the world of Burlesque. The choreographies emphasize flirtatious energy, fluid movement, and confidence, and they also include floorwork. Throughout the course, the same choreography designed by Mirka is developed over several weeks <\/p>\n<p>This course is suitable for beginner dancers who already have some dance experience or a background in other physical activities.<\/p>\n<p><b>Time:<\/b> Mondays 24.8.\u20137.12. at 18:15\u201319:10<br \/>\n<b>Place<\/b>: Flama Rauhankatu (Rauhankatu 15, 20100 Turku)<br \/>\n<b>Level<\/b>: beginners<br \/>\n<b>Teacher<\/b>: <a href=\"https:\/\/flama.fi\/en\/instructors\/mirka-saali\/\">Mirka Saali<\/a><\/p>\n<p>The course fee includes 16 lessons of 55 minutes each.<\/p>\n<p><b>Reserve your spot early and take advantage of the discount price<\/b><br \/>\nIf you pay for the course by Sunday, August 16, 2026, you\u2019ll get it at a lower price.<\/p>\n<p>If you would like to pay part of the course fee with a tyky benefit (e.g., Smartum, Edenred, ePassi), please register by sending an email to: info@flama.fi.<\/p>\n<p>Thinking of taking more than one course? With the Flama<b><a href=\"https:\/\/flama.fi\/en\/product\/anytime-autumn-2026\/\"> Anytime Card<\/a><\/b>, you can dance as much as you want all autumn long. If you already have an Anytime pass, register for the courses by email: <a href=\"mailto:info@flama.fi\">info@flama.fi<\/a><\/p>\n","protected":false},"featured_media":41297,"template":"","meta":{"inline_featured_image":false},"product_brand":[],"product_cat":[3669],"product_tag":[4438,1241,4077,2518,1908,1909,838],"class_list":{"0":"post-96010","1":"product","2":"type-product","3":"status-publish","4":"has-post-thumbnail","6":"product_cat-courses-in-autumn","7":"product_tag-autumn-2026","8":"product_tag-beginners","9":"product_tag-courses","10":"product_tag-flama-rauhankatu-en","11":"product_tag-mirka-saali-en-2","12":"product_tag-show-burlesque-en-2","13":"product_tag-tanssistudio-flama-en","15":"first","16":"instock","17":"sale","18":"virtual","19":"taxable","20":"purchasable","21":"product-type-simple"},"yoast_head":"<!-- This site is optimized with the Yoast SEO plugin v27.6 - https:\/\/yoast.com\/product\/yoast-seo-wordpress\/ -->\n<title>Show Burlesque, alkeet (16 krt), maanantaisin 24.8.\u20137.12. klo 18.15\u201319.10, opettajana Mirka Saali - Tanssistudio Flama<\/title>\n<meta name=\"description\" content=\"Set your femininity free! Show Burlesque classes are show dance classes with feminine expression, drawing inspiration from the world of Burlesque.\" \/>\n<meta name=\"robots\" content=\"index, follow, max-snippet:-1, max-image-preview:large, max-video-preview:-1\" \/>\n<link rel=\"canonical\" href=\"https:\/\/flama.fi\/en\/product\/show-burlesque-alkeet-syksy2026\/\" \/>\n<meta property=\"og:locale\" content=\"en_US\" \/>\n<meta property=\"og:type\" content=\"article\" \/>\n<meta property=\"og:title\" content=\"Show Burlesque, alkeet (16 krt), maanantaisin 24.8.\u20137.12. klo 18.15\u201319.10, opettajana Mirka Saali - Tanssistudio Flama\" \/>\n<meta property=\"og:description\" content=\"Set your femininity free! Show Burlesque classes are show dance classes with feminine expression, drawing inspiration from the world of Burlesque.\" \/>\n<meta property=\"og:url\" content=\"https:\/\/flama.fi\/en\/product\/show-burlesque-alkeet-syksy2026\/\" \/>\n<meta property=\"og:site_name\" content=\"Tanssistudio Flama\" \/>\n<meta property=\"og:image\" content=\"https:\/\/flama.fi\/wp-content\/uploads\/2022\/07\/20210825_Flama_Henkilokuvat6858-e1668433684538.jpg\" \/>\n\t<meta property=\"og:image:width\" content=\"1080\" \/>\n\t<meta property=\"og:image:height\" content=\"1080\" \/>\n\t<meta property=\"og:image:type\" content=\"image\/jpeg\" \/>\n<meta name=\"twitter:card\" content=\"summary_large_image\" \/>\n<meta name=\"twitter:label1\" content=\"Est. reading time\" \/>\n\t<meta name=\"twitter:data1\" content=\"2 minutes\" \/>\n<script type=\"application\/ld+json\" class=\"yoast-schema-graph\">{\"@context\":\"https:\\\/\\\/schema.org\",\"@graph\":[{\"@type\":\"WebPage\",\"@id\":\"https:\\\/\\\/flama.fi\\\/en\\\/product\\\/show-burlesque-alkeet-syksy2026\\\/\",\"url\":\"https:\\\/\\\/flama.fi\\\/en\\\/product\\\/show-burlesque-alkeet-syksy2026\\\/\",\"name\":\"Show Burlesque, alkeet (16 krt), maanantaisin 24.8.\u20137.12. klo 18.15\u201319.10, opettajana Mirka Saali - Tanssistudio Flama\",\"isPartOf\":{\"@id\":\"https:\\\/\\\/flama.fi\\\/en\\\/#website\"},\"primaryImageOfPage\":{\"@id\":\"https:\\\/\\\/flama.fi\\\/en\\\/product\\\/show-burlesque-alkeet-syksy2026\\\/#primaryimage\"},\"image\":{\"@id\":\"https:\\\/\\\/flama.fi\\\/en\\\/product\\\/show-burlesque-alkeet-syksy2026\\\/#primaryimage\"},\"thumbnailUrl\":\"https:\\\/\\\/flama.fi\\\/wp-content\\\/uploads\\\/2022\\\/07\\\/20210825_Flama_Henkilokuvat6858-e1668433684538.jpg\",\"datePublished\":\"2026-04-28T07:00:32+00:00\",\"description\":\"Set your femininity free! Show Burlesque classes are show dance classes with feminine expression, drawing inspiration from the world of Burlesque.\",\"breadcrumb\":{\"@id\":\"https:\\\/\\\/flama.fi\\\/en\\\/product\\\/show-burlesque-alkeet-syksy2026\\\/#breadcrumb\"},\"inLanguage\":\"en-US\",\"potentialAction\":[{\"@type\":\"ReadAction\",\"target\":[\"https:\\\/\\\/flama.fi\\\/en\\\/product\\\/show-burlesque-alkeet-syksy2026\\\/\"]}]},{\"@type\":\"ImageObject\",\"inLanguage\":\"en-US\",\"@id\":\"https:\\\/\\\/flama.fi\\\/en\\\/product\\\/show-burlesque-alkeet-syksy2026\\\/#primaryimage\",\"url\":\"https:\\\/\\\/flama.fi\\\/wp-content\\\/uploads\\\/2022\\\/07\\\/20210825_Flama_Henkilokuvat6858-e1668433684538.jpg\",\"contentUrl\":\"https:\\\/\\\/flama.fi\\\/wp-content\\\/uploads\\\/2022\\\/07\\\/20210825_Flama_Henkilokuvat6858-e1668433684538.jpg\",\"width\":1080,\"height\":1080},{\"@type\":\"BreadcrumbList\",\"@id\":\"https:\\\/\\\/flama.fi\\\/en\\\/product\\\/show-burlesque-alkeet-syksy2026\\\/#breadcrumb\",\"itemListElement\":[{\"@type\":\"ListItem\",\"position\":1,\"name\":\"Etusivu\",\"item\":\"https:\\\/\\\/flama.fi\\\/en\\\/\"},{\"@type\":\"ListItem\",\"position\":2,\"name\":\"Shop at\",\"item\":\"https:\\\/\\\/flama.fi\\\/en\\\/shop\\\/\"},{\"@type\":\"ListItem\",\"position\":3,\"name\":\"Show Burlesque, alkeet (16 krt), maanantaisin 24.8.\u20137.12. klo 18.15\u201319.10, opettajana Mirka Saali\"}]},{\"@type\":\"WebSite\",\"@id\":\"https:\\\/\\\/flama.fi\\\/en\\\/#website\",\"url\":\"https:\\\/\\\/flama.fi\\\/en\\\/\",\"name\":\"Tanssistudio Flama\",\"description\":\"Turkulainen Tanssistudio\",\"publisher\":{\"@id\":\"https:\\\/\\\/flama.fi\\\/en\\\/#organization\"},\"potentialAction\":[{\"@type\":\"SearchAction\",\"target\":{\"@type\":\"EntryPoint\",\"urlTemplate\":\"https:\\\/\\\/flama.fi\\\/en\\\/?s={search_term_string}\"},\"query-input\":{\"@type\":\"PropertyValueSpecification\",\"valueRequired\":true,\"valueName\":\"search_term_string\"}}],\"inLanguage\":\"en-US\"},{\"@type\":\"Organization\",\"@id\":\"https:\\\/\\\/flama.fi\\\/en\\\/#organization\",\"name\":\"Tanssistudio Flama\",\"url\":\"https:\\\/\\\/flama.fi\\\/en\\\/\",\"logo\":{\"@type\":\"ImageObject\",\"inLanguage\":\"en-US\",\"@id\":\"https:\\\/\\\/flama.fi\\\/en\\\/#\\\/schema\\\/logo\\\/image\\\/\",\"url\":\"https:\\\/\\\/flama.fi\\\/wp-content\\\/uploads\\\/2022\\\/07\\\/Flama-logo.png\",\"contentUrl\":\"https:\\\/\\\/flama.fi\\\/wp-content\\\/uploads\\\/2022\\\/07\\\/Flama-logo.png\",\"width\":1240,\"height\":620,\"caption\":\"Tanssistudio Flama\"},\"image\":{\"@id\":\"https:\\\/\\\/flama.fi\\\/en\\\/#\\\/schema\\\/logo\\\/image\\\/\"}}]}<\/script>\n<!-- \/ Yoast SEO plugin. -->","yoast_head_json":{"title":"Show Burlesque, alkeet (16 krt), maanantaisin 24.8.\u20137.12. klo 18.15\u201319.10, opettajana Mirka Saali - Tanssistudio Flama","description":"Set your femininity free! Show Burlesque classes are show dance classes with feminine expression, drawing inspiration from the world of Burlesque.","robots":{"index":"index","follow":"follow","max-snippet":"max-snippet:-1","max-image-preview":"max-image-preview:large","max-video-preview":"max-video-preview:-1"},"canonical":"https:\/\/flama.fi\/en\/product\/show-burlesque-alkeet-syksy2026\/","og_locale":"en_US","og_type":"article","og_title":"Show Burlesque, alkeet (16 krt), maanantaisin 24.8.\u20137.12. klo 18.15\u201319.10, opettajana Mirka Saali - Tanssistudio Flama","og_description":"Set your femininity free! Show Burlesque classes are show dance classes with feminine expression, drawing inspiration from the world of Burlesque.","og_url":"https:\/\/flama.fi\/en\/product\/show-burlesque-alkeet-syksy2026\/","og_site_name":"Tanssistudio Flama","og_image":[{"width":1080,"height":1080,"url":"https:\/\/flama.fi\/wp-content\/uploads\/2022\/07\/20210825_Flama_Henkilokuvat6858-e1668433684538.jpg","type":"image\/jpeg"}],"twitter_card":"summary_large_image","twitter_misc":{"Est. reading time":"2 minutes"},"schema":{"@context":"https:\/\/schema.org","@graph":[{"@type":"WebPage","@id":"https:\/\/flama.fi\/en\/product\/show-burlesque-alkeet-syksy2026\/","url":"https:\/\/flama.fi\/en\/product\/show-burlesque-alkeet-syksy2026\/","name":"Show Burlesque, alkeet (16 krt), maanantaisin 24.8.\u20137.12. klo 18.15\u201319.10, opettajana Mirka Saali - Tanssistudio Flama","isPartOf":{"@id":"https:\/\/flama.fi\/en\/#website"},"primaryImageOfPage":{"@id":"https:\/\/flama.fi\/en\/product\/show-burlesque-alkeet-syksy2026\/#primaryimage"},"image":{"@id":"https:\/\/flama.fi\/en\/product\/show-burlesque-alkeet-syksy2026\/#primaryimage"},"thumbnailUrl":"https:\/\/flama.fi\/wp-content\/uploads\/2022\/07\/20210825_Flama_Henkilokuvat6858-e1668433684538.jpg","datePublished":"2026-04-28T07:00:32+00:00","description":"Set your femininity free! Show Burlesque classes are show dance classes with feminine expression, drawing inspiration from the world of Burlesque.","breadcrumb":{"@id":"https:\/\/flama.fi\/en\/product\/show-burlesque-alkeet-syksy2026\/#breadcrumb"},"inLanguage":"en-US","potentialAction":[{"@type":"ReadAction","target":["https:\/\/flama.fi\/en\/product\/show-burlesque-alkeet-syksy2026\/"]}]},{"@type":"ImageObject","inLanguage":"en-US","@id":"https:\/\/flama.fi\/en\/product\/show-burlesque-alkeet-syksy2026\/#primaryimage","url":"https:\/\/flama.fi\/wp-content\/uploads\/2022\/07\/20210825_Flama_Henkilokuvat6858-e1668433684538.jpg","contentUrl":"https:\/\/flama.fi\/wp-content\/uploads\/2022\/07\/20210825_Flama_Henkilokuvat6858-e1668433684538.jpg","width":1080,"height":1080},{"@type":"BreadcrumbList","@id":"https:\/\/flama.fi\/en\/product\/show-burlesque-alkeet-syksy2026\/#breadcrumb","itemListElement":[{"@type":"ListItem","position":1,"name":"Etusivu","item":"https:\/\/flama.fi\/en\/"},{"@type":"ListItem","position":2,"name":"Shop at","item":"https:\/\/flama.fi\/en\/shop\/"},{"@type":"ListItem","position":3,"name":"Show Burlesque, alkeet (16 krt), maanantaisin 24.8.\u20137.12. klo 18.15\u201319.10, opettajana Mirka Saali"}]},{"@type":"WebSite","@id":"https:\/\/flama.fi\/en\/#website","url":"https:\/\/flama.fi\/en\/","name":"Tanssistudio Flama","description":"Turkulainen Tanssistudio","publisher":{"@id":"https:\/\/flama.fi\/en\/#organization"},"potentialAction":[{"@type":"SearchAction","target":{"@type":"EntryPoint","urlTemplate":"https:\/\/flama.fi\/en\/?s={search_term_string}"},"query-input":{"@type":"PropertyValueSpecification","valueRequired":true,"valueName":"search_term_string"}}],"inLanguage":"en-US"},{"@type":"Organization","@id":"https:\/\/flama.fi\/en\/#organization","name":"Tanssistudio Flama","url":"https:\/\/flama.fi\/en\/","logo":{"@type":"ImageObject","inLanguage":"en-US","@id":"https:\/\/flama.fi\/en\/#\/schema\/logo\/image\/","url":"https:\/\/flama.fi\/wp-content\/uploads\/2022\/07\/Flama-logo.png","contentUrl":"https:\/\/flama.fi\/wp-content\/uploads\/2022\/07\/Flama-logo.png","width":1240,"height":620,"caption":"Tanssistudio Flama"},"image":{"@id":"https:\/\/flama.fi\/en\/#\/schema\/logo\/image\/"}}]}},"_links":{"self":[{"href":"https:\/\/flama.fi\/en\/wp-json\/wp\/v2\/product\/96010","targetHints":{"allow":["GET"]}}],"collection":[{"href":"https:\/\/flama.fi\/en\/wp-json\/wp\/v2\/product"}],"about":[{"href":"https:\/\/flama.fi\/en\/wp-json\/wp\/v2\/types\/product"}],"version-history":[{"count":0,"href":"https:\/\/flama.fi\/en\/wp-json\/wp\/v2\/product\/96010\/revisions"}],"wp:featuredmedia":[{"embeddable":true,"href":"https:\/\/flama.fi\/en\/wp-json\/wp\/v2\/media\/41297"}],"wp:attachment":[{"href":"https:\/\/flama.fi\/en\/wp-json\/wp\/v2\/media?parent=96010"}],"wp:term":[{"taxonomy":"product_brand","embeddable":true,"href":"https:\/\/flama.fi\/en\/wp-json\/wp\/v2\/product_brand?post=96010"},{"taxonomy":"product_cat","embeddable":true,"href":"https:\/\/flama.fi\/en\/wp-json\/wp\/v2\/product_cat?post=96010"},{"taxonomy":"product_tag","embeddable":true,"href":"https:\/\/flama.fi\/en\/wp-json\/wp\/v2\/product_tag?post=96010"}],"curies":[{"name":"wp","href":"https:\/\/api.w.org\/{rel}","templated":true}]}}