{"id":95800,"date":"2026-04-28T10:00:32","date_gmt":"2026-04-28T07:00:32","guid":{"rendered":"https:\/\/flama.fi\/tuote\/musical-dance-keskitaso-syksy2026\/"},"modified":"2026-05-11T12:32:19","modified_gmt":"2026-05-11T09:32:19","slug":"musical-dance-keskitaso-syksy2026","status":"publish","type":"product","link":"https:\/\/flama.fi\/en\/product\/musical-dance-keskitaso-syksy2026\/","title":{"rendered":"Musical Dance, intermediate (5 x 90 min), Fridays 6.11.\u20134.12. at 17.00\u201318.30, instructed by Juulia Alho"},"content":{"rendered":"<h3>What if I can&#8217;t participate every week?<\/h3>\n<p>Absences from classes can be made up during the same term in any other class or drop-in session. This way, no dance session will be wasted! <a href=\"https:\/\/flama.fi\/en\/info\/faq\/\">Read more.<\/a> <\/p>\n<h3>What should I bring with me?<\/h3>\n<p>For the class, it is recommended to wear clothes that are comfortable to move around in. You can dance with indoor sneakers, dance shoes, or socks.  Take your water bottle with you.<\/p>\n<h3>Musical Dance<\/h3>\n<p>As the name suggests, the Musical Dance Course draws its inspiration from the world of film and stage musicals. In the classes, expression and storytelling through dance are practiced in particular. This course is suitable for those with some previous dance background. The course is particularly good for developing performance skills.   <\/p>\n<p>More information about the course:<a href=\"mailto:info@flama.fi\"> info@flama.fi<\/a><\/p>\n","protected":false},"excerpt":{"rendered":"<p>Welcome to dance to wonderful musical songs! In this course, expression and storytelling are practiced through dance. <\/p>\n<p>During this course we will put together a Musical Dance -choreography by Juulia Alho, which we be performed on Tuesday 8.12.2026 on the stage of Linnateatteri (Turku). Performace is party of Flama Xmas Show.  You can also join the course even if you are unable to participate in the performance.<\/p>\n<p><b>Time:<\/b> Fridays 6.11.\u20134.12. at 17.00\u201318.30<br \/>\n<b>Place<\/b>: Flama Rauhankatu (Rauhankatu 15, 20100 Turku)<br \/>\n<b>Level<\/b>: intermediate<br \/>\nTeacher: Juulia Alho<\/p>\n<p>The course fee includes 5 x 90 min sessions.<\/p>\n<p><b>Reserve your spot in time and take advantage of the discounted price<br \/>\n<\/b>By paying the course by latest Thursday 29.10.2026 you get the course on a discounted price<\/p>\n<p>If you would like to pay part of the course fee with a tyky benefit (e.g., Smartum, Edenred, ePassi), please register by sending an email to: info@flama.fi.<\/p>\n<p>Thinking of taking more than one course? With the Flama<b><a href=\"https:\/\/flama.fi\/en\/product\/anytime-autumn-2026\/\"> Anytime Card<\/a><\/b>, you can dance as much as you want all autumn long. If you already have an Anytime pass, register for the courses by email: <a href=\"mailto:info@flama.fi\">info@flama.fi<\/a><\/p>\n","protected":false},"featured_media":48532,"template":"","meta":{"inline_featured_image":false},"product_brand":[],"product_cat":[3669],"product_tag":[4438,4077,2518,1836,3875,2521,838],"class_list":{"0":"post-95800","1":"product","2":"type-product","3":"status-publish","4":"has-post-thumbnail","6":"product_cat-courses-in-autumn","7":"product_tag-autumn-2026","8":"product_tag-courses","9":"product_tag-flama-rauhankatu-en","10":"product_tag-intermediate-en","11":"product_tag-juulia-alho-en","12":"product_tag-musical-dance-en-2","13":"product_tag-tanssistudio-flama-en","15":"first","16":"instock","17":"sale","18":"virtual","19":"taxable","20":"purchasable","21":"product-type-simple"},"yoast_head":"<!-- This site is optimized with the Yoast SEO plugin v27.6 - https:\/\/yoast.com\/product\/yoast-seo-wordpress\/ -->\n<title>Musical Dance, intermediate (5 x 90 min), Fridays 6.11.\u20134.12. at 17.00\u201318.30, instructed by Juulia Alho - Tanssistudio Flama<\/title>\n<meta name=\"description\" content=\"Welcome to dance to wonderful musical songs! In this course, expression and storytelling are practiced through dance.\" \/>\n<meta name=\"robots\" content=\"index, follow, max-snippet:-1, max-image-preview:large, max-video-preview:-1\" \/>\n<link rel=\"canonical\" href=\"https:\/\/flama.fi\/en\/product\/musical-dance-keskitaso-syksy2026\/\" \/>\n<meta property=\"og:locale\" content=\"en_US\" \/>\n<meta property=\"og:type\" content=\"article\" \/>\n<meta property=\"og:title\" content=\"Musical Dance, intermediate (5 x 90 min), Fridays 6.11.\u20134.12. at 17.00\u201318.30, instructed by Juulia Alho - Tanssistudio Flama\" \/>\n<meta property=\"og:description\" content=\"Welcome to dance to wonderful musical songs! In this course, expression and storytelling are practiced through dance.\" \/>\n<meta property=\"og:url\" content=\"https:\/\/flama.fi\/en\/product\/musical-dance-keskitaso-syksy2026\/\" \/>\n<meta property=\"og:site_name\" content=\"Tanssistudio Flama\" \/>\n<meta property=\"article:modified_time\" content=\"2026-05-11T09:32:19+00:00\" \/>\n<meta property=\"og:image\" content=\"https:\/\/flama.fi\/wp-content\/uploads\/2022\/11\/juulia-niemi-1080x1080-1.jpg\" \/>\n\t<meta property=\"og:image:width\" content=\"1080\" \/>\n\t<meta property=\"og:image:height\" content=\"1080\" \/>\n\t<meta property=\"og:image:type\" content=\"image\/jpeg\" \/>\n<meta name=\"twitter:card\" content=\"summary_large_image\" \/>\n<meta name=\"twitter:label1\" content=\"Est. reading time\" \/>\n\t<meta name=\"twitter:data1\" content=\"1 minute\" \/>\n<script type=\"application\/ld+json\" class=\"yoast-schema-graph\">{\"@context\":\"https:\\\/\\\/schema.org\",\"@graph\":[{\"@type\":\"WebPage\",\"@id\":\"https:\\\/\\\/flama.fi\\\/en\\\/product\\\/musical-dance-keskitaso-syksy2026\\\/\",\"url\":\"https:\\\/\\\/flama.fi\\\/en\\\/product\\\/musical-dance-keskitaso-syksy2026\\\/\",\"name\":\"Musical Dance, intermediate (5 x 90 min), Fridays 6.11.\u20134.12. at 17.00\u201318.30, instructed by Juulia Alho - Tanssistudio Flama\",\"isPartOf\":{\"@id\":\"https:\\\/\\\/flama.fi\\\/en\\\/#website\"},\"primaryImageOfPage\":{\"@id\":\"https:\\\/\\\/flama.fi\\\/en\\\/product\\\/musical-dance-keskitaso-syksy2026\\\/#primaryimage\"},\"image\":{\"@id\":\"https:\\\/\\\/flama.fi\\\/en\\\/product\\\/musical-dance-keskitaso-syksy2026\\\/#primaryimage\"},\"thumbnailUrl\":\"https:\\\/\\\/flama.fi\\\/wp-content\\\/uploads\\\/2022\\\/11\\\/juulia-niemi-1080x1080-1.jpg\",\"datePublished\":\"2026-04-28T07:00:32+00:00\",\"dateModified\":\"2026-05-11T09:32:19+00:00\",\"description\":\"Welcome to dance to wonderful musical songs! In this course, expression and storytelling are practiced through dance.\",\"breadcrumb\":{\"@id\":\"https:\\\/\\\/flama.fi\\\/en\\\/product\\\/musical-dance-keskitaso-syksy2026\\\/#breadcrumb\"},\"inLanguage\":\"en-US\",\"potentialAction\":[{\"@type\":\"ReadAction\",\"target\":[\"https:\\\/\\\/flama.fi\\\/en\\\/product\\\/musical-dance-keskitaso-syksy2026\\\/\"]}]},{\"@type\":\"ImageObject\",\"inLanguage\":\"en-US\",\"@id\":\"https:\\\/\\\/flama.fi\\\/en\\\/product\\\/musical-dance-keskitaso-syksy2026\\\/#primaryimage\",\"url\":\"https:\\\/\\\/flama.fi\\\/wp-content\\\/uploads\\\/2022\\\/11\\\/juulia-niemi-1080x1080-1.jpg\",\"contentUrl\":\"https:\\\/\\\/flama.fi\\\/wp-content\\\/uploads\\\/2022\\\/11\\\/juulia-niemi-1080x1080-1.jpg\",\"width\":1080,\"height\":1080,\"caption\":\"Tummahiuksinen nainen hymyilee kameralle, tausta punainen. Henkil\u00f6ll\u00e4 on p\u00e4\u00e4ll\u00e4\u00e4n musta paita, jossa lukee Flama. Kuvassa Juulia Niemi.\"},{\"@type\":\"BreadcrumbList\",\"@id\":\"https:\\\/\\\/flama.fi\\\/en\\\/product\\\/musical-dance-keskitaso-syksy2026\\\/#breadcrumb\",\"itemListElement\":[{\"@type\":\"ListItem\",\"position\":1,\"name\":\"Etusivu\",\"item\":\"https:\\\/\\\/flama.fi\\\/en\\\/\"},{\"@type\":\"ListItem\",\"position\":2,\"name\":\"Shop at\",\"item\":\"https:\\\/\\\/flama.fi\\\/en\\\/shop\\\/\"},{\"@type\":\"ListItem\",\"position\":3,\"name\":\"Musical Dance, intermediate (5 x 90 min), Fridays 6.11.\u20134.12. at 17.00\u201318.30, instructed by Juulia Alho\"}]},{\"@type\":\"WebSite\",\"@id\":\"https:\\\/\\\/flama.fi\\\/en\\\/#website\",\"url\":\"https:\\\/\\\/flama.fi\\\/en\\\/\",\"name\":\"Tanssistudio Flama\",\"description\":\"Turkulainen Tanssistudio\",\"publisher\":{\"@id\":\"https:\\\/\\\/flama.fi\\\/en\\\/#organization\"},\"potentialAction\":[{\"@type\":\"SearchAction\",\"target\":{\"@type\":\"EntryPoint\",\"urlTemplate\":\"https:\\\/\\\/flama.fi\\\/en\\\/?s={search_term_string}\"},\"query-input\":{\"@type\":\"PropertyValueSpecification\",\"valueRequired\":true,\"valueName\":\"search_term_string\"}}],\"inLanguage\":\"en-US\"},{\"@type\":\"Organization\",\"@id\":\"https:\\\/\\\/flama.fi\\\/en\\\/#organization\",\"name\":\"Tanssistudio Flama\",\"url\":\"https:\\\/\\\/flama.fi\\\/en\\\/\",\"logo\":{\"@type\":\"ImageObject\",\"inLanguage\":\"en-US\",\"@id\":\"https:\\\/\\\/flama.fi\\\/en\\\/#\\\/schema\\\/logo\\\/image\\\/\",\"url\":\"https:\\\/\\\/flama.fi\\\/wp-content\\\/uploads\\\/2022\\\/07\\\/Flama-logo.png\",\"contentUrl\":\"https:\\\/\\\/flama.fi\\\/wp-content\\\/uploads\\\/2022\\\/07\\\/Flama-logo.png\",\"width\":1240,\"height\":620,\"caption\":\"Tanssistudio Flama\"},\"image\":{\"@id\":\"https:\\\/\\\/flama.fi\\\/en\\\/#\\\/schema\\\/logo\\\/image\\\/\"}}]}<\/script>\n<!-- \/ Yoast SEO plugin. -->","yoast_head_json":{"title":"Musical Dance, intermediate (5 x 90 min), Fridays 6.11.\u20134.12. at 17.00\u201318.30, instructed by Juulia Alho - Tanssistudio Flama","description":"Welcome to dance to wonderful musical songs! In this course, expression and storytelling are practiced through dance.","robots":{"index":"index","follow":"follow","max-snippet":"max-snippet:-1","max-image-preview":"max-image-preview:large","max-video-preview":"max-video-preview:-1"},"canonical":"https:\/\/flama.fi\/en\/product\/musical-dance-keskitaso-syksy2026\/","og_locale":"en_US","og_type":"article","og_title":"Musical Dance, intermediate (5 x 90 min), Fridays 6.11.\u20134.12. at 17.00\u201318.30, instructed by Juulia Alho - Tanssistudio Flama","og_description":"Welcome to dance to wonderful musical songs! In this course, expression and storytelling are practiced through dance.","og_url":"https:\/\/flama.fi\/en\/product\/musical-dance-keskitaso-syksy2026\/","og_site_name":"Tanssistudio Flama","article_modified_time":"2026-05-11T09:32:19+00:00","og_image":[{"width":1080,"height":1080,"url":"https:\/\/flama.fi\/wp-content\/uploads\/2022\/11\/juulia-niemi-1080x1080-1.jpg","type":"image\/jpeg"}],"twitter_card":"summary_large_image","twitter_misc":{"Est. reading time":"1 minute"},"schema":{"@context":"https:\/\/schema.org","@graph":[{"@type":"WebPage","@id":"https:\/\/flama.fi\/en\/product\/musical-dance-keskitaso-syksy2026\/","url":"https:\/\/flama.fi\/en\/product\/musical-dance-keskitaso-syksy2026\/","name":"Musical Dance, intermediate (5 x 90 min), Fridays 6.11.\u20134.12. at 17.00\u201318.30, instructed by Juulia Alho - Tanssistudio Flama","isPartOf":{"@id":"https:\/\/flama.fi\/en\/#website"},"primaryImageOfPage":{"@id":"https:\/\/flama.fi\/en\/product\/musical-dance-keskitaso-syksy2026\/#primaryimage"},"image":{"@id":"https:\/\/flama.fi\/en\/product\/musical-dance-keskitaso-syksy2026\/#primaryimage"},"thumbnailUrl":"https:\/\/flama.fi\/wp-content\/uploads\/2022\/11\/juulia-niemi-1080x1080-1.jpg","datePublished":"2026-04-28T07:00:32+00:00","dateModified":"2026-05-11T09:32:19+00:00","description":"Welcome to dance to wonderful musical songs! In this course, expression and storytelling are practiced through dance.","breadcrumb":{"@id":"https:\/\/flama.fi\/en\/product\/musical-dance-keskitaso-syksy2026\/#breadcrumb"},"inLanguage":"en-US","potentialAction":[{"@type":"ReadAction","target":["https:\/\/flama.fi\/en\/product\/musical-dance-keskitaso-syksy2026\/"]}]},{"@type":"ImageObject","inLanguage":"en-US","@id":"https:\/\/flama.fi\/en\/product\/musical-dance-keskitaso-syksy2026\/#primaryimage","url":"https:\/\/flama.fi\/wp-content\/uploads\/2022\/11\/juulia-niemi-1080x1080-1.jpg","contentUrl":"https:\/\/flama.fi\/wp-content\/uploads\/2022\/11\/juulia-niemi-1080x1080-1.jpg","width":1080,"height":1080,"caption":"Tummahiuksinen nainen hymyilee kameralle, tausta punainen. Henkil\u00f6ll\u00e4 on p\u00e4\u00e4ll\u00e4\u00e4n musta paita, jossa lukee Flama. Kuvassa Juulia Niemi."},{"@type":"BreadcrumbList","@id":"https:\/\/flama.fi\/en\/product\/musical-dance-keskitaso-syksy2026\/#breadcrumb","itemListElement":[{"@type":"ListItem","position":1,"name":"Etusivu","item":"https:\/\/flama.fi\/en\/"},{"@type":"ListItem","position":2,"name":"Shop at","item":"https:\/\/flama.fi\/en\/shop\/"},{"@type":"ListItem","position":3,"name":"Musical Dance, intermediate (5 x 90 min), Fridays 6.11.\u20134.12. at 17.00\u201318.30, instructed by Juulia Alho"}]},{"@type":"WebSite","@id":"https:\/\/flama.fi\/en\/#website","url":"https:\/\/flama.fi\/en\/","name":"Tanssistudio Flama","description":"Turkulainen Tanssistudio","publisher":{"@id":"https:\/\/flama.fi\/en\/#organization"},"potentialAction":[{"@type":"SearchAction","target":{"@type":"EntryPoint","urlTemplate":"https:\/\/flama.fi\/en\/?s={search_term_string}"},"query-input":{"@type":"PropertyValueSpecification","valueRequired":true,"valueName":"search_term_string"}}],"inLanguage":"en-US"},{"@type":"Organization","@id":"https:\/\/flama.fi\/en\/#organization","name":"Tanssistudio Flama","url":"https:\/\/flama.fi\/en\/","logo":{"@type":"ImageObject","inLanguage":"en-US","@id":"https:\/\/flama.fi\/en\/#\/schema\/logo\/image\/","url":"https:\/\/flama.fi\/wp-content\/uploads\/2022\/07\/Flama-logo.png","contentUrl":"https:\/\/flama.fi\/wp-content\/uploads\/2022\/07\/Flama-logo.png","width":1240,"height":620,"caption":"Tanssistudio Flama"},"image":{"@id":"https:\/\/flama.fi\/en\/#\/schema\/logo\/image\/"}}]}},"_links":{"self":[{"href":"https:\/\/flama.fi\/en\/wp-json\/wp\/v2\/product\/95800","targetHints":{"allow":["GET"]}}],"collection":[{"href":"https:\/\/flama.fi\/en\/wp-json\/wp\/v2\/product"}],"about":[{"href":"https:\/\/flama.fi\/en\/wp-json\/wp\/v2\/types\/product"}],"version-history":[{"count":1,"href":"https:\/\/flama.fi\/en\/wp-json\/wp\/v2\/product\/95800\/revisions"}],"predecessor-version":[{"id":95802,"href":"https:\/\/flama.fi\/en\/wp-json\/wp\/v2\/product\/95800\/revisions\/95802"}],"wp:featuredmedia":[{"embeddable":true,"href":"https:\/\/flama.fi\/en\/wp-json\/wp\/v2\/media\/48532"}],"wp:attachment":[{"href":"https:\/\/flama.fi\/en\/wp-json\/wp\/v2\/media?parent=95800"}],"wp:term":[{"taxonomy":"product_brand","embeddable":true,"href":"https:\/\/flama.fi\/en\/wp-json\/wp\/v2\/product_brand?post=95800"},{"taxonomy":"product_cat","embeddable":true,"href":"https:\/\/flama.fi\/en\/wp-json\/wp\/v2\/product_cat?post=95800"},{"taxonomy":"product_tag","embeddable":true,"href":"https:\/\/flama.fi\/en\/wp-json\/wp\/v2\/product_tag?post=95800"}],"curies":[{"name":"wp","href":"https:\/\/api.w.org\/{rel}","templated":true}]}}