{"id":95694,"date":"2026-04-28T10:00:32","date_gmt":"2026-04-28T07:00:32","guid":{"rendered":"https:\/\/flama.fi\/tuote\/gentle-lyrical-open-level-autumn2026\/"},"modified":"2026-05-06T20:01:28","modified_gmt":"2026-05-06T17:01:28","slug":"gentle-lyrical-open-level-autumn2026","status":"publish","type":"product","link":"https:\/\/flama.fi\/en\/product\/gentle-lyrical-open-level-autumn2026\/","title":{"rendered":"Gentle Lyrical, open level (5 sessions), Wednesdays 26.8.\u201323.9. at 10.15\u201311.10, instructed by Vilma Karttunen"},"content":{"rendered":"<h3>What if I can&#8217;t participate every week?<\/h3>\n<p>Absences from classes can be made up during the same term in any other class or drop-in session. This way, no dance session will be wasted! <a href=\"https:\/\/flama.fi\/en\/info\/faq\/\">Read more.<\/a><\/p>\n<h3>What should I bring with me?<\/h3>\n<p>Wear comfortable clothing that allows you to move freely and feel good.<\/p>\n<p>You don&#8217;t need any special dance shoes, because we dance in our socks during class. Remember to bring a water bottle.<\/p>\n<h3>Gentle Lyrical<\/h3>\n<p>In Lyrical Dance classes, you immerse yourself in expressive choreography and enjoy interpreting music through dance. The classes include contemporary and jazz dance technique exercises and rotating choreographies. In the choreographies, you practice expression and different movement qualities, such as flowing and accentuated movements. In lyrical dance, the choreographies are strongly built around the melody, accents, and lyrics of the music.<\/p>\n<p>Lempe\u00e4 lyrical -tunneilla edet\u00e4\u00e4n nimens\u00e4 mukaisesti rauhalliseen tahtiin, eik\u00e4 tunneilla tehd\u00e4 lainkaan lattiaharjoitteita.<\/p>\n<h3>Vilma Karttunen<\/h3>\n<p>Vilma is a dance teacher who graduated from Oulu University of Applied Sciences in spring 2021. Her path led her to Oulu, where she had the opportunity to focus on Show Dance. However, Vilma is enthusiastic and interested in many different dance styles. Teaching is Vilma&#8217;s passion, and she wants to share the joy of dance with people of all ages.<\/p>\n<p>As a dance teacher, Vilma has been described as nice, lovely and skillful. When asked for some feedback, dancers have told that she meets the dancers as themselves and that her classes have a warm atmosphere. In addition, dancers describe that Vilma&#8217;s teaching is all about being gracious about what you do, but still knowing how to challenge everyone on their own level.<\/p>\n<p>Vilma likes to create a fun, safe and evolving atmosphere in her classes. She is enthusiastic and inspiring and constantly wants to develop and learn interactively, drawing inspiration from different directions.<\/p>\n<p>More information about the course:<a href=\"mailto:info@flama.fi\"> info@flama.fi<\/a><\/p>\n","protected":false},"excerpt":{"rendered":"<p>Welcome to the Gentle Lyrical class, where you\u2019ll start your day with gentle, flowing movements and delicate music! In this class, we\u2019ll dance to choreographies designed by Vilma and explore the key elements of lyrical dance, such as smooth transitions, body alignment, and musical interpretation.<\/p>\n<p>There are no floor exercises in this class, so the course is also well-suited for beginners as well as dancers for whom floor work is not suitable\u2014for example, due to knee issues.<\/p>\n<p><b>Time:<\/b> Wednesdays 26.8.\u201323.9. at 10.15\u201311.10<br \/>\n<b>Place<\/b>: Flama Rauhankatu (Rauhankatu 15, 20100 Turku)<br \/>\n<b>Level:<\/b> open level<br \/>\n<b>Teacher<\/b>: <a href=\"https:\/\/flama.fi\/en\/instructors\/vilma-karttunen\/\">Vilma Karttunen<\/a><\/p>\n<p>The course fee includes 5 x 55 min sessions.<\/p>\n<p><b>Reserve your spot early and take advantage of the discount price<\/b><br \/>\nIf you pay for the course by Sunday, August 16, 2026, you\u2019ll get it at a lower price.<\/p>\n<p>If you would like to pay part of the course fee with a tyky benefit (e.g., Smartum, Edenred, ePassi), please register by sending an email to: info@flama.fi.<\/p>\n<p>Thinking of taking more than one course? With the Flama<b><a href=\"https:\/\/flama.fi\/en\/product\/anytime-autumn-2026\/\"> Anytime Card<\/a><\/b>, you can dance as much as you want all autumn long. If you already have an Anytime pass, register for the courses by email: <a href=\"mailto:info@flama.fi\">info@flama.fi<\/a><\/p>\n","protected":false},"featured_media":48799,"template":"","meta":{"inline_featured_image":false},"product_brand":[],"product_cat":[3669],"product_tag":[4438,2052,4077,2518,4414,2760,2495,838,4329],"class_list":{"0":"post-95694","1":"product","2":"type-product","3":"status-publish","4":"has-post-thumbnail","6":"product_cat-courses-in-autumn","7":"product_tag-autumn-2026","8":"product_tag-avoin-taso-en","9":"product_tag-courses","10":"product_tag-flama-rauhankatu-en","11":"product_tag-gentle-lyrical","12":"product_tag-lyrical-en-2","13":"product_tag-lyrical-dance-en-2","14":"product_tag-tanssistudio-flama-en","15":"product_tag-vilma-karttunen","17":"first","18":"instock","19":"sale","20":"virtual","21":"taxable","22":"purchasable","23":"product-type-simple"},"yoast_head":"<!-- This site is optimized with the Yoast SEO plugin v27.6 - https:\/\/yoast.com\/product\/yoast-seo-wordpress\/ -->\n<title>Gentle Lyrical, open level (5 sessions), Wednesdays 26.8.\u201323.9. at 10.15\u201311.10, instructed by Vilma Karttunen - Tanssistudio Flama<\/title>\n<meta name=\"description\" content=\"Lempe\u00e4 lyrical -kurssilla sukelletaan lyrical dancen ilmaisuun ja virtaavaan liikekieleen kannustavassa ilmapiiriss\u00e4. Tunneilla ei tehd\u00e4 lattiaharjoitteita.\" \/>\n<meta name=\"robots\" content=\"index, follow, max-snippet:-1, max-image-preview:large, max-video-preview:-1\" \/>\n<link rel=\"canonical\" href=\"https:\/\/flama.fi\/en\/product\/gentle-lyrical-open-level-autumn2026\/\" \/>\n<meta property=\"og:locale\" content=\"en_US\" \/>\n<meta property=\"og:type\" content=\"article\" \/>\n<meta property=\"og:title\" content=\"Gentle Lyrical, open level (5 sessions), Wednesdays 26.8.\u201323.9. at 10.15\u201311.10, instructed by Vilma Karttunen - Tanssistudio Flama\" \/>\n<meta property=\"og:description\" content=\"Lempe\u00e4 lyrical -kurssilla sukelletaan lyrical dancen ilmaisuun ja virtaavaan liikekieleen kannustavassa ilmapiiriss\u00e4. Tunneilla ei tehd\u00e4 lattiaharjoitteita.\" \/>\n<meta property=\"og:url\" content=\"https:\/\/flama.fi\/en\/product\/gentle-lyrical-open-level-autumn2026\/\" \/>\n<meta property=\"og:site_name\" content=\"Tanssistudio Flama\" \/>\n<meta property=\"article:modified_time\" content=\"2026-05-06T17:01:28+00:00\" \/>\n<meta property=\"og:image\" content=\"https:\/\/flama.fi\/wp-content\/uploads\/2022\/11\/vilma-kivekas-1080x1080-2.jpg\" \/>\n\t<meta property=\"og:image:width\" content=\"1080\" \/>\n\t<meta property=\"og:image:height\" content=\"1080\" \/>\n\t<meta property=\"og:image:type\" content=\"image\/jpeg\" \/>\n<meta name=\"twitter:card\" content=\"summary_large_image\" \/>\n<meta name=\"twitter:label1\" content=\"Est. reading time\" \/>\n\t<meta name=\"twitter:data1\" content=\"3 minutes\" \/>\n<script type=\"application\/ld+json\" class=\"yoast-schema-graph\">{\"@context\":\"https:\\\/\\\/schema.org\",\"@graph\":[{\"@type\":\"WebPage\",\"@id\":\"https:\\\/\\\/flama.fi\\\/en\\\/product\\\/gentle-lyrical-open-level-autumn2026\\\/\",\"url\":\"https:\\\/\\\/flama.fi\\\/en\\\/product\\\/gentle-lyrical-open-level-autumn2026\\\/\",\"name\":\"Gentle Lyrical, open level (5 sessions), Wednesdays 26.8.\u201323.9. at 10.15\u201311.10, instructed by Vilma Karttunen - Tanssistudio Flama\",\"isPartOf\":{\"@id\":\"https:\\\/\\\/flama.fi\\\/en\\\/#website\"},\"primaryImageOfPage\":{\"@id\":\"https:\\\/\\\/flama.fi\\\/en\\\/product\\\/gentle-lyrical-open-level-autumn2026\\\/#primaryimage\"},\"image\":{\"@id\":\"https:\\\/\\\/flama.fi\\\/en\\\/product\\\/gentle-lyrical-open-level-autumn2026\\\/#primaryimage\"},\"thumbnailUrl\":\"https:\\\/\\\/flama.fi\\\/wp-content\\\/uploads\\\/2022\\\/11\\\/vilma-kivekas-1080x1080-2.jpg\",\"datePublished\":\"2026-04-28T07:00:32+00:00\",\"dateModified\":\"2026-05-06T17:01:28+00:00\",\"description\":\"Lempe\u00e4 lyrical -kurssilla sukelletaan lyrical dancen ilmaisuun ja virtaavaan liikekieleen kannustavassa ilmapiiriss\u00e4. Tunneilla ei tehd\u00e4 lattiaharjoitteita.\",\"breadcrumb\":{\"@id\":\"https:\\\/\\\/flama.fi\\\/en\\\/product\\\/gentle-lyrical-open-level-autumn2026\\\/#breadcrumb\"},\"inLanguage\":\"en-US\",\"potentialAction\":[{\"@type\":\"ReadAction\",\"target\":[\"https:\\\/\\\/flama.fi\\\/en\\\/product\\\/gentle-lyrical-open-level-autumn2026\\\/\"]}]},{\"@type\":\"ImageObject\",\"inLanguage\":\"en-US\",\"@id\":\"https:\\\/\\\/flama.fi\\\/en\\\/product\\\/gentle-lyrical-open-level-autumn2026\\\/#primaryimage\",\"url\":\"https:\\\/\\\/flama.fi\\\/wp-content\\\/uploads\\\/2022\\\/11\\\/vilma-kivekas-1080x1080-2.jpg\",\"contentUrl\":\"https:\\\/\\\/flama.fi\\\/wp-content\\\/uploads\\\/2022\\\/11\\\/vilma-kivekas-1080x1080-2.jpg\",\"width\":1080,\"height\":1080,\"caption\":\"Nainen tanssii vauhdikkaasti, toinen k\u00e4si lattialla ja toinen ilmassa. Kuvassa Vilma Kivek\u00e4s.\"},{\"@type\":\"BreadcrumbList\",\"@id\":\"https:\\\/\\\/flama.fi\\\/en\\\/product\\\/gentle-lyrical-open-level-autumn2026\\\/#breadcrumb\",\"itemListElement\":[{\"@type\":\"ListItem\",\"position\":1,\"name\":\"Etusivu\",\"item\":\"https:\\\/\\\/flama.fi\\\/en\\\/\"},{\"@type\":\"ListItem\",\"position\":2,\"name\":\"Shop at\",\"item\":\"https:\\\/\\\/flama.fi\\\/en\\\/shop\\\/\"},{\"@type\":\"ListItem\",\"position\":3,\"name\":\"Gentle Lyrical, open level (5 sessions), Wednesdays 26.8.\u201323.9. at 10.15\u201311.10, instructed by Vilma Karttunen\"}]},{\"@type\":\"WebSite\",\"@id\":\"https:\\\/\\\/flama.fi\\\/en\\\/#website\",\"url\":\"https:\\\/\\\/flama.fi\\\/en\\\/\",\"name\":\"Tanssistudio Flama\",\"description\":\"Turkulainen Tanssistudio\",\"publisher\":{\"@id\":\"https:\\\/\\\/flama.fi\\\/en\\\/#organization\"},\"potentialAction\":[{\"@type\":\"SearchAction\",\"target\":{\"@type\":\"EntryPoint\",\"urlTemplate\":\"https:\\\/\\\/flama.fi\\\/en\\\/?s={search_term_string}\"},\"query-input\":{\"@type\":\"PropertyValueSpecification\",\"valueRequired\":true,\"valueName\":\"search_term_string\"}}],\"inLanguage\":\"en-US\"},{\"@type\":\"Organization\",\"@id\":\"https:\\\/\\\/flama.fi\\\/en\\\/#organization\",\"name\":\"Tanssistudio Flama\",\"url\":\"https:\\\/\\\/flama.fi\\\/en\\\/\",\"logo\":{\"@type\":\"ImageObject\",\"inLanguage\":\"en-US\",\"@id\":\"https:\\\/\\\/flama.fi\\\/en\\\/#\\\/schema\\\/logo\\\/image\\\/\",\"url\":\"https:\\\/\\\/flama.fi\\\/wp-content\\\/uploads\\\/2022\\\/07\\\/Flama-logo.png\",\"contentUrl\":\"https:\\\/\\\/flama.fi\\\/wp-content\\\/uploads\\\/2022\\\/07\\\/Flama-logo.png\",\"width\":1240,\"height\":620,\"caption\":\"Tanssistudio Flama\"},\"image\":{\"@id\":\"https:\\\/\\\/flama.fi\\\/en\\\/#\\\/schema\\\/logo\\\/image\\\/\"}}]}<\/script>\n<!-- \/ Yoast SEO plugin. -->","yoast_head_json":{"title":"Gentle Lyrical, open level (5 sessions), Wednesdays 26.8.\u201323.9. at 10.15\u201311.10, instructed by Vilma Karttunen - Tanssistudio Flama","description":"Lempe\u00e4 lyrical -kurssilla sukelletaan lyrical dancen ilmaisuun ja virtaavaan liikekieleen kannustavassa ilmapiiriss\u00e4. Tunneilla ei tehd\u00e4 lattiaharjoitteita.","robots":{"index":"index","follow":"follow","max-snippet":"max-snippet:-1","max-image-preview":"max-image-preview:large","max-video-preview":"max-video-preview:-1"},"canonical":"https:\/\/flama.fi\/en\/product\/gentle-lyrical-open-level-autumn2026\/","og_locale":"en_US","og_type":"article","og_title":"Gentle Lyrical, open level (5 sessions), Wednesdays 26.8.\u201323.9. at 10.15\u201311.10, instructed by Vilma Karttunen - Tanssistudio Flama","og_description":"Lempe\u00e4 lyrical -kurssilla sukelletaan lyrical dancen ilmaisuun ja virtaavaan liikekieleen kannustavassa ilmapiiriss\u00e4. Tunneilla ei tehd\u00e4 lattiaharjoitteita.","og_url":"https:\/\/flama.fi\/en\/product\/gentle-lyrical-open-level-autumn2026\/","og_site_name":"Tanssistudio Flama","article_modified_time":"2026-05-06T17:01:28+00:00","og_image":[{"width":1080,"height":1080,"url":"https:\/\/flama.fi\/wp-content\/uploads\/2022\/11\/vilma-kivekas-1080x1080-2.jpg","type":"image\/jpeg"}],"twitter_card":"summary_large_image","twitter_misc":{"Est. reading time":"3 minutes"},"schema":{"@context":"https:\/\/schema.org","@graph":[{"@type":"WebPage","@id":"https:\/\/flama.fi\/en\/product\/gentle-lyrical-open-level-autumn2026\/","url":"https:\/\/flama.fi\/en\/product\/gentle-lyrical-open-level-autumn2026\/","name":"Gentle Lyrical, open level (5 sessions), Wednesdays 26.8.\u201323.9. at 10.15\u201311.10, instructed by Vilma Karttunen - Tanssistudio Flama","isPartOf":{"@id":"https:\/\/flama.fi\/en\/#website"},"primaryImageOfPage":{"@id":"https:\/\/flama.fi\/en\/product\/gentle-lyrical-open-level-autumn2026\/#primaryimage"},"image":{"@id":"https:\/\/flama.fi\/en\/product\/gentle-lyrical-open-level-autumn2026\/#primaryimage"},"thumbnailUrl":"https:\/\/flama.fi\/wp-content\/uploads\/2022\/11\/vilma-kivekas-1080x1080-2.jpg","datePublished":"2026-04-28T07:00:32+00:00","dateModified":"2026-05-06T17:01:28+00:00","description":"Lempe\u00e4 lyrical -kurssilla sukelletaan lyrical dancen ilmaisuun ja virtaavaan liikekieleen kannustavassa ilmapiiriss\u00e4. Tunneilla ei tehd\u00e4 lattiaharjoitteita.","breadcrumb":{"@id":"https:\/\/flama.fi\/en\/product\/gentle-lyrical-open-level-autumn2026\/#breadcrumb"},"inLanguage":"en-US","potentialAction":[{"@type":"ReadAction","target":["https:\/\/flama.fi\/en\/product\/gentle-lyrical-open-level-autumn2026\/"]}]},{"@type":"ImageObject","inLanguage":"en-US","@id":"https:\/\/flama.fi\/en\/product\/gentle-lyrical-open-level-autumn2026\/#primaryimage","url":"https:\/\/flama.fi\/wp-content\/uploads\/2022\/11\/vilma-kivekas-1080x1080-2.jpg","contentUrl":"https:\/\/flama.fi\/wp-content\/uploads\/2022\/11\/vilma-kivekas-1080x1080-2.jpg","width":1080,"height":1080,"caption":"Nainen tanssii vauhdikkaasti, toinen k\u00e4si lattialla ja toinen ilmassa. Kuvassa Vilma Kivek\u00e4s."},{"@type":"BreadcrumbList","@id":"https:\/\/flama.fi\/en\/product\/gentle-lyrical-open-level-autumn2026\/#breadcrumb","itemListElement":[{"@type":"ListItem","position":1,"name":"Etusivu","item":"https:\/\/flama.fi\/en\/"},{"@type":"ListItem","position":2,"name":"Shop at","item":"https:\/\/flama.fi\/en\/shop\/"},{"@type":"ListItem","position":3,"name":"Gentle Lyrical, open level (5 sessions), Wednesdays 26.8.\u201323.9. at 10.15\u201311.10, instructed by Vilma Karttunen"}]},{"@type":"WebSite","@id":"https:\/\/flama.fi\/en\/#website","url":"https:\/\/flama.fi\/en\/","name":"Tanssistudio Flama","description":"Turkulainen Tanssistudio","publisher":{"@id":"https:\/\/flama.fi\/en\/#organization"},"potentialAction":[{"@type":"SearchAction","target":{"@type":"EntryPoint","urlTemplate":"https:\/\/flama.fi\/en\/?s={search_term_string}"},"query-input":{"@type":"PropertyValueSpecification","valueRequired":true,"valueName":"search_term_string"}}],"inLanguage":"en-US"},{"@type":"Organization","@id":"https:\/\/flama.fi\/en\/#organization","name":"Tanssistudio Flama","url":"https:\/\/flama.fi\/en\/","logo":{"@type":"ImageObject","inLanguage":"en-US","@id":"https:\/\/flama.fi\/en\/#\/schema\/logo\/image\/","url":"https:\/\/flama.fi\/wp-content\/uploads\/2022\/07\/Flama-logo.png","contentUrl":"https:\/\/flama.fi\/wp-content\/uploads\/2022\/07\/Flama-logo.png","width":1240,"height":620,"caption":"Tanssistudio Flama"},"image":{"@id":"https:\/\/flama.fi\/en\/#\/schema\/logo\/image\/"}}]}},"_links":{"self":[{"href":"https:\/\/flama.fi\/en\/wp-json\/wp\/v2\/product\/95694","targetHints":{"allow":["GET"]}}],"collection":[{"href":"https:\/\/flama.fi\/en\/wp-json\/wp\/v2\/product"}],"about":[{"href":"https:\/\/flama.fi\/en\/wp-json\/wp\/v2\/types\/product"}],"version-history":[{"count":1,"href":"https:\/\/flama.fi\/en\/wp-json\/wp\/v2\/product\/95694\/revisions"}],"predecessor-version":[{"id":95696,"href":"https:\/\/flama.fi\/en\/wp-json\/wp\/v2\/product\/95694\/revisions\/95696"}],"wp:featuredmedia":[{"embeddable":true,"href":"https:\/\/flama.fi\/en\/wp-json\/wp\/v2\/media\/48799"}],"wp:attachment":[{"href":"https:\/\/flama.fi\/en\/wp-json\/wp\/v2\/media?parent=95694"}],"wp:term":[{"taxonomy":"product_brand","embeddable":true,"href":"https:\/\/flama.fi\/en\/wp-json\/wp\/v2\/product_brand?post=95694"},{"taxonomy":"product_cat","embeddable":true,"href":"https:\/\/flama.fi\/en\/wp-json\/wp\/v2\/product_cat?post=95694"},{"taxonomy":"product_tag","embeddable":true,"href":"https:\/\/flama.fi\/en\/wp-json\/wp\/v2\/product_tag?post=95694"}],"curies":[{"name":"wp","href":"https:\/\/api.w.org\/{rel}","templated":true}]}}