{"id":95658,"date":"2026-04-28T10:00:32","date_gmt":"2026-04-28T07:00:32","guid":{"rendered":"https:\/\/flama.fi\/tuote\/cuban-rumba-roberto-autumn2026\/"},"modified":"2026-05-06T18:06:41","modified_gmt":"2026-05-06T15:06:41","slug":"cuban-rumba-roberto-autumn2026","status":"publish","type":"product","link":"https:\/\/flama.fi\/en\/product\/cuban-rumba-roberto-autumn2026\/","title":{"rendered":"Cuban Rumba, improvers (7 sessions), Thursdays 27.8.\u20138.10. at 16.15\u201317.10, instructed by Roberto La Rosa Martinez"},"content":{"rendered":"<h3>What if I can&#8217;t participate every week?<\/h3>\n<p>Absences from classes can be made up during the same term in any other class or drop-in session. This way, no dance session will be wasted! <a href=\"https:\/\/flama.fi\/en\/info\/faq\/\">Read more.<\/a><\/p>\n<h3>What should I bring with me?<\/h3>\n<p>For the class, it is recommended to wear clothes that are comfortable to move around in. You can dance with indoor sneakers, dance shoes, or socks. Take your water bottle with you.<\/p>\n<h3>Cuban Rumba<\/h3>\n<p>Cuban rumba is a traditional music and dance style and cultural form that emerged in 19th-century Cuba among the descendants of African slaves and the white lower social classes. There are three main styles of Cuban rumba: yamb\u00fa, guaguanc\u00f3, and columbia. In this course, all three styles of rumba are danced.<\/p>\n<p>Rumba is an expressive dance that is often used as a \u201cspice\u201d within salsa. This course therefore also offers plenty of tools for social dancing: you will learn rhythm, movement dynamics, and improvisation skills that make salsa more lively and enjoyable on the dance floor. These are solo classes.<\/p>\n<h3>Roberto La Rosa Martinez<\/h3>\n<p>Roberto \u201cRobe\u201d La Rosa Martinez. Roberto \u201cRobe\u201d La Rosa Martinez is a Cuban dancer and dance teacher whose sunny classes are full of joy and positive energy cannot be avoided!<\/p>\n<p>Robe was born in Havana, and started performing as a child with the famous Tony Menendez in various companies, before studying at the Escuela Nacional de Arte (ENA), the prestigious Cuban National School of Art, where he graduated as a professional dancer.<\/p>\n<p>Robe combines his uncompromising professionalism with his own true love of dance. and teaching and confidence in finding one\u2019s own dance style and \u2013 most importantly \u2013 the joy of dance.<\/p>\n<p>More information about the course:<a href=\"mailto:info@flama.fi\"> info@flama.fi<\/a><\/p>\n","protected":false},"excerpt":{"rendered":"<p>Tule tutustumaan afrokuubalaisen liikkeen ja rytmin juuriin. Kuubalaista rumbaa on kolmea p\u00e4\u00e4tyyli\u00e4: yambu, guaguanc\u00f3 ja columbia. T\u00e4ll\u00e4 kurssilla p\u00e4\u00e4set tanssimaan kaikkia kolmea rumban tyylisuuntaa.<\/p>\n<p>Rumba is an expressive dance that is often used as a \u201cspice\u201d within salsa. This course therefore also offers plenty of tools for social dancing: you will learn rhythm, movement dynamics, and improvisation skills that make salsa more lively and enjoyable on the dance floor. These are solo classes.<\/p>\n<p>The course is suitable for those who dance regularly for example, those who participate in salsa classes.<\/p>\n<p><b>Time:<\/b> Thursdays 27.8.\u20138.10. at 16.15\u201317.10<br \/>\n<b>Place<\/b>: Flama Rauhankatu (Rauhankatu 15, 20100 Turku)<br \/>\n<b>Level<\/b>: improvers<br \/>\n<b>Teacher<\/b>: <a href=\"https:\/\/flama.fi\/en\/instructors\/roberto-la-rosa-martinez\/\">Roberto La Rosa Martinez<\/a><\/p>\n<p>The course fee includes 7 \u00d7 55 min sessions.<\/p>\n<p><b>Reserve your spot early and take advantage of the discount price<\/b><br \/>\nIf you pay for the course by Sunday, August 16, 2026, you\u2019ll get it at a lower price.<\/p>\n<p>If you would like to pay part of the course fee with a tyky benefit (e.g., Smartum, Edenred, ePassi), please register by sending an email to: info@flama.fi.<\/p>\n<p>Thinking of taking more than one course? With the Flama<b><a href=\"https:\/\/flama.fi\/en\/product\/anytime-autumn-2026\/\"> Anytime Card<\/a><\/b>, you can dance as much as you want all autumn long. If you already have an Anytime pass, register for the courses by email: <a href=\"mailto:info@flama.fi\">info@flama.fi<\/a><\/p>\n","protected":false},"featured_media":75426,"template":"","meta":{"inline_featured_image":false},"product_brand":[],"product_cat":[3669],"product_tag":[2105,4438,4077,3485,2518,1988,838],"class_list":{"0":"post-95658","1":"product","2":"type-product","3":"status-publish","4":"has-post-thumbnail","6":"product_cat-courses-in-autumn","7":"product_tag-alkeisjatko-en","8":"product_tag-autumn-2026","9":"product_tag-courses","10":"product_tag-cuban-rumba","11":"product_tag-flama-rauhankatu-en","12":"product_tag-roberto-la-rosa-martinez-en","13":"product_tag-tanssistudio-flama-en","15":"first","16":"instock","17":"sale","18":"virtual","19":"taxable","20":"purchasable","21":"product-type-simple"},"yoast_head":"<!-- This site is optimized with the Yoast SEO plugin v27.6 - https:\/\/yoast.com\/product\/yoast-seo-wordpress\/ -->\n<title>Cuban Rumba, improvers (7 sessions), Thursdays 27.8.\u20138.10. at 16.15\u201317.10, instructed by Roberto La Rosa Martinez - Tanssistudio Flama<\/title>\n<meta name=\"description\" content=\"Dive into Cuban culture! In this course, you will get to explore Cuban rumba and dance its different styles.\" \/>\n<meta name=\"robots\" content=\"index, follow, max-snippet:-1, max-image-preview:large, max-video-preview:-1\" \/>\n<link rel=\"canonical\" href=\"https:\/\/flama.fi\/en\/product\/cuban-rumba-roberto-autumn2026\/\" \/>\n<meta property=\"og:locale\" content=\"en_US\" \/>\n<meta property=\"og:type\" content=\"article\" \/>\n<meta property=\"og:title\" content=\"Cuban Rumba, improvers (7 sessions), Thursdays 27.8.\u20138.10. at 16.15\u201317.10, instructed by Roberto La Rosa Martinez - Tanssistudio Flama\" \/>\n<meta property=\"og:description\" content=\"Dive into Cuban culture! In this course, you will get to explore Cuban rumba and dance its different styles.\" \/>\n<meta property=\"og:url\" content=\"https:\/\/flama.fi\/en\/product\/cuban-rumba-roberto-autumn2026\/\" \/>\n<meta property=\"og:site_name\" content=\"Tanssistudio Flama\" \/>\n<meta property=\"article:modified_time\" content=\"2026-05-06T15:06:41+00:00\" \/>\n<meta property=\"og:image\" content=\"https:\/\/flama.fi\/wp-content\/uploads\/2023\/05\/Dancing_photos_Visit_Tampere_Laura_Vanzo-6-Roberto-La-Rosa-Martinez-web.jpg\" \/>\n\t<meta property=\"og:image:width\" content=\"1080\" \/>\n\t<meta property=\"og:image:height\" content=\"1620\" \/>\n\t<meta property=\"og:image:type\" content=\"image\/jpeg\" \/>\n<meta name=\"twitter:card\" content=\"summary_large_image\" \/>\n<meta name=\"twitter:label1\" content=\"Est. reading time\" \/>\n\t<meta name=\"twitter:data1\" content=\"2 minutes\" \/>\n<script type=\"application\/ld+json\" class=\"yoast-schema-graph\">{\"@context\":\"https:\\\/\\\/schema.org\",\"@graph\":[{\"@type\":\"WebPage\",\"@id\":\"https:\\\/\\\/flama.fi\\\/en\\\/product\\\/cuban-rumba-roberto-autumn2026\\\/\",\"url\":\"https:\\\/\\\/flama.fi\\\/en\\\/product\\\/cuban-rumba-roberto-autumn2026\\\/\",\"name\":\"Cuban Rumba, improvers (7 sessions), Thursdays 27.8.\u20138.10. at 16.15\u201317.10, instructed by Roberto La Rosa Martinez - Tanssistudio Flama\",\"isPartOf\":{\"@id\":\"https:\\\/\\\/flama.fi\\\/en\\\/#website\"},\"primaryImageOfPage\":{\"@id\":\"https:\\\/\\\/flama.fi\\\/en\\\/product\\\/cuban-rumba-roberto-autumn2026\\\/#primaryimage\"},\"image\":{\"@id\":\"https:\\\/\\\/flama.fi\\\/en\\\/product\\\/cuban-rumba-roberto-autumn2026\\\/#primaryimage\"},\"thumbnailUrl\":\"https:\\\/\\\/flama.fi\\\/wp-content\\\/uploads\\\/2023\\\/05\\\/Dancing_photos_Visit_Tampere_Laura_Vanzo-6-Roberto-La-Rosa-Martinez-web.jpg\",\"datePublished\":\"2026-04-28T07:00:32+00:00\",\"dateModified\":\"2026-05-06T15:06:41+00:00\",\"description\":\"Dive into Cuban culture! In this course, you will get to explore Cuban rumba and dance its different styles.\",\"breadcrumb\":{\"@id\":\"https:\\\/\\\/flama.fi\\\/en\\\/product\\\/cuban-rumba-roberto-autumn2026\\\/#breadcrumb\"},\"inLanguage\":\"en-US\",\"potentialAction\":[{\"@type\":\"ReadAction\",\"target\":[\"https:\\\/\\\/flama.fi\\\/en\\\/product\\\/cuban-rumba-roberto-autumn2026\\\/\"]}]},{\"@type\":\"ImageObject\",\"inLanguage\":\"en-US\",\"@id\":\"https:\\\/\\\/flama.fi\\\/en\\\/product\\\/cuban-rumba-roberto-autumn2026\\\/#primaryimage\",\"url\":\"https:\\\/\\\/flama.fi\\\/wp-content\\\/uploads\\\/2023\\\/05\\\/Dancing_photos_Visit_Tampere_Laura_Vanzo-6-Roberto-La-Rosa-Martinez-web.jpg\",\"contentUrl\":\"https:\\\/\\\/flama.fi\\\/wp-content\\\/uploads\\\/2023\\\/05\\\/Dancing_photos_Visit_Tampere_Laura_Vanzo-6-Roberto-La-Rosa-Martinez-web.jpg\",\"width\":1080,\"height\":1620},{\"@type\":\"BreadcrumbList\",\"@id\":\"https:\\\/\\\/flama.fi\\\/en\\\/product\\\/cuban-rumba-roberto-autumn2026\\\/#breadcrumb\",\"itemListElement\":[{\"@type\":\"ListItem\",\"position\":1,\"name\":\"Etusivu\",\"item\":\"https:\\\/\\\/flama.fi\\\/en\\\/\"},{\"@type\":\"ListItem\",\"position\":2,\"name\":\"Shop at\",\"item\":\"https:\\\/\\\/flama.fi\\\/en\\\/shop\\\/\"},{\"@type\":\"ListItem\",\"position\":3,\"name\":\"Cuban Rumba, improvers (7 sessions), Thursdays 27.8.\u20138.10. at 16.15\u201317.10, instructed by Roberto La Rosa Martinez\"}]},{\"@type\":\"WebSite\",\"@id\":\"https:\\\/\\\/flama.fi\\\/en\\\/#website\",\"url\":\"https:\\\/\\\/flama.fi\\\/en\\\/\",\"name\":\"Tanssistudio Flama\",\"description\":\"Turkulainen Tanssistudio\",\"publisher\":{\"@id\":\"https:\\\/\\\/flama.fi\\\/en\\\/#organization\"},\"potentialAction\":[{\"@type\":\"SearchAction\",\"target\":{\"@type\":\"EntryPoint\",\"urlTemplate\":\"https:\\\/\\\/flama.fi\\\/en\\\/?s={search_term_string}\"},\"query-input\":{\"@type\":\"PropertyValueSpecification\",\"valueRequired\":true,\"valueName\":\"search_term_string\"}}],\"inLanguage\":\"en-US\"},{\"@type\":\"Organization\",\"@id\":\"https:\\\/\\\/flama.fi\\\/en\\\/#organization\",\"name\":\"Tanssistudio Flama\",\"url\":\"https:\\\/\\\/flama.fi\\\/en\\\/\",\"logo\":{\"@type\":\"ImageObject\",\"inLanguage\":\"en-US\",\"@id\":\"https:\\\/\\\/flama.fi\\\/en\\\/#\\\/schema\\\/logo\\\/image\\\/\",\"url\":\"https:\\\/\\\/flama.fi\\\/wp-content\\\/uploads\\\/2022\\\/07\\\/Flama-logo.png\",\"contentUrl\":\"https:\\\/\\\/flama.fi\\\/wp-content\\\/uploads\\\/2022\\\/07\\\/Flama-logo.png\",\"width\":1240,\"height\":620,\"caption\":\"Tanssistudio Flama\"},\"image\":{\"@id\":\"https:\\\/\\\/flama.fi\\\/en\\\/#\\\/schema\\\/logo\\\/image\\\/\"}}]}<\/script>\n<!-- \/ Yoast SEO plugin. -->","yoast_head_json":{"title":"Cuban Rumba, improvers (7 sessions), Thursdays 27.8.\u20138.10. at 16.15\u201317.10, instructed by Roberto La Rosa Martinez - Tanssistudio Flama","description":"Dive into Cuban culture! In this course, you will get to explore Cuban rumba and dance its different styles.","robots":{"index":"index","follow":"follow","max-snippet":"max-snippet:-1","max-image-preview":"max-image-preview:large","max-video-preview":"max-video-preview:-1"},"canonical":"https:\/\/flama.fi\/en\/product\/cuban-rumba-roberto-autumn2026\/","og_locale":"en_US","og_type":"article","og_title":"Cuban Rumba, improvers (7 sessions), Thursdays 27.8.\u20138.10. at 16.15\u201317.10, instructed by Roberto La Rosa Martinez - Tanssistudio Flama","og_description":"Dive into Cuban culture! In this course, you will get to explore Cuban rumba and dance its different styles.","og_url":"https:\/\/flama.fi\/en\/product\/cuban-rumba-roberto-autumn2026\/","og_site_name":"Tanssistudio Flama","article_modified_time":"2026-05-06T15:06:41+00:00","og_image":[{"width":1080,"height":1620,"url":"https:\/\/flama.fi\/wp-content\/uploads\/2023\/05\/Dancing_photos_Visit_Tampere_Laura_Vanzo-6-Roberto-La-Rosa-Martinez-web.jpg","type":"image\/jpeg"}],"twitter_card":"summary_large_image","twitter_misc":{"Est. reading time":"2 minutes"},"schema":{"@context":"https:\/\/schema.org","@graph":[{"@type":"WebPage","@id":"https:\/\/flama.fi\/en\/product\/cuban-rumba-roberto-autumn2026\/","url":"https:\/\/flama.fi\/en\/product\/cuban-rumba-roberto-autumn2026\/","name":"Cuban Rumba, improvers (7 sessions), Thursdays 27.8.\u20138.10. at 16.15\u201317.10, instructed by Roberto La Rosa Martinez - Tanssistudio Flama","isPartOf":{"@id":"https:\/\/flama.fi\/en\/#website"},"primaryImageOfPage":{"@id":"https:\/\/flama.fi\/en\/product\/cuban-rumba-roberto-autumn2026\/#primaryimage"},"image":{"@id":"https:\/\/flama.fi\/en\/product\/cuban-rumba-roberto-autumn2026\/#primaryimage"},"thumbnailUrl":"https:\/\/flama.fi\/wp-content\/uploads\/2023\/05\/Dancing_photos_Visit_Tampere_Laura_Vanzo-6-Roberto-La-Rosa-Martinez-web.jpg","datePublished":"2026-04-28T07:00:32+00:00","dateModified":"2026-05-06T15:06:41+00:00","description":"Dive into Cuban culture! In this course, you will get to explore Cuban rumba and dance its different styles.","breadcrumb":{"@id":"https:\/\/flama.fi\/en\/product\/cuban-rumba-roberto-autumn2026\/#breadcrumb"},"inLanguage":"en-US","potentialAction":[{"@type":"ReadAction","target":["https:\/\/flama.fi\/en\/product\/cuban-rumba-roberto-autumn2026\/"]}]},{"@type":"ImageObject","inLanguage":"en-US","@id":"https:\/\/flama.fi\/en\/product\/cuban-rumba-roberto-autumn2026\/#primaryimage","url":"https:\/\/flama.fi\/wp-content\/uploads\/2023\/05\/Dancing_photos_Visit_Tampere_Laura_Vanzo-6-Roberto-La-Rosa-Martinez-web.jpg","contentUrl":"https:\/\/flama.fi\/wp-content\/uploads\/2023\/05\/Dancing_photos_Visit_Tampere_Laura_Vanzo-6-Roberto-La-Rosa-Martinez-web.jpg","width":1080,"height":1620},{"@type":"BreadcrumbList","@id":"https:\/\/flama.fi\/en\/product\/cuban-rumba-roberto-autumn2026\/#breadcrumb","itemListElement":[{"@type":"ListItem","position":1,"name":"Etusivu","item":"https:\/\/flama.fi\/en\/"},{"@type":"ListItem","position":2,"name":"Shop at","item":"https:\/\/flama.fi\/en\/shop\/"},{"@type":"ListItem","position":3,"name":"Cuban Rumba, improvers (7 sessions), Thursdays 27.8.\u20138.10. at 16.15\u201317.10, instructed by Roberto La Rosa Martinez"}]},{"@type":"WebSite","@id":"https:\/\/flama.fi\/en\/#website","url":"https:\/\/flama.fi\/en\/","name":"Tanssistudio Flama","description":"Turkulainen Tanssistudio","publisher":{"@id":"https:\/\/flama.fi\/en\/#organization"},"potentialAction":[{"@type":"SearchAction","target":{"@type":"EntryPoint","urlTemplate":"https:\/\/flama.fi\/en\/?s={search_term_string}"},"query-input":{"@type":"PropertyValueSpecification","valueRequired":true,"valueName":"search_term_string"}}],"inLanguage":"en-US"},{"@type":"Organization","@id":"https:\/\/flama.fi\/en\/#organization","name":"Tanssistudio Flama","url":"https:\/\/flama.fi\/en\/","logo":{"@type":"ImageObject","inLanguage":"en-US","@id":"https:\/\/flama.fi\/en\/#\/schema\/logo\/image\/","url":"https:\/\/flama.fi\/wp-content\/uploads\/2022\/07\/Flama-logo.png","contentUrl":"https:\/\/flama.fi\/wp-content\/uploads\/2022\/07\/Flama-logo.png","width":1240,"height":620,"caption":"Tanssistudio Flama"},"image":{"@id":"https:\/\/flama.fi\/en\/#\/schema\/logo\/image\/"}}]}},"_links":{"self":[{"href":"https:\/\/flama.fi\/en\/wp-json\/wp\/v2\/product\/95658","targetHints":{"allow":["GET"]}}],"collection":[{"href":"https:\/\/flama.fi\/en\/wp-json\/wp\/v2\/product"}],"about":[{"href":"https:\/\/flama.fi\/en\/wp-json\/wp\/v2\/types\/product"}],"version-history":[{"count":1,"href":"https:\/\/flama.fi\/en\/wp-json\/wp\/v2\/product\/95658\/revisions"}],"predecessor-version":[{"id":95660,"href":"https:\/\/flama.fi\/en\/wp-json\/wp\/v2\/product\/95658\/revisions\/95660"}],"wp:featuredmedia":[{"embeddable":true,"href":"https:\/\/flama.fi\/en\/wp-json\/wp\/v2\/media\/75426"}],"wp:attachment":[{"href":"https:\/\/flama.fi\/en\/wp-json\/wp\/v2\/media?parent=95658"}],"wp:term":[{"taxonomy":"product_brand","embeddable":true,"href":"https:\/\/flama.fi\/en\/wp-json\/wp\/v2\/product_brand?post=95658"},{"taxonomy":"product_cat","embeddable":true,"href":"https:\/\/flama.fi\/en\/wp-json\/wp\/v2\/product_cat?post=95658"},{"taxonomy":"product_tag","embeddable":true,"href":"https:\/\/flama.fi\/en\/wp-json\/wp\/v2\/product_tag?post=95658"}],"curies":[{"name":"wp","href":"https:\/\/api.w.org\/{rel}","templated":true}]}}