{"id":95655,"date":"2026-04-28T10:00:32","date_gmt":"2026-04-28T07:00:32","guid":{"rendered":"https:\/\/flama.fi\/tuote\/cuban-afro-roberto-autumn2026\/"},"modified":"2026-05-06T18:02:03","modified_gmt":"2026-05-06T15:02:03","slug":"cuban-afro-roberto-autumn2026","status":"publish","type":"product","link":"https:\/\/flama.fi\/en\/product\/cuban-afro-roberto-autumn2026\/","title":{"rendered":"Cuban Afro, open level (7 sessions), Thursdays 27.8.\u20138.10. at 17.15\u201318.10, instructed by Roberto La Rosa Martinez"},"content":{"rendered":"<h3>What if I can&#8217;t participate every week?<\/h3>\n<p>Absences from classes can be made up during the same term in any other class or drop-in session. This way, no dance session will be wasted! <a href=\"https:\/\/flama.fi\/en\/info\/faq\/\">Read more.<\/a><\/p>\n<h3>What should I bring with me?<\/h3>\n<p>For the class, it is recommended to wear clothes that are comfortable to move around in. You can dance with indoor sneakers, dance shoes, or socks. Take your water bottle with you.<\/p>\n<h3>Cuban Afro: Orishas<\/h3>\n<p>Orishas are divine powers and spiritual beings in the Yoruba religion. Each orisha has its own power of nature, character, color, and role (e.g., ruler of the sea, wind, metal, or love), as well as its own dance movements and rhythm. The Yoruba dance tradition originated in West Africa, particularly Nigeria, and was brought to Cuba by slaves in the 16th\u201319th centuries. The course teaches the basic movements, rhythms, and symbolism of different orishas.<\/p>\n<p>The orishas danced during the course include Eleggu\u00e1, Chang\u00f3, Obatal\u00e1, Oy\u00e1, Yemay\u00e1, Och\u00fan, and Og\u00fan.<\/p>\n<h3>Roberto La Rosa Martinez<\/h3>\n<p>Roberto \u201cRobe\u201d La Rosa Martinez. Roberto \u201cRobe\u201d La Rosa Martinez is a Cuban dancer and dance teacher whose sunny classes are full of joy and positive energy cannot be avoided!<\/p>\n<p>Robe was born in Havana, and started performing as a child with the famous Tony Menendez in various companies, before studying at the Escuela Nacional de Arte (ENA), the prestigious Cuban National School of Art, where he graduated as a professional dancer.<\/p>\n<p>Robe combines his uncompromising professionalism with his own true love of dance. and teaching and confidence in finding one\u2019s own dance style and \u2013 most importantly \u2013 the joy of dance.<\/p>\n<p>More information about the course:<a href=\"mailto:info@flama.fi\"> info@flama.fi<\/a><\/p>\n","protected":false},"excerpt":{"rendered":"<p>Welcome into the world of Afro-Cuban culture! This course focuses on the dances of the Orishas from the Yoruba tradition, which are full of power, symbolism, and expression. The classes offer an opportunity to deepen your technical dance skills and gain a deeper understanding of Afro-Cuban culture.<\/p>\n<p>The course is suitable for both experienced dancers and newcomers to Afro dance.<\/p>\n<p><b>Time:<\/b> Thursdays 27.8.\u20138.10. at 17.15\u201318.10<br \/>\n<b>Place<\/b>: Flama Rauhankatu (Rauhankatu 15, 20100 Turku)<br \/>\n<b>Level:<\/b> open level<br \/>\n<b>Teacher<\/b>: <a href=\"https:\/\/flama.fi\/en\/instructors\/roberto-la-rosa-martinez\/\">Roberto La Rosa Martinez<\/a><\/p>\n<p>The course fee includes 7 \u00d7 55 min sessions.<\/p>\n<p><b>Reserve your spot early and take advantage of the discount price<\/b><br \/>\nIf you pay for the course by Sunday, August 16, 2026, you\u2019ll get it at a lower price.<\/p>\n<p>If you would like to pay part of the course fee with a tyky benefit (e.g., Smartum, Edenred, ePassi), please register by sending an email to: info@flama.fi.<\/p>\n<p>Thinking of taking more than one course? With the Flama<b><a href=\"https:\/\/flama.fi\/en\/product\/anytime-autumn-2026\/\"> Anytime Card<\/a><\/b>, you can dance as much as you want all autumn long. If you already have an Anytime pass, register for the courses by email: <a href=\"mailto:info@flama.fi\">info@flama.fi<\/a><\/p>\n","protected":false},"featured_media":75426,"template":"","meta":{"inline_featured_image":false},"product_brand":[],"product_cat":[3669],"product_tag":[4438,2052,4077,3087,2518,1988,838],"class_list":{"0":"post-95655","1":"product","2":"type-product","3":"status-publish","4":"has-post-thumbnail","6":"product_cat-courses-in-autumn","7":"product_tag-autumn-2026","8":"product_tag-avoin-taso-en","9":"product_tag-courses","10":"product_tag-cuban-afro","11":"product_tag-flama-rauhankatu-en","12":"product_tag-roberto-la-rosa-martinez-en","13":"product_tag-tanssistudio-flama-en","15":"first","16":"instock","17":"sale","18":"virtual","19":"taxable","20":"purchasable","21":"product-type-simple"},"yoast_head":"<!-- This site is optimized with the Yoast SEO plugin v27.6 - https:\/\/yoast.com\/product\/yoast-seo-wordpress\/ -->\n<title>Cuban Afro, open level (7 sessions), Thursdays 27.8.\u20138.10. at 17.15\u201318.10, instructed by Roberto La Rosa Martinez - Tanssistudio Flama<\/title>\n<meta name=\"description\" content=\"Welcome into the world of Afro-Cuban culture! This course focuses on the dances of the Orishas from the Yoruba tradition, which are full of power, symbolism, and expression. The classes offer an opportunity to deepen your technical dance skills and gain a deeper understanding of Afro-Cuban culture.\" \/>\n<meta name=\"robots\" content=\"index, follow, max-snippet:-1, max-image-preview:large, max-video-preview:-1\" \/>\n<link rel=\"canonical\" href=\"https:\/\/flama.fi\/en\/product\/cuban-afro-roberto-autumn2026\/\" \/>\n<meta property=\"og:locale\" content=\"en_US\" \/>\n<meta property=\"og:type\" content=\"article\" \/>\n<meta property=\"og:title\" content=\"Cuban Afro, open level (7 sessions), Thursdays 27.8.\u20138.10. at 17.15\u201318.10, instructed by Roberto La Rosa Martinez - Tanssistudio Flama\" \/>\n<meta property=\"og:description\" content=\"Welcome into the world of Afro-Cuban culture! This course focuses on the dances of the Orishas from the Yoruba tradition, which are full of power, symbolism, and expression. The classes offer an opportunity to deepen your technical dance skills and gain a deeper understanding of Afro-Cuban culture.\" \/>\n<meta property=\"og:url\" content=\"https:\/\/flama.fi\/en\/product\/cuban-afro-roberto-autumn2026\/\" \/>\n<meta property=\"og:site_name\" content=\"Tanssistudio Flama\" \/>\n<meta property=\"article:modified_time\" content=\"2026-05-06T15:02:03+00:00\" \/>\n<meta property=\"og:image\" content=\"https:\/\/flama.fi\/wp-content\/uploads\/2023\/05\/Dancing_photos_Visit_Tampere_Laura_Vanzo-6-Roberto-La-Rosa-Martinez-web.jpg\" \/>\n\t<meta property=\"og:image:width\" content=\"1080\" \/>\n\t<meta property=\"og:image:height\" content=\"1620\" \/>\n\t<meta property=\"og:image:type\" content=\"image\/jpeg\" \/>\n<meta name=\"twitter:card\" content=\"summary_large_image\" \/>\n<meta name=\"twitter:label1\" content=\"Est. reading time\" \/>\n\t<meta name=\"twitter:data1\" content=\"2 minutes\" \/>\n<script type=\"application\/ld+json\" class=\"yoast-schema-graph\">{\"@context\":\"https:\\\/\\\/schema.org\",\"@graph\":[{\"@type\":\"WebPage\",\"@id\":\"https:\\\/\\\/flama.fi\\\/en\\\/product\\\/cuban-afro-roberto-autumn2026\\\/\",\"url\":\"https:\\\/\\\/flama.fi\\\/en\\\/product\\\/cuban-afro-roberto-autumn2026\\\/\",\"name\":\"Cuban Afro, open level (7 sessions), Thursdays 27.8.\u20138.10. at 17.15\u201318.10, instructed by Roberto La Rosa Martinez - Tanssistudio Flama\",\"isPartOf\":{\"@id\":\"https:\\\/\\\/flama.fi\\\/en\\\/#website\"},\"primaryImageOfPage\":{\"@id\":\"https:\\\/\\\/flama.fi\\\/en\\\/product\\\/cuban-afro-roberto-autumn2026\\\/#primaryimage\"},\"image\":{\"@id\":\"https:\\\/\\\/flama.fi\\\/en\\\/product\\\/cuban-afro-roberto-autumn2026\\\/#primaryimage\"},\"thumbnailUrl\":\"https:\\\/\\\/flama.fi\\\/wp-content\\\/uploads\\\/2023\\\/05\\\/Dancing_photos_Visit_Tampere_Laura_Vanzo-6-Roberto-La-Rosa-Martinez-web.jpg\",\"datePublished\":\"2026-04-28T07:00:32+00:00\",\"dateModified\":\"2026-05-06T15:02:03+00:00\",\"description\":\"Welcome into the world of Afro-Cuban culture! This course focuses on the dances of the Orishas from the Yoruba tradition, which are full of power, symbolism, and expression. The classes offer an opportunity to deepen your technical dance skills and gain a deeper understanding of Afro-Cuban culture.\",\"breadcrumb\":{\"@id\":\"https:\\\/\\\/flama.fi\\\/en\\\/product\\\/cuban-afro-roberto-autumn2026\\\/#breadcrumb\"},\"inLanguage\":\"en-US\",\"potentialAction\":[{\"@type\":\"ReadAction\",\"target\":[\"https:\\\/\\\/flama.fi\\\/en\\\/product\\\/cuban-afro-roberto-autumn2026\\\/\"]}]},{\"@type\":\"ImageObject\",\"inLanguage\":\"en-US\",\"@id\":\"https:\\\/\\\/flama.fi\\\/en\\\/product\\\/cuban-afro-roberto-autumn2026\\\/#primaryimage\",\"url\":\"https:\\\/\\\/flama.fi\\\/wp-content\\\/uploads\\\/2023\\\/05\\\/Dancing_photos_Visit_Tampere_Laura_Vanzo-6-Roberto-La-Rosa-Martinez-web.jpg\",\"contentUrl\":\"https:\\\/\\\/flama.fi\\\/wp-content\\\/uploads\\\/2023\\\/05\\\/Dancing_photos_Visit_Tampere_Laura_Vanzo-6-Roberto-La-Rosa-Martinez-web.jpg\",\"width\":1080,\"height\":1620},{\"@type\":\"BreadcrumbList\",\"@id\":\"https:\\\/\\\/flama.fi\\\/en\\\/product\\\/cuban-afro-roberto-autumn2026\\\/#breadcrumb\",\"itemListElement\":[{\"@type\":\"ListItem\",\"position\":1,\"name\":\"Etusivu\",\"item\":\"https:\\\/\\\/flama.fi\\\/en\\\/\"},{\"@type\":\"ListItem\",\"position\":2,\"name\":\"Shop at\",\"item\":\"https:\\\/\\\/flama.fi\\\/en\\\/shop\\\/\"},{\"@type\":\"ListItem\",\"position\":3,\"name\":\"Cuban Afro, open level (7 sessions), Thursdays 27.8.\u20138.10. at 17.15\u201318.10, instructed by Roberto La Rosa Martinez\"}]},{\"@type\":\"WebSite\",\"@id\":\"https:\\\/\\\/flama.fi\\\/en\\\/#website\",\"url\":\"https:\\\/\\\/flama.fi\\\/en\\\/\",\"name\":\"Tanssistudio Flama\",\"description\":\"Turkulainen Tanssistudio\",\"publisher\":{\"@id\":\"https:\\\/\\\/flama.fi\\\/en\\\/#organization\"},\"potentialAction\":[{\"@type\":\"SearchAction\",\"target\":{\"@type\":\"EntryPoint\",\"urlTemplate\":\"https:\\\/\\\/flama.fi\\\/en\\\/?s={search_term_string}\"},\"query-input\":{\"@type\":\"PropertyValueSpecification\",\"valueRequired\":true,\"valueName\":\"search_term_string\"}}],\"inLanguage\":\"en-US\"},{\"@type\":\"Organization\",\"@id\":\"https:\\\/\\\/flama.fi\\\/en\\\/#organization\",\"name\":\"Tanssistudio Flama\",\"url\":\"https:\\\/\\\/flama.fi\\\/en\\\/\",\"logo\":{\"@type\":\"ImageObject\",\"inLanguage\":\"en-US\",\"@id\":\"https:\\\/\\\/flama.fi\\\/en\\\/#\\\/schema\\\/logo\\\/image\\\/\",\"url\":\"https:\\\/\\\/flama.fi\\\/wp-content\\\/uploads\\\/2022\\\/07\\\/Flama-logo.png\",\"contentUrl\":\"https:\\\/\\\/flama.fi\\\/wp-content\\\/uploads\\\/2022\\\/07\\\/Flama-logo.png\",\"width\":1240,\"height\":620,\"caption\":\"Tanssistudio Flama\"},\"image\":{\"@id\":\"https:\\\/\\\/flama.fi\\\/en\\\/#\\\/schema\\\/logo\\\/image\\\/\"}}]}<\/script>\n<!-- \/ Yoast SEO plugin. -->","yoast_head_json":{"title":"Cuban Afro, open level (7 sessions), Thursdays 27.8.\u20138.10. at 17.15\u201318.10, instructed by Roberto La Rosa Martinez - Tanssistudio Flama","description":"Welcome into the world of Afro-Cuban culture! This course focuses on the dances of the Orishas from the Yoruba tradition, which are full of power, symbolism, and expression. The classes offer an opportunity to deepen your technical dance skills and gain a deeper understanding of Afro-Cuban culture.","robots":{"index":"index","follow":"follow","max-snippet":"max-snippet:-1","max-image-preview":"max-image-preview:large","max-video-preview":"max-video-preview:-1"},"canonical":"https:\/\/flama.fi\/en\/product\/cuban-afro-roberto-autumn2026\/","og_locale":"en_US","og_type":"article","og_title":"Cuban Afro, open level (7 sessions), Thursdays 27.8.\u20138.10. at 17.15\u201318.10, instructed by Roberto La Rosa Martinez - Tanssistudio Flama","og_description":"Welcome into the world of Afro-Cuban culture! This course focuses on the dances of the Orishas from the Yoruba tradition, which are full of power, symbolism, and expression. The classes offer an opportunity to deepen your technical dance skills and gain a deeper understanding of Afro-Cuban culture.","og_url":"https:\/\/flama.fi\/en\/product\/cuban-afro-roberto-autumn2026\/","og_site_name":"Tanssistudio Flama","article_modified_time":"2026-05-06T15:02:03+00:00","og_image":[{"width":1080,"height":1620,"url":"https:\/\/flama.fi\/wp-content\/uploads\/2023\/05\/Dancing_photos_Visit_Tampere_Laura_Vanzo-6-Roberto-La-Rosa-Martinez-web.jpg","type":"image\/jpeg"}],"twitter_card":"summary_large_image","twitter_misc":{"Est. reading time":"2 minutes"},"schema":{"@context":"https:\/\/schema.org","@graph":[{"@type":"WebPage","@id":"https:\/\/flama.fi\/en\/product\/cuban-afro-roberto-autumn2026\/","url":"https:\/\/flama.fi\/en\/product\/cuban-afro-roberto-autumn2026\/","name":"Cuban Afro, open level (7 sessions), Thursdays 27.8.\u20138.10. at 17.15\u201318.10, instructed by Roberto La Rosa Martinez - Tanssistudio Flama","isPartOf":{"@id":"https:\/\/flama.fi\/en\/#website"},"primaryImageOfPage":{"@id":"https:\/\/flama.fi\/en\/product\/cuban-afro-roberto-autumn2026\/#primaryimage"},"image":{"@id":"https:\/\/flama.fi\/en\/product\/cuban-afro-roberto-autumn2026\/#primaryimage"},"thumbnailUrl":"https:\/\/flama.fi\/wp-content\/uploads\/2023\/05\/Dancing_photos_Visit_Tampere_Laura_Vanzo-6-Roberto-La-Rosa-Martinez-web.jpg","datePublished":"2026-04-28T07:00:32+00:00","dateModified":"2026-05-06T15:02:03+00:00","description":"Welcome into the world of Afro-Cuban culture! This course focuses on the dances of the Orishas from the Yoruba tradition, which are full of power, symbolism, and expression. The classes offer an opportunity to deepen your technical dance skills and gain a deeper understanding of Afro-Cuban culture.","breadcrumb":{"@id":"https:\/\/flama.fi\/en\/product\/cuban-afro-roberto-autumn2026\/#breadcrumb"},"inLanguage":"en-US","potentialAction":[{"@type":"ReadAction","target":["https:\/\/flama.fi\/en\/product\/cuban-afro-roberto-autumn2026\/"]}]},{"@type":"ImageObject","inLanguage":"en-US","@id":"https:\/\/flama.fi\/en\/product\/cuban-afro-roberto-autumn2026\/#primaryimage","url":"https:\/\/flama.fi\/wp-content\/uploads\/2023\/05\/Dancing_photos_Visit_Tampere_Laura_Vanzo-6-Roberto-La-Rosa-Martinez-web.jpg","contentUrl":"https:\/\/flama.fi\/wp-content\/uploads\/2023\/05\/Dancing_photos_Visit_Tampere_Laura_Vanzo-6-Roberto-La-Rosa-Martinez-web.jpg","width":1080,"height":1620},{"@type":"BreadcrumbList","@id":"https:\/\/flama.fi\/en\/product\/cuban-afro-roberto-autumn2026\/#breadcrumb","itemListElement":[{"@type":"ListItem","position":1,"name":"Etusivu","item":"https:\/\/flama.fi\/en\/"},{"@type":"ListItem","position":2,"name":"Shop at","item":"https:\/\/flama.fi\/en\/shop\/"},{"@type":"ListItem","position":3,"name":"Cuban Afro, open level (7 sessions), Thursdays 27.8.\u20138.10. at 17.15\u201318.10, instructed by Roberto La Rosa Martinez"}]},{"@type":"WebSite","@id":"https:\/\/flama.fi\/en\/#website","url":"https:\/\/flama.fi\/en\/","name":"Tanssistudio Flama","description":"Turkulainen Tanssistudio","publisher":{"@id":"https:\/\/flama.fi\/en\/#organization"},"potentialAction":[{"@type":"SearchAction","target":{"@type":"EntryPoint","urlTemplate":"https:\/\/flama.fi\/en\/?s={search_term_string}"},"query-input":{"@type":"PropertyValueSpecification","valueRequired":true,"valueName":"search_term_string"}}],"inLanguage":"en-US"},{"@type":"Organization","@id":"https:\/\/flama.fi\/en\/#organization","name":"Tanssistudio Flama","url":"https:\/\/flama.fi\/en\/","logo":{"@type":"ImageObject","inLanguage":"en-US","@id":"https:\/\/flama.fi\/en\/#\/schema\/logo\/image\/","url":"https:\/\/flama.fi\/wp-content\/uploads\/2022\/07\/Flama-logo.png","contentUrl":"https:\/\/flama.fi\/wp-content\/uploads\/2022\/07\/Flama-logo.png","width":1240,"height":620,"caption":"Tanssistudio Flama"},"image":{"@id":"https:\/\/flama.fi\/en\/#\/schema\/logo\/image\/"}}]}},"_links":{"self":[{"href":"https:\/\/flama.fi\/en\/wp-json\/wp\/v2\/product\/95655","targetHints":{"allow":["GET"]}}],"collection":[{"href":"https:\/\/flama.fi\/en\/wp-json\/wp\/v2\/product"}],"about":[{"href":"https:\/\/flama.fi\/en\/wp-json\/wp\/v2\/types\/product"}],"version-history":[{"count":1,"href":"https:\/\/flama.fi\/en\/wp-json\/wp\/v2\/product\/95655\/revisions"}],"predecessor-version":[{"id":95657,"href":"https:\/\/flama.fi\/en\/wp-json\/wp\/v2\/product\/95655\/revisions\/95657"}],"wp:featuredmedia":[{"embeddable":true,"href":"https:\/\/flama.fi\/en\/wp-json\/wp\/v2\/media\/75426"}],"wp:attachment":[{"href":"https:\/\/flama.fi\/en\/wp-json\/wp\/v2\/media?parent=95655"}],"wp:term":[{"taxonomy":"product_brand","embeddable":true,"href":"https:\/\/flama.fi\/en\/wp-json\/wp\/v2\/product_brand?post=95655"},{"taxonomy":"product_cat","embeddable":true,"href":"https:\/\/flama.fi\/en\/wp-json\/wp\/v2\/product_cat?post=95655"},{"taxonomy":"product_tag","embeddable":true,"href":"https:\/\/flama.fi\/en\/wp-json\/wp\/v2\/product_tag?post=95655"}],"curies":[{"name":"wp","href":"https:\/\/api.w.org\/{rel}","templated":true}]}}