{"id":95642,"date":"2026-04-28T10:00:32","date_gmt":"2026-04-28T07:00:32","guid":{"rendered":"https:\/\/flama.fi\/tuote\/heels-alkeisjatko-syksy2026\/"},"modified":"2026-05-06T16:51:48","modified_gmt":"2026-05-06T13:51:48","slug":"heels-alkeisjatko-syksy2026","status":"publish","type":"product","link":"https:\/\/flama.fi\/en\/product\/heels-alkeisjatko-syksy2026\/","title":{"rendered":"Heels, improvers (15 sessions), Thursdays 27.8.\u201310.12. at 16.15\u201317.10, instructed by Lotta L\u00e4hteenm\u00e4ki"},"content":{"rendered":"<h3>What if I can&#8217;t participate every week?<\/h3>\n<p>Absences from classes can be made up during the same term in any other class or drop-in session. This way, no dance session will be wasted! <a href=\"https:\/\/flama.fi\/en\/info\/faq\/\">Read more.<\/a><\/p>\n<h3>What should I bring with me?<\/h3>\n<p>Wear comfortable clothing that allows you to move freely and feel good.<\/p>\n<p>For heels classes, we recommend high heels with ankle support. The best option for heels technique is a thin stiletto heel, but you can also dance in thicker heels. The sole of the shoe should be thin but firm, so a platform sole is not the best choice. However, do not stress about the shoes! However, please make sure that the soles of your dance shoes are clean and the heel caps are intact so that the floor of the hall is not damaged. Bring a water bottle with you as well.<\/p>\n<h3>Heels<\/h3>\n<p>In the classes, we learn to dance naturally and confidently on the heels. The course continues to focus on practicing the basic elements of heel technique, such as walking, weight transfers, and alignment. Classes begin with varied warm-ups, followed by technical practice through various exercises, such as walking and cross-floor drills. Toward the end of each class, students immerse themselves in changing choreographies that creatively combine precise details with fluid movement.<\/p>\n<h3>Lotta L\u00e4hteenm\u00e4ki<\/h3>\n<p>Lotta L\u00e4hteenm\u00e4ki graduated as a dance teacher in 2010 and has been teaching dance for over 20 years. Her teaching experience covers a wide range of genres, levels, and age groups. Lotta&#8217;s teaching combines the joy of movement, technical expertise, and a deep connection to one&#8217;s own body.<\/p>\n<p>Lotta is also a trained yoga instructor and dance and movement therapist. These backgrounds are reflected in her teaching through gentleness, body awareness, and a compassionate approach to learning. Her classes have a warm, positive, and safe atmosphere where everyone is welcome to be themselves.<\/p>\n<p>For Lotta, dance and movement are a lifelong love and source of strength. She believes that movement can heal, liberate, and empower\u2014and that everyone has the right to find their own way of expressing themselves through dance.<\/p>\n<p>At Flama Lotta teaches Heels, Commercial Dance and Yoga.<\/p>\n<p>More information about the course:<a href=\"mailto:info@flama.fi\"> info@flama.fi<\/a><\/p>\n","protected":false},"excerpt":{"rendered":"<p>Kaipaatko lis\u00e4\u00e4 varmuutta koroilla tanssimiseen? T\u00e4ll\u00e4 kurssilla p\u00e4\u00e4set syventym\u00e4\u00e4n lis\u00e4\u00e4 heels-tanssin tekniikkaan ja tanssimaan vaihtuvia koreografioita koroilla. Kurssilta saat lis\u00e4\u00e4 varmuutta koroilla tanssimiseen ja k\u00e4velyyn sek\u00e4 heitt\u00e4ytym\u00e4\u00e4n erilaisiin koreografioihin.<\/p>\n<p>The course is suitable for those who have mastered the basic techniques of heels dance, for example, participants of a beginner heels course.<\/p>\n<p><b>Time:<\/b> Thursdays 27.8.\u201310.12. at 16.15\u201317.10<br \/>\n<b>Place<\/b>: Flama Linnankatu (Linnankatu 84, Turku)<br \/>\n<b>Level<\/b>: improvers<br \/>\n<b>Teacher<\/b>: <a href=\"https:\/\/flama.fi\/en\/instructors\/lotta-lahteenmaki\/\">Lotta L\u00e4hteenm\u00e4ki<\/a><\/p>\n<p>Kurssimaksu sis\u00e4lt\u00e4\u00e4 15 \u00d7 55 min opetuskertaa. There is no class on 15th of October.<\/p>\n<p><b>Reserve your spot early and take advantage of the discount price<\/b><br \/>\nIf you pay for the course by Sunday, August 16, 2026, you\u2019ll get it at a lower price.<\/p>\n<p>If you would like to pay part of the course fee with a tyky benefit (e.g., Smartum, Edenred, ePassi), please register by sending an email to: info@flama.fi.<\/p>\n<p>Thinking of taking more than one course? With the Flama<b><a href=\"https:\/\/flama.fi\/en\/product\/anytime-autumn-2026\/\"> Anytime Card<\/a><\/b>, you can dance as much as you want all autumn long. If you already have an Anytime pass, register for the courses by email: <a href=\"mailto:info@flama.fi\">info@flama.fi<\/a><\/p>\n","protected":false},"featured_media":48831,"template":"","meta":{"inline_featured_image":false},"product_brand":[],"product_cat":[3669],"product_tag":[2105,4438,4077,2695,1229,2094,838],"class_list":{"0":"post-95642","1":"product","2":"type-product","3":"status-publish","4":"has-post-thumbnail","6":"product_cat-courses-in-autumn","7":"product_tag-alkeisjatko-en","8":"product_tag-autumn-2026","9":"product_tag-courses","10":"product_tag-flama-linnankatu-en","11":"product_tag-heels-en","12":"product_tag-lotta-lahteenmaki-en-2","13":"product_tag-tanssistudio-flama-en","15":"first","16":"instock","17":"sale","18":"virtual","19":"taxable","20":"purchasable","21":"product-type-simple"},"yoast_head":"<!-- This site is optimized with the Yoast SEO plugin v27.6 - https:\/\/yoast.com\/product\/yoast-seo-wordpress\/ -->\n<title>Heels, improvers (15 sessions), Thursdays 27.8.\u201310.12. at 16.15\u201317.10, instructed by Lotta L\u00e4hteenm\u00e4ki - Tanssistudio Flama<\/title>\n<meta name=\"description\" content=\"Are you looking for more confidence dancing in heels? In this course, you will further deepen your heels dance technique and dance rotating choreographies in heels.\" \/>\n<meta name=\"robots\" content=\"index, follow, max-snippet:-1, max-image-preview:large, max-video-preview:-1\" \/>\n<link rel=\"canonical\" href=\"https:\/\/flama.fi\/en\/product\/heels-alkeisjatko-syksy2026\/\" \/>\n<meta property=\"og:locale\" content=\"en_US\" \/>\n<meta property=\"og:type\" content=\"article\" \/>\n<meta property=\"og:title\" content=\"Heels, improvers (15 sessions), Thursdays 27.8.\u201310.12. at 16.15\u201317.10, instructed by Lotta L\u00e4hteenm\u00e4ki - Tanssistudio Flama\" \/>\n<meta property=\"og:description\" content=\"Are you looking for more confidence dancing in heels? In this course, you will further deepen your heels dance technique and dance rotating choreographies in heels.\" \/>\n<meta property=\"og:url\" content=\"https:\/\/flama.fi\/en\/product\/heels-alkeisjatko-syksy2026\/\" \/>\n<meta property=\"og:site_name\" content=\"Tanssistudio Flama\" \/>\n<meta property=\"article:modified_time\" content=\"2026-05-06T13:51:48+00:00\" \/>\n<meta property=\"og:image\" content=\"https:\/\/flama.fi\/wp-content\/uploads\/2022\/11\/lotta-lahteenmaki-1080x1080-2.jpg\" \/>\n\t<meta property=\"og:image:width\" content=\"1080\" \/>\n\t<meta property=\"og:image:height\" content=\"1080\" \/>\n\t<meta property=\"og:image:type\" content=\"image\/jpeg\" \/>\n<meta name=\"twitter:card\" content=\"summary_large_image\" \/>\n<meta name=\"twitter:label1\" content=\"Est. reading time\" \/>\n\t<meta name=\"twitter:data1\" content=\"3 minutes\" \/>\n<script type=\"application\/ld+json\" class=\"yoast-schema-graph\">{\"@context\":\"https:\\\/\\\/schema.org\",\"@graph\":[{\"@type\":\"WebPage\",\"@id\":\"https:\\\/\\\/flama.fi\\\/en\\\/product\\\/heels-alkeisjatko-syksy2026\\\/\",\"url\":\"https:\\\/\\\/flama.fi\\\/en\\\/product\\\/heels-alkeisjatko-syksy2026\\\/\",\"name\":\"Heels, improvers (15 sessions), Thursdays 27.8.\u201310.12. at 16.15\u201317.10, instructed by Lotta L\u00e4hteenm\u00e4ki - Tanssistudio Flama\",\"isPartOf\":{\"@id\":\"https:\\\/\\\/flama.fi\\\/en\\\/#website\"},\"primaryImageOfPage\":{\"@id\":\"https:\\\/\\\/flama.fi\\\/en\\\/product\\\/heels-alkeisjatko-syksy2026\\\/#primaryimage\"},\"image\":{\"@id\":\"https:\\\/\\\/flama.fi\\\/en\\\/product\\\/heels-alkeisjatko-syksy2026\\\/#primaryimage\"},\"thumbnailUrl\":\"https:\\\/\\\/flama.fi\\\/wp-content\\\/uploads\\\/2022\\\/11\\\/lotta-lahteenmaki-1080x1080-2.jpg\",\"datePublished\":\"2026-04-28T07:00:32+00:00\",\"dateModified\":\"2026-05-06T13:51:48+00:00\",\"description\":\"Are you looking for more confidence dancing in heels? In this course, you will further deepen your heels dance technique and dance rotating choreographies in heels.\",\"breadcrumb\":{\"@id\":\"https:\\\/\\\/flama.fi\\\/en\\\/product\\\/heels-alkeisjatko-syksy2026\\\/#breadcrumb\"},\"inLanguage\":\"en-US\",\"potentialAction\":[{\"@type\":\"ReadAction\",\"target\":[\"https:\\\/\\\/flama.fi\\\/en\\\/product\\\/heels-alkeisjatko-syksy2026\\\/\"]}]},{\"@type\":\"ImageObject\",\"inLanguage\":\"en-US\",\"@id\":\"https:\\\/\\\/flama.fi\\\/en\\\/product\\\/heels-alkeisjatko-syksy2026\\\/#primaryimage\",\"url\":\"https:\\\/\\\/flama.fi\\\/wp-content\\\/uploads\\\/2022\\\/11\\\/lotta-lahteenmaki-1080x1080-2.jpg\",\"contentUrl\":\"https:\\\/\\\/flama.fi\\\/wp-content\\\/uploads\\\/2022\\\/11\\\/lotta-lahteenmaki-1080x1080-2.jpg\",\"width\":1080,\"height\":1080,\"caption\":\"Nainen seisoo ryhdikk\u00e4\u00e4sti toinen k\u00e4si lantiolla ja toinen rennosti reidell\u00e4. P\u00e4\u00e4ll\u00e4\u00e4n musta t-paita aj siniset legginsit. Kuvassa Lotta L\u00e4hteenm\u00e4ki.\"},{\"@type\":\"BreadcrumbList\",\"@id\":\"https:\\\/\\\/flama.fi\\\/en\\\/product\\\/heels-alkeisjatko-syksy2026\\\/#breadcrumb\",\"itemListElement\":[{\"@type\":\"ListItem\",\"position\":1,\"name\":\"Etusivu\",\"item\":\"https:\\\/\\\/flama.fi\\\/en\\\/\"},{\"@type\":\"ListItem\",\"position\":2,\"name\":\"Shop at\",\"item\":\"https:\\\/\\\/flama.fi\\\/en\\\/shop\\\/\"},{\"@type\":\"ListItem\",\"position\":3,\"name\":\"Heels, improvers (15 sessions), Thursdays 27.8.\u201310.12. at 16.15\u201317.10, instructed by Lotta L\u00e4hteenm\u00e4ki\"}]},{\"@type\":\"WebSite\",\"@id\":\"https:\\\/\\\/flama.fi\\\/en\\\/#website\",\"url\":\"https:\\\/\\\/flama.fi\\\/en\\\/\",\"name\":\"Tanssistudio Flama\",\"description\":\"Turkulainen Tanssistudio\",\"publisher\":{\"@id\":\"https:\\\/\\\/flama.fi\\\/en\\\/#organization\"},\"potentialAction\":[{\"@type\":\"SearchAction\",\"target\":{\"@type\":\"EntryPoint\",\"urlTemplate\":\"https:\\\/\\\/flama.fi\\\/en\\\/?s={search_term_string}\"},\"query-input\":{\"@type\":\"PropertyValueSpecification\",\"valueRequired\":true,\"valueName\":\"search_term_string\"}}],\"inLanguage\":\"en-US\"},{\"@type\":\"Organization\",\"@id\":\"https:\\\/\\\/flama.fi\\\/en\\\/#organization\",\"name\":\"Tanssistudio Flama\",\"url\":\"https:\\\/\\\/flama.fi\\\/en\\\/\",\"logo\":{\"@type\":\"ImageObject\",\"inLanguage\":\"en-US\",\"@id\":\"https:\\\/\\\/flama.fi\\\/en\\\/#\\\/schema\\\/logo\\\/image\\\/\",\"url\":\"https:\\\/\\\/flama.fi\\\/wp-content\\\/uploads\\\/2022\\\/07\\\/Flama-logo.png\",\"contentUrl\":\"https:\\\/\\\/flama.fi\\\/wp-content\\\/uploads\\\/2022\\\/07\\\/Flama-logo.png\",\"width\":1240,\"height\":620,\"caption\":\"Tanssistudio Flama\"},\"image\":{\"@id\":\"https:\\\/\\\/flama.fi\\\/en\\\/#\\\/schema\\\/logo\\\/image\\\/\"}}]}<\/script>\n<!-- \/ Yoast SEO plugin. -->","yoast_head_json":{"title":"Heels, improvers (15 sessions), Thursdays 27.8.\u201310.12. at 16.15\u201317.10, instructed by Lotta L\u00e4hteenm\u00e4ki - Tanssistudio Flama","description":"Are you looking for more confidence dancing in heels? In this course, you will further deepen your heels dance technique and dance rotating choreographies in heels.","robots":{"index":"index","follow":"follow","max-snippet":"max-snippet:-1","max-image-preview":"max-image-preview:large","max-video-preview":"max-video-preview:-1"},"canonical":"https:\/\/flama.fi\/en\/product\/heels-alkeisjatko-syksy2026\/","og_locale":"en_US","og_type":"article","og_title":"Heels, improvers (15 sessions), Thursdays 27.8.\u201310.12. at 16.15\u201317.10, instructed by Lotta L\u00e4hteenm\u00e4ki - Tanssistudio Flama","og_description":"Are you looking for more confidence dancing in heels? In this course, you will further deepen your heels dance technique and dance rotating choreographies in heels.","og_url":"https:\/\/flama.fi\/en\/product\/heels-alkeisjatko-syksy2026\/","og_site_name":"Tanssistudio Flama","article_modified_time":"2026-05-06T13:51:48+00:00","og_image":[{"width":1080,"height":1080,"url":"https:\/\/flama.fi\/wp-content\/uploads\/2022\/11\/lotta-lahteenmaki-1080x1080-2.jpg","type":"image\/jpeg"}],"twitter_card":"summary_large_image","twitter_misc":{"Est. reading time":"3 minutes"},"schema":{"@context":"https:\/\/schema.org","@graph":[{"@type":"WebPage","@id":"https:\/\/flama.fi\/en\/product\/heels-alkeisjatko-syksy2026\/","url":"https:\/\/flama.fi\/en\/product\/heels-alkeisjatko-syksy2026\/","name":"Heels, improvers (15 sessions), Thursdays 27.8.\u201310.12. at 16.15\u201317.10, instructed by Lotta L\u00e4hteenm\u00e4ki - Tanssistudio Flama","isPartOf":{"@id":"https:\/\/flama.fi\/en\/#website"},"primaryImageOfPage":{"@id":"https:\/\/flama.fi\/en\/product\/heels-alkeisjatko-syksy2026\/#primaryimage"},"image":{"@id":"https:\/\/flama.fi\/en\/product\/heels-alkeisjatko-syksy2026\/#primaryimage"},"thumbnailUrl":"https:\/\/flama.fi\/wp-content\/uploads\/2022\/11\/lotta-lahteenmaki-1080x1080-2.jpg","datePublished":"2026-04-28T07:00:32+00:00","dateModified":"2026-05-06T13:51:48+00:00","description":"Are you looking for more confidence dancing in heels? In this course, you will further deepen your heels dance technique and dance rotating choreographies in heels.","breadcrumb":{"@id":"https:\/\/flama.fi\/en\/product\/heels-alkeisjatko-syksy2026\/#breadcrumb"},"inLanguage":"en-US","potentialAction":[{"@type":"ReadAction","target":["https:\/\/flama.fi\/en\/product\/heels-alkeisjatko-syksy2026\/"]}]},{"@type":"ImageObject","inLanguage":"en-US","@id":"https:\/\/flama.fi\/en\/product\/heels-alkeisjatko-syksy2026\/#primaryimage","url":"https:\/\/flama.fi\/wp-content\/uploads\/2022\/11\/lotta-lahteenmaki-1080x1080-2.jpg","contentUrl":"https:\/\/flama.fi\/wp-content\/uploads\/2022\/11\/lotta-lahteenmaki-1080x1080-2.jpg","width":1080,"height":1080,"caption":"Nainen seisoo ryhdikk\u00e4\u00e4sti toinen k\u00e4si lantiolla ja toinen rennosti reidell\u00e4. P\u00e4\u00e4ll\u00e4\u00e4n musta t-paita aj siniset legginsit. Kuvassa Lotta L\u00e4hteenm\u00e4ki."},{"@type":"BreadcrumbList","@id":"https:\/\/flama.fi\/en\/product\/heels-alkeisjatko-syksy2026\/#breadcrumb","itemListElement":[{"@type":"ListItem","position":1,"name":"Etusivu","item":"https:\/\/flama.fi\/en\/"},{"@type":"ListItem","position":2,"name":"Shop at","item":"https:\/\/flama.fi\/en\/shop\/"},{"@type":"ListItem","position":3,"name":"Heels, improvers (15 sessions), Thursdays 27.8.\u201310.12. at 16.15\u201317.10, instructed by Lotta L\u00e4hteenm\u00e4ki"}]},{"@type":"WebSite","@id":"https:\/\/flama.fi\/en\/#website","url":"https:\/\/flama.fi\/en\/","name":"Tanssistudio Flama","description":"Turkulainen Tanssistudio","publisher":{"@id":"https:\/\/flama.fi\/en\/#organization"},"potentialAction":[{"@type":"SearchAction","target":{"@type":"EntryPoint","urlTemplate":"https:\/\/flama.fi\/en\/?s={search_term_string}"},"query-input":{"@type":"PropertyValueSpecification","valueRequired":true,"valueName":"search_term_string"}}],"inLanguage":"en-US"},{"@type":"Organization","@id":"https:\/\/flama.fi\/en\/#organization","name":"Tanssistudio Flama","url":"https:\/\/flama.fi\/en\/","logo":{"@type":"ImageObject","inLanguage":"en-US","@id":"https:\/\/flama.fi\/en\/#\/schema\/logo\/image\/","url":"https:\/\/flama.fi\/wp-content\/uploads\/2022\/07\/Flama-logo.png","contentUrl":"https:\/\/flama.fi\/wp-content\/uploads\/2022\/07\/Flama-logo.png","width":1240,"height":620,"caption":"Tanssistudio Flama"},"image":{"@id":"https:\/\/flama.fi\/en\/#\/schema\/logo\/image\/"}}]}},"_links":{"self":[{"href":"https:\/\/flama.fi\/en\/wp-json\/wp\/v2\/product\/95642","targetHints":{"allow":["GET"]}}],"collection":[{"href":"https:\/\/flama.fi\/en\/wp-json\/wp\/v2\/product"}],"about":[{"href":"https:\/\/flama.fi\/en\/wp-json\/wp\/v2\/types\/product"}],"version-history":[{"count":2,"href":"https:\/\/flama.fi\/en\/wp-json\/wp\/v2\/product\/95642\/revisions"}],"predecessor-version":[{"id":95646,"href":"https:\/\/flama.fi\/en\/wp-json\/wp\/v2\/product\/95642\/revisions\/95646"}],"wp:featuredmedia":[{"embeddable":true,"href":"https:\/\/flama.fi\/en\/wp-json\/wp\/v2\/media\/48831"}],"wp:attachment":[{"href":"https:\/\/flama.fi\/en\/wp-json\/wp\/v2\/media?parent=95642"}],"wp:term":[{"taxonomy":"product_brand","embeddable":true,"href":"https:\/\/flama.fi\/en\/wp-json\/wp\/v2\/product_brand?post=95642"},{"taxonomy":"product_cat","embeddable":true,"href":"https:\/\/flama.fi\/en\/wp-json\/wp\/v2\/product_cat?post=95642"},{"taxonomy":"product_tag","embeddable":true,"href":"https:\/\/flama.fi\/en\/wp-json\/wp\/v2\/product_tag?post=95642"}],"curies":[{"name":"wp","href":"https:\/\/api.w.org\/{rel}","templated":true}]}}