{"id":95614,"date":"2026-04-28T10:00:32","date_gmt":"2026-04-28T07:00:32","guid":{"rendered":"https:\/\/flama.fi\/tuote\/female-dancehall-alkeet-syksy2026\/"},"modified":"2026-05-05T19:53:59","modified_gmt":"2026-05-05T16:53:59","slug":"female-dancehall-alkeet-syksy2026","status":"publish","type":"product","link":"https:\/\/flama.fi\/en\/product\/female-dancehall-alkeet-syksy2026\/","title":{"rendered":"Female Dancehall, beginners (15 sessions), Thursdays 27.8.\u201310.12. at 17.15\u201318.10, instructed by Minna Nerg"},"content":{"rendered":"<h3>What if I can&#8217;t participate every week?<\/h3>\n<p>Absences from classes can be made up during the same term in any other class or drop-in session. This way, no dance session will be wasted! <a href=\"https:\/\/flama.fi\/en\/info\/faq\/\">Read more.<\/a><\/p>\n<h3>What should I bring with me?<\/h3>\n<p>For the class, it is recommended to wear clothes that are comfortable to move around in. You can dance with indoor sneakers, dance shoes, or socks. Take your water bottle with you.<\/p>\n<h3>Female Dancehall<\/h3>\n<p>Female Dancehall classes focus on the feminine style of dancehall and especially on attitude and expression \u2013 without forgetting wining (i.e. hip rotation) and other hip techniques. Authentic girl moves and steps developed by Jamaican dancers form the basis for the sequences and choreographies performed in the classes.<\/p>\n<p>There are no acrobatic moves in the Female Dancehall class, so you do not need knee pads.<\/p>\n<h3>Minna Nerg<\/h3>\n<p>Minna, whose stage name is Dance Euphoria, is a versatile dance teacher based in Turku. Starting out with the open-mindedness of a contemporary dancer, her dance journey has taken her from the world of West African dance to the Caribbean, to places where dance lives on the streets and in people&#8217;s homes, offering self-expression, freedom, and resistance. Dance is not just steps, it is above all culture and shared joy!<\/p>\n<p>As a teacher, Minna strives to inspire and encourage her students, believing that everyone has the opportunity to exceed their limits and learn something new through dance. Regardless of the dance style, Minna wants to dance with all her heart and pass on the joy of dancing to others.<\/p>\n<p>During Flama&#8217;s weekly classes, Minna teaches bachata solo, Cuban salsa solo, Jamaican female dancehall, and West African street dances. The Caribbean mix class offers a constantly changing selection of different styles from the Caribbean \u2013 from rumba and son to soca and reparto!<\/p>\n<p>More information about the course:<a href=\"mailto:info@flama.fi\"> info@flama.fi<\/a><\/p>\n","protected":false},"excerpt":{"rendered":"<p>Come and learn Jamaican dancehall! The Female Dancehall course will focus on the feminine style of dancehall and especially on the sassy attitude. In this class, you\u2019ll get to practice the basic techniques of the dance form and perform a variety of choreographies.<\/p>\n<p>This course is suitable for beginners. You can join without any previous dance experience.<\/p>\n<p><b>Time:<\/b> Thursdays 27.8.\u201310.12. at 17.15\u201318.10<br \/>\n<b>Place<\/b>: Flama Linnankatu (Linnankatu 84, Turku)<br \/>\n<b>Level<\/b>: beginners<br \/>\n<b>Teacher<\/b>: <a href=\"https:\/\/flama.fi\/en\/instructors\/minna-nerg\/\">Minna Nerg<\/a><\/p>\n<p>Kurssimaksu sis\u00e4lt\u00e4\u00e4 15 \u00d7 55 min opetuskertaa. There is no class on 15th of October.<\/p>\n<p><b>Reserve your spot early and take advantage of the discount price<\/b><br \/>\nIf you pay for the course by Sunday, August 16, 2026, you\u2019ll get it at a lower price.<\/p>\n<p>If you would like to pay part of the course fee with a tyky benefit (e.g., Smartum, Edenred, ePassi), please register by sending an email to: info@flama.fi.<\/p>\n<p>Thinking of taking more than one course? With the Flama<b><a href=\"https:\/\/flama.fi\/en\/product\/anytime-autumn-2026\/\"> Anytime Card<\/a><\/b>, you can dance as much as you want all autumn long. If you already have an Anytime pass, register for the courses by email: <a href=\"mailto:info@flama.fi\">info@flama.fi<\/a><\/p>\n","protected":false},"featured_media":48821,"template":"","meta":{"inline_featured_image":false},"product_brand":[],"product_cat":[3669],"product_tag":[4438,1241,4077,1861,3586,2695,2402,838],"class_list":{"0":"post-95614","1":"product","2":"type-product","3":"status-publish","4":"has-post-thumbnail","6":"product_cat-courses-in-autumn","7":"product_tag-autumn-2026","8":"product_tag-beginners","9":"product_tag-courses","10":"product_tag-dancehall-en-2","11":"product_tag-female-dancehall-en","12":"product_tag-flama-linnankatu-en","13":"product_tag-minna-nerg-en","14":"product_tag-tanssistudio-flama-en","16":"first","17":"instock","18":"sale","19":"virtual","20":"taxable","21":"purchasable","22":"product-type-simple"},"yoast_head":"<!-- This site is optimized with the Yoast SEO plugin v27.6 - https:\/\/yoast.com\/product\/yoast-seo-wordpress\/ -->\n<title>Female Dancehall, beginners (15 sessions), Thursdays 27.8.\u201310.12. at 17.15\u201318.10, instructed by Minna Nerg - Tanssistudio Flama<\/title>\n<meta name=\"description\" content=\"Come and try out Jamaican dancehall! The Female Dancehall course will focus on the feminine style of dancehall and especially on the sassy attitude.\" \/>\n<meta name=\"robots\" content=\"index, follow, max-snippet:-1, max-image-preview:large, max-video-preview:-1\" \/>\n<link rel=\"canonical\" href=\"https:\/\/flama.fi\/en\/product\/female-dancehall-alkeet-syksy2026\/\" \/>\n<meta property=\"og:locale\" content=\"en_US\" \/>\n<meta property=\"og:type\" content=\"article\" \/>\n<meta property=\"og:title\" content=\"Female Dancehall, beginners (15 sessions), Thursdays 27.8.\u201310.12. at 17.15\u201318.10, instructed by Minna Nerg - Tanssistudio Flama\" \/>\n<meta property=\"og:description\" content=\"Come and try out Jamaican dancehall! The Female Dancehall course will focus on the feminine style of dancehall and especially on the sassy attitude.\" \/>\n<meta property=\"og:url\" content=\"https:\/\/flama.fi\/en\/product\/female-dancehall-alkeet-syksy2026\/\" \/>\n<meta property=\"og:site_name\" content=\"Tanssistudio Flama\" \/>\n<meta property=\"article:modified_time\" content=\"2026-05-05T16:53:59+00:00\" \/>\n<meta property=\"og:image\" content=\"https:\/\/flama.fi\/wp-content\/uploads\/2022\/11\/minna-nerg-1080x1080-2.jpg\" \/>\n\t<meta property=\"og:image:width\" content=\"1080\" \/>\n\t<meta property=\"og:image:height\" content=\"1080\" \/>\n\t<meta property=\"og:image:type\" content=\"image\/jpeg\" \/>\n<meta name=\"twitter:card\" content=\"summary_large_image\" \/>\n<meta name=\"twitter:label1\" content=\"Est. reading time\" \/>\n\t<meta name=\"twitter:data1\" content=\"3 minutes\" \/>\n<script type=\"application\/ld+json\" class=\"yoast-schema-graph\">{\"@context\":\"https:\\\/\\\/schema.org\",\"@graph\":[{\"@type\":\"WebPage\",\"@id\":\"https:\\\/\\\/flama.fi\\\/en\\\/product\\\/female-dancehall-alkeet-syksy2026\\\/\",\"url\":\"https:\\\/\\\/flama.fi\\\/en\\\/product\\\/female-dancehall-alkeet-syksy2026\\\/\",\"name\":\"Female Dancehall, beginners (15 sessions), Thursdays 27.8.\u201310.12. at 17.15\u201318.10, instructed by Minna Nerg - Tanssistudio Flama\",\"isPartOf\":{\"@id\":\"https:\\\/\\\/flama.fi\\\/en\\\/#website\"},\"primaryImageOfPage\":{\"@id\":\"https:\\\/\\\/flama.fi\\\/en\\\/product\\\/female-dancehall-alkeet-syksy2026\\\/#primaryimage\"},\"image\":{\"@id\":\"https:\\\/\\\/flama.fi\\\/en\\\/product\\\/female-dancehall-alkeet-syksy2026\\\/#primaryimage\"},\"thumbnailUrl\":\"https:\\\/\\\/flama.fi\\\/wp-content\\\/uploads\\\/2022\\\/11\\\/minna-nerg-1080x1080-2.jpg\",\"datePublished\":\"2026-04-28T07:00:32+00:00\",\"dateModified\":\"2026-05-05T16:53:59+00:00\",\"description\":\"Come and try out Jamaican dancehall! The Female Dancehall course will focus on the feminine style of dancehall and especially on the sassy attitude.\",\"breadcrumb\":{\"@id\":\"https:\\\/\\\/flama.fi\\\/en\\\/product\\\/female-dancehall-alkeet-syksy2026\\\/#breadcrumb\"},\"inLanguage\":\"en-US\",\"potentialAction\":[{\"@type\":\"ReadAction\",\"target\":[\"https:\\\/\\\/flama.fi\\\/en\\\/product\\\/female-dancehall-alkeet-syksy2026\\\/\"]}]},{\"@type\":\"ImageObject\",\"inLanguage\":\"en-US\",\"@id\":\"https:\\\/\\\/flama.fi\\\/en\\\/product\\\/female-dancehall-alkeet-syksy2026\\\/#primaryimage\",\"url\":\"https:\\\/\\\/flama.fi\\\/wp-content\\\/uploads\\\/2022\\\/11\\\/minna-nerg-1080x1080-2.jpg\",\"contentUrl\":\"https:\\\/\\\/flama.fi\\\/wp-content\\\/uploads\\\/2022\\\/11\\\/minna-nerg-1080x1080-2.jpg\",\"width\":1080,\"height\":1080,\"caption\":\"A brown-haired woman smiles at the camera with her hair down. She is wearing a colorful shirt and earrings. The photo shows Minna Nerg.\"},{\"@type\":\"BreadcrumbList\",\"@id\":\"https:\\\/\\\/flama.fi\\\/en\\\/product\\\/female-dancehall-alkeet-syksy2026\\\/#breadcrumb\",\"itemListElement\":[{\"@type\":\"ListItem\",\"position\":1,\"name\":\"Etusivu\",\"item\":\"https:\\\/\\\/flama.fi\\\/en\\\/\"},{\"@type\":\"ListItem\",\"position\":2,\"name\":\"Shop at\",\"item\":\"https:\\\/\\\/flama.fi\\\/en\\\/shop\\\/\"},{\"@type\":\"ListItem\",\"position\":3,\"name\":\"Female Dancehall, beginners (15 sessions), Thursdays 27.8.\u201310.12. at 17.15\u201318.10, instructed by Minna Nerg\"}]},{\"@type\":\"WebSite\",\"@id\":\"https:\\\/\\\/flama.fi\\\/en\\\/#website\",\"url\":\"https:\\\/\\\/flama.fi\\\/en\\\/\",\"name\":\"Tanssistudio Flama\",\"description\":\"Turkulainen Tanssistudio\",\"publisher\":{\"@id\":\"https:\\\/\\\/flama.fi\\\/en\\\/#organization\"},\"potentialAction\":[{\"@type\":\"SearchAction\",\"target\":{\"@type\":\"EntryPoint\",\"urlTemplate\":\"https:\\\/\\\/flama.fi\\\/en\\\/?s={search_term_string}\"},\"query-input\":{\"@type\":\"PropertyValueSpecification\",\"valueRequired\":true,\"valueName\":\"search_term_string\"}}],\"inLanguage\":\"en-US\"},{\"@type\":\"Organization\",\"@id\":\"https:\\\/\\\/flama.fi\\\/en\\\/#organization\",\"name\":\"Tanssistudio Flama\",\"url\":\"https:\\\/\\\/flama.fi\\\/en\\\/\",\"logo\":{\"@type\":\"ImageObject\",\"inLanguage\":\"en-US\",\"@id\":\"https:\\\/\\\/flama.fi\\\/en\\\/#\\\/schema\\\/logo\\\/image\\\/\",\"url\":\"https:\\\/\\\/flama.fi\\\/wp-content\\\/uploads\\\/2022\\\/07\\\/Flama-logo.png\",\"contentUrl\":\"https:\\\/\\\/flama.fi\\\/wp-content\\\/uploads\\\/2022\\\/07\\\/Flama-logo.png\",\"width\":1240,\"height\":620,\"caption\":\"Tanssistudio Flama\"},\"image\":{\"@id\":\"https:\\\/\\\/flama.fi\\\/en\\\/#\\\/schema\\\/logo\\\/image\\\/\"}}]}<\/script>\n<!-- \/ Yoast SEO plugin. -->","yoast_head_json":{"title":"Female Dancehall, beginners (15 sessions), Thursdays 27.8.\u201310.12. at 17.15\u201318.10, instructed by Minna Nerg - Tanssistudio Flama","description":"Come and try out Jamaican dancehall! The Female Dancehall course will focus on the feminine style of dancehall and especially on the sassy attitude.","robots":{"index":"index","follow":"follow","max-snippet":"max-snippet:-1","max-image-preview":"max-image-preview:large","max-video-preview":"max-video-preview:-1"},"canonical":"https:\/\/flama.fi\/en\/product\/female-dancehall-alkeet-syksy2026\/","og_locale":"en_US","og_type":"article","og_title":"Female Dancehall, beginners (15 sessions), Thursdays 27.8.\u201310.12. at 17.15\u201318.10, instructed by Minna Nerg - Tanssistudio Flama","og_description":"Come and try out Jamaican dancehall! The Female Dancehall course will focus on the feminine style of dancehall and especially on the sassy attitude.","og_url":"https:\/\/flama.fi\/en\/product\/female-dancehall-alkeet-syksy2026\/","og_site_name":"Tanssistudio Flama","article_modified_time":"2026-05-05T16:53:59+00:00","og_image":[{"width":1080,"height":1080,"url":"https:\/\/flama.fi\/wp-content\/uploads\/2022\/11\/minna-nerg-1080x1080-2.jpg","type":"image\/jpeg"}],"twitter_card":"summary_large_image","twitter_misc":{"Est. reading time":"3 minutes"},"schema":{"@context":"https:\/\/schema.org","@graph":[{"@type":"WebPage","@id":"https:\/\/flama.fi\/en\/product\/female-dancehall-alkeet-syksy2026\/","url":"https:\/\/flama.fi\/en\/product\/female-dancehall-alkeet-syksy2026\/","name":"Female Dancehall, beginners (15 sessions), Thursdays 27.8.\u201310.12. at 17.15\u201318.10, instructed by Minna Nerg - Tanssistudio Flama","isPartOf":{"@id":"https:\/\/flama.fi\/en\/#website"},"primaryImageOfPage":{"@id":"https:\/\/flama.fi\/en\/product\/female-dancehall-alkeet-syksy2026\/#primaryimage"},"image":{"@id":"https:\/\/flama.fi\/en\/product\/female-dancehall-alkeet-syksy2026\/#primaryimage"},"thumbnailUrl":"https:\/\/flama.fi\/wp-content\/uploads\/2022\/11\/minna-nerg-1080x1080-2.jpg","datePublished":"2026-04-28T07:00:32+00:00","dateModified":"2026-05-05T16:53:59+00:00","description":"Come and try out Jamaican dancehall! The Female Dancehall course will focus on the feminine style of dancehall and especially on the sassy attitude.","breadcrumb":{"@id":"https:\/\/flama.fi\/en\/product\/female-dancehall-alkeet-syksy2026\/#breadcrumb"},"inLanguage":"en-US","potentialAction":[{"@type":"ReadAction","target":["https:\/\/flama.fi\/en\/product\/female-dancehall-alkeet-syksy2026\/"]}]},{"@type":"ImageObject","inLanguage":"en-US","@id":"https:\/\/flama.fi\/en\/product\/female-dancehall-alkeet-syksy2026\/#primaryimage","url":"https:\/\/flama.fi\/wp-content\/uploads\/2022\/11\/minna-nerg-1080x1080-2.jpg","contentUrl":"https:\/\/flama.fi\/wp-content\/uploads\/2022\/11\/minna-nerg-1080x1080-2.jpg","width":1080,"height":1080,"caption":"A brown-haired woman smiles at the camera with her hair down. She is wearing a colorful shirt and earrings. The photo shows Minna Nerg."},{"@type":"BreadcrumbList","@id":"https:\/\/flama.fi\/en\/product\/female-dancehall-alkeet-syksy2026\/#breadcrumb","itemListElement":[{"@type":"ListItem","position":1,"name":"Etusivu","item":"https:\/\/flama.fi\/en\/"},{"@type":"ListItem","position":2,"name":"Shop at","item":"https:\/\/flama.fi\/en\/shop\/"},{"@type":"ListItem","position":3,"name":"Female Dancehall, beginners (15 sessions), Thursdays 27.8.\u201310.12. at 17.15\u201318.10, instructed by Minna Nerg"}]},{"@type":"WebSite","@id":"https:\/\/flama.fi\/en\/#website","url":"https:\/\/flama.fi\/en\/","name":"Tanssistudio Flama","description":"Turkulainen Tanssistudio","publisher":{"@id":"https:\/\/flama.fi\/en\/#organization"},"potentialAction":[{"@type":"SearchAction","target":{"@type":"EntryPoint","urlTemplate":"https:\/\/flama.fi\/en\/?s={search_term_string}"},"query-input":{"@type":"PropertyValueSpecification","valueRequired":true,"valueName":"search_term_string"}}],"inLanguage":"en-US"},{"@type":"Organization","@id":"https:\/\/flama.fi\/en\/#organization","name":"Tanssistudio Flama","url":"https:\/\/flama.fi\/en\/","logo":{"@type":"ImageObject","inLanguage":"en-US","@id":"https:\/\/flama.fi\/en\/#\/schema\/logo\/image\/","url":"https:\/\/flama.fi\/wp-content\/uploads\/2022\/07\/Flama-logo.png","contentUrl":"https:\/\/flama.fi\/wp-content\/uploads\/2022\/07\/Flama-logo.png","width":1240,"height":620,"caption":"Tanssistudio Flama"},"image":{"@id":"https:\/\/flama.fi\/en\/#\/schema\/logo\/image\/"}}]}},"_links":{"self":[{"href":"https:\/\/flama.fi\/en\/wp-json\/wp\/v2\/product\/95614","targetHints":{"allow":["GET"]}}],"collection":[{"href":"https:\/\/flama.fi\/en\/wp-json\/wp\/v2\/product"}],"about":[{"href":"https:\/\/flama.fi\/en\/wp-json\/wp\/v2\/types\/product"}],"version-history":[{"count":1,"href":"https:\/\/flama.fi\/en\/wp-json\/wp\/v2\/product\/95614\/revisions"}],"predecessor-version":[{"id":95616,"href":"https:\/\/flama.fi\/en\/wp-json\/wp\/v2\/product\/95614\/revisions\/95616"}],"wp:featuredmedia":[{"embeddable":true,"href":"https:\/\/flama.fi\/en\/wp-json\/wp\/v2\/media\/48821"}],"wp:attachment":[{"href":"https:\/\/flama.fi\/en\/wp-json\/wp\/v2\/media?parent=95614"}],"wp:term":[{"taxonomy":"product_brand","embeddable":true,"href":"https:\/\/flama.fi\/en\/wp-json\/wp\/v2\/product_brand?post=95614"},{"taxonomy":"product_cat","embeddable":true,"href":"https:\/\/flama.fi\/en\/wp-json\/wp\/v2\/product_cat?post=95614"},{"taxonomy":"product_tag","embeddable":true,"href":"https:\/\/flama.fi\/en\/wp-json\/wp\/v2\/product_tag?post=95614"}],"curies":[{"name":"wp","href":"https:\/\/api.w.org\/{rel}","templated":true}]}}