{"id":95600,"date":"2026-04-28T10:00:32","date_gmt":"2026-04-28T07:00:32","guid":{"rendered":"https:\/\/flama.fi\/tuote\/commercial-dance-alkeet-salla-syksy2026\/"},"modified":"2026-05-05T19:20:38","modified_gmt":"2026-05-05T16:20:38","slug":"commercial-dance-alkeet-salla-syksy2026","status":"publish","type":"product","link":"https:\/\/flama.fi\/en\/product\/commercial-dance-alkeet-salla-syksy2026\/","title":{"rendered":"Commercial Dance, beginners (16 sessions), Thursdays 27.8.\u201310.12. at 20.15\u201321.10, instructed by Salla Siniranta"},"content":{"rendered":"<h3>What if I can&#8217;t participate every week?<\/h3>\n<p>Absences from classes can be made up during the same term in any other class or drop-in session. This way, no dance session will be wasted! <a href=\"https:\/\/flama.fi\/en\/info\/faq\/\">Read more.<\/a><\/p>\n<h3>What should I bring with me?<\/h3>\n<p>For the class, it is recommended to wear clothes that are comfortable to move around in. You can dance with indoor sneakers, dance shoes, or socks. Take your water bottle with you.<\/p>\n<h3>Commercial Dance<\/h3>\n<p>Commercial dance classes seek to cultivate a bold attitude reminiscent of music videos, combining and utilizing techniques from different dance styles. The main focus of the classes is on dancing choreographies, but we also practice the techniques needed for choreography and focus on performing and developing and trusting your own unique body language. The course lets you throw yourself into different styles of choreography and have fun together!<\/p>\n<h3>Salla Siniranta<\/h3>\n<p>Salla has been teaching Twerk and Commercial Dance at Flama since 2020. She has more than 25 years of dancing experience. Salla has lead many performing dance groups and she has been a member in many performing dance groups as well. She now leads Flama&#8217;s Twerk and Commercial Dance Group The Honeys.<\/p>\n<p>In Salla&#8217;s classes, the most important thing is to feel good, to forget the hustle and bustle of everyday life, to enjoy the movement and maybe even exceed yourself! Learning the right and safe twerk techniques is important to Salla, and a lot of effort is put into it in Salla&#8217;s classes, especially in the classes for beginners.<\/p>\n<p>Salla aims to create a safe environment in her classes where everyone feels welcome. Without forgetting humor! Welcome to Salla&#8217;s classes just as you are.<\/p>\n<p>More information about the course:<a href=\"mailto:info@flama.fi\"> info@flama.fi<\/a><\/p>\n","protected":false},"excerpt":{"rendered":"<p>Would you like to dance like a music video star? Commercial dance classes combine and utilize techniques from different dance styles and encourage a bold, music video-inspired attitude. In this course, we dance to the beat of current and past hit songs and throw ourselves into different choreographies. In addition to dance skills, you will get to practice empathy and finding your own body language.<\/p>\n<p>This course is suitable for beginners. You can join without any previous dance experience.<\/p>\n<p><b>Time:<\/b> Thursdays 27.8.\u201310.12. at 20:15\u201321:10<br \/>\n<b>Place<\/b>: Flama Linnankatu (Linnankatu 84, Turku)<br \/>\n<b>Level<\/b>: beginners<br \/>\n<b>Teacher<\/b>: <a href=\"https:\/\/flama.fi\/en\/instructors\/salla-sofia-siniranta\/\">Salla Siniranta<\/a><\/p>\n<p>The course fee includes 16 lessons of 55 minutes each.<\/p>\n<p><b>Reserve your spot early and take advantage of the discount price<\/b><br \/>\nIf you pay for the course by Sunday, August 16, 2026, you\u2019ll get it at a lower price.<\/p>\n<p>If you would like to pay part of the course fee with a tyky benefit (e.g., Smartum, Edenred, ePassi), please register by sending an email to: info@flama.fi.<\/p>\n<p>Thinking of taking more than one course? With the Flama<b><a href=\"https:\/\/flama.fi\/en\/product\/anytime-autumn-2026\/\"> Anytime Card<\/a><\/b>, you can dance as much as you want all autumn long. If you already have an Anytime pass, register for the courses by email: <a href=\"mailto:info@flama.fi\">info@flama.fi<\/a><\/p>\n","protected":false},"featured_media":48811,"template":"","meta":{"inline_featured_image":false},"product_brand":[],"product_cat":[3669],"product_tag":[4438,1241,836,4077,2695,1944,838],"class_list":{"0":"post-95600","1":"product","2":"type-product","3":"status-publish","4":"has-post-thumbnail","6":"product_cat-courses-in-autumn","7":"product_tag-autumn-2026","8":"product_tag-beginners","9":"product_tag-commercial-dance-en","10":"product_tag-courses","11":"product_tag-flama-linnankatu-en","12":"product_tag-salla-siniranta-en","13":"product_tag-tanssistudio-flama-en","15":"first","16":"instock","17":"sale","18":"virtual","19":"taxable","20":"purchasable","21":"product-type-simple"},"yoast_head":"<!-- This site is optimized with the Yoast SEO plugin v27.6 - https:\/\/yoast.com\/product\/yoast-seo-wordpress\/ -->\n<title>Commercial Dance, beginners (16 sessions), Thursdays 27.8.\u201310.12. at 20.15\u201321.10, instructed by Salla Siniranta - Tanssistudio Flama<\/title>\n<meta name=\"description\" content=\"Would you like to dance like a music video star? Join our beginner&#039;s commercial dance course\u2014no previous dance experience needed!\" \/>\n<meta name=\"robots\" content=\"index, follow, max-snippet:-1, max-image-preview:large, max-video-preview:-1\" \/>\n<link rel=\"canonical\" href=\"https:\/\/flama.fi\/en\/product\/commercial-dance-alkeet-salla-syksy2026\/\" \/>\n<meta property=\"og:locale\" content=\"en_US\" \/>\n<meta property=\"og:type\" content=\"article\" \/>\n<meta property=\"og:title\" content=\"Commercial Dance, beginners (16 sessions), Thursdays 27.8.\u201310.12. at 20.15\u201321.10, instructed by Salla Siniranta - Tanssistudio Flama\" \/>\n<meta property=\"og:description\" content=\"Would you like to dance like a music video star? Join our beginner&#039;s commercial dance course\u2014no previous dance experience needed!\" \/>\n<meta property=\"og:url\" content=\"https:\/\/flama.fi\/en\/product\/commercial-dance-alkeet-salla-syksy2026\/\" \/>\n<meta property=\"og:site_name\" content=\"Tanssistudio Flama\" \/>\n<meta property=\"article:modified_time\" content=\"2026-05-05T16:20:38+00:00\" \/>\n<meta property=\"og:image\" content=\"https:\/\/flama.fi\/wp-content\/uploads\/2022\/11\/salla-siniranta-1080x1080-2.jpg\" \/>\n\t<meta property=\"og:image:width\" content=\"1080\" \/>\n\t<meta property=\"og:image:height\" content=\"1080\" \/>\n\t<meta property=\"og:image:type\" content=\"image\/jpeg\" \/>\n<meta name=\"twitter:card\" content=\"summary_large_image\" \/>\n<meta name=\"twitter:label1\" content=\"Est. reading time\" \/>\n\t<meta name=\"twitter:data1\" content=\"2 minutes\" \/>\n<script type=\"application\/ld+json\" class=\"yoast-schema-graph\">{\"@context\":\"https:\\\/\\\/schema.org\",\"@graph\":[{\"@type\":\"WebPage\",\"@id\":\"https:\\\/\\\/flama.fi\\\/en\\\/product\\\/commercial-dance-alkeet-salla-syksy2026\\\/\",\"url\":\"https:\\\/\\\/flama.fi\\\/en\\\/product\\\/commercial-dance-alkeet-salla-syksy2026\\\/\",\"name\":\"Commercial Dance, beginners (16 sessions), Thursdays 27.8.\u201310.12. at 20.15\u201321.10, instructed by Salla Siniranta - Tanssistudio Flama\",\"isPartOf\":{\"@id\":\"https:\\\/\\\/flama.fi\\\/en\\\/#website\"},\"primaryImageOfPage\":{\"@id\":\"https:\\\/\\\/flama.fi\\\/en\\\/product\\\/commercial-dance-alkeet-salla-syksy2026\\\/#primaryimage\"},\"image\":{\"@id\":\"https:\\\/\\\/flama.fi\\\/en\\\/product\\\/commercial-dance-alkeet-salla-syksy2026\\\/#primaryimage\"},\"thumbnailUrl\":\"https:\\\/\\\/flama.fi\\\/wp-content\\\/uploads\\\/2022\\\/11\\\/salla-siniranta-1080x1080-2.jpg\",\"datePublished\":\"2026-04-28T07:00:32+00:00\",\"dateModified\":\"2026-05-05T16:20:38+00:00\",\"description\":\"Would you like to dance like a music video star? Join our beginner's commercial dance course\u2014no previous dance experience needed!\",\"breadcrumb\":{\"@id\":\"https:\\\/\\\/flama.fi\\\/en\\\/product\\\/commercial-dance-alkeet-salla-syksy2026\\\/#breadcrumb\"},\"inLanguage\":\"en-US\",\"potentialAction\":[{\"@type\":\"ReadAction\",\"target\":[\"https:\\\/\\\/flama.fi\\\/en\\\/product\\\/commercial-dance-alkeet-salla-syksy2026\\\/\"]}]},{\"@type\":\"ImageObject\",\"inLanguage\":\"en-US\",\"@id\":\"https:\\\/\\\/flama.fi\\\/en\\\/product\\\/commercial-dance-alkeet-salla-syksy2026\\\/#primaryimage\",\"url\":\"https:\\\/\\\/flama.fi\\\/wp-content\\\/uploads\\\/2022\\\/11\\\/salla-siniranta-1080x1080-2.jpg\",\"contentUrl\":\"https:\\\/\\\/flama.fi\\\/wp-content\\\/uploads\\\/2022\\\/11\\\/salla-siniranta-1080x1080-2.jpg\",\"width\":1080,\"height\":1080,\"caption\":\"Vaaleahiuksinen nainen hymyilee ja poseeraa kameralle. Henkil\u00f6ll\u00e4 on p\u00e4\u00e4ss\u00e4\u00e4n punainen lippalakki ja p\u00e4\u00e4ll\u00e4\u00e4n musta t-paita ja shortsit sek\u00e4 verkkosukkahousut. Kuvassa Salla-Sofia Siniranta.\"},{\"@type\":\"BreadcrumbList\",\"@id\":\"https:\\\/\\\/flama.fi\\\/en\\\/product\\\/commercial-dance-alkeet-salla-syksy2026\\\/#breadcrumb\",\"itemListElement\":[{\"@type\":\"ListItem\",\"position\":1,\"name\":\"Etusivu\",\"item\":\"https:\\\/\\\/flama.fi\\\/en\\\/\"},{\"@type\":\"ListItem\",\"position\":2,\"name\":\"Shop at\",\"item\":\"https:\\\/\\\/flama.fi\\\/en\\\/shop\\\/\"},{\"@type\":\"ListItem\",\"position\":3,\"name\":\"Commercial Dance, beginners (16 sessions), Thursdays 27.8.\u201310.12. at 20.15\u201321.10, instructed by Salla Siniranta\"}]},{\"@type\":\"WebSite\",\"@id\":\"https:\\\/\\\/flama.fi\\\/en\\\/#website\",\"url\":\"https:\\\/\\\/flama.fi\\\/en\\\/\",\"name\":\"Tanssistudio Flama\",\"description\":\"Turkulainen Tanssistudio\",\"publisher\":{\"@id\":\"https:\\\/\\\/flama.fi\\\/en\\\/#organization\"},\"potentialAction\":[{\"@type\":\"SearchAction\",\"target\":{\"@type\":\"EntryPoint\",\"urlTemplate\":\"https:\\\/\\\/flama.fi\\\/en\\\/?s={search_term_string}\"},\"query-input\":{\"@type\":\"PropertyValueSpecification\",\"valueRequired\":true,\"valueName\":\"search_term_string\"}}],\"inLanguage\":\"en-US\"},{\"@type\":\"Organization\",\"@id\":\"https:\\\/\\\/flama.fi\\\/en\\\/#organization\",\"name\":\"Tanssistudio Flama\",\"url\":\"https:\\\/\\\/flama.fi\\\/en\\\/\",\"logo\":{\"@type\":\"ImageObject\",\"inLanguage\":\"en-US\",\"@id\":\"https:\\\/\\\/flama.fi\\\/en\\\/#\\\/schema\\\/logo\\\/image\\\/\",\"url\":\"https:\\\/\\\/flama.fi\\\/wp-content\\\/uploads\\\/2022\\\/07\\\/Flama-logo.png\",\"contentUrl\":\"https:\\\/\\\/flama.fi\\\/wp-content\\\/uploads\\\/2022\\\/07\\\/Flama-logo.png\",\"width\":1240,\"height\":620,\"caption\":\"Tanssistudio Flama\"},\"image\":{\"@id\":\"https:\\\/\\\/flama.fi\\\/en\\\/#\\\/schema\\\/logo\\\/image\\\/\"}}]}<\/script>\n<!-- \/ Yoast SEO plugin. -->","yoast_head_json":{"title":"Commercial Dance, beginners (16 sessions), Thursdays 27.8.\u201310.12. at 20.15\u201321.10, instructed by Salla Siniranta - Tanssistudio Flama","description":"Would you like to dance like a music video star? Join our beginner's commercial dance course\u2014no previous dance experience needed!","robots":{"index":"index","follow":"follow","max-snippet":"max-snippet:-1","max-image-preview":"max-image-preview:large","max-video-preview":"max-video-preview:-1"},"canonical":"https:\/\/flama.fi\/en\/product\/commercial-dance-alkeet-salla-syksy2026\/","og_locale":"en_US","og_type":"article","og_title":"Commercial Dance, beginners (16 sessions), Thursdays 27.8.\u201310.12. at 20.15\u201321.10, instructed by Salla Siniranta - Tanssistudio Flama","og_description":"Would you like to dance like a music video star? Join our beginner's commercial dance course\u2014no previous dance experience needed!","og_url":"https:\/\/flama.fi\/en\/product\/commercial-dance-alkeet-salla-syksy2026\/","og_site_name":"Tanssistudio Flama","article_modified_time":"2026-05-05T16:20:38+00:00","og_image":[{"width":1080,"height":1080,"url":"https:\/\/flama.fi\/wp-content\/uploads\/2022\/11\/salla-siniranta-1080x1080-2.jpg","type":"image\/jpeg"}],"twitter_card":"summary_large_image","twitter_misc":{"Est. reading time":"2 minutes"},"schema":{"@context":"https:\/\/schema.org","@graph":[{"@type":"WebPage","@id":"https:\/\/flama.fi\/en\/product\/commercial-dance-alkeet-salla-syksy2026\/","url":"https:\/\/flama.fi\/en\/product\/commercial-dance-alkeet-salla-syksy2026\/","name":"Commercial Dance, beginners (16 sessions), Thursdays 27.8.\u201310.12. at 20.15\u201321.10, instructed by Salla Siniranta - Tanssistudio Flama","isPartOf":{"@id":"https:\/\/flama.fi\/en\/#website"},"primaryImageOfPage":{"@id":"https:\/\/flama.fi\/en\/product\/commercial-dance-alkeet-salla-syksy2026\/#primaryimage"},"image":{"@id":"https:\/\/flama.fi\/en\/product\/commercial-dance-alkeet-salla-syksy2026\/#primaryimage"},"thumbnailUrl":"https:\/\/flama.fi\/wp-content\/uploads\/2022\/11\/salla-siniranta-1080x1080-2.jpg","datePublished":"2026-04-28T07:00:32+00:00","dateModified":"2026-05-05T16:20:38+00:00","description":"Would you like to dance like a music video star? Join our beginner's commercial dance course\u2014no previous dance experience needed!","breadcrumb":{"@id":"https:\/\/flama.fi\/en\/product\/commercial-dance-alkeet-salla-syksy2026\/#breadcrumb"},"inLanguage":"en-US","potentialAction":[{"@type":"ReadAction","target":["https:\/\/flama.fi\/en\/product\/commercial-dance-alkeet-salla-syksy2026\/"]}]},{"@type":"ImageObject","inLanguage":"en-US","@id":"https:\/\/flama.fi\/en\/product\/commercial-dance-alkeet-salla-syksy2026\/#primaryimage","url":"https:\/\/flama.fi\/wp-content\/uploads\/2022\/11\/salla-siniranta-1080x1080-2.jpg","contentUrl":"https:\/\/flama.fi\/wp-content\/uploads\/2022\/11\/salla-siniranta-1080x1080-2.jpg","width":1080,"height":1080,"caption":"Vaaleahiuksinen nainen hymyilee ja poseeraa kameralle. Henkil\u00f6ll\u00e4 on p\u00e4\u00e4ss\u00e4\u00e4n punainen lippalakki ja p\u00e4\u00e4ll\u00e4\u00e4n musta t-paita ja shortsit sek\u00e4 verkkosukkahousut. Kuvassa Salla-Sofia Siniranta."},{"@type":"BreadcrumbList","@id":"https:\/\/flama.fi\/en\/product\/commercial-dance-alkeet-salla-syksy2026\/#breadcrumb","itemListElement":[{"@type":"ListItem","position":1,"name":"Etusivu","item":"https:\/\/flama.fi\/en\/"},{"@type":"ListItem","position":2,"name":"Shop at","item":"https:\/\/flama.fi\/en\/shop\/"},{"@type":"ListItem","position":3,"name":"Commercial Dance, beginners (16 sessions), Thursdays 27.8.\u201310.12. at 20.15\u201321.10, instructed by Salla Siniranta"}]},{"@type":"WebSite","@id":"https:\/\/flama.fi\/en\/#website","url":"https:\/\/flama.fi\/en\/","name":"Tanssistudio Flama","description":"Turkulainen Tanssistudio","publisher":{"@id":"https:\/\/flama.fi\/en\/#organization"},"potentialAction":[{"@type":"SearchAction","target":{"@type":"EntryPoint","urlTemplate":"https:\/\/flama.fi\/en\/?s={search_term_string}"},"query-input":{"@type":"PropertyValueSpecification","valueRequired":true,"valueName":"search_term_string"}}],"inLanguage":"en-US"},{"@type":"Organization","@id":"https:\/\/flama.fi\/en\/#organization","name":"Tanssistudio Flama","url":"https:\/\/flama.fi\/en\/","logo":{"@type":"ImageObject","inLanguage":"en-US","@id":"https:\/\/flama.fi\/en\/#\/schema\/logo\/image\/","url":"https:\/\/flama.fi\/wp-content\/uploads\/2022\/07\/Flama-logo.png","contentUrl":"https:\/\/flama.fi\/wp-content\/uploads\/2022\/07\/Flama-logo.png","width":1240,"height":620,"caption":"Tanssistudio Flama"},"image":{"@id":"https:\/\/flama.fi\/en\/#\/schema\/logo\/image\/"}}]}},"_links":{"self":[{"href":"https:\/\/flama.fi\/en\/wp-json\/wp\/v2\/product\/95600","targetHints":{"allow":["GET"]}}],"collection":[{"href":"https:\/\/flama.fi\/en\/wp-json\/wp\/v2\/product"}],"about":[{"href":"https:\/\/flama.fi\/en\/wp-json\/wp\/v2\/types\/product"}],"version-history":[{"count":2,"href":"https:\/\/flama.fi\/en\/wp-json\/wp\/v2\/product\/95600\/revisions"}],"predecessor-version":[{"id":95603,"href":"https:\/\/flama.fi\/en\/wp-json\/wp\/v2\/product\/95600\/revisions\/95603"}],"wp:featuredmedia":[{"embeddable":true,"href":"https:\/\/flama.fi\/en\/wp-json\/wp\/v2\/media\/48811"}],"wp:attachment":[{"href":"https:\/\/flama.fi\/en\/wp-json\/wp\/v2\/media?parent=95600"}],"wp:term":[{"taxonomy":"product_brand","embeddable":true,"href":"https:\/\/flama.fi\/en\/wp-json\/wp\/v2\/product_brand?post=95600"},{"taxonomy":"product_cat","embeddable":true,"href":"https:\/\/flama.fi\/en\/wp-json\/wp\/v2\/product_cat?post=95600"},{"taxonomy":"product_tag","embeddable":true,"href":"https:\/\/flama.fi\/en\/wp-json\/wp\/v2\/product_tag?post=95600"}],"curies":[{"name":"wp","href":"https:\/\/api.w.org\/{rel}","templated":true}]}}