{"id":95502,"date":"2026-04-28T10:00:32","date_gmt":"2026-04-28T07:00:32","guid":{"rendered":"https:\/\/flama.fi\/tuote\/aikuisbaletti-alkeisjatko-syksy2026\/"},"modified":"2026-04-28T10:00:32","modified_gmt":"2026-04-28T07:00:32","slug":"aikuisbaletti-alkeisjatko-syksy2026","status":"publish","type":"product","link":"https:\/\/flama.fi\/en\/product\/aikuisbaletti-alkeisjatko-syksy2026\/","title":{"rendered":"Adult Ballet, improvers (15 sessions), Tuesdays 25.8.\u20131.12. at 19.15\u201320.10, instructed by Lyylia Koivuniemi"},"content":{"rendered":"<h3>What if I can&#8217;t participate every week?<\/h3>\n<p>Absences from classes can be made up during the same term in any other class or drop-in session. This way, no dance session will be wasted! <a href=\"https:\/\/flama.fi\/en\/info\/faq\/\">Read more.<\/a> <\/p>\n<h3>What should I bring with me?<\/h3>\n<p>Wear comfortable clothing that allows you to move freely and feel good.<\/p>\n<p> You can dance in your socks or in soft ballet shoes designed for practice. Be sure to bring a water bottle with you. <\/p>\n<h3>Adult Ballet<\/h3>\n<p>Adult ballet classes introduce participants to classical ballet technique, practice ballet-specific expression, and dance short sequences. Ballet develops deep muscles and improves balance, coordination and posture. In addition, the bodily expression gains new dimensions.<\/p>\n<p>The classes consist of warm-ups, exercises at the barre, floor work, and movement sequences. In Flama&#8217;s ballet classes, we dance in a relaxed, graceful, and lighthearted manner, without forgetting the basics of ballet. <\/p>\n<h3>Lyylia Koivuniemi<\/h3>\n<p>Lyylia is a dance teacher and professional dancer born in Turku. She studied at the Royal Danish Ballet School and the National Opera Ballet School and competed internationally before becoming a professional dancer. Her professional career has included classical leading roles, world premieres, international tours, and performances at galas and on television.  <\/p>\n<p>Now Lyylia focuses on teaching ballet and body maintenance, which has become her great passion. Lyylia&#8217;s teaching emphasizes a caring and knowledgeable approach, where, in addition to careful and safe dance technique, the classes always seek ways to empathize and enjoy dance. <\/p>\n<p>The most rewarding thing for Lyylia is when she can spread her love of dance and share it with her own dance students.<\/p>\n<p>More information about the course:<a href=\"mailto:info@flama.fi\"> info@flama.fi<\/a><\/p>\n","protected":false},"excerpt":{"rendered":"<p>In this course, we deepen our ballet technique and expression, and dance short combinations \u2013 all at a gentle pace.<\/p>\n<p>This course is suitable for those who have been actively dancing ballet for at least one year, such as those who have taken Flama\u2019s Adult Ballet Beginners B course.<\/p>\n<p><b>Time:<\/b> Tuesdays 25.8.\u20131.12. at 19.15\u201320.10<br \/>\n<b>Place<\/b>: Flama Rauhankatu (Rauhankatu 15, 20100 Turku)<br \/>\n<b>Level<\/b>: improvers<br \/>\n<b>Teacher:<\/b> <a href=\"https:\/\/flama.fi\/en\/instructors\/lyylia-koivuniemi\/\">Lyylia Koivuniemi<\/a><\/p>\n<p>Kurssimaksu sis\u00e4lt\u00e4\u00e4 15 \u00d7 55 min opetuskertaa.<\/p>\n<p><b>Reserve your spot early and take advantage of the discount price<\/b><br \/>\nIf you pay for the course by Sunday, August 16, 2026, you\u2019ll get it at a lower price.<\/p>\n<p>If you would like to pay part of the course fee with a tyky benefit (e.g., Smartum, Edenred, ePassi), please register by sending an email to: info@flama.fi.<\/p>\n<p>Thinking of taking more than one course? With the Flama<b><a href=\"https:\/\/flama.fi\/en\/product\/anytime-autumn-2026\/\"> Anytime Card<\/a><\/b>, you can dance as much as you want all autumn long. If you already have an Anytime pass, register for the courses by email: <a href=\"mailto:info@flama.fi\">info@flama.fi<\/a><\/p>\n","protected":false},"featured_media":92909,"template":"","meta":{"inline_featured_image":false},"product_brand":[],"product_cat":[3669],"product_tag":[2186,2105,4438,2188,4077,2518,4416,838],"class_list":{"0":"post-95502","1":"product","2":"type-product","3":"status-publish","4":"has-post-thumbnail","6":"product_cat-courses-in-autumn","7":"product_tag-aikuisbaletti-en","8":"product_tag-alkeisjatko-en","9":"product_tag-autumn-2026","10":"product_tag-baletti-en","11":"product_tag-courses","12":"product_tag-flama-rauhankatu-en","13":"product_tag-lyylia-koivuniemi","14":"product_tag-tanssistudio-flama-en","16":"first","17":"instock","18":"sale","19":"virtual","20":"taxable","21":"purchasable","22":"product-type-simple"},"yoast_head":"<!-- This site is optimized with the Yoast SEO plugin v27.5 - https:\/\/yoast.com\/product\/yoast-seo-wordpress\/ -->\n<title>Adult Ballet, improvers (15 sessions), Tuesdays 25.8.\u20131.12. at 19.15\u201320.10, instructed by Lyylia Koivuniemi - Tanssistudio Flama<\/title>\n<meta name=\"description\" content=\"Have you been dancing ballet for about a year? Welcome to the improver course to deepen your ballet technique and expression, and to dance short combinations.\" \/>\n<meta name=\"robots\" content=\"index, follow, max-snippet:-1, max-image-preview:large, max-video-preview:-1\" \/>\n<link rel=\"canonical\" href=\"https:\/\/flama.fi\/en\/product\/aikuisbaletti-alkeisjatko-syksy2026\/\" \/>\n<meta property=\"og:locale\" content=\"en_US\" \/>\n<meta property=\"og:type\" content=\"article\" \/>\n<meta property=\"og:title\" content=\"Adult Ballet, improvers (15 sessions), Tuesdays 25.8.\u20131.12. at 19.15\u201320.10, instructed by Lyylia Koivuniemi - Tanssistudio Flama\" \/>\n<meta property=\"og:description\" content=\"Have you been dancing ballet for about a year? Welcome to the improver course to deepen your ballet technique and expression, and to dance short combinations.\" \/>\n<meta property=\"og:url\" content=\"https:\/\/flama.fi\/en\/product\/aikuisbaletti-alkeisjatko-syksy2026\/\" \/>\n<meta property=\"og:site_name\" content=\"Tanssistudio Flama\" \/>\n<meta property=\"og:image\" content=\"https:\/\/flama.fi\/wp-content\/uploads\/2026\/03\/lyylia_koivuniemi_vaaka.jpg\" \/>\n\t<meta property=\"og:image:width\" content=\"1440\" \/>\n\t<meta property=\"og:image:height\" content=\"1080\" \/>\n\t<meta property=\"og:image:type\" content=\"image\/jpeg\" \/>\n<meta name=\"twitter:card\" content=\"summary_large_image\" \/>\n<meta name=\"twitter:label1\" content=\"Est. reading time\" \/>\n\t<meta name=\"twitter:data1\" content=\"1 minute\" \/>\n<script type=\"application\/ld+json\" class=\"yoast-schema-graph\">{\"@context\":\"https:\\\/\\\/schema.org\",\"@graph\":[{\"@type\":\"WebPage\",\"@id\":\"https:\\\/\\\/flama.fi\\\/en\\\/product\\\/aikuisbaletti-alkeisjatko-syksy2026\\\/\",\"url\":\"https:\\\/\\\/flama.fi\\\/en\\\/product\\\/aikuisbaletti-alkeisjatko-syksy2026\\\/\",\"name\":\"Adult Ballet, improvers (15 sessions), Tuesdays 25.8.\u20131.12. at 19.15\u201320.10, instructed by Lyylia Koivuniemi - Tanssistudio Flama\",\"isPartOf\":{\"@id\":\"https:\\\/\\\/flama.fi\\\/en\\\/#website\"},\"primaryImageOfPage\":{\"@id\":\"https:\\\/\\\/flama.fi\\\/en\\\/product\\\/aikuisbaletti-alkeisjatko-syksy2026\\\/#primaryimage\"},\"image\":{\"@id\":\"https:\\\/\\\/flama.fi\\\/en\\\/product\\\/aikuisbaletti-alkeisjatko-syksy2026\\\/#primaryimage\"},\"thumbnailUrl\":\"https:\\\/\\\/flama.fi\\\/wp-content\\\/uploads\\\/2026\\\/03\\\/lyylia_koivuniemi_vaaka.jpg\",\"datePublished\":\"2026-04-28T07:00:32+00:00\",\"description\":\"Have you been dancing ballet for about a year? Welcome to the improver course to deepen your ballet technique and expression, and to dance short combinations.\",\"breadcrumb\":{\"@id\":\"https:\\\/\\\/flama.fi\\\/en\\\/product\\\/aikuisbaletti-alkeisjatko-syksy2026\\\/#breadcrumb\"},\"inLanguage\":\"en-US\",\"potentialAction\":[{\"@type\":\"ReadAction\",\"target\":[\"https:\\\/\\\/flama.fi\\\/en\\\/product\\\/aikuisbaletti-alkeisjatko-syksy2026\\\/\"]}]},{\"@type\":\"ImageObject\",\"inLanguage\":\"en-US\",\"@id\":\"https:\\\/\\\/flama.fi\\\/en\\\/product\\\/aikuisbaletti-alkeisjatko-syksy2026\\\/#primaryimage\",\"url\":\"https:\\\/\\\/flama.fi\\\/wp-content\\\/uploads\\\/2026\\\/03\\\/lyylia_koivuniemi_vaaka.jpg\",\"contentUrl\":\"https:\\\/\\\/flama.fi\\\/wp-content\\\/uploads\\\/2026\\\/03\\\/lyylia_koivuniemi_vaaka.jpg\",\"width\":1440,\"height\":1080},{\"@type\":\"BreadcrumbList\",\"@id\":\"https:\\\/\\\/flama.fi\\\/en\\\/product\\\/aikuisbaletti-alkeisjatko-syksy2026\\\/#breadcrumb\",\"itemListElement\":[{\"@type\":\"ListItem\",\"position\":1,\"name\":\"Etusivu\",\"item\":\"https:\\\/\\\/flama.fi\\\/en\\\/\"},{\"@type\":\"ListItem\",\"position\":2,\"name\":\"Shop at\",\"item\":\"https:\\\/\\\/flama.fi\\\/en\\\/shop\\\/\"},{\"@type\":\"ListItem\",\"position\":3,\"name\":\"Adult Ballet, improvers (15 sessions), Tuesdays 25.8.\u20131.12. at 19.15\u201320.10, instructed by Lyylia Koivuniemi\"}]},{\"@type\":\"WebSite\",\"@id\":\"https:\\\/\\\/flama.fi\\\/en\\\/#website\",\"url\":\"https:\\\/\\\/flama.fi\\\/en\\\/\",\"name\":\"Tanssistudio Flama\",\"description\":\"Turkulainen Tanssistudio\",\"publisher\":{\"@id\":\"https:\\\/\\\/flama.fi\\\/en\\\/#organization\"},\"potentialAction\":[{\"@type\":\"SearchAction\",\"target\":{\"@type\":\"EntryPoint\",\"urlTemplate\":\"https:\\\/\\\/flama.fi\\\/en\\\/?s={search_term_string}\"},\"query-input\":{\"@type\":\"PropertyValueSpecification\",\"valueRequired\":true,\"valueName\":\"search_term_string\"}}],\"inLanguage\":\"en-US\"},{\"@type\":\"Organization\",\"@id\":\"https:\\\/\\\/flama.fi\\\/en\\\/#organization\",\"name\":\"Tanssistudio Flama\",\"url\":\"https:\\\/\\\/flama.fi\\\/en\\\/\",\"logo\":{\"@type\":\"ImageObject\",\"inLanguage\":\"en-US\",\"@id\":\"https:\\\/\\\/flama.fi\\\/en\\\/#\\\/schema\\\/logo\\\/image\\\/\",\"url\":\"https:\\\/\\\/flama.fi\\\/wp-content\\\/uploads\\\/2022\\\/07\\\/Flama-logo.png\",\"contentUrl\":\"https:\\\/\\\/flama.fi\\\/wp-content\\\/uploads\\\/2022\\\/07\\\/Flama-logo.png\",\"width\":1240,\"height\":620,\"caption\":\"Tanssistudio Flama\"},\"image\":{\"@id\":\"https:\\\/\\\/flama.fi\\\/en\\\/#\\\/schema\\\/logo\\\/image\\\/\"}}]}<\/script>\n<!-- \/ Yoast SEO plugin. -->","yoast_head_json":{"title":"Adult Ballet, improvers (15 sessions), Tuesdays 25.8.\u20131.12. at 19.15\u201320.10, instructed by Lyylia Koivuniemi - Tanssistudio Flama","description":"Have you been dancing ballet for about a year? Welcome to the improver course to deepen your ballet technique and expression, and to dance short combinations.","robots":{"index":"index","follow":"follow","max-snippet":"max-snippet:-1","max-image-preview":"max-image-preview:large","max-video-preview":"max-video-preview:-1"},"canonical":"https:\/\/flama.fi\/en\/product\/aikuisbaletti-alkeisjatko-syksy2026\/","og_locale":"en_US","og_type":"article","og_title":"Adult Ballet, improvers (15 sessions), Tuesdays 25.8.\u20131.12. at 19.15\u201320.10, instructed by Lyylia Koivuniemi - Tanssistudio Flama","og_description":"Have you been dancing ballet for about a year? Welcome to the improver course to deepen your ballet technique and expression, and to dance short combinations.","og_url":"https:\/\/flama.fi\/en\/product\/aikuisbaletti-alkeisjatko-syksy2026\/","og_site_name":"Tanssistudio Flama","og_image":[{"width":1440,"height":1080,"url":"https:\/\/flama.fi\/wp-content\/uploads\/2026\/03\/lyylia_koivuniemi_vaaka.jpg","type":"image\/jpeg"}],"twitter_card":"summary_large_image","twitter_misc":{"Est. reading time":"1 minute"},"schema":{"@context":"https:\/\/schema.org","@graph":[{"@type":"WebPage","@id":"https:\/\/flama.fi\/en\/product\/aikuisbaletti-alkeisjatko-syksy2026\/","url":"https:\/\/flama.fi\/en\/product\/aikuisbaletti-alkeisjatko-syksy2026\/","name":"Adult Ballet, improvers (15 sessions), Tuesdays 25.8.\u20131.12. at 19.15\u201320.10, instructed by Lyylia Koivuniemi - Tanssistudio Flama","isPartOf":{"@id":"https:\/\/flama.fi\/en\/#website"},"primaryImageOfPage":{"@id":"https:\/\/flama.fi\/en\/product\/aikuisbaletti-alkeisjatko-syksy2026\/#primaryimage"},"image":{"@id":"https:\/\/flama.fi\/en\/product\/aikuisbaletti-alkeisjatko-syksy2026\/#primaryimage"},"thumbnailUrl":"https:\/\/flama.fi\/wp-content\/uploads\/2026\/03\/lyylia_koivuniemi_vaaka.jpg","datePublished":"2026-04-28T07:00:32+00:00","description":"Have you been dancing ballet for about a year? Welcome to the improver course to deepen your ballet technique and expression, and to dance short combinations.","breadcrumb":{"@id":"https:\/\/flama.fi\/en\/product\/aikuisbaletti-alkeisjatko-syksy2026\/#breadcrumb"},"inLanguage":"en-US","potentialAction":[{"@type":"ReadAction","target":["https:\/\/flama.fi\/en\/product\/aikuisbaletti-alkeisjatko-syksy2026\/"]}]},{"@type":"ImageObject","inLanguage":"en-US","@id":"https:\/\/flama.fi\/en\/product\/aikuisbaletti-alkeisjatko-syksy2026\/#primaryimage","url":"https:\/\/flama.fi\/wp-content\/uploads\/2026\/03\/lyylia_koivuniemi_vaaka.jpg","contentUrl":"https:\/\/flama.fi\/wp-content\/uploads\/2026\/03\/lyylia_koivuniemi_vaaka.jpg","width":1440,"height":1080},{"@type":"BreadcrumbList","@id":"https:\/\/flama.fi\/en\/product\/aikuisbaletti-alkeisjatko-syksy2026\/#breadcrumb","itemListElement":[{"@type":"ListItem","position":1,"name":"Etusivu","item":"https:\/\/flama.fi\/en\/"},{"@type":"ListItem","position":2,"name":"Shop at","item":"https:\/\/flama.fi\/en\/shop\/"},{"@type":"ListItem","position":3,"name":"Adult Ballet, improvers (15 sessions), Tuesdays 25.8.\u20131.12. at 19.15\u201320.10, instructed by Lyylia Koivuniemi"}]},{"@type":"WebSite","@id":"https:\/\/flama.fi\/en\/#website","url":"https:\/\/flama.fi\/en\/","name":"Tanssistudio Flama","description":"Turkulainen Tanssistudio","publisher":{"@id":"https:\/\/flama.fi\/en\/#organization"},"potentialAction":[{"@type":"SearchAction","target":{"@type":"EntryPoint","urlTemplate":"https:\/\/flama.fi\/en\/?s={search_term_string}"},"query-input":{"@type":"PropertyValueSpecification","valueRequired":true,"valueName":"search_term_string"}}],"inLanguage":"en-US"},{"@type":"Organization","@id":"https:\/\/flama.fi\/en\/#organization","name":"Tanssistudio Flama","url":"https:\/\/flama.fi\/en\/","logo":{"@type":"ImageObject","inLanguage":"en-US","@id":"https:\/\/flama.fi\/en\/#\/schema\/logo\/image\/","url":"https:\/\/flama.fi\/wp-content\/uploads\/2022\/07\/Flama-logo.png","contentUrl":"https:\/\/flama.fi\/wp-content\/uploads\/2022\/07\/Flama-logo.png","width":1240,"height":620,"caption":"Tanssistudio Flama"},"image":{"@id":"https:\/\/flama.fi\/en\/#\/schema\/logo\/image\/"}}]}},"_links":{"self":[{"href":"https:\/\/flama.fi\/en\/wp-json\/wp\/v2\/product\/95502","targetHints":{"allow":["GET"]}}],"collection":[{"href":"https:\/\/flama.fi\/en\/wp-json\/wp\/v2\/product"}],"about":[{"href":"https:\/\/flama.fi\/en\/wp-json\/wp\/v2\/types\/product"}],"version-history":[{"count":0,"href":"https:\/\/flama.fi\/en\/wp-json\/wp\/v2\/product\/95502\/revisions"}],"wp:featuredmedia":[{"embeddable":true,"href":"https:\/\/flama.fi\/en\/wp-json\/wp\/v2\/media\/92909"}],"wp:attachment":[{"href":"https:\/\/flama.fi\/en\/wp-json\/wp\/v2\/media?parent=95502"}],"wp:term":[{"taxonomy":"product_brand","embeddable":true,"href":"https:\/\/flama.fi\/en\/wp-json\/wp\/v2\/product_brand?post=95502"},{"taxonomy":"product_cat","embeddable":true,"href":"https:\/\/flama.fi\/en\/wp-json\/wp\/v2\/product_cat?post=95502"},{"taxonomy":"product_tag","embeddable":true,"href":"https:\/\/flama.fi\/en\/wp-json\/wp\/v2\/product_tag?post=95502"}],"curies":[{"name":"wp","href":"https:\/\/api.w.org\/{rel}","templated":true}]}}