{"id":94277,"date":"2026-03-17T09:59:38","date_gmt":"2026-03-17T07:59:38","guid":{"rendered":"https:\/\/flama.fi\/tuote\/fasciamethod-kurssi1-sarianna-kesa2026\/"},"modified":"2026-04-01T15:58:38","modified_gmt":"2026-04-01T12:58:38","slug":"fasciamethod-kurssi1-sarianna-kesa2026","status":"publish","type":"product","link":"https:\/\/flama.fi\/en\/product\/fasciamethod-kurssi1-sarianna-kesa2026\/","title":{"rendered":"FasciaMethod, beginners (5 sessions), Mondays 1.6.\u201329.6. at 17.15\u201318.10, instructed by Sarianna Jakobsson"},"content":{"rendered":"<h3>What if I can&#8217;t participate every week?<\/h3>\n<p>Absences from classes can be made up during the same term in any other class or drop-in session. This way, no dance session will be wasted! <a href=\"https:\/\/flama.fi\/en\/info\/faq\/\">Read more.<\/a><\/p>\n<h3>What should I bring with me?<\/h3>\n<p>Wear comfortable clothing that allows you to move freely and feel good.<\/p>\n<p>You don&#8217;t need shoes for the class, but you can bring your own water bottle and yoga\/stretching mat. Our studio also has mats available to borrow for the duration of the class.<\/p>\n<h3>FasciaMethod<\/h3>\n<p>FasciaMethod is a holistic body maintenance method developed by Finnish physiotherapists. In FasciaMethod, the body&#8217;s mobility is improved with various mobility exercises, dynamic stretches, movement control training and by manipulating fascias with a ball. The exercises are done in sync with your breath, and the classes end with a relaxation.<\/p>\n<p>FasciaMethod classes are suitable for anyone who wants to improve their body\u2019s well-being.<\/p>\n<h3>Sarianna Jakobsson<\/h3>\n<p>Sarianna Jakobsson is a FasciaMethod instructor, 3 PhysioPilates instructor, a physiotherapist, a personal trainer and a basic sexologist. She has trained extensively over the years, and in physiotherapy, her specialization has been strongly focused on maternity physiotherapy.<\/p>\n<p>More information about the course:<a href=\"mailto:info@flama.fi\"> info@flama.fi<\/a><\/p>\n","protected":false},"excerpt":{"rendered":"<p>Come and take care of your body in a wonderfully relaxing FasciaMethod course. The classes will develop mobility through different exercises and the use of a fascia ball.<\/p>\n<p>You don\u2019t need any prior experience with fascia training to join this course.<\/p>\n<p><b>Time<\/b>: Mondays 1.6.\u201329.6. at 17.15\u201318.10<br \/>\n<b>Place<\/b>: Flama Rauhankatu (Rauhankatu 15, 20100 Turku)<br \/>\n<b>Level<\/b>: beginners<br \/>\n<b>Teacher:<\/b> <a href=\"https:\/\/flama.fi\/en\/instructors\/sarianna-jakobsson\/\">Sarianna Jakobsson<\/a><\/p>\n<p>The course fee includes 5 x 55 min sessions.<\/p>\n<p><b>Reserve your spot early and take advantage of the pre-registration price.<\/b> By buying the course by 24.5.2026, you can get it at a discounted rate.<\/p>\n<p>If you would like to pay part of the course fee with a tyky benefit (e.g., Smartum, Edenred, ePassi), please register by sending an email to: info@flama.fi.<\/p>\n<p><b>Thinking of taking multiple courses<\/b>? With the Flama <a href=\"https:\/\/flama.fi\/en\/product\/anytime-kesa2026\/\">Anytime pass<\/a>, you can dance unlimitedly throughout the spring season. If you already have an Anytime pass, register for the courses by email: info@flama.fi If you already have an Anytime pass, register for the courses by email: <a href=\"mailto:info@flama.fi\">info@flama.fi<\/a><\/p>\n","protected":false},"featured_media":48807,"template":"","meta":{"inline_featured_image":false},"product_brand":[],"product_cat":[4017],"product_tag":[1241,2763,4077,1892,2518,4350,2957,838],"class_list":{"0":"post-94277","1":"product","2":"type-product","3":"status-publish","4":"has-post-thumbnail","6":"product_cat-summer-courses","7":"product_tag-beginners","8":"product_tag-body-maintenance-en","9":"product_tag-courses","10":"product_tag-fasciamethod-en","11":"product_tag-flama-rauhankatu-en","12":"product_tag-kesa-2026","13":"product_tag-sarianna-jakobsson-en","14":"product_tag-tanssistudio-flama-en","16":"first","17":"instock","18":"sale","19":"virtual","20":"taxable","21":"purchasable","22":"product-type-simple"},"yoast_head":"<!-- This site is optimized with the Yoast SEO plugin v27.3 - https:\/\/yoast.com\/product\/yoast-seo-wordpress\/ -->\n<title>FasciaMethod, beginners (5 sessions), Mondays 1.6.\u201329.6. at 17.15\u201318.10, instructed by Sarianna Jakobsson - Tanssistudio Flama<\/title>\n<meta name=\"description\" content=\"Come take care of your body in the gentle FasciaMethod course. The classes will develop mobility through different exercises and the use of a fascia ball.\" \/>\n<meta name=\"robots\" content=\"index, follow, max-snippet:-1, max-image-preview:large, max-video-preview:-1\" \/>\n<link rel=\"canonical\" href=\"https:\/\/flama.fi\/en\/product\/fasciamethod-kurssi1-sarianna-kesa2026\/\" \/>\n<meta property=\"og:locale\" content=\"en_US\" \/>\n<meta property=\"og:type\" content=\"article\" \/>\n<meta property=\"og:title\" content=\"FasciaMethod, beginners (5 sessions), Mondays 1.6.\u201329.6. at 17.15\u201318.10, instructed by Sarianna Jakobsson - Tanssistudio Flama\" \/>\n<meta property=\"og:description\" content=\"Come take care of your body in the gentle FasciaMethod course. The classes will develop mobility through different exercises and the use of a fascia ball.\" \/>\n<meta property=\"og:url\" content=\"https:\/\/flama.fi\/en\/product\/fasciamethod-kurssi1-sarianna-kesa2026\/\" \/>\n<meta property=\"og:site_name\" content=\"Tanssistudio Flama\" \/>\n<meta property=\"article:modified_time\" content=\"2026-04-01T12:58:38+00:00\" \/>\n<meta property=\"og:image\" content=\"https:\/\/flama.fi\/wp-content\/uploads\/2022\/11\/Sarianna-Jakobsson-1080x1080-2.jpg\" \/>\n\t<meta property=\"og:image:width\" content=\"1080\" \/>\n\t<meta property=\"og:image:height\" content=\"1080\" \/>\n\t<meta property=\"og:image:type\" content=\"image\/jpeg\" \/>\n<meta name=\"twitter:card\" content=\"summary_large_image\" \/>\n<meta name=\"twitter:label1\" content=\"Est. reading time\" \/>\n\t<meta name=\"twitter:data1\" content=\"2 minutes\" \/>\n<script type=\"application\/ld+json\" class=\"yoast-schema-graph\">{\"@context\":\"https:\\\/\\\/schema.org\",\"@graph\":[{\"@type\":\"WebPage\",\"@id\":\"https:\\\/\\\/flama.fi\\\/en\\\/product\\\/fasciamethod-kurssi1-sarianna-kesa2026\\\/\",\"url\":\"https:\\\/\\\/flama.fi\\\/en\\\/product\\\/fasciamethod-kurssi1-sarianna-kesa2026\\\/\",\"name\":\"FasciaMethod, beginners (5 sessions), Mondays 1.6.\u201329.6. at 17.15\u201318.10, instructed by Sarianna Jakobsson - Tanssistudio Flama\",\"isPartOf\":{\"@id\":\"https:\\\/\\\/flama.fi\\\/en\\\/#website\"},\"primaryImageOfPage\":{\"@id\":\"https:\\\/\\\/flama.fi\\\/en\\\/product\\\/fasciamethod-kurssi1-sarianna-kesa2026\\\/#primaryimage\"},\"image\":{\"@id\":\"https:\\\/\\\/flama.fi\\\/en\\\/product\\\/fasciamethod-kurssi1-sarianna-kesa2026\\\/#primaryimage\"},\"thumbnailUrl\":\"https:\\\/\\\/flama.fi\\\/wp-content\\\/uploads\\\/2022\\\/11\\\/Sarianna-Jakobsson-1080x1080-2.jpg\",\"datePublished\":\"2026-03-17T07:59:38+00:00\",\"dateModified\":\"2026-04-01T12:58:38+00:00\",\"description\":\"Come take care of your body in the gentle FasciaMethod course. The classes will develop mobility through different exercises and the use of a fascia ball.\",\"breadcrumb\":{\"@id\":\"https:\\\/\\\/flama.fi\\\/en\\\/product\\\/fasciamethod-kurssi1-sarianna-kesa2026\\\/#breadcrumb\"},\"inLanguage\":\"en-US\",\"potentialAction\":[{\"@type\":\"ReadAction\",\"target\":[\"https:\\\/\\\/flama.fi\\\/en\\\/product\\\/fasciamethod-kurssi1-sarianna-kesa2026\\\/\"]}]},{\"@type\":\"ImageObject\",\"inLanguage\":\"en-US\",\"@id\":\"https:\\\/\\\/flama.fi\\\/en\\\/product\\\/fasciamethod-kurssi1-sarianna-kesa2026\\\/#primaryimage\",\"url\":\"https:\\\/\\\/flama.fi\\\/wp-content\\\/uploads\\\/2022\\\/11\\\/Sarianna-Jakobsson-1080x1080-2.jpg\",\"contentUrl\":\"https:\\\/\\\/flama.fi\\\/wp-content\\\/uploads\\\/2022\\\/11\\\/Sarianna-Jakobsson-1080x1080-2.jpg\",\"width\":1080,\"height\":1080,\"caption\":\"Ruskeasilm\u00e4inen ja ruskeahiuksinen nainen hymyilee ja katsoo kameraan, p\u00e4\u00e4ll\u00e4\u00e4n lila paita. Kuvassa Sarianna Jakobsson.\"},{\"@type\":\"BreadcrumbList\",\"@id\":\"https:\\\/\\\/flama.fi\\\/en\\\/product\\\/fasciamethod-kurssi1-sarianna-kesa2026\\\/#breadcrumb\",\"itemListElement\":[{\"@type\":\"ListItem\",\"position\":1,\"name\":\"Etusivu\",\"item\":\"https:\\\/\\\/flama.fi\\\/en\\\/\"},{\"@type\":\"ListItem\",\"position\":2,\"name\":\"Shop\",\"item\":\"https:\\\/\\\/flama.fi\\\/en\\\/shop\\\/\"},{\"@type\":\"ListItem\",\"position\":3,\"name\":\"FasciaMethod, beginners (5 sessions), Mondays 1.6.\u201329.6. at 17.15\u201318.10, instructed by Sarianna Jakobsson\"}]},{\"@type\":\"WebSite\",\"@id\":\"https:\\\/\\\/flama.fi\\\/en\\\/#website\",\"url\":\"https:\\\/\\\/flama.fi\\\/en\\\/\",\"name\":\"Tanssistudio Flama\",\"description\":\"Turkulainen Tanssistudio\",\"publisher\":{\"@id\":\"https:\\\/\\\/flama.fi\\\/en\\\/#organization\"},\"potentialAction\":[{\"@type\":\"SearchAction\",\"target\":{\"@type\":\"EntryPoint\",\"urlTemplate\":\"https:\\\/\\\/flama.fi\\\/en\\\/?s={search_term_string}\"},\"query-input\":{\"@type\":\"PropertyValueSpecification\",\"valueRequired\":true,\"valueName\":\"search_term_string\"}}],\"inLanguage\":\"en-US\"},{\"@type\":\"Organization\",\"@id\":\"https:\\\/\\\/flama.fi\\\/en\\\/#organization\",\"name\":\"Tanssistudio Flama\",\"url\":\"https:\\\/\\\/flama.fi\\\/en\\\/\",\"logo\":{\"@type\":\"ImageObject\",\"inLanguage\":\"en-US\",\"@id\":\"https:\\\/\\\/flama.fi\\\/en\\\/#\\\/schema\\\/logo\\\/image\\\/\",\"url\":\"https:\\\/\\\/flama.fi\\\/wp-content\\\/uploads\\\/2022\\\/07\\\/Flama-logo.png\",\"contentUrl\":\"https:\\\/\\\/flama.fi\\\/wp-content\\\/uploads\\\/2022\\\/07\\\/Flama-logo.png\",\"width\":1240,\"height\":620,\"caption\":\"Tanssistudio Flama\"},\"image\":{\"@id\":\"https:\\\/\\\/flama.fi\\\/en\\\/#\\\/schema\\\/logo\\\/image\\\/\"}}]}<\/script>\n<!-- \/ Yoast SEO plugin. -->","yoast_head_json":{"title":"FasciaMethod, beginners (5 sessions), Mondays 1.6.\u201329.6. at 17.15\u201318.10, instructed by Sarianna Jakobsson - Tanssistudio Flama","description":"Come take care of your body in the gentle FasciaMethod course. The classes will develop mobility through different exercises and the use of a fascia ball.","robots":{"index":"index","follow":"follow","max-snippet":"max-snippet:-1","max-image-preview":"max-image-preview:large","max-video-preview":"max-video-preview:-1"},"canonical":"https:\/\/flama.fi\/en\/product\/fasciamethod-kurssi1-sarianna-kesa2026\/","og_locale":"en_US","og_type":"article","og_title":"FasciaMethod, beginners (5 sessions), Mondays 1.6.\u201329.6. at 17.15\u201318.10, instructed by Sarianna Jakobsson - Tanssistudio Flama","og_description":"Come take care of your body in the gentle FasciaMethod course. The classes will develop mobility through different exercises and the use of a fascia ball.","og_url":"https:\/\/flama.fi\/en\/product\/fasciamethod-kurssi1-sarianna-kesa2026\/","og_site_name":"Tanssistudio Flama","article_modified_time":"2026-04-01T12:58:38+00:00","og_image":[{"width":1080,"height":1080,"url":"https:\/\/flama.fi\/wp-content\/uploads\/2022\/11\/Sarianna-Jakobsson-1080x1080-2.jpg","type":"image\/jpeg"}],"twitter_card":"summary_large_image","twitter_misc":{"Est. reading time":"2 minutes"},"schema":{"@context":"https:\/\/schema.org","@graph":[{"@type":"WebPage","@id":"https:\/\/flama.fi\/en\/product\/fasciamethod-kurssi1-sarianna-kesa2026\/","url":"https:\/\/flama.fi\/en\/product\/fasciamethod-kurssi1-sarianna-kesa2026\/","name":"FasciaMethod, beginners (5 sessions), Mondays 1.6.\u201329.6. at 17.15\u201318.10, instructed by Sarianna Jakobsson - Tanssistudio Flama","isPartOf":{"@id":"https:\/\/flama.fi\/en\/#website"},"primaryImageOfPage":{"@id":"https:\/\/flama.fi\/en\/product\/fasciamethod-kurssi1-sarianna-kesa2026\/#primaryimage"},"image":{"@id":"https:\/\/flama.fi\/en\/product\/fasciamethod-kurssi1-sarianna-kesa2026\/#primaryimage"},"thumbnailUrl":"https:\/\/flama.fi\/wp-content\/uploads\/2022\/11\/Sarianna-Jakobsson-1080x1080-2.jpg","datePublished":"2026-03-17T07:59:38+00:00","dateModified":"2026-04-01T12:58:38+00:00","description":"Come take care of your body in the gentle FasciaMethod course. The classes will develop mobility through different exercises and the use of a fascia ball.","breadcrumb":{"@id":"https:\/\/flama.fi\/en\/product\/fasciamethod-kurssi1-sarianna-kesa2026\/#breadcrumb"},"inLanguage":"en-US","potentialAction":[{"@type":"ReadAction","target":["https:\/\/flama.fi\/en\/product\/fasciamethod-kurssi1-sarianna-kesa2026\/"]}]},{"@type":"ImageObject","inLanguage":"en-US","@id":"https:\/\/flama.fi\/en\/product\/fasciamethod-kurssi1-sarianna-kesa2026\/#primaryimage","url":"https:\/\/flama.fi\/wp-content\/uploads\/2022\/11\/Sarianna-Jakobsson-1080x1080-2.jpg","contentUrl":"https:\/\/flama.fi\/wp-content\/uploads\/2022\/11\/Sarianna-Jakobsson-1080x1080-2.jpg","width":1080,"height":1080,"caption":"Ruskeasilm\u00e4inen ja ruskeahiuksinen nainen hymyilee ja katsoo kameraan, p\u00e4\u00e4ll\u00e4\u00e4n lila paita. Kuvassa Sarianna Jakobsson."},{"@type":"BreadcrumbList","@id":"https:\/\/flama.fi\/en\/product\/fasciamethod-kurssi1-sarianna-kesa2026\/#breadcrumb","itemListElement":[{"@type":"ListItem","position":1,"name":"Etusivu","item":"https:\/\/flama.fi\/en\/"},{"@type":"ListItem","position":2,"name":"Shop","item":"https:\/\/flama.fi\/en\/shop\/"},{"@type":"ListItem","position":3,"name":"FasciaMethod, beginners (5 sessions), Mondays 1.6.\u201329.6. at 17.15\u201318.10, instructed by Sarianna Jakobsson"}]},{"@type":"WebSite","@id":"https:\/\/flama.fi\/en\/#website","url":"https:\/\/flama.fi\/en\/","name":"Tanssistudio Flama","description":"Turkulainen Tanssistudio","publisher":{"@id":"https:\/\/flama.fi\/en\/#organization"},"potentialAction":[{"@type":"SearchAction","target":{"@type":"EntryPoint","urlTemplate":"https:\/\/flama.fi\/en\/?s={search_term_string}"},"query-input":{"@type":"PropertyValueSpecification","valueRequired":true,"valueName":"search_term_string"}}],"inLanguage":"en-US"},{"@type":"Organization","@id":"https:\/\/flama.fi\/en\/#organization","name":"Tanssistudio Flama","url":"https:\/\/flama.fi\/en\/","logo":{"@type":"ImageObject","inLanguage":"en-US","@id":"https:\/\/flama.fi\/en\/#\/schema\/logo\/image\/","url":"https:\/\/flama.fi\/wp-content\/uploads\/2022\/07\/Flama-logo.png","contentUrl":"https:\/\/flama.fi\/wp-content\/uploads\/2022\/07\/Flama-logo.png","width":1240,"height":620,"caption":"Tanssistudio Flama"},"image":{"@id":"https:\/\/flama.fi\/en\/#\/schema\/logo\/image\/"}}]}},"_links":{"self":[{"href":"https:\/\/flama.fi\/en\/wp-json\/wp\/v2\/product\/94277","targetHints":{"allow":["GET"]}}],"collection":[{"href":"https:\/\/flama.fi\/en\/wp-json\/wp\/v2\/product"}],"about":[{"href":"https:\/\/flama.fi\/en\/wp-json\/wp\/v2\/types\/product"}],"version-history":[{"count":1,"href":"https:\/\/flama.fi\/en\/wp-json\/wp\/v2\/product\/94277\/revisions"}],"predecessor-version":[{"id":94278,"href":"https:\/\/flama.fi\/en\/wp-json\/wp\/v2\/product\/94277\/revisions\/94278"}],"wp:featuredmedia":[{"embeddable":true,"href":"https:\/\/flama.fi\/en\/wp-json\/wp\/v2\/media\/48807"}],"wp:attachment":[{"href":"https:\/\/flama.fi\/en\/wp-json\/wp\/v2\/media?parent=94277"}],"wp:term":[{"taxonomy":"product_brand","embeddable":true,"href":"https:\/\/flama.fi\/en\/wp-json\/wp\/v2\/product_brand?post=94277"},{"taxonomy":"product_cat","embeddable":true,"href":"https:\/\/flama.fi\/en\/wp-json\/wp\/v2\/product_cat?post=94277"},{"taxonomy":"product_tag","embeddable":true,"href":"https:\/\/flama.fi\/en\/wp-json\/wp\/v2\/product_tag?post=94277"}],"curies":[{"name":"wp","href":"https:\/\/api.w.org\/{rel}","templated":true}]}}