{"id":94257,"date":"2026-03-17T10:01:18","date_gmt":"2026-03-17T08:01:18","guid":{"rendered":"https:\/\/flama.fi\/tuote\/oriental-dance-beginners-course2-ilona-summer2026\/"},"modified":"2026-04-01T15:10:24","modified_gmt":"2026-04-01T12:10:24","slug":"oriental-dance-beginners-course2-ilona-summer2026","status":"publish","type":"product","link":"https:\/\/flama.fi\/en\/product\/oriental-dance-beginners-course2-ilona-summer2026\/","title":{"rendered":"Oriental Dance, beginners (4 sessions), Mondays 27.7.\u201317.8. at 18.15\u201319.10, instructed by Ilona Carlsson"},"content":{"rendered":"<h3>What if I can&#8217;t participate every week?<\/h3>\n<p>Absences from classes can be made up during the same term in any other class or drop-in session. This way, no dance session will be wasted! <a href=\"https:\/\/flama.fi\/en\/info\/faq\/\">Read more.<\/a><\/p>\n<h3>What should I bring with me?<\/h3>\n<p>For the class, it is recommended to wear clothes that are comfortable to move around in. You can dance with indoor sneakers, dance shoes, or socks. Also take a water bottle with you and remember to drink enough after class.<\/p>\n<h3>Oriental Dance<\/h3>\n<p>Oriental Dance, also known as belly dance, is a soft dance style that is based on folk and feminine solo dances from Middle East and North Africa. The dance class focuses on the basic movements of oriental dance, its body language and the use of the head, shoulders and hands.<\/p>\n<h3>Ilona Carlsson<\/h3>\n<p>Ilona is a popular teacher, choreographer and performer of Egyptian style. She is inspiring and dedicated; a professional who respects the traditions of the dance and is able to take into account the level of her students in her teaching. The classes are engaging, diverse, and varied, offering an introduction to the different styles, techniques, and rhythms of Egyptian dance. Ilona\u2019s knowledge of the dance is extensive, and she shares all that knowledge with others and constantly develops her skills as well.<\/p>\n<p>The main focus of Ilona\u2019s teaching is primarily on proper dance technique, but she also emphasizes the mind, the joy of dance, and physical well-being in her classes. Ilona\u2019s choreographies always honor dance traditions and the deepest essence of dance: in Ilona\u2019s view, Eastern dance is the most beautiful form of feminine solo dance in the world.<\/p>\n<p>More information about the course:<a href=\"mailto:info@flama.fi\"> info@flama.fi<\/a><\/p>\n","protected":false},"excerpt":{"rendered":"<p>In this course, you\u2019ll be introduced to the wonderfully fluid art of belly dance under the inspiring guidance of Ilona. During the classes, you\u2019ll practice the basic movements of belly dance and the unique body language of the dance, as well as use a oriental dance wand as a prop and an integral part of the dance.<\/p>\n<p>This course is suitable for beginners. You can join without any previous dance experience. You don&#8217;t need to bring your own wand to class; you can borrow one from the studio.<\/p>\n<p><b>Time:<\/b> Mondays 27.7.\u201317.8. at 18:15\u201319:10<br \/>\n<b>Place<\/b>: Flama Rauhankatu (Rauhankatu 15, 20100 Turku)<br \/>\n<b>Level<\/b>: beginners<br \/>\n<b>Teacher:<\/b> <a href=\"https:\/\/flama.fi\/en\/instructors\/ilona-carlsson\/\">Ilona Carlsson<\/a><\/p>\n<p>The course fee includes 4 x 55 min sessions.<\/p>\n<p><b>Reserve your spot early and take advantage of the early bird price<\/b><br \/>\nBy buying the course by 19.7.2026, you can get it at a discounted rate.<\/p>\n<p>If you would like to pay part of the course fee with a tyky benefit (e.g., Smartum, Edenred, ePassi), please register by sending an email to: info@flama.fi.<\/p>\n<p><b>Thinking of taking multiple courses<\/b>? With the Flama <a href=\"https:\/\/flama.fi\/en\/product\/anytime-kesa2026\/\">Anytime pass<\/a>, you can dance unlimitedly throughout the spring season. If you already have an Anytime pass, register for the courses by email: info@flama.fi If you already have an Anytime pass, register for the courses by email: <a href=\"mailto:info@flama.fi\">info@flama.fi<\/a><\/p>\n","protected":false},"featured_media":48841,"template":"","meta":{"inline_featured_image":false},"product_brand":[],"product_cat":[4017],"product_tag":[1241,4077,2518,4071,4350,1082,838],"class_list":{"0":"post-94257","1":"product","2":"type-product","3":"status-publish","4":"has-post-thumbnail","6":"product_cat-summer-courses","7":"product_tag-beginners","8":"product_tag-courses","9":"product_tag-flama-rauhankatu-en","10":"product_tag-ilona-carlsson-en","11":"product_tag-kesa-2026","12":"product_tag-oriental-dance","13":"product_tag-tanssistudio-flama-en","15":"first","16":"instock","17":"sale","18":"virtual","19":"taxable","20":"purchasable","21":"product-type-simple"},"yoast_head":"<!-- This site is optimized with the Yoast SEO plugin v27.3 - https:\/\/yoast.com\/product\/yoast-seo-wordpress\/ -->\n<title>Oriental Dance, beginners (4 sessions), Mondays 27.7.\u201317.8. at 18.15\u201319.10, instructed by Ilona Carlsson - Tanssistudio Flama<\/title>\n<meta name=\"description\" content=\"Come and dance a fascinating oriental dance! Our teacher Ilona Carlsson will guide you through the movements with her inspiring approach.\" \/>\n<meta name=\"robots\" content=\"index, follow, max-snippet:-1, max-image-preview:large, max-video-preview:-1\" \/>\n<link rel=\"canonical\" href=\"https:\/\/flama.fi\/en\/product\/oriental-dance-beginners-course2-ilona-summer2026\/\" \/>\n<meta property=\"og:locale\" content=\"en_US\" \/>\n<meta property=\"og:type\" content=\"article\" \/>\n<meta property=\"og:title\" content=\"Oriental Dance, beginners (4 sessions), Mondays 27.7.\u201317.8. at 18.15\u201319.10, instructed by Ilona Carlsson - Tanssistudio Flama\" \/>\n<meta property=\"og:description\" content=\"Come and dance a fascinating oriental dance! Our teacher Ilona Carlsson will guide you through the movements with her inspiring approach.\" \/>\n<meta property=\"og:url\" content=\"https:\/\/flama.fi\/en\/product\/oriental-dance-beginners-course2-ilona-summer2026\/\" \/>\n<meta property=\"og:site_name\" content=\"Tanssistudio Flama\" \/>\n<meta property=\"article:modified_time\" content=\"2026-04-01T12:10:24+00:00\" \/>\n<meta property=\"og:image\" content=\"https:\/\/flama.fi\/wp-content\/uploads\/2022\/11\/Ilona-Carlsson-1080x1080-2.jpg\" \/>\n\t<meta property=\"og:image:width\" content=\"1080\" \/>\n\t<meta property=\"og:image:height\" content=\"1080\" \/>\n\t<meta property=\"og:image:type\" content=\"image\/jpeg\" \/>\n<meta name=\"twitter:card\" content=\"summary_large_image\" \/>\n<meta name=\"twitter:label1\" content=\"Est. reading time\" \/>\n\t<meta name=\"twitter:data1\" content=\"2 minutes\" \/>\n<script type=\"application\/ld+json\" class=\"yoast-schema-graph\">{\"@context\":\"https:\\\/\\\/schema.org\",\"@graph\":[{\"@type\":\"WebPage\",\"@id\":\"https:\\\/\\\/flama.fi\\\/en\\\/product\\\/oriental-dance-beginners-course2-ilona-summer2026\\\/\",\"url\":\"https:\\\/\\\/flama.fi\\\/en\\\/product\\\/oriental-dance-beginners-course2-ilona-summer2026\\\/\",\"name\":\"Oriental Dance, beginners (4 sessions), Mondays 27.7.\u201317.8. at 18.15\u201319.10, instructed by Ilona Carlsson - Tanssistudio Flama\",\"isPartOf\":{\"@id\":\"https:\\\/\\\/flama.fi\\\/en\\\/#website\"},\"primaryImageOfPage\":{\"@id\":\"https:\\\/\\\/flama.fi\\\/en\\\/product\\\/oriental-dance-beginners-course2-ilona-summer2026\\\/#primaryimage\"},\"image\":{\"@id\":\"https:\\\/\\\/flama.fi\\\/en\\\/product\\\/oriental-dance-beginners-course2-ilona-summer2026\\\/#primaryimage\"},\"thumbnailUrl\":\"https:\\\/\\\/flama.fi\\\/wp-content\\\/uploads\\\/2022\\\/11\\\/Ilona-Carlsson-1080x1080-2.jpg\",\"datePublished\":\"2026-03-17T08:01:18+00:00\",\"dateModified\":\"2026-04-01T12:10:24+00:00\",\"description\":\"Come and dance a fascinating oriental dance! Our teacher Ilona Carlsson will guide you through the movements with her inspiring approach.\",\"breadcrumb\":{\"@id\":\"https:\\\/\\\/flama.fi\\\/en\\\/product\\\/oriental-dance-beginners-course2-ilona-summer2026\\\/#breadcrumb\"},\"inLanguage\":\"en-US\",\"potentialAction\":[{\"@type\":\"ReadAction\",\"target\":[\"https:\\\/\\\/flama.fi\\\/en\\\/product\\\/oriental-dance-beginners-course2-ilona-summer2026\\\/\"]}]},{\"@type\":\"ImageObject\",\"inLanguage\":\"en-US\",\"@id\":\"https:\\\/\\\/flama.fi\\\/en\\\/product\\\/oriental-dance-beginners-course2-ilona-summer2026\\\/#primaryimage\",\"url\":\"https:\\\/\\\/flama.fi\\\/wp-content\\\/uploads\\\/2022\\\/11\\\/Ilona-Carlsson-1080x1080-2.jpg\",\"contentUrl\":\"https:\\\/\\\/flama.fi\\\/wp-content\\\/uploads\\\/2022\\\/11\\\/Ilona-Carlsson-1080x1080-2.jpg\",\"width\":1080,\"height\":1080,\"caption\":\"Tummahiuksinen nainen hymyilee leve\u00e4sti punatuilla huulillaan. P\u00e4\u00e4ll\u00e4\u00e4n h\u00e4nell\u00e4 on tummat vaatteet ja lantiolla leopardikuosinen lannevaate. Kuvassa Ilona Carlsson.\"},{\"@type\":\"BreadcrumbList\",\"@id\":\"https:\\\/\\\/flama.fi\\\/en\\\/product\\\/oriental-dance-beginners-course2-ilona-summer2026\\\/#breadcrumb\",\"itemListElement\":[{\"@type\":\"ListItem\",\"position\":1,\"name\":\"Etusivu\",\"item\":\"https:\\\/\\\/flama.fi\\\/en\\\/\"},{\"@type\":\"ListItem\",\"position\":2,\"name\":\"Shop\",\"item\":\"https:\\\/\\\/flama.fi\\\/en\\\/shop\\\/\"},{\"@type\":\"ListItem\",\"position\":3,\"name\":\"Oriental Dance, beginners (4 sessions), Mondays 27.7.\u201317.8. at 18.15\u201319.10, instructed by Ilona Carlsson\"}]},{\"@type\":\"WebSite\",\"@id\":\"https:\\\/\\\/flama.fi\\\/en\\\/#website\",\"url\":\"https:\\\/\\\/flama.fi\\\/en\\\/\",\"name\":\"Tanssistudio Flama\",\"description\":\"Turkulainen Tanssistudio\",\"publisher\":{\"@id\":\"https:\\\/\\\/flama.fi\\\/en\\\/#organization\"},\"potentialAction\":[{\"@type\":\"SearchAction\",\"target\":{\"@type\":\"EntryPoint\",\"urlTemplate\":\"https:\\\/\\\/flama.fi\\\/en\\\/?s={search_term_string}\"},\"query-input\":{\"@type\":\"PropertyValueSpecification\",\"valueRequired\":true,\"valueName\":\"search_term_string\"}}],\"inLanguage\":\"en-US\"},{\"@type\":\"Organization\",\"@id\":\"https:\\\/\\\/flama.fi\\\/en\\\/#organization\",\"name\":\"Tanssistudio Flama\",\"url\":\"https:\\\/\\\/flama.fi\\\/en\\\/\",\"logo\":{\"@type\":\"ImageObject\",\"inLanguage\":\"en-US\",\"@id\":\"https:\\\/\\\/flama.fi\\\/en\\\/#\\\/schema\\\/logo\\\/image\\\/\",\"url\":\"https:\\\/\\\/flama.fi\\\/wp-content\\\/uploads\\\/2022\\\/07\\\/Flama-logo.png\",\"contentUrl\":\"https:\\\/\\\/flama.fi\\\/wp-content\\\/uploads\\\/2022\\\/07\\\/Flama-logo.png\",\"width\":1240,\"height\":620,\"caption\":\"Tanssistudio Flama\"},\"image\":{\"@id\":\"https:\\\/\\\/flama.fi\\\/en\\\/#\\\/schema\\\/logo\\\/image\\\/\"}}]}<\/script>\n<!-- \/ Yoast SEO plugin. -->","yoast_head_json":{"title":"Oriental Dance, beginners (4 sessions), Mondays 27.7.\u201317.8. at 18.15\u201319.10, instructed by Ilona Carlsson - Tanssistudio Flama","description":"Come and dance a fascinating oriental dance! Our teacher Ilona Carlsson will guide you through the movements with her inspiring approach.","robots":{"index":"index","follow":"follow","max-snippet":"max-snippet:-1","max-image-preview":"max-image-preview:large","max-video-preview":"max-video-preview:-1"},"canonical":"https:\/\/flama.fi\/en\/product\/oriental-dance-beginners-course2-ilona-summer2026\/","og_locale":"en_US","og_type":"article","og_title":"Oriental Dance, beginners (4 sessions), Mondays 27.7.\u201317.8. at 18.15\u201319.10, instructed by Ilona Carlsson - Tanssistudio Flama","og_description":"Come and dance a fascinating oriental dance! Our teacher Ilona Carlsson will guide you through the movements with her inspiring approach.","og_url":"https:\/\/flama.fi\/en\/product\/oriental-dance-beginners-course2-ilona-summer2026\/","og_site_name":"Tanssistudio Flama","article_modified_time":"2026-04-01T12:10:24+00:00","og_image":[{"width":1080,"height":1080,"url":"https:\/\/flama.fi\/wp-content\/uploads\/2022\/11\/Ilona-Carlsson-1080x1080-2.jpg","type":"image\/jpeg"}],"twitter_card":"summary_large_image","twitter_misc":{"Est. reading time":"2 minutes"},"schema":{"@context":"https:\/\/schema.org","@graph":[{"@type":"WebPage","@id":"https:\/\/flama.fi\/en\/product\/oriental-dance-beginners-course2-ilona-summer2026\/","url":"https:\/\/flama.fi\/en\/product\/oriental-dance-beginners-course2-ilona-summer2026\/","name":"Oriental Dance, beginners (4 sessions), Mondays 27.7.\u201317.8. at 18.15\u201319.10, instructed by Ilona Carlsson - Tanssistudio Flama","isPartOf":{"@id":"https:\/\/flama.fi\/en\/#website"},"primaryImageOfPage":{"@id":"https:\/\/flama.fi\/en\/product\/oriental-dance-beginners-course2-ilona-summer2026\/#primaryimage"},"image":{"@id":"https:\/\/flama.fi\/en\/product\/oriental-dance-beginners-course2-ilona-summer2026\/#primaryimage"},"thumbnailUrl":"https:\/\/flama.fi\/wp-content\/uploads\/2022\/11\/Ilona-Carlsson-1080x1080-2.jpg","datePublished":"2026-03-17T08:01:18+00:00","dateModified":"2026-04-01T12:10:24+00:00","description":"Come and dance a fascinating oriental dance! Our teacher Ilona Carlsson will guide you through the movements with her inspiring approach.","breadcrumb":{"@id":"https:\/\/flama.fi\/en\/product\/oriental-dance-beginners-course2-ilona-summer2026\/#breadcrumb"},"inLanguage":"en-US","potentialAction":[{"@type":"ReadAction","target":["https:\/\/flama.fi\/en\/product\/oriental-dance-beginners-course2-ilona-summer2026\/"]}]},{"@type":"ImageObject","inLanguage":"en-US","@id":"https:\/\/flama.fi\/en\/product\/oriental-dance-beginners-course2-ilona-summer2026\/#primaryimage","url":"https:\/\/flama.fi\/wp-content\/uploads\/2022\/11\/Ilona-Carlsson-1080x1080-2.jpg","contentUrl":"https:\/\/flama.fi\/wp-content\/uploads\/2022\/11\/Ilona-Carlsson-1080x1080-2.jpg","width":1080,"height":1080,"caption":"Tummahiuksinen nainen hymyilee leve\u00e4sti punatuilla huulillaan. P\u00e4\u00e4ll\u00e4\u00e4n h\u00e4nell\u00e4 on tummat vaatteet ja lantiolla leopardikuosinen lannevaate. Kuvassa Ilona Carlsson."},{"@type":"BreadcrumbList","@id":"https:\/\/flama.fi\/en\/product\/oriental-dance-beginners-course2-ilona-summer2026\/#breadcrumb","itemListElement":[{"@type":"ListItem","position":1,"name":"Etusivu","item":"https:\/\/flama.fi\/en\/"},{"@type":"ListItem","position":2,"name":"Shop","item":"https:\/\/flama.fi\/en\/shop\/"},{"@type":"ListItem","position":3,"name":"Oriental Dance, beginners (4 sessions), Mondays 27.7.\u201317.8. at 18.15\u201319.10, instructed by Ilona Carlsson"}]},{"@type":"WebSite","@id":"https:\/\/flama.fi\/en\/#website","url":"https:\/\/flama.fi\/en\/","name":"Tanssistudio Flama","description":"Turkulainen Tanssistudio","publisher":{"@id":"https:\/\/flama.fi\/en\/#organization"},"potentialAction":[{"@type":"SearchAction","target":{"@type":"EntryPoint","urlTemplate":"https:\/\/flama.fi\/en\/?s={search_term_string}"},"query-input":{"@type":"PropertyValueSpecification","valueRequired":true,"valueName":"search_term_string"}}],"inLanguage":"en-US"},{"@type":"Organization","@id":"https:\/\/flama.fi\/en\/#organization","name":"Tanssistudio Flama","url":"https:\/\/flama.fi\/en\/","logo":{"@type":"ImageObject","inLanguage":"en-US","@id":"https:\/\/flama.fi\/en\/#\/schema\/logo\/image\/","url":"https:\/\/flama.fi\/wp-content\/uploads\/2022\/07\/Flama-logo.png","contentUrl":"https:\/\/flama.fi\/wp-content\/uploads\/2022\/07\/Flama-logo.png","width":1240,"height":620,"caption":"Tanssistudio Flama"},"image":{"@id":"https:\/\/flama.fi\/en\/#\/schema\/logo\/image\/"}}]}},"_links":{"self":[{"href":"https:\/\/flama.fi\/en\/wp-json\/wp\/v2\/product\/94257","targetHints":{"allow":["GET"]}}],"collection":[{"href":"https:\/\/flama.fi\/en\/wp-json\/wp\/v2\/product"}],"about":[{"href":"https:\/\/flama.fi\/en\/wp-json\/wp\/v2\/types\/product"}],"version-history":[{"count":1,"href":"https:\/\/flama.fi\/en\/wp-json\/wp\/v2\/product\/94257\/revisions"}],"predecessor-version":[{"id":94258,"href":"https:\/\/flama.fi\/en\/wp-json\/wp\/v2\/product\/94257\/revisions\/94258"}],"wp:featuredmedia":[{"embeddable":true,"href":"https:\/\/flama.fi\/en\/wp-json\/wp\/v2\/media\/48841"}],"wp:attachment":[{"href":"https:\/\/flama.fi\/en\/wp-json\/wp\/v2\/media?parent=94257"}],"wp:term":[{"taxonomy":"product_brand","embeddable":true,"href":"https:\/\/flama.fi\/en\/wp-json\/wp\/v2\/product_brand?post=94257"},{"taxonomy":"product_cat","embeddable":true,"href":"https:\/\/flama.fi\/en\/wp-json\/wp\/v2\/product_cat?post=94257"},{"taxonomy":"product_tag","embeddable":true,"href":"https:\/\/flama.fi\/en\/wp-json\/wp\/v2\/product_tag?post=94257"}],"curies":[{"name":"wp","href":"https:\/\/api.w.org\/{rel}","templated":true}]}}