{"id":93989,"date":"2026-03-17T10:03:27","date_gmt":"2026-03-17T08:03:27","guid":{"rendered":"https:\/\/flama.fi\/tuote\/parisalsa-con-rumba-anna-summer026\/"},"modified":"2026-03-25T19:53:03","modified_gmt":"2026-03-25T17:53:03","slug":"parisalsa-con-rumba-anna-summer026","status":"publish","type":"product","link":"https:\/\/flama.fi\/en\/product\/parisalsa-con-rumba-anna-summer026\/","title":{"rendered":"Couple salsa con rumba, intermediate (5 sessions), Mondays 1.6.\u201329.6. at 19.15\u201320.10, instructed by Anna Ketopaikka"},"content":{"rendered":"<h3>What if I can&#8217;t participate every week?<\/h3>\n<p>Absences from classes can be made up during the same term in any other class or drop-in session. This way, no dance session will be wasted! <a href=\"https:\/\/flama.fi\/en\/info\/faq\/\">Read more.<\/a><\/p>\n<h3>What should I bring with me?<\/h3>\n<p>For the class, it is recommended to wear clothes that are comfortable to move around in. You can dance with indoor sneakers, dance shoes, or socks. Also take a water bottle with you and remember to drink enough after class.<\/p>\n<h3>Parisalsa con rumba<\/h3>\n<p>Cuban rumba is an important part of the rich blend that is Cuban salsa. There are three different styles of rumba: guaguanc\u00f3, yamb\u00fa, and columbia.<\/p>\n<p>In this course, we\u2019ll explore the movements, rhythms, and playful interaction of rumba guaguanc\u00f3, as well as how to incorporate elements of rumba into couple salsa.<\/p>\n<p>In this course, we\u2019ll practice rumba technique, rhythm, and expression, as well as how to apply them naturally in the context of partner salsa. The goal is to bring more earthiness, playfulness, rhythmic richness, and a twinkle in the eye to the dance\u2014the energy and dialogue characteristic of Cuban dance.<\/p>\n<p>This course is suitable for dancers who have already mastered the basics of partner salsa and who want to deepen their understanding of Cuban dances and enrich their own dancing with elements of rumba.<\/p>\n<h3>Anna Ketopaikka<\/h3>\n<p>Dance captured Anna&#8217;s heart at an early age: she started dancing at the age of 5 in Ballet classes at the Tampere Ballet Institute. Over the years, she continued to study dance, including Jazz and Show Dance. Since 2010, Anna has focused intensively on Cuban dances. She trained as a salsa instructor with Cuban Ram\u00f3n Silverio and she has been teaching since 2014.<\/p>\n<p>&#8220;I founded Flama out of a burning passion for dance and movement. Dance has brought so much energy, strength, presence and dear friends to my life and I want to be able to share this pleasure to others as well. In my classes, I want to inspire people above all to find strength and joy in everyday life through dance.&#8221;<\/p>\n<p>At Flama, Anna teaches Cuban Salsa (solo and couple salsa) and other Cuban dances, such as son and rumba, as well as bachata and reggaeton.<\/p>\n<p>More information about the course:<a href=\"mailto:info@flama.fi\"> info@flama.fi<\/a><\/p>\n","protected":false},"excerpt":{"rendered":"<p>Kuubalainen rumba on t\u00e4rke\u00e4 osa kuubalaisen salsan rikasta sekoitusta. T\u00e4ll\u00e4 kurssilla tutustumme rumba guaguanc\u00f3-tyyliin liikkeisiin ja siihen, miten rumban elementtej\u00e4 voidaan tuoda osaksi parisalsaa.<\/p>\n<p>This course is suitable for dancers who have already mastered the basics of partner salsa and who want to deepen their understanding of Cuban dances and enrich their own dancing with elements of rumba.<\/p>\n<p>You can sign up alone or with a partner. During the lessons, partners are changed in a circle. If you wish, you can also dance only with your own partner.<\/p>\n<p>Anyone can participate in all Flama\u00b4s partner classes as a leader or follower, regardless of gender identity.<\/p>\n<p><b>Time<\/b>: Mondays 1.6.\u201329.6. at 19.15\u201320.10<br \/>\n<b>Place<\/b>: Flama Linnankatu (Linnankatu 84, Turku)<br \/>\n<b>Level<\/b>: intermediate<br \/>\n<b>Teacher<\/b>: <a href=\"https:\/\/flama.fi\/en\/instructors\/anna-ketopaikka\/\">Anna Ketopaikka<\/a><\/p>\n<p>The course fee includes 5 x 55 min sessions.<\/p>\n<p>If you are purchasing a course for two people, please add the name, email address, and phone number of the second participant in the &#8220;Order comments&#8221; field so that we can add them to the course as well.<\/p>\n<p><b>Reserve your spot early and take advantage of the pre-registration price.<\/b> By buying the course by 24.5.2026, you can get it at a discounted rate.<\/p>\n<p>If you would like to pay part of the course fee with a tyky benefit (e.g., Smartum, Edenred, ePassi), please register by sending an email to: info@flama.fi.<\/p>\n<p><b>Thinking of taking multiple courses<\/b>? With the Flama <a href=\"https:\/\/flama.fi\/en\/product\/anytime-kesa2026\/\">Anytime pass<\/a>, you can dance unlimitedly throughout the spring season. If you already have an Anytime pass, register for the courses by email: info@flama.fi If you already have an Anytime pass, register for the courses by email: <a href=\"mailto:info@flama.fi\">info@flama.fi<\/a><\/p>\n","protected":false},"featured_media":48853,"template":"","meta":{"inline_featured_image":false},"product_brand":[],"product_cat":[4017],"product_tag":[2127,4077,3487,3485,4388,2695,1836,4350,4389,1989,3090,838],"class_list":{"0":"post-93989","1":"product","2":"type-product","3":"status-publish","4":"has-post-thumbnail","6":"product_cat-summer-courses","7":"product_tag-anna-ketopaikka-en-3","8":"product_tag-courses","9":"product_tag-cuban-couple-salsa","10":"product_tag-cuban-rumba","11":"product_tag-cuban-rumba-guaguanco","12":"product_tag-flama-linnankatu-en","13":"product_tag-intermediate-en","14":"product_tag-kesa-2026","15":"product_tag-parisalsa-con-rumba","16":"product_tag-rumba-en-2","17":"product_tag-rumba-guaguanco-en","18":"product_tag-tanssistudio-flama-en","20":"first","21":"instock","22":"sale","23":"taxable","24":"shipping-taxable","25":"purchasable","26":"product-type-variable"},"yoast_head":"<!-- This site is optimized with the Yoast SEO plugin v27.3 - https:\/\/yoast.com\/product\/yoast-seo-wordpress\/ -->\n<title>Couple salsa con rumba, intermediate (5 sessions), Mondays 1.6.\u201329.6. at 19.15\u201320.10, instructed by Anna Ketopaikka - Tanssistudio Flama<\/title>\n<meta name=\"description\" content=\"In this course, we\u2019ll explore the movements of the rumba guaguanc\u00f3 style and how elements of rumba can be incorporated into partner salsa.\" \/>\n<meta name=\"robots\" content=\"index, follow, max-snippet:-1, max-image-preview:large, max-video-preview:-1\" \/>\n<link rel=\"canonical\" href=\"https:\/\/flama.fi\/en\/product\/parisalsa-con-rumba-anna-summer026\/\" \/>\n<meta property=\"og:locale\" content=\"en_US\" \/>\n<meta property=\"og:type\" content=\"article\" \/>\n<meta property=\"og:title\" content=\"Couple salsa con rumba, intermediate (5 sessions), Mondays 1.6.\u201329.6. at 19.15\u201320.10, instructed by Anna Ketopaikka - Tanssistudio Flama\" \/>\n<meta property=\"og:description\" content=\"In this course, we\u2019ll explore the movements of the rumba guaguanc\u00f3 style and how elements of rumba can be incorporated into partner salsa.\" \/>\n<meta property=\"og:url\" content=\"https:\/\/flama.fi\/en\/product\/parisalsa-con-rumba-anna-summer026\/\" \/>\n<meta property=\"og:site_name\" content=\"Tanssistudio Flama\" \/>\n<meta property=\"article:modified_time\" content=\"2026-03-25T17:53:03+00:00\" \/>\n<meta property=\"og:image\" content=\"https:\/\/flama.fi\/wp-content\/uploads\/2022\/11\/anna-ketopaikka-1080x1080-1.jpg\" \/>\n\t<meta property=\"og:image:width\" content=\"1080\" \/>\n\t<meta property=\"og:image:height\" content=\"1080\" \/>\n\t<meta property=\"og:image:type\" content=\"image\/jpeg\" \/>\n<meta name=\"twitter:card\" content=\"summary_large_image\" \/>\n<meta name=\"twitter:label1\" content=\"Est. reading time\" \/>\n\t<meta name=\"twitter:data1\" content=\"3 minutes\" \/>\n<script type=\"application\/ld+json\" class=\"yoast-schema-graph\">{\"@context\":\"https:\\\/\\\/schema.org\",\"@graph\":[{\"@type\":\"WebPage\",\"@id\":\"https:\\\/\\\/flama.fi\\\/en\\\/product\\\/parisalsa-con-rumba-anna-summer026\\\/\",\"url\":\"https:\\\/\\\/flama.fi\\\/en\\\/product\\\/parisalsa-con-rumba-anna-summer026\\\/\",\"name\":\"Couple salsa con rumba, intermediate (5 sessions), Mondays 1.6.\u201329.6. at 19.15\u201320.10, instructed by Anna Ketopaikka - Tanssistudio Flama\",\"isPartOf\":{\"@id\":\"https:\\\/\\\/flama.fi\\\/en\\\/#website\"},\"primaryImageOfPage\":{\"@id\":\"https:\\\/\\\/flama.fi\\\/en\\\/product\\\/parisalsa-con-rumba-anna-summer026\\\/#primaryimage\"},\"image\":{\"@id\":\"https:\\\/\\\/flama.fi\\\/en\\\/product\\\/parisalsa-con-rumba-anna-summer026\\\/#primaryimage\"},\"thumbnailUrl\":\"https:\\\/\\\/flama.fi\\\/wp-content\\\/uploads\\\/2022\\\/11\\\/anna-ketopaikka-1080x1080-1.jpg\",\"datePublished\":\"2026-03-17T08:03:27+00:00\",\"dateModified\":\"2026-03-25T17:53:03+00:00\",\"description\":\"In this course, we\u2019ll explore the movements of the rumba guaguanc\u00f3 style and how elements of rumba can be incorporated into partner salsa.\",\"breadcrumb\":{\"@id\":\"https:\\\/\\\/flama.fi\\\/en\\\/product\\\/parisalsa-con-rumba-anna-summer026\\\/#breadcrumb\"},\"inLanguage\":\"en-US\",\"potentialAction\":[{\"@type\":\"ReadAction\",\"target\":[\"https:\\\/\\\/flama.fi\\\/en\\\/product\\\/parisalsa-con-rumba-anna-summer026\\\/\"]}]},{\"@type\":\"ImageObject\",\"inLanguage\":\"en-US\",\"@id\":\"https:\\\/\\\/flama.fi\\\/en\\\/product\\\/parisalsa-con-rumba-anna-summer026\\\/#primaryimage\",\"url\":\"https:\\\/\\\/flama.fi\\\/wp-content\\\/uploads\\\/2022\\\/11\\\/anna-ketopaikka-1080x1080-1.jpg\",\"contentUrl\":\"https:\\\/\\\/flama.fi\\\/wp-content\\\/uploads\\\/2022\\\/11\\\/anna-ketopaikka-1080x1080-1.jpg\",\"width\":1080,\"height\":1080,\"caption\":\"Ruskeahiuksinen nainen hymyilee kameralle ja poseeraa tummissa vaatteissa, k\u00e4si lantiolla. Kuvassa on Anna Ketopaikka.\"},{\"@type\":\"BreadcrumbList\",\"@id\":\"https:\\\/\\\/flama.fi\\\/en\\\/product\\\/parisalsa-con-rumba-anna-summer026\\\/#breadcrumb\",\"itemListElement\":[{\"@type\":\"ListItem\",\"position\":1,\"name\":\"Etusivu\",\"item\":\"https:\\\/\\\/flama.fi\\\/en\\\/\"},{\"@type\":\"ListItem\",\"position\":2,\"name\":\"Shop\",\"item\":\"https:\\\/\\\/flama.fi\\\/en\\\/shop\\\/\"},{\"@type\":\"ListItem\",\"position\":3,\"name\":\"Couple salsa con rumba, intermediate (5 sessions), Mondays 1.6.\u201329.6. at 19.15\u201320.10, instructed by Anna Ketopaikka\"}]},{\"@type\":\"WebSite\",\"@id\":\"https:\\\/\\\/flama.fi\\\/en\\\/#website\",\"url\":\"https:\\\/\\\/flama.fi\\\/en\\\/\",\"name\":\"Tanssistudio Flama\",\"description\":\"Turkulainen Tanssistudio\",\"publisher\":{\"@id\":\"https:\\\/\\\/flama.fi\\\/en\\\/#organization\"},\"potentialAction\":[{\"@type\":\"SearchAction\",\"target\":{\"@type\":\"EntryPoint\",\"urlTemplate\":\"https:\\\/\\\/flama.fi\\\/en\\\/?s={search_term_string}\"},\"query-input\":{\"@type\":\"PropertyValueSpecification\",\"valueRequired\":true,\"valueName\":\"search_term_string\"}}],\"inLanguage\":\"en-US\"},{\"@type\":\"Organization\",\"@id\":\"https:\\\/\\\/flama.fi\\\/en\\\/#organization\",\"name\":\"Tanssistudio Flama\",\"url\":\"https:\\\/\\\/flama.fi\\\/en\\\/\",\"logo\":{\"@type\":\"ImageObject\",\"inLanguage\":\"en-US\",\"@id\":\"https:\\\/\\\/flama.fi\\\/en\\\/#\\\/schema\\\/logo\\\/image\\\/\",\"url\":\"https:\\\/\\\/flama.fi\\\/wp-content\\\/uploads\\\/2022\\\/07\\\/Flama-logo.png\",\"contentUrl\":\"https:\\\/\\\/flama.fi\\\/wp-content\\\/uploads\\\/2022\\\/07\\\/Flama-logo.png\",\"width\":1240,\"height\":620,\"caption\":\"Tanssistudio Flama\"},\"image\":{\"@id\":\"https:\\\/\\\/flama.fi\\\/en\\\/#\\\/schema\\\/logo\\\/image\\\/\"}}]}<\/script>\n<!-- \/ Yoast SEO plugin. -->","yoast_head_json":{"title":"Couple salsa con rumba, intermediate (5 sessions), Mondays 1.6.\u201329.6. at 19.15\u201320.10, instructed by Anna Ketopaikka - Tanssistudio Flama","description":"In this course, we\u2019ll explore the movements of the rumba guaguanc\u00f3 style and how elements of rumba can be incorporated into partner salsa.","robots":{"index":"index","follow":"follow","max-snippet":"max-snippet:-1","max-image-preview":"max-image-preview:large","max-video-preview":"max-video-preview:-1"},"canonical":"https:\/\/flama.fi\/en\/product\/parisalsa-con-rumba-anna-summer026\/","og_locale":"en_US","og_type":"article","og_title":"Couple salsa con rumba, intermediate (5 sessions), Mondays 1.6.\u201329.6. at 19.15\u201320.10, instructed by Anna Ketopaikka - Tanssistudio Flama","og_description":"In this course, we\u2019ll explore the movements of the rumba guaguanc\u00f3 style and how elements of rumba can be incorporated into partner salsa.","og_url":"https:\/\/flama.fi\/en\/product\/parisalsa-con-rumba-anna-summer026\/","og_site_name":"Tanssistudio Flama","article_modified_time":"2026-03-25T17:53:03+00:00","og_image":[{"width":1080,"height":1080,"url":"https:\/\/flama.fi\/wp-content\/uploads\/2022\/11\/anna-ketopaikka-1080x1080-1.jpg","type":"image\/jpeg"}],"twitter_card":"summary_large_image","twitter_misc":{"Est. reading time":"3 minutes"},"schema":{"@context":"https:\/\/schema.org","@graph":[{"@type":"WebPage","@id":"https:\/\/flama.fi\/en\/product\/parisalsa-con-rumba-anna-summer026\/","url":"https:\/\/flama.fi\/en\/product\/parisalsa-con-rumba-anna-summer026\/","name":"Couple salsa con rumba, intermediate (5 sessions), Mondays 1.6.\u201329.6. at 19.15\u201320.10, instructed by Anna Ketopaikka - Tanssistudio Flama","isPartOf":{"@id":"https:\/\/flama.fi\/en\/#website"},"primaryImageOfPage":{"@id":"https:\/\/flama.fi\/en\/product\/parisalsa-con-rumba-anna-summer026\/#primaryimage"},"image":{"@id":"https:\/\/flama.fi\/en\/product\/parisalsa-con-rumba-anna-summer026\/#primaryimage"},"thumbnailUrl":"https:\/\/flama.fi\/wp-content\/uploads\/2022\/11\/anna-ketopaikka-1080x1080-1.jpg","datePublished":"2026-03-17T08:03:27+00:00","dateModified":"2026-03-25T17:53:03+00:00","description":"In this course, we\u2019ll explore the movements of the rumba guaguanc\u00f3 style and how elements of rumba can be incorporated into partner salsa.","breadcrumb":{"@id":"https:\/\/flama.fi\/en\/product\/parisalsa-con-rumba-anna-summer026\/#breadcrumb"},"inLanguage":"en-US","potentialAction":[{"@type":"ReadAction","target":["https:\/\/flama.fi\/en\/product\/parisalsa-con-rumba-anna-summer026\/"]}]},{"@type":"ImageObject","inLanguage":"en-US","@id":"https:\/\/flama.fi\/en\/product\/parisalsa-con-rumba-anna-summer026\/#primaryimage","url":"https:\/\/flama.fi\/wp-content\/uploads\/2022\/11\/anna-ketopaikka-1080x1080-1.jpg","contentUrl":"https:\/\/flama.fi\/wp-content\/uploads\/2022\/11\/anna-ketopaikka-1080x1080-1.jpg","width":1080,"height":1080,"caption":"Ruskeahiuksinen nainen hymyilee kameralle ja poseeraa tummissa vaatteissa, k\u00e4si lantiolla. Kuvassa on Anna Ketopaikka."},{"@type":"BreadcrumbList","@id":"https:\/\/flama.fi\/en\/product\/parisalsa-con-rumba-anna-summer026\/#breadcrumb","itemListElement":[{"@type":"ListItem","position":1,"name":"Etusivu","item":"https:\/\/flama.fi\/en\/"},{"@type":"ListItem","position":2,"name":"Shop","item":"https:\/\/flama.fi\/en\/shop\/"},{"@type":"ListItem","position":3,"name":"Couple salsa con rumba, intermediate (5 sessions), Mondays 1.6.\u201329.6. at 19.15\u201320.10, instructed by Anna Ketopaikka"}]},{"@type":"WebSite","@id":"https:\/\/flama.fi\/en\/#website","url":"https:\/\/flama.fi\/en\/","name":"Tanssistudio Flama","description":"Turkulainen Tanssistudio","publisher":{"@id":"https:\/\/flama.fi\/en\/#organization"},"potentialAction":[{"@type":"SearchAction","target":{"@type":"EntryPoint","urlTemplate":"https:\/\/flama.fi\/en\/?s={search_term_string}"},"query-input":{"@type":"PropertyValueSpecification","valueRequired":true,"valueName":"search_term_string"}}],"inLanguage":"en-US"},{"@type":"Organization","@id":"https:\/\/flama.fi\/en\/#organization","name":"Tanssistudio Flama","url":"https:\/\/flama.fi\/en\/","logo":{"@type":"ImageObject","inLanguage":"en-US","@id":"https:\/\/flama.fi\/en\/#\/schema\/logo\/image\/","url":"https:\/\/flama.fi\/wp-content\/uploads\/2022\/07\/Flama-logo.png","contentUrl":"https:\/\/flama.fi\/wp-content\/uploads\/2022\/07\/Flama-logo.png","width":1240,"height":620,"caption":"Tanssistudio Flama"},"image":{"@id":"https:\/\/flama.fi\/en\/#\/schema\/logo\/image\/"}}]}},"_links":{"self":[{"href":"https:\/\/flama.fi\/en\/wp-json\/wp\/v2\/product\/93989","targetHints":{"allow":["GET"]}}],"collection":[{"href":"https:\/\/flama.fi\/en\/wp-json\/wp\/v2\/product"}],"about":[{"href":"https:\/\/flama.fi\/en\/wp-json\/wp\/v2\/types\/product"}],"version-history":[{"count":1,"href":"https:\/\/flama.fi\/en\/wp-json\/wp\/v2\/product\/93989\/revisions"}],"predecessor-version":[{"id":93995,"href":"https:\/\/flama.fi\/en\/wp-json\/wp\/v2\/product\/93989\/revisions\/93995"}],"wp:featuredmedia":[{"embeddable":true,"href":"https:\/\/flama.fi\/en\/wp-json\/wp\/v2\/media\/48853"}],"wp:attachment":[{"href":"https:\/\/flama.fi\/en\/wp-json\/wp\/v2\/media?parent=93989"}],"wp:term":[{"taxonomy":"product_brand","embeddable":true,"href":"https:\/\/flama.fi\/en\/wp-json\/wp\/v2\/product_brand?post=93989"},{"taxonomy":"product_cat","embeddable":true,"href":"https:\/\/flama.fi\/en\/wp-json\/wp\/v2\/product_cat?post=93989"},{"taxonomy":"product_tag","embeddable":true,"href":"https:\/\/flama.fi\/en\/wp-json\/wp\/v2\/product_tag?post=93989"}],"curies":[{"name":"wp","href":"https:\/\/api.w.org\/{rel}","templated":true}]}}