{"id":93978,"date":"2026-03-17T10:03:28","date_gmt":"2026-03-17T08:03:28","guid":{"rendered":"https:\/\/flama.fi\/tuote\/parisalsa-styling-anna-summer2026\/"},"modified":"2026-04-24T15:42:02","modified_gmt":"2026-04-24T12:42:02","slug":"parisalsa-styling-anna-summer2026","status":"publish","type":"product","link":"https:\/\/flama.fi\/en\/product\/parisalsa-styling-anna-summer2026\/","title":{"rendered":"Parisalsa Styling, improvers (4 sessions), Mondays 27.7.\u201317.8. at 19.15\u201320.10, instructed by Anna Ketopaikka"},"content":{"rendered":"<h3>What if I can&#8217;t participate every week?<\/h3>\n<p>Absences from classes can be made up during the same term in any other class or drop-in session. This way, no dance session will be wasted! <a href=\"https:\/\/flama.fi\/en\/info\/faq\/\">Read more.<\/a> <\/p>\n<h3>What should I bring with me?<\/h3>\n<p>For the class, it is recommended to wear clothes that are comfortable to move around in. You can dance with indoor sneakers, dance shoes, or socks.  Also take a water bottle with you and remember to drink enough after class.<\/p>\n<h3>Parisalsa Styling<\/h3>\n<p>Kuubalainen parisalsa on parhaimmillaan leikkis\u00e4\u00e4 dialogia kahden tanssijan v\u00e4lill\u00e4 \u2013 ideointia, reagointia ja yhteist\u00e4 flow\u2019ta musiikin mukana. T\u00e4ll\u00e4 kurssilla syvennyt\u00e4\u00e4n kuubalaisen parisalsan tyylittelyyn ja siihen, miten tanssiin voi tuoda lis\u00e4\u00e4 ilmaisua, persoonallisuutta ja herkullisia yksityiskohtia. <\/p>\n<p>We\u2019ll practice various styling elements, such as the use of hands and torso, as well as small accents that make the dance look more natural and musical. The goal is for the stylization to fit naturally into leading and following and to work in interaction with the partner \u2014 without losing the connection or the flow of the dance. <\/p>\n<p>In this course, you\u2019ll learn new ways to spice up your dancing and add more playfulness, rhythm, and personal flair to it.<\/p>\n<p>This course is suitable for dancers who are already comfortable with social dancing and want to develop their own style in partner salsa.<\/p>\n<h3>Anna Ketopaikka<\/h3>\n<p>Dance captured Anna&#8217;s heart at an early age: she started dancing at the age of 5 in Ballet classes at the Tampere Ballet Institute. Over the years, she continued to study dance, including Jazz and Show Dance. Since 2010, Anna has focused intensively on Cuban dances. She trained as a salsa instructor with Cuban Ram\u00f3n Silverio and she has been teaching since 2014.<\/p>\n<p>&#8220;I founded Flama out of a burning passion for dance and movement. Dance has brought so much energy, strength, presence and dear friends to my life and I want to be able to share this pleasure to others as well. In my classes, I want to inspire people above all to find strength and joy in everyday life through dance.&#8221;<\/p>\n<p>At Flama, Anna teaches Cuban Salsa (solo and couple salsa) and other Cuban dances, such as son and rumba, as well as bachata and reggaeton.<\/p>\n<p>More information about the course:<a href=\"mailto:info@flama.fi\"> info@flama.fi<\/a><\/p>\n","protected":false},"excerpt":{"rendered":"<p><em>Attention! Unfortunately, the spots for the followers without their own dance partner have already been taken. <strong data-renderer-mark=\"true\">There are currently only places for leaders and pairs.<\/strong> To be informed about possible changes, please contact us by email:<a class=\"_ymio1r31 _ypr0glyw _zcxs1o36 _mizu194a _1ah3dkaa _ra3xnqa1 _128mdkaa _1cvmnqa1 _4davt94y _4bfu1r31 _1hms8stv _ajmmnqa1 _vchhusvi _kqswh2mm _ect4ttxp _syaz13af _1a3b1r31 _4fpr8stv _5goinqa1 _f8pj13af _9oik1r31 _1bnxglyw _jf4cnqa1 _30l313af _1nrm1r31 _c2waglyw _1iohnqa1 _9h8h12zz _10531ra0 _1ien1ra0 _n0fx1ra0 _1vhv17z1\" title=\"mailto:info@flama.fi\" href=\"mailto:info@flama.fi\" data-renderer-mark=\"true\" data-is-router-link=\"false\" data-testid=\"link-with-safety\"> info@flama.fi<\/a>.<\/em><\/p>\n<p>Kuubalainen parisalsa on parhaimmillaan leikkis\u00e4\u00e4 dialogia kahden tanssijan v\u00e4lill\u00e4 \u2013 ideointia, reagointia ja yhteist\u00e4 flow\u2019ta musiikin mukana. T\u00e4ll\u00e4 kurssilla syvennyt\u00e4\u00e4n kuubalaisen parisalsan tyylittelyyn ja siihen, miten tanssiin voi tuoda lis\u00e4\u00e4 ilmaisua, persoonallisuutta ja herkullisia yksityiskohtia. <\/p>\n<p>This course is suitable for dancers who are already comfortable with social dancing and want to develop their own style in partner salsa.<\/p>\n<p>You can sign up alone or with a partner. During the lessons, partners are changed in a circle. If you wish, you can also dance only with your own partner. <\/p>\n<p>Anyone can participate in all Flama\u00b4s partner classes as a leader or follower, regardless of gender identity.<\/p>\n<p><b>Time:<\/b> Mondays 27.7.\u201317.8. at 19.15\u201320.10<br \/>\n<b>Place<\/b>: Flama Linnankatu (Linnankatu 84, Turku)<br \/>\n<b>Level<\/b>: improvers<br \/>\n<b>Teacher<\/b>: <a href=\"https:\/\/flama.fi\/en\/instructors\/anna-ketopaikka\/\">Anna Ketopaikka<\/a><\/p>\n<p>The course fee includes 4 x 55 min sessions.<\/p>\n<p>If you are purchasing a course for two people, please add the name, email address, and phone number of the second participant in the &#8220;Order comments&#8221; field so that we can add them to the course as well.<\/p>\n<p><b>Reserve your spot early and take advantage of the early bird price<\/b><br \/>\nBy buying the course by 19.7.2026, you can get it at a discounted rate.<\/p>\n<p>If you would like to pay part of the course fee with a tyky benefit (e.g., Smartum, Edenred, ePassi), please register by sending an email to: info@flama.fi.<\/p>\n<p><b>Thinking of taking multiple courses<\/b>? With the Flama <a href=\"https:\/\/flama.fi\/en\/product\/anytime-kesa2026\/\">Anytime pass<\/a>, you can dance unlimitedly throughout the spring season. If you already have an Anytime pass, register for the courses by email: info@flama.fi If you already have an Anytime pass, register for the courses by email: <a href=\"mailto:info@flama.fi\">info@flama.fi<\/a><\/p>\n","protected":false},"featured_media":48853,"template":"","meta":{"inline_featured_image":false},"product_brand":[],"product_cat":[4017],"product_tag":[2105,2127,799,2756,4077,3487,2695,4350,838],"class_list":{"0":"post-93978","1":"product","2":"type-product","3":"status-publish","4":"has-post-thumbnail","6":"product_cat-summer-courses","7":"product_tag-alkeisjatko-en","8":"product_tag-anna-ketopaikka-en-3","9":"product_tag-couple-salsa","10":"product_tag-couple-salsa-styling","11":"product_tag-courses","12":"product_tag-cuban-couple-salsa","13":"product_tag-flama-linnankatu-en","14":"product_tag-kesa-2026","15":"product_tag-tanssistudio-flama-en","17":"first","18":"instock","19":"sale","20":"taxable","21":"shipping-taxable","22":"purchasable","23":"product-type-variable"},"yoast_head":"<!-- This site is optimized with the Yoast SEO plugin v27.5 - https:\/\/yoast.com\/product\/yoast-seo-wordpress\/ -->\n<title>Parisalsa Styling, improvers (4 sessions), Mondays 27.7.\u201317.8. at 19.15\u201320.10, instructed by Anna Ketopaikka - Tanssistudio Flama<\/title>\n<meta name=\"description\" content=\"Spice up your couple salsa! In this course, we\u2019ll delve into the nuances of Cuban couple salsa and explore how to infuse your dancing with more expression, personality, and delightful details.\" \/>\n<meta name=\"robots\" content=\"index, follow, max-snippet:-1, max-image-preview:large, max-video-preview:-1\" \/>\n<link rel=\"canonical\" href=\"https:\/\/flama.fi\/en\/product\/parisalsa-styling-anna-summer2026\/\" \/>\n<meta property=\"og:locale\" content=\"en_US\" \/>\n<meta property=\"og:type\" content=\"article\" \/>\n<meta property=\"og:title\" content=\"Parisalsa Styling, improvers (4 sessions), Mondays 27.7.\u201317.8. at 19.15\u201320.10, instructed by Anna Ketopaikka - Tanssistudio Flama\" \/>\n<meta property=\"og:description\" content=\"Spice up your couple salsa! In this course, we\u2019ll delve into the nuances of Cuban couple salsa and explore how to infuse your dancing with more expression, personality, and delightful details.\" \/>\n<meta property=\"og:url\" content=\"https:\/\/flama.fi\/en\/product\/parisalsa-styling-anna-summer2026\/\" \/>\n<meta property=\"og:site_name\" content=\"Tanssistudio Flama\" \/>\n<meta property=\"article:modified_time\" content=\"2026-04-24T12:42:02+00:00\" \/>\n<meta property=\"og:image\" content=\"https:\/\/flama.fi\/wp-content\/uploads\/2022\/11\/anna-ketopaikka-1080x1080-1.jpg\" \/>\n\t<meta property=\"og:image:width\" content=\"1080\" \/>\n\t<meta property=\"og:image:height\" content=\"1080\" \/>\n\t<meta property=\"og:image:type\" content=\"image\/jpeg\" \/>\n<meta name=\"twitter:card\" content=\"summary_large_image\" \/>\n<meta name=\"twitter:label1\" content=\"Est. reading time\" \/>\n\t<meta name=\"twitter:data1\" content=\"3 minutes\" \/>\n<script type=\"application\/ld+json\" class=\"yoast-schema-graph\">{\"@context\":\"https:\\\/\\\/schema.org\",\"@graph\":[{\"@type\":\"WebPage\",\"@id\":\"https:\\\/\\\/flama.fi\\\/en\\\/product\\\/parisalsa-styling-anna-summer2026\\\/\",\"url\":\"https:\\\/\\\/flama.fi\\\/en\\\/product\\\/parisalsa-styling-anna-summer2026\\\/\",\"name\":\"Parisalsa Styling, improvers (4 sessions), Mondays 27.7.\u201317.8. at 19.15\u201320.10, instructed by Anna Ketopaikka - Tanssistudio Flama\",\"isPartOf\":{\"@id\":\"https:\\\/\\\/flama.fi\\\/en\\\/#website\"},\"primaryImageOfPage\":{\"@id\":\"https:\\\/\\\/flama.fi\\\/en\\\/product\\\/parisalsa-styling-anna-summer2026\\\/#primaryimage\"},\"image\":{\"@id\":\"https:\\\/\\\/flama.fi\\\/en\\\/product\\\/parisalsa-styling-anna-summer2026\\\/#primaryimage\"},\"thumbnailUrl\":\"https:\\\/\\\/flama.fi\\\/wp-content\\\/uploads\\\/2022\\\/11\\\/anna-ketopaikka-1080x1080-1.jpg\",\"datePublished\":\"2026-03-17T08:03:28+00:00\",\"dateModified\":\"2026-04-24T12:42:02+00:00\",\"description\":\"Spice up your couple salsa! In this course, we\u2019ll delve into the nuances of Cuban couple salsa and explore how to infuse your dancing with more expression, personality, and delightful details.\",\"breadcrumb\":{\"@id\":\"https:\\\/\\\/flama.fi\\\/en\\\/product\\\/parisalsa-styling-anna-summer2026\\\/#breadcrumb\"},\"inLanguage\":\"en-US\",\"potentialAction\":[{\"@type\":\"ReadAction\",\"target\":[\"https:\\\/\\\/flama.fi\\\/en\\\/product\\\/parisalsa-styling-anna-summer2026\\\/\"]}]},{\"@type\":\"ImageObject\",\"inLanguage\":\"en-US\",\"@id\":\"https:\\\/\\\/flama.fi\\\/en\\\/product\\\/parisalsa-styling-anna-summer2026\\\/#primaryimage\",\"url\":\"https:\\\/\\\/flama.fi\\\/wp-content\\\/uploads\\\/2022\\\/11\\\/anna-ketopaikka-1080x1080-1.jpg\",\"contentUrl\":\"https:\\\/\\\/flama.fi\\\/wp-content\\\/uploads\\\/2022\\\/11\\\/anna-ketopaikka-1080x1080-1.jpg\",\"width\":1080,\"height\":1080,\"caption\":\"Ruskeahiuksinen nainen hymyilee kameralle ja poseeraa tummissa vaatteissa, k\u00e4si lantiolla. Kuvassa on Anna Ketopaikka.\"},{\"@type\":\"BreadcrumbList\",\"@id\":\"https:\\\/\\\/flama.fi\\\/en\\\/product\\\/parisalsa-styling-anna-summer2026\\\/#breadcrumb\",\"itemListElement\":[{\"@type\":\"ListItem\",\"position\":1,\"name\":\"Etusivu\",\"item\":\"https:\\\/\\\/flama.fi\\\/en\\\/\"},{\"@type\":\"ListItem\",\"position\":2,\"name\":\"Shop at\",\"item\":\"https:\\\/\\\/flama.fi\\\/en\\\/shop\\\/\"},{\"@type\":\"ListItem\",\"position\":3,\"name\":\"Parisalsa Styling, improvers (4 sessions), Mondays 27.7.\u201317.8. at 19.15\u201320.10, instructed by Anna Ketopaikka\"}]},{\"@type\":\"WebSite\",\"@id\":\"https:\\\/\\\/flama.fi\\\/en\\\/#website\",\"url\":\"https:\\\/\\\/flama.fi\\\/en\\\/\",\"name\":\"Tanssistudio Flama\",\"description\":\"Turkulainen Tanssistudio\",\"publisher\":{\"@id\":\"https:\\\/\\\/flama.fi\\\/en\\\/#organization\"},\"potentialAction\":[{\"@type\":\"SearchAction\",\"target\":{\"@type\":\"EntryPoint\",\"urlTemplate\":\"https:\\\/\\\/flama.fi\\\/en\\\/?s={search_term_string}\"},\"query-input\":{\"@type\":\"PropertyValueSpecification\",\"valueRequired\":true,\"valueName\":\"search_term_string\"}}],\"inLanguage\":\"en-US\"},{\"@type\":\"Organization\",\"@id\":\"https:\\\/\\\/flama.fi\\\/en\\\/#organization\",\"name\":\"Tanssistudio Flama\",\"url\":\"https:\\\/\\\/flama.fi\\\/en\\\/\",\"logo\":{\"@type\":\"ImageObject\",\"inLanguage\":\"en-US\",\"@id\":\"https:\\\/\\\/flama.fi\\\/en\\\/#\\\/schema\\\/logo\\\/image\\\/\",\"url\":\"https:\\\/\\\/flama.fi\\\/wp-content\\\/uploads\\\/2022\\\/07\\\/Flama-logo.png\",\"contentUrl\":\"https:\\\/\\\/flama.fi\\\/wp-content\\\/uploads\\\/2022\\\/07\\\/Flama-logo.png\",\"width\":1240,\"height\":620,\"caption\":\"Tanssistudio Flama\"},\"image\":{\"@id\":\"https:\\\/\\\/flama.fi\\\/en\\\/#\\\/schema\\\/logo\\\/image\\\/\"}}]}<\/script>\n<!-- \/ Yoast SEO plugin. -->","yoast_head_json":{"title":"Parisalsa Styling, improvers (4 sessions), Mondays 27.7.\u201317.8. at 19.15\u201320.10, instructed by Anna Ketopaikka - Tanssistudio Flama","description":"Spice up your couple salsa! In this course, we\u2019ll delve into the nuances of Cuban couple salsa and explore how to infuse your dancing with more expression, personality, and delightful details.","robots":{"index":"index","follow":"follow","max-snippet":"max-snippet:-1","max-image-preview":"max-image-preview:large","max-video-preview":"max-video-preview:-1"},"canonical":"https:\/\/flama.fi\/en\/product\/parisalsa-styling-anna-summer2026\/","og_locale":"en_US","og_type":"article","og_title":"Parisalsa Styling, improvers (4 sessions), Mondays 27.7.\u201317.8. at 19.15\u201320.10, instructed by Anna Ketopaikka - Tanssistudio Flama","og_description":"Spice up your couple salsa! In this course, we\u2019ll delve into the nuances of Cuban couple salsa and explore how to infuse your dancing with more expression, personality, and delightful details.","og_url":"https:\/\/flama.fi\/en\/product\/parisalsa-styling-anna-summer2026\/","og_site_name":"Tanssistudio Flama","article_modified_time":"2026-04-24T12:42:02+00:00","og_image":[{"width":1080,"height":1080,"url":"https:\/\/flama.fi\/wp-content\/uploads\/2022\/11\/anna-ketopaikka-1080x1080-1.jpg","type":"image\/jpeg"}],"twitter_card":"summary_large_image","twitter_misc":{"Est. reading time":"3 minutes"},"schema":{"@context":"https:\/\/schema.org","@graph":[{"@type":"WebPage","@id":"https:\/\/flama.fi\/en\/product\/parisalsa-styling-anna-summer2026\/","url":"https:\/\/flama.fi\/en\/product\/parisalsa-styling-anna-summer2026\/","name":"Parisalsa Styling, improvers (4 sessions), Mondays 27.7.\u201317.8. at 19.15\u201320.10, instructed by Anna Ketopaikka - Tanssistudio Flama","isPartOf":{"@id":"https:\/\/flama.fi\/en\/#website"},"primaryImageOfPage":{"@id":"https:\/\/flama.fi\/en\/product\/parisalsa-styling-anna-summer2026\/#primaryimage"},"image":{"@id":"https:\/\/flama.fi\/en\/product\/parisalsa-styling-anna-summer2026\/#primaryimage"},"thumbnailUrl":"https:\/\/flama.fi\/wp-content\/uploads\/2022\/11\/anna-ketopaikka-1080x1080-1.jpg","datePublished":"2026-03-17T08:03:28+00:00","dateModified":"2026-04-24T12:42:02+00:00","description":"Spice up your couple salsa! In this course, we\u2019ll delve into the nuances of Cuban couple salsa and explore how to infuse your dancing with more expression, personality, and delightful details.","breadcrumb":{"@id":"https:\/\/flama.fi\/en\/product\/parisalsa-styling-anna-summer2026\/#breadcrumb"},"inLanguage":"en-US","potentialAction":[{"@type":"ReadAction","target":["https:\/\/flama.fi\/en\/product\/parisalsa-styling-anna-summer2026\/"]}]},{"@type":"ImageObject","inLanguage":"en-US","@id":"https:\/\/flama.fi\/en\/product\/parisalsa-styling-anna-summer2026\/#primaryimage","url":"https:\/\/flama.fi\/wp-content\/uploads\/2022\/11\/anna-ketopaikka-1080x1080-1.jpg","contentUrl":"https:\/\/flama.fi\/wp-content\/uploads\/2022\/11\/anna-ketopaikka-1080x1080-1.jpg","width":1080,"height":1080,"caption":"Ruskeahiuksinen nainen hymyilee kameralle ja poseeraa tummissa vaatteissa, k\u00e4si lantiolla. Kuvassa on Anna Ketopaikka."},{"@type":"BreadcrumbList","@id":"https:\/\/flama.fi\/en\/product\/parisalsa-styling-anna-summer2026\/#breadcrumb","itemListElement":[{"@type":"ListItem","position":1,"name":"Etusivu","item":"https:\/\/flama.fi\/en\/"},{"@type":"ListItem","position":2,"name":"Shop at","item":"https:\/\/flama.fi\/en\/shop\/"},{"@type":"ListItem","position":3,"name":"Parisalsa Styling, improvers (4 sessions), Mondays 27.7.\u201317.8. at 19.15\u201320.10, instructed by Anna Ketopaikka"}]},{"@type":"WebSite","@id":"https:\/\/flama.fi\/en\/#website","url":"https:\/\/flama.fi\/en\/","name":"Tanssistudio Flama","description":"Turkulainen Tanssistudio","publisher":{"@id":"https:\/\/flama.fi\/en\/#organization"},"potentialAction":[{"@type":"SearchAction","target":{"@type":"EntryPoint","urlTemplate":"https:\/\/flama.fi\/en\/?s={search_term_string}"},"query-input":{"@type":"PropertyValueSpecification","valueRequired":true,"valueName":"search_term_string"}}],"inLanguage":"en-US"},{"@type":"Organization","@id":"https:\/\/flama.fi\/en\/#organization","name":"Tanssistudio Flama","url":"https:\/\/flama.fi\/en\/","logo":{"@type":"ImageObject","inLanguage":"en-US","@id":"https:\/\/flama.fi\/en\/#\/schema\/logo\/image\/","url":"https:\/\/flama.fi\/wp-content\/uploads\/2022\/07\/Flama-logo.png","contentUrl":"https:\/\/flama.fi\/wp-content\/uploads\/2022\/07\/Flama-logo.png","width":1240,"height":620,"caption":"Tanssistudio Flama"},"image":{"@id":"https:\/\/flama.fi\/en\/#\/schema\/logo\/image\/"}}]}},"_links":{"self":[{"href":"https:\/\/flama.fi\/en\/wp-json\/wp\/v2\/product\/93978","targetHints":{"allow":["GET"]}}],"collection":[{"href":"https:\/\/flama.fi\/en\/wp-json\/wp\/v2\/product"}],"about":[{"href":"https:\/\/flama.fi\/en\/wp-json\/wp\/v2\/types\/product"}],"version-history":[{"count":2,"href":"https:\/\/flama.fi\/en\/wp-json\/wp\/v2\/product\/93978\/revisions"}],"predecessor-version":[{"id":95071,"href":"https:\/\/flama.fi\/en\/wp-json\/wp\/v2\/product\/93978\/revisions\/95071"}],"wp:featuredmedia":[{"embeddable":true,"href":"https:\/\/flama.fi\/en\/wp-json\/wp\/v2\/media\/48853"}],"wp:attachment":[{"href":"https:\/\/flama.fi\/en\/wp-json\/wp\/v2\/media?parent=93978"}],"wp:term":[{"taxonomy":"product_brand","embeddable":true,"href":"https:\/\/flama.fi\/en\/wp-json\/wp\/v2\/product_brand?post=93978"},{"taxonomy":"product_cat","embeddable":true,"href":"https:\/\/flama.fi\/en\/wp-json\/wp\/v2\/product_cat?post=93978"},{"taxonomy":"product_tag","embeddable":true,"href":"https:\/\/flama.fi\/en\/wp-json\/wp\/v2\/product_tag?post=93978"}],"curies":[{"name":"wp","href":"https:\/\/api.w.org\/{rel}","templated":true}]}}