{"id":93935,"date":"2026-03-17T10:03:33","date_gmt":"2026-03-17T08:03:33","guid":{"rendered":"https:\/\/flama.fi\/tuote\/reggaeton-improvers-meri-summer2026\/"},"modified":"2026-03-24T17:29:09","modified_gmt":"2026-03-24T15:29:09","slug":"reggaeton-improvers-meri-summer2026","status":"publish","type":"product","link":"https:\/\/flama.fi\/en\/product\/reggaeton-improvers-meri-summer2026\/","title":{"rendered":"Reggaeton, improvers (5 sessions), Wednesdays 3.6.\u20131.7. at 16.15\u201317.10, instructed by Meri Niemi"},"content":{"rendered":"<h3>What if I can&#8217;t participate every week?<\/h3>\n<p>Absences from classes can be made up during the same term in any other class or drop-in session. This way, no dance session will be wasted! <a href=\"https:\/\/flama.fi\/en\/info\/faq\/\">Read more.<\/a><\/p>\n<h3>What should I bring with me?<\/h3>\n<p>For the class, it is recommended to wear clothes that are comfortable to move around in. You can dance with indoor sneakers, dance shoes, or socks. Some classes involve floor exercises, and for these we recommend bringing knee pads or leg warmers to protect your knees. Knee pads are also available for purchase in our online store and studios. Also take a water bottle with you and remember to drink enough after class.<\/p>\n<h3>Meri Niemi<\/h3>\n<p>Meri is a dance teacher from Turku whose classes are filled with laughter and humor while training at full speed. Meri believes that working out and having fun do not exclude one another, on the contrary, the more fun dance classes are, the more likely we are to keep coming back to our hobby time and time again. When dancing, Meri is primarily interested in and inspired by the use of different energies and delving deeper into the qualities of movement. As an instructor she is a relaxed, but encourages dancers to always do their best in the moment \u2013 listening to their own bodies. Meri often receives praise from her students for her encouraging, positive energy and her clear and calm teaching style, which makes it easy even for beginners to keep up with the class. A motto often heard in Merin\u2019s classes is that the moves or choreography don\u2019t matter\u2014it\u2019s all about attitude. Everyone is welcome to Meri\u2019s dance classes just as they are. No matter the style, the focus is on discovering and nurturing your own unique way of moving.<\/p>\n<p>\u201cCome to class exactly as you are today, and move in the way that feels right for you today!\u201d<\/p>\n<p>Meri teaches twerk and reggaeton at Flama, and occasionally also commercial dance classes. You may also spot her at the front desk or replying to your emails, as in addition to teaching, Meri works in the studio\u2019s office.<\/p>\n<p>More information about the course:<a href=\"mailto:info@flama.fi\"> info@flama.fi<\/a><\/p>\n","protected":false},"excerpt":{"rendered":"<p>Already know the basics of reggaeton and looking for new dance inspiration? This reggaeton class is just for you! In this class, we\u2019ll build on changing choreographies designed by Meri and deepen your understanding of reggaeton techniques.<\/p>\n<p>The course is suitable for those who have mastered the basics of reggaeton, for example, participants who have regularly attended beginner classes.<\/p>\n<p><b>Time:<\/b> Wednesdays 3.6.\u20131.7. at 16.15\u201317.10<br \/>\n<b>Place<\/b>: Flama Linnankatu (Linnankatu 84, Turku)<br \/>\n<b>Level<\/b>: improvers<br \/>\n<b>Teacher<\/b>:<a href=\"https:\/\/flama.fi\/wp-content\/uploads\/2022\/07\/20210825_Flama_Henkilokuvat6718.jpg\"> Meri Niemi<\/a><\/p>\n<p>The course fee includes 5 x 55 min sessions.<\/p>\n<p><b>Reserve your spot early and take advantage of the pre-registration price.<\/b> By buying the course by 24.5.2026, you can get it at a discounted rate.<\/p>\n<p>If you would like to pay part of the course fee with a tyky benefit (e.g., Smartum, Edenred, ePassi), please register by sending an email to: info@flama.fi.<\/p>\n<p><b>Thinking of taking multiple courses<\/b>? With the Flama <a href=\"https:\/\/flama.fi\/en\/product\/anytime-kesa2026\/\">Anytime pass<\/a>, you can dance unlimitedly throughout the spring season. If you already have an Anytime pass, register for the courses by email: info@flama.fi If you already have an Anytime pass, register for the courses by email: <a href=\"mailto:info@flama.fi\">info@flama.fi<\/a><\/p>\n","protected":false},"featured_media":48825,"template":"","meta":{"inline_featured_image":false},"product_brand":[],"product_cat":[4017],"product_tag":[2105,4077,2695,4350,1876,1088,838],"class_list":{"0":"post-93935","1":"product","2":"type-product","3":"status-publish","4":"has-post-thumbnail","6":"product_cat-summer-courses","7":"product_tag-alkeisjatko-en","8":"product_tag-courses","9":"product_tag-flama-linnankatu-en","10":"product_tag-kesa-2026","11":"product_tag-meri-niemi-en-2","12":"product_tag-reggaeton-en","13":"product_tag-tanssistudio-flama-en","15":"first","16":"instock","17":"sale","18":"virtual","19":"taxable","20":"purchasable","21":"product-type-simple"},"yoast_head":"<!-- This site is optimized with the Yoast SEO plugin v27.3 - https:\/\/yoast.com\/product\/yoast-seo-wordpress\/ -->\n<title>Reggaeton, improvers (5 sessions), Wednesdays 3.6.\u20131.7. at 16.15\u201317.10, instructed by Meri Niemi - Tanssistudio Flama<\/title>\n<meta name=\"description\" content=\"Have you mastered the basics of reggaeton and are looking for new dance inspiration? This reggaeton course is perfect for you! In the course, we dance rotating choreographies.\" \/>\n<meta name=\"robots\" content=\"index, follow, max-snippet:-1, max-image-preview:large, max-video-preview:-1\" \/>\n<link rel=\"canonical\" href=\"https:\/\/flama.fi\/en\/product\/reggaeton-improvers-meri-summer2026\/\" \/>\n<meta property=\"og:locale\" content=\"en_US\" \/>\n<meta property=\"og:type\" content=\"article\" \/>\n<meta property=\"og:title\" content=\"Reggaeton, improvers (5 sessions), Wednesdays 3.6.\u20131.7. at 16.15\u201317.10, instructed by Meri Niemi - Tanssistudio Flama\" \/>\n<meta property=\"og:description\" content=\"Have you mastered the basics of reggaeton and are looking for new dance inspiration? This reggaeton course is perfect for you! In the course, we dance rotating choreographies.\" \/>\n<meta property=\"og:url\" content=\"https:\/\/flama.fi\/en\/product\/reggaeton-improvers-meri-summer2026\/\" \/>\n<meta property=\"og:site_name\" content=\"Tanssistudio Flama\" \/>\n<meta property=\"article:modified_time\" content=\"2026-03-24T15:29:09+00:00\" \/>\n<meta property=\"og:image\" content=\"https:\/\/flama.fi\/wp-content\/uploads\/2022\/11\/meri-niemi-1080x1080-1.jpg\" \/>\n\t<meta property=\"og:image:width\" content=\"1080\" \/>\n\t<meta property=\"og:image:height\" content=\"1080\" \/>\n\t<meta property=\"og:image:type\" content=\"image\/jpeg\" \/>\n<meta name=\"twitter:card\" content=\"summary_large_image\" \/>\n<meta name=\"twitter:label1\" content=\"Est. reading time\" \/>\n\t<meta name=\"twitter:data1\" content=\"3 minutes\" \/>\n<script type=\"application\/ld+json\" class=\"yoast-schema-graph\">{\"@context\":\"https:\\\/\\\/schema.org\",\"@graph\":[{\"@type\":\"WebPage\",\"@id\":\"https:\\\/\\\/flama.fi\\\/en\\\/product\\\/reggaeton-improvers-meri-summer2026\\\/\",\"url\":\"https:\\\/\\\/flama.fi\\\/en\\\/product\\\/reggaeton-improvers-meri-summer2026\\\/\",\"name\":\"Reggaeton, improvers (5 sessions), Wednesdays 3.6.\u20131.7. at 16.15\u201317.10, instructed by Meri Niemi - Tanssistudio Flama\",\"isPartOf\":{\"@id\":\"https:\\\/\\\/flama.fi\\\/en\\\/#website\"},\"primaryImageOfPage\":{\"@id\":\"https:\\\/\\\/flama.fi\\\/en\\\/product\\\/reggaeton-improvers-meri-summer2026\\\/#primaryimage\"},\"image\":{\"@id\":\"https:\\\/\\\/flama.fi\\\/en\\\/product\\\/reggaeton-improvers-meri-summer2026\\\/#primaryimage\"},\"thumbnailUrl\":\"https:\\\/\\\/flama.fi\\\/wp-content\\\/uploads\\\/2022\\\/11\\\/meri-niemi-1080x1080-1.jpg\",\"datePublished\":\"2026-03-17T08:03:33+00:00\",\"dateModified\":\"2026-03-24T15:29:09+00:00\",\"description\":\"Have you mastered the basics of reggaeton and are looking for new dance inspiration? This reggaeton course is perfect for you! In the course, we dance rotating choreographies.\",\"breadcrumb\":{\"@id\":\"https:\\\/\\\/flama.fi\\\/en\\\/product\\\/reggaeton-improvers-meri-summer2026\\\/#breadcrumb\"},\"inLanguage\":\"en-US\",\"potentialAction\":[{\"@type\":\"ReadAction\",\"target\":[\"https:\\\/\\\/flama.fi\\\/en\\\/product\\\/reggaeton-improvers-meri-summer2026\\\/\"]}]},{\"@type\":\"ImageObject\",\"inLanguage\":\"en-US\",\"@id\":\"https:\\\/\\\/flama.fi\\\/en\\\/product\\\/reggaeton-improvers-meri-summer2026\\\/#primaryimage\",\"url\":\"https:\\\/\\\/flama.fi\\\/wp-content\\\/uploads\\\/2022\\\/11\\\/meri-niemi-1080x1080-1.jpg\",\"contentUrl\":\"https:\\\/\\\/flama.fi\\\/wp-content\\\/uploads\\\/2022\\\/11\\\/meri-niemi-1080x1080-1.jpg\",\"width\":1080,\"height\":1080,\"caption\":\"Vaaleat ja lyhyet hiukset. Nainen hymyilee leve\u00e4sti, p\u00e4\u00e4ll\u00e4\u00e4n keltainen paita. Kuvass aMeri Niemi.\"},{\"@type\":\"BreadcrumbList\",\"@id\":\"https:\\\/\\\/flama.fi\\\/en\\\/product\\\/reggaeton-improvers-meri-summer2026\\\/#breadcrumb\",\"itemListElement\":[{\"@type\":\"ListItem\",\"position\":1,\"name\":\"Etusivu\",\"item\":\"https:\\\/\\\/flama.fi\\\/en\\\/\"},{\"@type\":\"ListItem\",\"position\":2,\"name\":\"Shop\",\"item\":\"https:\\\/\\\/flama.fi\\\/en\\\/shop\\\/\"},{\"@type\":\"ListItem\",\"position\":3,\"name\":\"Reggaeton, improvers (5 sessions), Wednesdays 3.6.\u20131.7. at 16.15\u201317.10, instructed by Meri Niemi\"}]},{\"@type\":\"WebSite\",\"@id\":\"https:\\\/\\\/flama.fi\\\/en\\\/#website\",\"url\":\"https:\\\/\\\/flama.fi\\\/en\\\/\",\"name\":\"Tanssistudio Flama\",\"description\":\"Turkulainen Tanssistudio\",\"publisher\":{\"@id\":\"https:\\\/\\\/flama.fi\\\/en\\\/#organization\"},\"potentialAction\":[{\"@type\":\"SearchAction\",\"target\":{\"@type\":\"EntryPoint\",\"urlTemplate\":\"https:\\\/\\\/flama.fi\\\/en\\\/?s={search_term_string}\"},\"query-input\":{\"@type\":\"PropertyValueSpecification\",\"valueRequired\":true,\"valueName\":\"search_term_string\"}}],\"inLanguage\":\"en-US\"},{\"@type\":\"Organization\",\"@id\":\"https:\\\/\\\/flama.fi\\\/en\\\/#organization\",\"name\":\"Tanssistudio Flama\",\"url\":\"https:\\\/\\\/flama.fi\\\/en\\\/\",\"logo\":{\"@type\":\"ImageObject\",\"inLanguage\":\"en-US\",\"@id\":\"https:\\\/\\\/flama.fi\\\/en\\\/#\\\/schema\\\/logo\\\/image\\\/\",\"url\":\"https:\\\/\\\/flama.fi\\\/wp-content\\\/uploads\\\/2022\\\/07\\\/Flama-logo.png\",\"contentUrl\":\"https:\\\/\\\/flama.fi\\\/wp-content\\\/uploads\\\/2022\\\/07\\\/Flama-logo.png\",\"width\":1240,\"height\":620,\"caption\":\"Tanssistudio Flama\"},\"image\":{\"@id\":\"https:\\\/\\\/flama.fi\\\/en\\\/#\\\/schema\\\/logo\\\/image\\\/\"}}]}<\/script>\n<!-- \/ Yoast SEO plugin. -->","yoast_head_json":{"title":"Reggaeton, improvers (5 sessions), Wednesdays 3.6.\u20131.7. at 16.15\u201317.10, instructed by Meri Niemi - Tanssistudio Flama","description":"Have you mastered the basics of reggaeton and are looking for new dance inspiration? This reggaeton course is perfect for you! In the course, we dance rotating choreographies.","robots":{"index":"index","follow":"follow","max-snippet":"max-snippet:-1","max-image-preview":"max-image-preview:large","max-video-preview":"max-video-preview:-1"},"canonical":"https:\/\/flama.fi\/en\/product\/reggaeton-improvers-meri-summer2026\/","og_locale":"en_US","og_type":"article","og_title":"Reggaeton, improvers (5 sessions), Wednesdays 3.6.\u20131.7. at 16.15\u201317.10, instructed by Meri Niemi - Tanssistudio Flama","og_description":"Have you mastered the basics of reggaeton and are looking for new dance inspiration? This reggaeton course is perfect for you! In the course, we dance rotating choreographies.","og_url":"https:\/\/flama.fi\/en\/product\/reggaeton-improvers-meri-summer2026\/","og_site_name":"Tanssistudio Flama","article_modified_time":"2026-03-24T15:29:09+00:00","og_image":[{"width":1080,"height":1080,"url":"https:\/\/flama.fi\/wp-content\/uploads\/2022\/11\/meri-niemi-1080x1080-1.jpg","type":"image\/jpeg"}],"twitter_card":"summary_large_image","twitter_misc":{"Est. reading time":"3 minutes"},"schema":{"@context":"https:\/\/schema.org","@graph":[{"@type":"WebPage","@id":"https:\/\/flama.fi\/en\/product\/reggaeton-improvers-meri-summer2026\/","url":"https:\/\/flama.fi\/en\/product\/reggaeton-improvers-meri-summer2026\/","name":"Reggaeton, improvers (5 sessions), Wednesdays 3.6.\u20131.7. at 16.15\u201317.10, instructed by Meri Niemi - Tanssistudio Flama","isPartOf":{"@id":"https:\/\/flama.fi\/en\/#website"},"primaryImageOfPage":{"@id":"https:\/\/flama.fi\/en\/product\/reggaeton-improvers-meri-summer2026\/#primaryimage"},"image":{"@id":"https:\/\/flama.fi\/en\/product\/reggaeton-improvers-meri-summer2026\/#primaryimage"},"thumbnailUrl":"https:\/\/flama.fi\/wp-content\/uploads\/2022\/11\/meri-niemi-1080x1080-1.jpg","datePublished":"2026-03-17T08:03:33+00:00","dateModified":"2026-03-24T15:29:09+00:00","description":"Have you mastered the basics of reggaeton and are looking for new dance inspiration? This reggaeton course is perfect for you! In the course, we dance rotating choreographies.","breadcrumb":{"@id":"https:\/\/flama.fi\/en\/product\/reggaeton-improvers-meri-summer2026\/#breadcrumb"},"inLanguage":"en-US","potentialAction":[{"@type":"ReadAction","target":["https:\/\/flama.fi\/en\/product\/reggaeton-improvers-meri-summer2026\/"]}]},{"@type":"ImageObject","inLanguage":"en-US","@id":"https:\/\/flama.fi\/en\/product\/reggaeton-improvers-meri-summer2026\/#primaryimage","url":"https:\/\/flama.fi\/wp-content\/uploads\/2022\/11\/meri-niemi-1080x1080-1.jpg","contentUrl":"https:\/\/flama.fi\/wp-content\/uploads\/2022\/11\/meri-niemi-1080x1080-1.jpg","width":1080,"height":1080,"caption":"Vaaleat ja lyhyet hiukset. Nainen hymyilee leve\u00e4sti, p\u00e4\u00e4ll\u00e4\u00e4n keltainen paita. Kuvass aMeri Niemi."},{"@type":"BreadcrumbList","@id":"https:\/\/flama.fi\/en\/product\/reggaeton-improvers-meri-summer2026\/#breadcrumb","itemListElement":[{"@type":"ListItem","position":1,"name":"Etusivu","item":"https:\/\/flama.fi\/en\/"},{"@type":"ListItem","position":2,"name":"Shop","item":"https:\/\/flama.fi\/en\/shop\/"},{"@type":"ListItem","position":3,"name":"Reggaeton, improvers (5 sessions), Wednesdays 3.6.\u20131.7. at 16.15\u201317.10, instructed by Meri Niemi"}]},{"@type":"WebSite","@id":"https:\/\/flama.fi\/en\/#website","url":"https:\/\/flama.fi\/en\/","name":"Tanssistudio Flama","description":"Turkulainen Tanssistudio","publisher":{"@id":"https:\/\/flama.fi\/en\/#organization"},"potentialAction":[{"@type":"SearchAction","target":{"@type":"EntryPoint","urlTemplate":"https:\/\/flama.fi\/en\/?s={search_term_string}"},"query-input":{"@type":"PropertyValueSpecification","valueRequired":true,"valueName":"search_term_string"}}],"inLanguage":"en-US"},{"@type":"Organization","@id":"https:\/\/flama.fi\/en\/#organization","name":"Tanssistudio Flama","url":"https:\/\/flama.fi\/en\/","logo":{"@type":"ImageObject","inLanguage":"en-US","@id":"https:\/\/flama.fi\/en\/#\/schema\/logo\/image\/","url":"https:\/\/flama.fi\/wp-content\/uploads\/2022\/07\/Flama-logo.png","contentUrl":"https:\/\/flama.fi\/wp-content\/uploads\/2022\/07\/Flama-logo.png","width":1240,"height":620,"caption":"Tanssistudio Flama"},"image":{"@id":"https:\/\/flama.fi\/en\/#\/schema\/logo\/image\/"}}]}},"_links":{"self":[{"href":"https:\/\/flama.fi\/en\/wp-json\/wp\/v2\/product\/93935","targetHints":{"allow":["GET"]}}],"collection":[{"href":"https:\/\/flama.fi\/en\/wp-json\/wp\/v2\/product"}],"about":[{"href":"https:\/\/flama.fi\/en\/wp-json\/wp\/v2\/types\/product"}],"version-history":[{"count":1,"href":"https:\/\/flama.fi\/en\/wp-json\/wp\/v2\/product\/93935\/revisions"}],"predecessor-version":[{"id":93937,"href":"https:\/\/flama.fi\/en\/wp-json\/wp\/v2\/product\/93935\/revisions\/93937"}],"wp:featuredmedia":[{"embeddable":true,"href":"https:\/\/flama.fi\/en\/wp-json\/wp\/v2\/media\/48825"}],"wp:attachment":[{"href":"https:\/\/flama.fi\/en\/wp-json\/wp\/v2\/media?parent=93935"}],"wp:term":[{"taxonomy":"product_brand","embeddable":true,"href":"https:\/\/flama.fi\/en\/wp-json\/wp\/v2\/product_brand?post=93935"},{"taxonomy":"product_cat","embeddable":true,"href":"https:\/\/flama.fi\/en\/wp-json\/wp\/v2\/product_cat?post=93935"},{"taxonomy":"product_tag","embeddable":true,"href":"https:\/\/flama.fi\/en\/wp-json\/wp\/v2\/product_tag?post=93935"}],"curies":[{"name":"wp","href":"https:\/\/api.w.org\/{rel}","templated":true}]}}