{"id":93917,"date":"2026-03-17T10:03:36","date_gmt":"2026-03-17T08:03:36","guid":{"rendered":"https:\/\/flama.fi\/tuote\/salsa-estilo-femenino-course2-mirka-summer2026\/"},"modified":"2026-03-24T15:17:43","modified_gmt":"2026-03-24T13:17:43","slug":"salsa-estilo-femenino-course2-mirka-summer2026","status":"publish","type":"product","link":"https:\/\/flama.fi\/en\/product\/salsa-estilo-femenino-course2-mirka-summer2026\/","title":{"rendered":"Salsa Estilo Femenino, intermediate (4 sessions), Tuesdays 28.7.\u201318.8. at 17.15\u201318.10, instructed by Mirka Saali"},"content":{"rendered":"<h3>What if I can&#8217;t participate every week?<\/h3>\n<p>Absences from classes can be made up during the same term in any other class or drop-in session. This way, no dance session will be wasted! <a href=\"https:\/\/flama.fi\/en\/info\/faq\/\">Read more.<\/a><\/p>\n<h3>What should I bring with me?<\/h3>\n<p>Wear comfortable clothing that allows you to move freely and feel good.<\/p>\n<p>You can dance in socks, dance shoes, or indoor sneakers, or, if you wish, in dance heels. Remember to bring a water bottle.<\/p>\n<h3>Mirka Saali<\/h3>\n<p>Mirka has been dancing different dance styles for a long time. She started dancing at the age of seven with ballroom dancing and continued until her teenage years. She found dance again in 2010 and fell in love with latin dances, especially Cuban dances. Since then, Mirka has explored and danced many different styles.<\/p>\n<p>As a teacher, Mirka is compelling and purposeful but still easy-going. There is always a cheerful and enthusiastic atmosphere in Mirka&#8217;s classes. For Mirka, the most important thing in teaching is the joy of dance, enjoying the music and her own movement, and pushing her own boundaries.<\/p>\n<p>Mirka has been instructing various dance classes at Flama since 2018, and she currently leads three of Flama\u2019s performing dance groups: Flama Crew, Flaming Firecrackers, and La Calentura.<\/p>\n<p>More information about the course:<a href=\"mailto:info@flama.fi\"> info@flama.fi<\/a><\/p>\n","protected":false},"excerpt":{"rendered":"<p>In the Salsa Estilo Femenino course, you\u2019ll dance beautiful salsa to both Cuban as well as other salsa music styles. This course invites you to enjoy feminine and expressive movement and musical interpretation. In addition to body movement and salsa technique, the classes focus on arm styling, feminine expression, and even a touch of show elements. Let yourself be carried away by the sensual and powerful atmosphere! In the classes, you\u2019ll dance a mix of longer choreographies and shorter combinations.<\/p>\n<p>The course is suitable for those who have danced solo salsa for several years.<\/p>\n<p><b>Time:<\/b> Tuesdays 28.7.\u201318.8. at 17.15\u201318.10<br \/>\n<b>Place<\/b>: Flama Rauhankatu (Rauhankatu 15, 20100 Turku)<br \/>\n<b>Level<\/b>: intermediate<br \/>\n<b>Teacher<\/b>: <a href=\"https:\/\/flama.fi\/en\/instructors\/mirka-saali\/\">Mirka Saali<\/a><\/p>\n<p>The course fee includes 4 x 55 min sessions.<\/p>\n<p><b>Reserve your spot early and take advantage of the early bird price<\/b><br \/>\nBy buying the course by 19.7.2026, you can get it at a discounted rate.<\/p>\n<p>If you would like to pay part of the course fee with a tyky benefit (e.g., Smartum, Edenred, ePassi), please register by sending an email to: info@flama.fi.<\/p>\n<p><b>Thinking of taking multiple courses<\/b>? With the Flama <a href=\"https:\/\/flama.fi\/en\/product\/anytime-kesa2026\/\">Anytime pass<\/a>, you can dance unlimitedly throughout the spring season. If you already have an Anytime pass, register for the courses by email: info@flama.fi If you already have an Anytime pass, register for the courses by email: <a href=\"mailto:info@flama.fi\">info@flama.fi<\/a><\/p>\n","protected":false},"featured_media":41297,"template":"","meta":{"inline_featured_image":false},"product_brand":[],"product_cat":[4017],"product_tag":[4077,2518,1836,4350,1908,801,3840,1169,838],"class_list":{"0":"post-93917","1":"product","2":"type-product","3":"status-publish","4":"has-post-thumbnail","6":"product_cat-summer-courses","7":"product_tag-courses","8":"product_tag-flama-rauhankatu-en","9":"product_tag-intermediate-en","10":"product_tag-kesa-2026","11":"product_tag-mirka-saali-en-2","12":"product_tag-salsa-en","13":"product_tag-salsa-estilo-femenino-en","14":"product_tag-salsa-solo","15":"product_tag-tanssistudio-flama-en","17":"first","18":"instock","19":"sale","20":"virtual","21":"taxable","22":"purchasable","23":"product-type-simple"},"yoast_head":"<!-- This site is optimized with the Yoast SEO plugin v27.3 - https:\/\/yoast.com\/product\/yoast-seo-wordpress\/ -->\n<title>Salsa Estilo Femenino, intermediate (4 sessions), Tuesdays 28.7.\u201318.8. at 17.15\u201318.10, instructed by Mirka Saali - Tanssistudio Flama<\/title>\n<meta name=\"description\" content=\"Haluaisitko syvent\u00e4\u00e4 taitojasi soolosalsan feminiinisess\u00e4 ilmaisussa? T\u00e4m\u00e4 kurssi sopii useamman vuoden ajan salsatunneilla k\u00e4yneille.\" \/>\n<meta name=\"robots\" content=\"index, follow, max-snippet:-1, max-image-preview:large, max-video-preview:-1\" \/>\n<link rel=\"canonical\" href=\"https:\/\/flama.fi\/en\/product\/salsa-estilo-femenino-course2-mirka-summer2026\/\" \/>\n<meta property=\"og:locale\" content=\"en_US\" \/>\n<meta property=\"og:type\" content=\"article\" \/>\n<meta property=\"og:title\" content=\"Salsa Estilo Femenino, intermediate (4 sessions), Tuesdays 28.7.\u201318.8. at 17.15\u201318.10, instructed by Mirka Saali - Tanssistudio Flama\" \/>\n<meta property=\"og:description\" content=\"Haluaisitko syvent\u00e4\u00e4 taitojasi soolosalsan feminiinisess\u00e4 ilmaisussa? T\u00e4m\u00e4 kurssi sopii useamman vuoden ajan salsatunneilla k\u00e4yneille.\" \/>\n<meta property=\"og:url\" content=\"https:\/\/flama.fi\/en\/product\/salsa-estilo-femenino-course2-mirka-summer2026\/\" \/>\n<meta property=\"og:site_name\" content=\"Tanssistudio Flama\" \/>\n<meta property=\"article:modified_time\" content=\"2026-03-24T13:17:43+00:00\" \/>\n<meta property=\"og:image\" content=\"https:\/\/flama.fi\/wp-content\/uploads\/2022\/07\/20210825_Flama_Henkilokuvat6858-e1668433684538.jpg\" \/>\n\t<meta property=\"og:image:width\" content=\"1080\" \/>\n\t<meta property=\"og:image:height\" content=\"1080\" \/>\n\t<meta property=\"og:image:type\" content=\"image\/jpeg\" \/>\n<meta name=\"twitter:card\" content=\"summary_large_image\" \/>\n<meta name=\"twitter:label1\" content=\"Est. reading time\" \/>\n\t<meta name=\"twitter:data1\" content=\"2 minutes\" \/>\n<script type=\"application\/ld+json\" class=\"yoast-schema-graph\">{\"@context\":\"https:\\\/\\\/schema.org\",\"@graph\":[{\"@type\":\"WebPage\",\"@id\":\"https:\\\/\\\/flama.fi\\\/en\\\/product\\\/salsa-estilo-femenino-course2-mirka-summer2026\\\/\",\"url\":\"https:\\\/\\\/flama.fi\\\/en\\\/product\\\/salsa-estilo-femenino-course2-mirka-summer2026\\\/\",\"name\":\"Salsa Estilo Femenino, intermediate (4 sessions), Tuesdays 28.7.\u201318.8. at 17.15\u201318.10, instructed by Mirka Saali - Tanssistudio Flama\",\"isPartOf\":{\"@id\":\"https:\\\/\\\/flama.fi\\\/en\\\/#website\"},\"primaryImageOfPage\":{\"@id\":\"https:\\\/\\\/flama.fi\\\/en\\\/product\\\/salsa-estilo-femenino-course2-mirka-summer2026\\\/#primaryimage\"},\"image\":{\"@id\":\"https:\\\/\\\/flama.fi\\\/en\\\/product\\\/salsa-estilo-femenino-course2-mirka-summer2026\\\/#primaryimage\"},\"thumbnailUrl\":\"https:\\\/\\\/flama.fi\\\/wp-content\\\/uploads\\\/2022\\\/07\\\/20210825_Flama_Henkilokuvat6858-e1668433684538.jpg\",\"datePublished\":\"2026-03-17T08:03:36+00:00\",\"dateModified\":\"2026-03-24T13:17:43+00:00\",\"description\":\"Haluaisitko syvent\u00e4\u00e4 taitojasi soolosalsan feminiinisess\u00e4 ilmaisussa? T\u00e4m\u00e4 kurssi sopii useamman vuoden ajan salsatunneilla k\u00e4yneille.\",\"breadcrumb\":{\"@id\":\"https:\\\/\\\/flama.fi\\\/en\\\/product\\\/salsa-estilo-femenino-course2-mirka-summer2026\\\/#breadcrumb\"},\"inLanguage\":\"en-US\",\"potentialAction\":[{\"@type\":\"ReadAction\",\"target\":[\"https:\\\/\\\/flama.fi\\\/en\\\/product\\\/salsa-estilo-femenino-course2-mirka-summer2026\\\/\"]}]},{\"@type\":\"ImageObject\",\"inLanguage\":\"en-US\",\"@id\":\"https:\\\/\\\/flama.fi\\\/en\\\/product\\\/salsa-estilo-femenino-course2-mirka-summer2026\\\/#primaryimage\",\"url\":\"https:\\\/\\\/flama.fi\\\/wp-content\\\/uploads\\\/2022\\\/07\\\/20210825_Flama_Henkilokuvat6858-e1668433684538.jpg\",\"contentUrl\":\"https:\\\/\\\/flama.fi\\\/wp-content\\\/uploads\\\/2022\\\/07\\\/20210825_Flama_Henkilokuvat6858-e1668433684538.jpg\",\"width\":1080,\"height\":1080},{\"@type\":\"BreadcrumbList\",\"@id\":\"https:\\\/\\\/flama.fi\\\/en\\\/product\\\/salsa-estilo-femenino-course2-mirka-summer2026\\\/#breadcrumb\",\"itemListElement\":[{\"@type\":\"ListItem\",\"position\":1,\"name\":\"Etusivu\",\"item\":\"https:\\\/\\\/flama.fi\\\/en\\\/\"},{\"@type\":\"ListItem\",\"position\":2,\"name\":\"Shop\",\"item\":\"https:\\\/\\\/flama.fi\\\/en\\\/shop\\\/\"},{\"@type\":\"ListItem\",\"position\":3,\"name\":\"Salsa Estilo Femenino, intermediate (4 sessions), Tuesdays 28.7.\u201318.8. at 17.15\u201318.10, instructed by Mirka Saali\"}]},{\"@type\":\"WebSite\",\"@id\":\"https:\\\/\\\/flama.fi\\\/en\\\/#website\",\"url\":\"https:\\\/\\\/flama.fi\\\/en\\\/\",\"name\":\"Tanssistudio Flama\",\"description\":\"Turkulainen Tanssistudio\",\"publisher\":{\"@id\":\"https:\\\/\\\/flama.fi\\\/en\\\/#organization\"},\"potentialAction\":[{\"@type\":\"SearchAction\",\"target\":{\"@type\":\"EntryPoint\",\"urlTemplate\":\"https:\\\/\\\/flama.fi\\\/en\\\/?s={search_term_string}\"},\"query-input\":{\"@type\":\"PropertyValueSpecification\",\"valueRequired\":true,\"valueName\":\"search_term_string\"}}],\"inLanguage\":\"en-US\"},{\"@type\":\"Organization\",\"@id\":\"https:\\\/\\\/flama.fi\\\/en\\\/#organization\",\"name\":\"Tanssistudio Flama\",\"url\":\"https:\\\/\\\/flama.fi\\\/en\\\/\",\"logo\":{\"@type\":\"ImageObject\",\"inLanguage\":\"en-US\",\"@id\":\"https:\\\/\\\/flama.fi\\\/en\\\/#\\\/schema\\\/logo\\\/image\\\/\",\"url\":\"https:\\\/\\\/flama.fi\\\/wp-content\\\/uploads\\\/2022\\\/07\\\/Flama-logo.png\",\"contentUrl\":\"https:\\\/\\\/flama.fi\\\/wp-content\\\/uploads\\\/2022\\\/07\\\/Flama-logo.png\",\"width\":1240,\"height\":620,\"caption\":\"Tanssistudio Flama\"},\"image\":{\"@id\":\"https:\\\/\\\/flama.fi\\\/en\\\/#\\\/schema\\\/logo\\\/image\\\/\"}}]}<\/script>\n<!-- \/ Yoast SEO plugin. -->","yoast_head_json":{"title":"Salsa Estilo Femenino, intermediate (4 sessions), Tuesdays 28.7.\u201318.8. at 17.15\u201318.10, instructed by Mirka Saali - Tanssistudio Flama","description":"Haluaisitko syvent\u00e4\u00e4 taitojasi soolosalsan feminiinisess\u00e4 ilmaisussa? T\u00e4m\u00e4 kurssi sopii useamman vuoden ajan salsatunneilla k\u00e4yneille.","robots":{"index":"index","follow":"follow","max-snippet":"max-snippet:-1","max-image-preview":"max-image-preview:large","max-video-preview":"max-video-preview:-1"},"canonical":"https:\/\/flama.fi\/en\/product\/salsa-estilo-femenino-course2-mirka-summer2026\/","og_locale":"en_US","og_type":"article","og_title":"Salsa Estilo Femenino, intermediate (4 sessions), Tuesdays 28.7.\u201318.8. at 17.15\u201318.10, instructed by Mirka Saali - Tanssistudio Flama","og_description":"Haluaisitko syvent\u00e4\u00e4 taitojasi soolosalsan feminiinisess\u00e4 ilmaisussa? T\u00e4m\u00e4 kurssi sopii useamman vuoden ajan salsatunneilla k\u00e4yneille.","og_url":"https:\/\/flama.fi\/en\/product\/salsa-estilo-femenino-course2-mirka-summer2026\/","og_site_name":"Tanssistudio Flama","article_modified_time":"2026-03-24T13:17:43+00:00","og_image":[{"width":1080,"height":1080,"url":"https:\/\/flama.fi\/wp-content\/uploads\/2022\/07\/20210825_Flama_Henkilokuvat6858-e1668433684538.jpg","type":"image\/jpeg"}],"twitter_card":"summary_large_image","twitter_misc":{"Est. reading time":"2 minutes"},"schema":{"@context":"https:\/\/schema.org","@graph":[{"@type":"WebPage","@id":"https:\/\/flama.fi\/en\/product\/salsa-estilo-femenino-course2-mirka-summer2026\/","url":"https:\/\/flama.fi\/en\/product\/salsa-estilo-femenino-course2-mirka-summer2026\/","name":"Salsa Estilo Femenino, intermediate (4 sessions), Tuesdays 28.7.\u201318.8. at 17.15\u201318.10, instructed by Mirka Saali - Tanssistudio Flama","isPartOf":{"@id":"https:\/\/flama.fi\/en\/#website"},"primaryImageOfPage":{"@id":"https:\/\/flama.fi\/en\/product\/salsa-estilo-femenino-course2-mirka-summer2026\/#primaryimage"},"image":{"@id":"https:\/\/flama.fi\/en\/product\/salsa-estilo-femenino-course2-mirka-summer2026\/#primaryimage"},"thumbnailUrl":"https:\/\/flama.fi\/wp-content\/uploads\/2022\/07\/20210825_Flama_Henkilokuvat6858-e1668433684538.jpg","datePublished":"2026-03-17T08:03:36+00:00","dateModified":"2026-03-24T13:17:43+00:00","description":"Haluaisitko syvent\u00e4\u00e4 taitojasi soolosalsan feminiinisess\u00e4 ilmaisussa? T\u00e4m\u00e4 kurssi sopii useamman vuoden ajan salsatunneilla k\u00e4yneille.","breadcrumb":{"@id":"https:\/\/flama.fi\/en\/product\/salsa-estilo-femenino-course2-mirka-summer2026\/#breadcrumb"},"inLanguage":"en-US","potentialAction":[{"@type":"ReadAction","target":["https:\/\/flama.fi\/en\/product\/salsa-estilo-femenino-course2-mirka-summer2026\/"]}]},{"@type":"ImageObject","inLanguage":"en-US","@id":"https:\/\/flama.fi\/en\/product\/salsa-estilo-femenino-course2-mirka-summer2026\/#primaryimage","url":"https:\/\/flama.fi\/wp-content\/uploads\/2022\/07\/20210825_Flama_Henkilokuvat6858-e1668433684538.jpg","contentUrl":"https:\/\/flama.fi\/wp-content\/uploads\/2022\/07\/20210825_Flama_Henkilokuvat6858-e1668433684538.jpg","width":1080,"height":1080},{"@type":"BreadcrumbList","@id":"https:\/\/flama.fi\/en\/product\/salsa-estilo-femenino-course2-mirka-summer2026\/#breadcrumb","itemListElement":[{"@type":"ListItem","position":1,"name":"Etusivu","item":"https:\/\/flama.fi\/en\/"},{"@type":"ListItem","position":2,"name":"Shop","item":"https:\/\/flama.fi\/en\/shop\/"},{"@type":"ListItem","position":3,"name":"Salsa Estilo Femenino, intermediate (4 sessions), Tuesdays 28.7.\u201318.8. at 17.15\u201318.10, instructed by Mirka Saali"}]},{"@type":"WebSite","@id":"https:\/\/flama.fi\/en\/#website","url":"https:\/\/flama.fi\/en\/","name":"Tanssistudio Flama","description":"Turkulainen Tanssistudio","publisher":{"@id":"https:\/\/flama.fi\/en\/#organization"},"potentialAction":[{"@type":"SearchAction","target":{"@type":"EntryPoint","urlTemplate":"https:\/\/flama.fi\/en\/?s={search_term_string}"},"query-input":{"@type":"PropertyValueSpecification","valueRequired":true,"valueName":"search_term_string"}}],"inLanguage":"en-US"},{"@type":"Organization","@id":"https:\/\/flama.fi\/en\/#organization","name":"Tanssistudio Flama","url":"https:\/\/flama.fi\/en\/","logo":{"@type":"ImageObject","inLanguage":"en-US","@id":"https:\/\/flama.fi\/en\/#\/schema\/logo\/image\/","url":"https:\/\/flama.fi\/wp-content\/uploads\/2022\/07\/Flama-logo.png","contentUrl":"https:\/\/flama.fi\/wp-content\/uploads\/2022\/07\/Flama-logo.png","width":1240,"height":620,"caption":"Tanssistudio Flama"},"image":{"@id":"https:\/\/flama.fi\/en\/#\/schema\/logo\/image\/"}}]}},"_links":{"self":[{"href":"https:\/\/flama.fi\/en\/wp-json\/wp\/v2\/product\/93917","targetHints":{"allow":["GET"]}}],"collection":[{"href":"https:\/\/flama.fi\/en\/wp-json\/wp\/v2\/product"}],"about":[{"href":"https:\/\/flama.fi\/en\/wp-json\/wp\/v2\/types\/product"}],"version-history":[{"count":1,"href":"https:\/\/flama.fi\/en\/wp-json\/wp\/v2\/product\/93917\/revisions"}],"predecessor-version":[{"id":93919,"href":"https:\/\/flama.fi\/en\/wp-json\/wp\/v2\/product\/93917\/revisions\/93919"}],"wp:featuredmedia":[{"embeddable":true,"href":"https:\/\/flama.fi\/en\/wp-json\/wp\/v2\/media\/41297"}],"wp:attachment":[{"href":"https:\/\/flama.fi\/en\/wp-json\/wp\/v2\/media?parent=93917"}],"wp:term":[{"taxonomy":"product_brand","embeddable":true,"href":"https:\/\/flama.fi\/en\/wp-json\/wp\/v2\/product_brand?post=93917"},{"taxonomy":"product_cat","embeddable":true,"href":"https:\/\/flama.fi\/en\/wp-json\/wp\/v2\/product_cat?post=93917"},{"taxonomy":"product_tag","embeddable":true,"href":"https:\/\/flama.fi\/en\/wp-json\/wp\/v2\/product_tag?post=93917"}],"curies":[{"name":"wp","href":"https:\/\/api.w.org\/{rel}","templated":true}]}}