{"id":93359,"date":"2026-03-17T10:05:20","date_gmt":"2026-03-17T08:05:20","guid":{"rendered":"https:\/\/flama.fi\/tuote\/aitiyspilates-kurssi2-sarianna-kesa2026\/"},"modified":"2026-03-17T10:45:03","modified_gmt":"2026-03-17T08:45:03","slug":"maternitypilates-course1-sarianna-summer2026","status":"publish","type":"product","link":"https:\/\/flama.fi\/en\/product\/maternitypilates-course1-sarianna-summer2026\/","title":{"rendered":"Maternity Pilates, beginners (5 sessions), on Mondays 1.6.\u201329.6. at 15.15\u201316.00, instructed by Sarianna Jakobsson"},"content":{"rendered":"<h3>What if I can&#8217;t participate every week?<\/h3>\n<p>Absences from classes can be made up during the same term in any other class or drop-in session. This way, no dance session will be wasted! <a href=\"https:\/\/flama.fi\/en\/info\/faq\/\">Read more.<\/a><\/p>\n<h3>What should I bring with me?<\/h3>\n<p>Wear comfortable clothing that allows you to move freely and feel good.<\/p>\n<p>You don&#8217;t need shoes for the class, but you can bring your own water bottle and yoga\/stretching mat. Our studio also has mats available to borrow for the duration of the class. If you come to class with your baby, you can bring a blanket for them.<\/p>\n<h3>Maternity Pilates<\/h3>\n<p>Maternity Pilates is designed for expectant and postpartum mothers. You can attend the classes alone or with your child. The classes focus on connecting with your own body and breath. Exercises target the pelvic floor, strengthen the abdominal muscles, and build posture-supporting muscles throughout the body with Pilates movements. Gentle dynamic stretches for the whole body are also included, followed by relaxation. You can join the course at any stage of pregnancy or soon after giving birth, but it\u2019s also fine if more time has passed since delivery.<\/p>\n<h3>Sarianna Jakobsson<\/h3>\n<p>Sarianna Jakobsson is a FasciaMethod instructor, 3 PhysioPilates instructor, a physiotherapist, a personal trainer and a basic sexologist. She has trained extensively over the years, and in physiotherapy, her specialization has been strongly focused on maternity physiotherapy.<\/p>\n<p>More information about the course:<a href=\"mailto:info@flama.fi\"> info@flama.fi<\/a><\/p>\n","protected":false},"excerpt":{"rendered":"<p>Come take care of your body and mind in the Maternity Pilates course! Maternity Pilates is designed for expectant parents at any stage of pregnancy and for postpartum parents, who can attend the class alone or with their child. You can join the course soon after giving birth, but it\u2019s also fine if more time has passed since delivery.<\/p>\n<p>The course is suitable for both beginners and those with prior Pilates experience. The course instructor, Sarianna, is a licensed physiotherapist specialized in maternity physiotherapy.<\/p>\n<p><b>Time:<\/b> Mondays 1.6.\u201329.6. at 15.15\u201316.00<br \/>\n<b>Place<\/b>: Flama Rauhankatu (Rauhankatu 15, 20100 Turku)<br \/>\n<b>Level<\/b>: beginners<br \/>\n<b>Teacher:<\/b> <a href=\"https:\/\/flama.fi\/en\/instructors\/sarianna-jakobsson\/\">Sarianna Jakobsson<\/a><\/p>\n<p>The course fee includes 5 \u00d7 45 min sessions.<\/p>\n<p><b>Reserve your spot early and take advantage of the early bird price<\/b><br \/>\nBy buying the course by 24.5.2026, you can get it at a discounted rate.<\/p>\n<p>If you would like to pay part of the course fee with a sport benefit (e.g., Smartum, Edenred, ePassi), please register by sending an email to: info@flama.fi.<\/p>\n<p><b>Thinking of taking multiple courses?<\/b> With <a href=\"https:\/\/flama.fi\/en\/product\/anytime-kesa2026\/\">the Flama Anytime pass<\/a>, you can dance unlimitedly throughout the summer season. If you already have an Anytime pass, register for the courses by email: <a href=\"mailto:info@flama.fi\">info@flama.fi<\/a><\/p>\n","protected":false},"featured_media":48807,"template":"","meta":{"inline_featured_image":false},"product_brand":[],"product_cat":[4017],"product_tag":[4238,1241,2763,4077,2518,4350,4151,2956,2957,838],"class_list":{"0":"post-93359","1":"product","2":"type-product","3":"status-publish","4":"has-post-thumbnail","6":"product_cat-summer-courses","7":"product_tag-babies-and-parents","8":"product_tag-beginners","9":"product_tag-body-maintenance-en","10":"product_tag-courses","11":"product_tag-flama-rauhankatu-en","12":"product_tag-kesa-2026","13":"product_tag-maternity-pilates","14":"product_tag-pilates-en","15":"product_tag-sarianna-jakobsson-en","16":"product_tag-tanssistudio-flama-en","18":"first","19":"instock","20":"sale","21":"virtual","22":"taxable","23":"purchasable","24":"product-type-simple"},"yoast_head":"<!-- This site is optimized with the Yoast SEO plugin v27.3 - https:\/\/yoast.com\/product\/yoast-seo-wordpress\/ -->\n<title>Maternity Pilates, beginners (5 sessions), on Mondays 1.6.\u201329.6. at 15.15\u201316.00, instructed by Sarianna Jakobsson - Tanssistudio Flama<\/title>\n<meta name=\"description\" content=\"Welcome to care for your body in the Maternity Pilates course! These classes are suitable for expectant parents at any stage of pregnancy as well as for those who have already given birth.\" \/>\n<meta name=\"robots\" content=\"index, follow, max-snippet:-1, max-image-preview:large, max-video-preview:-1\" \/>\n<link rel=\"canonical\" href=\"https:\/\/flama.fi\/en\/product\/maternitypilates-course1-sarianna-summer2026\/\" \/>\n<meta property=\"og:locale\" content=\"en_US\" \/>\n<meta property=\"og:type\" content=\"article\" \/>\n<meta property=\"og:title\" content=\"Maternity Pilates, beginners (5 sessions), on Mondays 1.6.\u201329.6. at 15.15\u201316.00, instructed by Sarianna Jakobsson - Tanssistudio Flama\" \/>\n<meta property=\"og:description\" content=\"Welcome to care for your body in the Maternity Pilates course! These classes are suitable for expectant parents at any stage of pregnancy as well as for those who have already given birth.\" \/>\n<meta property=\"og:url\" content=\"https:\/\/flama.fi\/en\/product\/maternitypilates-course1-sarianna-summer2026\/\" \/>\n<meta property=\"og:site_name\" content=\"Tanssistudio Flama\" \/>\n<meta property=\"article:modified_time\" content=\"2026-03-17T08:45:03+00:00\" \/>\n<meta property=\"og:image\" content=\"https:\/\/flama.fi\/wp-content\/uploads\/2022\/11\/Sarianna-Jakobsson-1080x1080-2.jpg\" \/>\n\t<meta property=\"og:image:width\" content=\"1080\" \/>\n\t<meta property=\"og:image:height\" content=\"1080\" \/>\n\t<meta property=\"og:image:type\" content=\"image\/jpeg\" \/>\n<meta name=\"twitter:card\" content=\"summary_large_image\" \/>\n<meta name=\"twitter:label1\" content=\"Est. reading time\" \/>\n\t<meta name=\"twitter:data1\" content=\"2 minutes\" \/>\n<script type=\"application\/ld+json\" class=\"yoast-schema-graph\">{\"@context\":\"https:\\\/\\\/schema.org\",\"@graph\":[{\"@type\":\"WebPage\",\"@id\":\"https:\\\/\\\/flama.fi\\\/en\\\/product\\\/maternitypilates-course1-sarianna-summer2026\\\/\",\"url\":\"https:\\\/\\\/flama.fi\\\/en\\\/product\\\/maternitypilates-course1-sarianna-summer2026\\\/\",\"name\":\"Maternity Pilates, beginners (5 sessions), on Mondays 1.6.\u201329.6. at 15.15\u201316.00, instructed by Sarianna Jakobsson - Tanssistudio Flama\",\"isPartOf\":{\"@id\":\"https:\\\/\\\/flama.fi\\\/en\\\/#website\"},\"primaryImageOfPage\":{\"@id\":\"https:\\\/\\\/flama.fi\\\/en\\\/product\\\/maternitypilates-course1-sarianna-summer2026\\\/#primaryimage\"},\"image\":{\"@id\":\"https:\\\/\\\/flama.fi\\\/en\\\/product\\\/maternitypilates-course1-sarianna-summer2026\\\/#primaryimage\"},\"thumbnailUrl\":\"https:\\\/\\\/flama.fi\\\/wp-content\\\/uploads\\\/2022\\\/11\\\/Sarianna-Jakobsson-1080x1080-2.jpg\",\"datePublished\":\"2026-03-17T08:05:20+00:00\",\"dateModified\":\"2026-03-17T08:45:03+00:00\",\"description\":\"Welcome to care for your body in the Maternity Pilates course! These classes are suitable for expectant parents at any stage of pregnancy as well as for those who have already given birth.\",\"breadcrumb\":{\"@id\":\"https:\\\/\\\/flama.fi\\\/en\\\/product\\\/maternitypilates-course1-sarianna-summer2026\\\/#breadcrumb\"},\"inLanguage\":\"en-US\",\"potentialAction\":[{\"@type\":\"ReadAction\",\"target\":[\"https:\\\/\\\/flama.fi\\\/en\\\/product\\\/maternitypilates-course1-sarianna-summer2026\\\/\"]}]},{\"@type\":\"ImageObject\",\"inLanguage\":\"en-US\",\"@id\":\"https:\\\/\\\/flama.fi\\\/en\\\/product\\\/maternitypilates-course1-sarianna-summer2026\\\/#primaryimage\",\"url\":\"https:\\\/\\\/flama.fi\\\/wp-content\\\/uploads\\\/2022\\\/11\\\/Sarianna-Jakobsson-1080x1080-2.jpg\",\"contentUrl\":\"https:\\\/\\\/flama.fi\\\/wp-content\\\/uploads\\\/2022\\\/11\\\/Sarianna-Jakobsson-1080x1080-2.jpg\",\"width\":1080,\"height\":1080,\"caption\":\"Ruskeasilm\u00e4inen ja ruskeahiuksinen nainen hymyilee ja katsoo kameraan, p\u00e4\u00e4ll\u00e4\u00e4n lila paita. Kuvassa Sarianna Jakobsson.\"},{\"@type\":\"BreadcrumbList\",\"@id\":\"https:\\\/\\\/flama.fi\\\/en\\\/product\\\/maternitypilates-course1-sarianna-summer2026\\\/#breadcrumb\",\"itemListElement\":[{\"@type\":\"ListItem\",\"position\":1,\"name\":\"Etusivu\",\"item\":\"https:\\\/\\\/flama.fi\\\/en\\\/\"},{\"@type\":\"ListItem\",\"position\":2,\"name\":\"Shop\",\"item\":\"https:\\\/\\\/flama.fi\\\/en\\\/shop\\\/\"},{\"@type\":\"ListItem\",\"position\":3,\"name\":\"Maternity Pilates, beginners (5 sessions), on Mondays 1.6.\u201329.6. at 15.15\u201316.00, instructed by Sarianna Jakobsson\"}]},{\"@type\":\"WebSite\",\"@id\":\"https:\\\/\\\/flama.fi\\\/en\\\/#website\",\"url\":\"https:\\\/\\\/flama.fi\\\/en\\\/\",\"name\":\"Tanssistudio Flama\",\"description\":\"Turkulainen Tanssistudio\",\"publisher\":{\"@id\":\"https:\\\/\\\/flama.fi\\\/en\\\/#organization\"},\"potentialAction\":[{\"@type\":\"SearchAction\",\"target\":{\"@type\":\"EntryPoint\",\"urlTemplate\":\"https:\\\/\\\/flama.fi\\\/en\\\/?s={search_term_string}\"},\"query-input\":{\"@type\":\"PropertyValueSpecification\",\"valueRequired\":true,\"valueName\":\"search_term_string\"}}],\"inLanguage\":\"en-US\"},{\"@type\":\"Organization\",\"@id\":\"https:\\\/\\\/flama.fi\\\/en\\\/#organization\",\"name\":\"Tanssistudio Flama\",\"url\":\"https:\\\/\\\/flama.fi\\\/en\\\/\",\"logo\":{\"@type\":\"ImageObject\",\"inLanguage\":\"en-US\",\"@id\":\"https:\\\/\\\/flama.fi\\\/en\\\/#\\\/schema\\\/logo\\\/image\\\/\",\"url\":\"https:\\\/\\\/flama.fi\\\/wp-content\\\/uploads\\\/2022\\\/07\\\/Flama-logo.png\",\"contentUrl\":\"https:\\\/\\\/flama.fi\\\/wp-content\\\/uploads\\\/2022\\\/07\\\/Flama-logo.png\",\"width\":1240,\"height\":620,\"caption\":\"Tanssistudio Flama\"},\"image\":{\"@id\":\"https:\\\/\\\/flama.fi\\\/en\\\/#\\\/schema\\\/logo\\\/image\\\/\"}}]}<\/script>\n<!-- \/ Yoast SEO plugin. -->","yoast_head_json":{"title":"Maternity Pilates, beginners (5 sessions), on Mondays 1.6.\u201329.6. at 15.15\u201316.00, instructed by Sarianna Jakobsson - Tanssistudio Flama","description":"Welcome to care for your body in the Maternity Pilates course! These classes are suitable for expectant parents at any stage of pregnancy as well as for those who have already given birth.","robots":{"index":"index","follow":"follow","max-snippet":"max-snippet:-1","max-image-preview":"max-image-preview:large","max-video-preview":"max-video-preview:-1"},"canonical":"https:\/\/flama.fi\/en\/product\/maternitypilates-course1-sarianna-summer2026\/","og_locale":"en_US","og_type":"article","og_title":"Maternity Pilates, beginners (5 sessions), on Mondays 1.6.\u201329.6. at 15.15\u201316.00, instructed by Sarianna Jakobsson - Tanssistudio Flama","og_description":"Welcome to care for your body in the Maternity Pilates course! These classes are suitable for expectant parents at any stage of pregnancy as well as for those who have already given birth.","og_url":"https:\/\/flama.fi\/en\/product\/maternitypilates-course1-sarianna-summer2026\/","og_site_name":"Tanssistudio Flama","article_modified_time":"2026-03-17T08:45:03+00:00","og_image":[{"width":1080,"height":1080,"url":"https:\/\/flama.fi\/wp-content\/uploads\/2022\/11\/Sarianna-Jakobsson-1080x1080-2.jpg","type":"image\/jpeg"}],"twitter_card":"summary_large_image","twitter_misc":{"Est. reading time":"2 minutes"},"schema":{"@context":"https:\/\/schema.org","@graph":[{"@type":"WebPage","@id":"https:\/\/flama.fi\/en\/product\/maternitypilates-course1-sarianna-summer2026\/","url":"https:\/\/flama.fi\/en\/product\/maternitypilates-course1-sarianna-summer2026\/","name":"Maternity Pilates, beginners (5 sessions), on Mondays 1.6.\u201329.6. at 15.15\u201316.00, instructed by Sarianna Jakobsson - Tanssistudio Flama","isPartOf":{"@id":"https:\/\/flama.fi\/en\/#website"},"primaryImageOfPage":{"@id":"https:\/\/flama.fi\/en\/product\/maternitypilates-course1-sarianna-summer2026\/#primaryimage"},"image":{"@id":"https:\/\/flama.fi\/en\/product\/maternitypilates-course1-sarianna-summer2026\/#primaryimage"},"thumbnailUrl":"https:\/\/flama.fi\/wp-content\/uploads\/2022\/11\/Sarianna-Jakobsson-1080x1080-2.jpg","datePublished":"2026-03-17T08:05:20+00:00","dateModified":"2026-03-17T08:45:03+00:00","description":"Welcome to care for your body in the Maternity Pilates course! These classes are suitable for expectant parents at any stage of pregnancy as well as for those who have already given birth.","breadcrumb":{"@id":"https:\/\/flama.fi\/en\/product\/maternitypilates-course1-sarianna-summer2026\/#breadcrumb"},"inLanguage":"en-US","potentialAction":[{"@type":"ReadAction","target":["https:\/\/flama.fi\/en\/product\/maternitypilates-course1-sarianna-summer2026\/"]}]},{"@type":"ImageObject","inLanguage":"en-US","@id":"https:\/\/flama.fi\/en\/product\/maternitypilates-course1-sarianna-summer2026\/#primaryimage","url":"https:\/\/flama.fi\/wp-content\/uploads\/2022\/11\/Sarianna-Jakobsson-1080x1080-2.jpg","contentUrl":"https:\/\/flama.fi\/wp-content\/uploads\/2022\/11\/Sarianna-Jakobsson-1080x1080-2.jpg","width":1080,"height":1080,"caption":"Ruskeasilm\u00e4inen ja ruskeahiuksinen nainen hymyilee ja katsoo kameraan, p\u00e4\u00e4ll\u00e4\u00e4n lila paita. Kuvassa Sarianna Jakobsson."},{"@type":"BreadcrumbList","@id":"https:\/\/flama.fi\/en\/product\/maternitypilates-course1-sarianna-summer2026\/#breadcrumb","itemListElement":[{"@type":"ListItem","position":1,"name":"Etusivu","item":"https:\/\/flama.fi\/en\/"},{"@type":"ListItem","position":2,"name":"Shop","item":"https:\/\/flama.fi\/en\/shop\/"},{"@type":"ListItem","position":3,"name":"Maternity Pilates, beginners (5 sessions), on Mondays 1.6.\u201329.6. at 15.15\u201316.00, instructed by Sarianna Jakobsson"}]},{"@type":"WebSite","@id":"https:\/\/flama.fi\/en\/#website","url":"https:\/\/flama.fi\/en\/","name":"Tanssistudio Flama","description":"Turkulainen Tanssistudio","publisher":{"@id":"https:\/\/flama.fi\/en\/#organization"},"potentialAction":[{"@type":"SearchAction","target":{"@type":"EntryPoint","urlTemplate":"https:\/\/flama.fi\/en\/?s={search_term_string}"},"query-input":{"@type":"PropertyValueSpecification","valueRequired":true,"valueName":"search_term_string"}}],"inLanguage":"en-US"},{"@type":"Organization","@id":"https:\/\/flama.fi\/en\/#organization","name":"Tanssistudio Flama","url":"https:\/\/flama.fi\/en\/","logo":{"@type":"ImageObject","inLanguage":"en-US","@id":"https:\/\/flama.fi\/en\/#\/schema\/logo\/image\/","url":"https:\/\/flama.fi\/wp-content\/uploads\/2022\/07\/Flama-logo.png","contentUrl":"https:\/\/flama.fi\/wp-content\/uploads\/2022\/07\/Flama-logo.png","width":1240,"height":620,"caption":"Tanssistudio Flama"},"image":{"@id":"https:\/\/flama.fi\/en\/#\/schema\/logo\/image\/"}}]}},"_links":{"self":[{"href":"https:\/\/flama.fi\/en\/wp-json\/wp\/v2\/product\/93359","targetHints":{"allow":["GET"]}}],"collection":[{"href":"https:\/\/flama.fi\/en\/wp-json\/wp\/v2\/product"}],"about":[{"href":"https:\/\/flama.fi\/en\/wp-json\/wp\/v2\/types\/product"}],"version-history":[{"count":2,"href":"https:\/\/flama.fi\/en\/wp-json\/wp\/v2\/product\/93359\/revisions"}],"predecessor-version":[{"id":93361,"href":"https:\/\/flama.fi\/en\/wp-json\/wp\/v2\/product\/93359\/revisions\/93361"}],"wp:featuredmedia":[{"embeddable":true,"href":"https:\/\/flama.fi\/en\/wp-json\/wp\/v2\/media\/48807"}],"wp:attachment":[{"href":"https:\/\/flama.fi\/en\/wp-json\/wp\/v2\/media?parent=93359"}],"wp:term":[{"taxonomy":"product_brand","embeddable":true,"href":"https:\/\/flama.fi\/en\/wp-json\/wp\/v2\/product_brand?post=93359"},{"taxonomy":"product_cat","embeddable":true,"href":"https:\/\/flama.fi\/en\/wp-json\/wp\/v2\/product_cat?post=93359"},{"taxonomy":"product_tag","embeddable":true,"href":"https:\/\/flama.fi\/en\/wp-json\/wp\/v2\/product_tag?post=93359"}],"curies":[{"name":"wp","href":"https:\/\/api.w.org\/{rel}","templated":true}]}}