{"id":92606,"date":"2026-03-01T13:26:46","date_gmt":"2026-03-01T11:26:46","guid":{"rendered":"https:\/\/flama.fi\/tuote\/krista-nystrom-kuubalaisen-salsan-ja-rumban-workshopit-30-5\/"},"modified":"2026-03-01T14:08:14","modified_gmt":"2026-03-01T12:08:14","slug":"krista-nystrom-kuubalaisen-salsan-ja-rumban-workshopit-30-5","status":"publish","type":"product","link":"https:\/\/flama.fi\/en\/product\/krista-nystrom-kuubalaisen-salsan-ja-rumban-workshopit-30-5\/","title":{"rendered":"Krista Nystr\u00f6m: Cuban Salsa and Rumba workshops \/ 30.5."},"content":{"rendered":"<h3 data-renderer-start-pos=\"1461\">Salsa Estilo Femenino<\/h3>\n<p data-renderer-start-pos=\"1484\">In this class, you will enjoy feminine and expressive body language and practice using your body, hand movements, and feminine expression. The workshop will develop softness and control of movement as well as musical interpretation, without forgetting stylization.<\/p>\n<p data-renderer-start-pos=\"1749\">The class is suitable for dancers who already know the basics of Solo Salsa and want to strengthen their movement language and bring more confidence and expressiveness to their dancing.<\/p>\n<h3 data-renderer-start-pos=\"1915\">Rumba Guaguanc\u00f3<\/h3>\n<p data-renderer-start-pos=\"1932\">Cuban rumba is a traditional music and dance style and cultural form that originated in Cuba in the 19th century among the descendants of African slaves and the lower white social class. Rumba Guaguanc\u00f3 is one of the three main styles of Cuban Rumba (Yambu, Guaguanc\u00f3, and Columbia). It combines sexual tension, rhythmic intelligence, and Afro-Cuban identity. It is a flirtatious and playful dance that also includes a symbolic &#8220;approach&#8221; between partners, known as vacunao (vaccination).<\/p>\n<p data-renderer-start-pos=\"2461\">The Rumba Guaguanc\u00f3 class introduces participants to the roots of Afro-Cuban movement and rhythm. The class focuses on the body movements and rhythms characteristic of Rumba, as well as playful, dialogical expression through solo dance.<\/p>\n<p data-renderer-start-pos=\"2679\">The workshop is suitable for anyone who has some previous experience of Cuban Rumba and wants to deepen their understanding of the genre and develop their natural movement and technique.<\/p>\n<p data-renderer-start-pos=\"2865\">You can bring a large, lightweight scarf to the class. The studio also has skirts available to borrow if you wish.<\/p>\n<h3 data-renderer-start-pos=\"2965\">Krista Nystr\u00f6m<\/h3>\n<p data-renderer-start-pos=\"2981\">Krista is an experienced dance teacher with a diverse background ranging from Latin to street dance. Cuban styles have always been close to Krista&#8217;s heart, and for the past ten years Krista has been teaching Salsa and other Cuban styles at various dance schools and events in the Helsinki area.<\/p>\n<p data-renderer-start-pos=\"3293\">Kristan tavoitteena on oppia ja opettaa jatkuvasti uutta, ja t\u00e4st\u00e4 syyst\u00e4 matkustaminen tanssin per\u00e4ss\u00e4 on h\u00e4nelle tuttua. Erityisesti Kuubassa vietetty aika on antanut Kristalle paljon, ja n\u00e4ihin tunnelmiin ja rytmeihin p\u00e4\u00e4see varmasti mukaan my\u00f6s h\u00e4nen tanssitunneillaan.<\/p>\n<p data-renderer-start-pos=\"3568\">Krista is known as a cheerful and inspiring teacher, whose passion for dance is also passed on to her students.<\/p>\n<p data-renderer-start-pos=\"3678\">More information about the workshops: <a class=\"_ymio1r31 _ypr0glyw _zcxs1o36 _mizu194a _1ah3dkaa _ra3xnqa1 _128mdkaa _1cvmnqa1 _4davt94y _4bfu1r31 _1hms8stv _ajmmnqa1 _vchhusvi _kqswh2mm _ect4ttxp _syaz13af _1a3b1r31 _4fpr8stv _5goinqa1 _f8pj13af _9oik1r31 _1bnxglyw _jf4cnqa1 _30l313af _1nrm1r31 _c2waglyw _1iohnqa1 _9h8h12zz _10531ra0 _1ien1ra0 _n0fx1ra0 _1vhv17z1\" title=\"mailto:info@flama.fi\" href=\"mailto:info@flama.fi\" data-renderer-mark=\"true\" data-is-router-link=\"false\" data-testid=\"link-with-safety\">info@flama.fi<\/a><\/p>\n","protected":false},"excerpt":{"rendered":"<p data-renderer-start-pos=\"483\">The sunny and inspiring Krista Nystr\u00f6m will be visiting Flama in May for two workshops that will deepen your understanding of Cuban rhythms!\u00a0Now is your chance to dive into the feminine style of Salsa and the playful and rhythmic world of Cuban Rumba.<\/p>\n<p data-renderer-start-pos=\"731\">The Salsa Estilo Femenino class focuses on body movement, hand positioning, and feminine expression, while the Rumba Guaguanc\u00f3 workshop introduces participants to the roots of Afro-Cuban movement and rhythm.<\/p>\n<p data-renderer-start-pos=\"938\"><strong data-renderer-mark=\"true\">Schedule on Sat 30.5.<\/strong><\/p>\n<p data-renderer-start-pos=\"958\">11.00\u201312.15 Salsa Estilo Femenino (improvers)<br \/>\n12.30\u201313.45 Rumba Guaguanc\u00f3 (solo class, open level)<\/p>\n<p data-renderer-start-pos=\"1060\"><strong data-renderer-mark=\"true\">Duration:<\/strong> 75 min \/ workshop<br \/>\n<strong data-renderer-mark=\"true\">Place<\/strong>: Flama Rauhankatu (Rauhankatu 15, Turku)<\/p>\n<p data-renderer-start-pos=\"1136\">Attention! We do not refund you, if you have to cancel your participation. In case of illness, you can receive a gift card of the same value to our studio.<\/p>\n","protected":false},"featured_media":92604,"template":"","meta":{"inline_featured_image":false},"product_brand":[],"product_cat":[798],"product_tag":[3485,1214,1248,838,1081],"class_list":{"0":"post-92606","1":"product","2":"type-product","3":"status-publish","4":"has-post-thumbnail","6":"product_cat-workshops-en","7":"product_tag-cuban-rumba","8":"product_tag-cuban-salsa","9":"product_tag-krista-nystrom-en","10":"product_tag-tanssistudio-flama-en","11":"product_tag-workshop-en","13":"first","14":"instock","15":"taxable","16":"shipping-taxable","17":"purchasable","18":"product-type-variable"},"yoast_head":"<!-- This site is optimized with the Yoast SEO plugin v27.3 - https:\/\/yoast.com\/product\/yoast-seo-wordpress\/ -->\n<title>Krista Nystr\u00f6m: Cuban Salsa and Rumba workshops \/ 30.5. - Tanssistudio Flama<\/title>\n<meta name=\"description\" content=\"Inspiring Salsa and Rumba workshops 30.5. in Flama. Feminine style and Afro-Cuban rhythms led by Krista Nystr\u00f6m.\" \/>\n<meta name=\"robots\" content=\"index, follow, max-snippet:-1, max-image-preview:large, max-video-preview:-1\" \/>\n<link rel=\"canonical\" href=\"https:\/\/flama.fi\/en\/product\/krista-nystrom-kuubalaisen-salsan-ja-rumban-workshopit-30-5\/\" \/>\n<meta property=\"og:locale\" content=\"en_US\" \/>\n<meta property=\"og:type\" content=\"article\" \/>\n<meta property=\"og:title\" content=\"Krista Nystr\u00f6m: Cuban Salsa and Rumba workshops \/ 30.5. - Tanssistudio Flama\" \/>\n<meta property=\"og:description\" content=\"Inspiring Salsa and Rumba workshops 30.5. in Flama. Feminine style and Afro-Cuban rhythms led by Krista Nystr\u00f6m.\" \/>\n<meta property=\"og:url\" content=\"https:\/\/flama.fi\/en\/product\/krista-nystrom-kuubalaisen-salsan-ja-rumban-workshopit-30-5\/\" \/>\n<meta property=\"og:site_name\" content=\"Tanssistudio Flama\" \/>\n<meta property=\"article:modified_time\" content=\"2026-03-01T12:08:14+00:00\" \/>\n<meta property=\"og:image\" content=\"https:\/\/flama.fi\/wp-content\/uploads\/2026\/03\/krista_nystrom_workshopit.jpg\" \/>\n\t<meta property=\"og:image:width\" content=\"1920\" \/>\n\t<meta property=\"og:image:height\" content=\"1080\" \/>\n\t<meta property=\"og:image:type\" content=\"image\/jpeg\" \/>\n<meta name=\"twitter:card\" content=\"summary_large_image\" \/>\n<meta name=\"twitter:label1\" content=\"Est. reading time\" \/>\n\t<meta name=\"twitter:data1\" content=\"3 minutes\" \/>\n<script type=\"application\/ld+json\" class=\"yoast-schema-graph\">{\"@context\":\"https:\\\/\\\/schema.org\",\"@graph\":[{\"@type\":\"WebPage\",\"@id\":\"https:\\\/\\\/flama.fi\\\/en\\\/product\\\/krista-nystrom-kuubalaisen-salsan-ja-rumban-workshopit-30-5\\\/\",\"url\":\"https:\\\/\\\/flama.fi\\\/en\\\/product\\\/krista-nystrom-kuubalaisen-salsan-ja-rumban-workshopit-30-5\\\/\",\"name\":\"Krista Nystr\u00f6m: Cuban Salsa and Rumba workshops \\\/ 30.5. - Tanssistudio Flama\",\"isPartOf\":{\"@id\":\"https:\\\/\\\/flama.fi\\\/en\\\/#website\"},\"primaryImageOfPage\":{\"@id\":\"https:\\\/\\\/flama.fi\\\/en\\\/product\\\/krista-nystrom-kuubalaisen-salsan-ja-rumban-workshopit-30-5\\\/#primaryimage\"},\"image\":{\"@id\":\"https:\\\/\\\/flama.fi\\\/en\\\/product\\\/krista-nystrom-kuubalaisen-salsan-ja-rumban-workshopit-30-5\\\/#primaryimage\"},\"thumbnailUrl\":\"https:\\\/\\\/flama.fi\\\/wp-content\\\/uploads\\\/2026\\\/03\\\/krista_nystrom_workshopit.jpg\",\"datePublished\":\"2026-03-01T11:26:46+00:00\",\"dateModified\":\"2026-03-01T12:08:14+00:00\",\"description\":\"Inspiring Salsa and Rumba workshops 30.5. in Flama. Feminine style and Afro-Cuban rhythms led by Krista Nystr\u00f6m.\",\"breadcrumb\":{\"@id\":\"https:\\\/\\\/flama.fi\\\/en\\\/product\\\/krista-nystrom-kuubalaisen-salsan-ja-rumban-workshopit-30-5\\\/#breadcrumb\"},\"inLanguage\":\"en-US\",\"potentialAction\":[{\"@type\":\"ReadAction\",\"target\":[\"https:\\\/\\\/flama.fi\\\/en\\\/product\\\/krista-nystrom-kuubalaisen-salsan-ja-rumban-workshopit-30-5\\\/\"]}]},{\"@type\":\"ImageObject\",\"inLanguage\":\"en-US\",\"@id\":\"https:\\\/\\\/flama.fi\\\/en\\\/product\\\/krista-nystrom-kuubalaisen-salsan-ja-rumban-workshopit-30-5\\\/#primaryimage\",\"url\":\"https:\\\/\\\/flama.fi\\\/wp-content\\\/uploads\\\/2026\\\/03\\\/krista_nystrom_workshopit.jpg\",\"contentUrl\":\"https:\\\/\\\/flama.fi\\\/wp-content\\\/uploads\\\/2026\\\/03\\\/krista_nystrom_workshopit.jpg\",\"width\":1920,\"height\":1080},{\"@type\":\"BreadcrumbList\",\"@id\":\"https:\\\/\\\/flama.fi\\\/en\\\/product\\\/krista-nystrom-kuubalaisen-salsan-ja-rumban-workshopit-30-5\\\/#breadcrumb\",\"itemListElement\":[{\"@type\":\"ListItem\",\"position\":1,\"name\":\"Etusivu\",\"item\":\"https:\\\/\\\/flama.fi\\\/en\\\/\"},{\"@type\":\"ListItem\",\"position\":2,\"name\":\"Shop\",\"item\":\"https:\\\/\\\/flama.fi\\\/en\\\/shop\\\/\"},{\"@type\":\"ListItem\",\"position\":3,\"name\":\"Krista Nystr\u00f6m: Cuban Salsa and Rumba workshops \\\/ 30.5.\"}]},{\"@type\":\"WebSite\",\"@id\":\"https:\\\/\\\/flama.fi\\\/en\\\/#website\",\"url\":\"https:\\\/\\\/flama.fi\\\/en\\\/\",\"name\":\"Tanssistudio Flama\",\"description\":\"Turkulainen Tanssistudio\",\"publisher\":{\"@id\":\"https:\\\/\\\/flama.fi\\\/en\\\/#organization\"},\"potentialAction\":[{\"@type\":\"SearchAction\",\"target\":{\"@type\":\"EntryPoint\",\"urlTemplate\":\"https:\\\/\\\/flama.fi\\\/en\\\/?s={search_term_string}\"},\"query-input\":{\"@type\":\"PropertyValueSpecification\",\"valueRequired\":true,\"valueName\":\"search_term_string\"}}],\"inLanguage\":\"en-US\"},{\"@type\":\"Organization\",\"@id\":\"https:\\\/\\\/flama.fi\\\/en\\\/#organization\",\"name\":\"Tanssistudio Flama\",\"url\":\"https:\\\/\\\/flama.fi\\\/en\\\/\",\"logo\":{\"@type\":\"ImageObject\",\"inLanguage\":\"en-US\",\"@id\":\"https:\\\/\\\/flama.fi\\\/en\\\/#\\\/schema\\\/logo\\\/image\\\/\",\"url\":\"https:\\\/\\\/flama.fi\\\/wp-content\\\/uploads\\\/2022\\\/07\\\/Flama-logo.png\",\"contentUrl\":\"https:\\\/\\\/flama.fi\\\/wp-content\\\/uploads\\\/2022\\\/07\\\/Flama-logo.png\",\"width\":1240,\"height\":620,\"caption\":\"Tanssistudio Flama\"},\"image\":{\"@id\":\"https:\\\/\\\/flama.fi\\\/en\\\/#\\\/schema\\\/logo\\\/image\\\/\"}}]}<\/script>\n<!-- \/ Yoast SEO plugin. -->","yoast_head_json":{"title":"Krista Nystr\u00f6m: Cuban Salsa and Rumba workshops \/ 30.5. - Tanssistudio Flama","description":"Inspiring Salsa and Rumba workshops 30.5. in Flama. Feminine style and Afro-Cuban rhythms led by Krista Nystr\u00f6m.","robots":{"index":"index","follow":"follow","max-snippet":"max-snippet:-1","max-image-preview":"max-image-preview:large","max-video-preview":"max-video-preview:-1"},"canonical":"https:\/\/flama.fi\/en\/product\/krista-nystrom-kuubalaisen-salsan-ja-rumban-workshopit-30-5\/","og_locale":"en_US","og_type":"article","og_title":"Krista Nystr\u00f6m: Cuban Salsa and Rumba workshops \/ 30.5. - Tanssistudio Flama","og_description":"Inspiring Salsa and Rumba workshops 30.5. in Flama. Feminine style and Afro-Cuban rhythms led by Krista Nystr\u00f6m.","og_url":"https:\/\/flama.fi\/en\/product\/krista-nystrom-kuubalaisen-salsan-ja-rumban-workshopit-30-5\/","og_site_name":"Tanssistudio Flama","article_modified_time":"2026-03-01T12:08:14+00:00","og_image":[{"width":1920,"height":1080,"url":"https:\/\/flama.fi\/wp-content\/uploads\/2026\/03\/krista_nystrom_workshopit.jpg","type":"image\/jpeg"}],"twitter_card":"summary_large_image","twitter_misc":{"Est. reading time":"3 minutes"},"schema":{"@context":"https:\/\/schema.org","@graph":[{"@type":"WebPage","@id":"https:\/\/flama.fi\/en\/product\/krista-nystrom-kuubalaisen-salsan-ja-rumban-workshopit-30-5\/","url":"https:\/\/flama.fi\/en\/product\/krista-nystrom-kuubalaisen-salsan-ja-rumban-workshopit-30-5\/","name":"Krista Nystr\u00f6m: Cuban Salsa and Rumba workshops \/ 30.5. - Tanssistudio Flama","isPartOf":{"@id":"https:\/\/flama.fi\/en\/#website"},"primaryImageOfPage":{"@id":"https:\/\/flama.fi\/en\/product\/krista-nystrom-kuubalaisen-salsan-ja-rumban-workshopit-30-5\/#primaryimage"},"image":{"@id":"https:\/\/flama.fi\/en\/product\/krista-nystrom-kuubalaisen-salsan-ja-rumban-workshopit-30-5\/#primaryimage"},"thumbnailUrl":"https:\/\/flama.fi\/wp-content\/uploads\/2026\/03\/krista_nystrom_workshopit.jpg","datePublished":"2026-03-01T11:26:46+00:00","dateModified":"2026-03-01T12:08:14+00:00","description":"Inspiring Salsa and Rumba workshops 30.5. in Flama. Feminine style and Afro-Cuban rhythms led by Krista Nystr\u00f6m.","breadcrumb":{"@id":"https:\/\/flama.fi\/en\/product\/krista-nystrom-kuubalaisen-salsan-ja-rumban-workshopit-30-5\/#breadcrumb"},"inLanguage":"en-US","potentialAction":[{"@type":"ReadAction","target":["https:\/\/flama.fi\/en\/product\/krista-nystrom-kuubalaisen-salsan-ja-rumban-workshopit-30-5\/"]}]},{"@type":"ImageObject","inLanguage":"en-US","@id":"https:\/\/flama.fi\/en\/product\/krista-nystrom-kuubalaisen-salsan-ja-rumban-workshopit-30-5\/#primaryimage","url":"https:\/\/flama.fi\/wp-content\/uploads\/2026\/03\/krista_nystrom_workshopit.jpg","contentUrl":"https:\/\/flama.fi\/wp-content\/uploads\/2026\/03\/krista_nystrom_workshopit.jpg","width":1920,"height":1080},{"@type":"BreadcrumbList","@id":"https:\/\/flama.fi\/en\/product\/krista-nystrom-kuubalaisen-salsan-ja-rumban-workshopit-30-5\/#breadcrumb","itemListElement":[{"@type":"ListItem","position":1,"name":"Etusivu","item":"https:\/\/flama.fi\/en\/"},{"@type":"ListItem","position":2,"name":"Shop","item":"https:\/\/flama.fi\/en\/shop\/"},{"@type":"ListItem","position":3,"name":"Krista Nystr\u00f6m: Cuban Salsa and Rumba workshops \/ 30.5."}]},{"@type":"WebSite","@id":"https:\/\/flama.fi\/en\/#website","url":"https:\/\/flama.fi\/en\/","name":"Tanssistudio Flama","description":"Turkulainen Tanssistudio","publisher":{"@id":"https:\/\/flama.fi\/en\/#organization"},"potentialAction":[{"@type":"SearchAction","target":{"@type":"EntryPoint","urlTemplate":"https:\/\/flama.fi\/en\/?s={search_term_string}"},"query-input":{"@type":"PropertyValueSpecification","valueRequired":true,"valueName":"search_term_string"}}],"inLanguage":"en-US"},{"@type":"Organization","@id":"https:\/\/flama.fi\/en\/#organization","name":"Tanssistudio Flama","url":"https:\/\/flama.fi\/en\/","logo":{"@type":"ImageObject","inLanguage":"en-US","@id":"https:\/\/flama.fi\/en\/#\/schema\/logo\/image\/","url":"https:\/\/flama.fi\/wp-content\/uploads\/2022\/07\/Flama-logo.png","contentUrl":"https:\/\/flama.fi\/wp-content\/uploads\/2022\/07\/Flama-logo.png","width":1240,"height":620,"caption":"Tanssistudio Flama"},"image":{"@id":"https:\/\/flama.fi\/en\/#\/schema\/logo\/image\/"}}]}},"_links":{"self":[{"href":"https:\/\/flama.fi\/en\/wp-json\/wp\/v2\/product\/92606","targetHints":{"allow":["GET"]}}],"collection":[{"href":"https:\/\/flama.fi\/en\/wp-json\/wp\/v2\/product"}],"about":[{"href":"https:\/\/flama.fi\/en\/wp-json\/wp\/v2\/types\/product"}],"version-history":[{"count":3,"href":"https:\/\/flama.fi\/en\/wp-json\/wp\/v2\/product\/92606\/revisions"}],"predecessor-version":[{"id":92610,"href":"https:\/\/flama.fi\/en\/wp-json\/wp\/v2\/product\/92606\/revisions\/92610"}],"wp:featuredmedia":[{"embeddable":true,"href":"https:\/\/flama.fi\/en\/wp-json\/wp\/v2\/media\/92604"}],"wp:attachment":[{"href":"https:\/\/flama.fi\/en\/wp-json\/wp\/v2\/media?parent=92606"}],"wp:term":[{"taxonomy":"product_brand","embeddable":true,"href":"https:\/\/flama.fi\/en\/wp-json\/wp\/v2\/product_brand?post=92606"},{"taxonomy":"product_cat","embeddable":true,"href":"https:\/\/flama.fi\/en\/wp-json\/wp\/v2\/product_cat?post=92606"},{"taxonomy":"product_tag","embeddable":true,"href":"https:\/\/flama.fi\/en\/wp-json\/wp\/v2\/product_tag?post=92606"}],"curies":[{"name":"wp","href":"https:\/\/api.w.org\/{rel}","templated":true}]}}