{"id":91814,"date":"2026-01-23T17:50:59","date_gmt":"2026-01-23T15:50:59","guid":{"rendered":"https:\/\/flama.fi\/tuote\/jose-mesa-kuubalaisen-salsan-ja-rumban-workshopit-11-4\/"},"modified":"2026-04-02T13:36:24","modified_gmt":"2026-04-02T10:36:24","slug":"jose-mesa-kuubalaisen-salsan-ja-rumban-workshopit-11-4","status":"publish","type":"product","link":"https:\/\/flama.fi\/en\/product\/jose-mesa-kuubalaisen-salsan-ja-rumban-workshopit-11-4\/","title":{"rendered":"Cuban Salsa and Rumba Workshops \/ Sat 11.4."},"content":{"rendered":"<h3 data-renderer-start-pos=\"1328\">Cuban Rumba<\/h3>\n<p data-renderer-start-pos=\"1347\">Cuban rumba is a traditional music and dance style and cultural form that originated in Cuba in the 19th century among the descendants of African slaves and the lower white social class. Jos\u00e9&#8217;s workshop focuses specifically on rumba guaguanc\u00f3, one of the three main styles of Cuban rumba (yambu, guaguanc\u00f3, and columbia). It combines sexual tension, rhythmic intelligence, and Afro-Cuban identity. It is a flirtatious and playful dance that also includes a symbolic &#8220;approach&#8221; between partners, known as vacunao (vaccination).<\/p>\n<p data-renderer-start-pos=\"1927\">The class focuses on practicing rumba technique as a solo dance and is suitable for those who have mastered the basics of Cuban salsa.<\/p>\n<h3 data-renderer-start-pos=\"2034\">Salsa Solo<\/h3>\n<p data-renderer-start-pos=\"2046\">The class uses choreography to practice Cuban salsa step variations, body movement, and music interpretation. The class is suitable for anyone who has mastered the basics of solo salsa. <\/p>\n<h3 data-renderer-start-pos=\"2224\">Couple Salsa<\/h3>\n<p data-renderer-start-pos=\"2235\">The workshop delves into the nature of Cuban salsa as a partner dance: rhythm, smooth connection with your partner, and relaxed but energetic movement. The class focuses on the body movements and musical interpretation characteristic of Cuban salsa, as well as practicing patterns. <\/p>\n<p data-renderer-start-pos=\"2513\">The class is suitable for those who have been dancing regularly for at least a year.<\/p>\n<h3 data-renderer-start-pos=\"2593\">Jos\u00e9 Mesa<\/h3>\n<p data-renderer-start-pos=\"2604\">Cuban Jos\u00e9 Mesa is an enthusiastic and energetic teacher who wants to convey to his students the same joy that dance brings him. Jos\u00e9 teaches a wide range of styles, including salsa, Afro, rumba, salsa con rumba, reggaeton, and reparto. <\/p>\n<p data-renderer-start-pos=\"2868\">Jos\u00e9 studied folklore and popular dances at the Escuela Conjunto Folklorico Nacional de Cuba and graduated in 2008. Jos\u00e9 continued his studies in 2009 at Escuela Narciso Medina in Contemporary Dance. He danced with the Conjunto Folklorico Universitario de Cuba and performed at many events in Cuba. Jos\u00e9 has gained experience as a professional dancer with the Compa\u00f1ia de Danzas Tradicionales de Cuba JJ, with whom he participated Festival Cultural de Danza Folklorica in Africa.<\/p>\n<p data-renderer-start-pos=\"3388\">Over the years, Jos\u00e9&#8217;s dance career has taken him to teach and perform at various festivals in Spain, Italy, France, Tunisia, Sweden, Norway, Ukraine, Latvia, and Estonia.<\/p>\n<p data-renderer-start-pos=\"3580\">More information about the workshops: <a class=\"_ymio1r31 _ypr0glyw _zcxs1o36 _mizu194a _1ah3dkaa _ra3xnqa1 _128mdkaa _1cvmnqa1 _4davt94y _4bfu1r31 _1hms8stv _ajmmnqa1 _vchhusvi _kqswh2mm _syaz13af _ect41gqc _1a3b1r31 _4fpr8stv _5goinqa1 _f8pj13af _9oik1r31 _1bnxglyw _jf4cnqa1 _30l313af _1nrm1r31 _c2waglyw _1iohnqa1 _9h8h12zz _10531ra0 _1ien1ra0 _n0fx1ra0 _1vhv17z1\" title=\"mailto:info@flama.fi\" href=\"mailto:info@flama.fi\" data-renderer-mark=\"true\" data-is-router-link=\"false\" data-testid=\"link-with-safety\">info@flama.fi<\/a><\/p>\n","protected":false},"excerpt":{"rendered":"<p data-renderer-start-pos=\"559\">Now let&#8217;s dive into Cuban dance under the energetic guidance of Jos\u00e9 Mesa! Jos\u00e9&#8217;s workshops will teach you more about Cuban dance culture directly from an internationally experienced teacher and give you more tools for your own dancing. <\/p>\n<p data-renderer-start-pos=\"559\"><em data-renderer-mark=\"true\">Unfortunately, the spots for the followers without their own dance partner have already been taken. <strong data-renderer-mark=\"true\">There are currently only places for leaders and pairs.<\/strong> To be informed about possible changes, please contact us by email: <a class=\"_ymio1r31 _ypr0glyw _zcxs1o36 _mizu194a _1ah3dkaa _ra3xnqa1 _128mdkaa _1cvmnqa1 _4davt94y _4bfu1r31 _1hms8stv _ajmmnqa1 _vchhusvi _kqswh2mm _ect4ttxp _syaz13af _1a3b1r31 _4fpr8stv _5goinqa1 _f8pj13af _9oik1r31 _1bnxglyw _jf4cnqa1 _30l313af _1nrm1r31 _c2waglyw _1iohnqa1 _9h8h12zz _10531ra0 _1ien1ra0 _n0fx1ra0 _1vhv17z1\" title=\"mailto:info@flama.fi\" href=\"mailto:info@flama.fi\" data-renderer-mark=\"true\" data-is-router-link=\"false\" data-testid=\"link-with-safety\"><em data-renderer-mark=\"true\">info@flama.fi<\/em><\/a><em data-renderer-mark=\"true\">.<\/em><\/em><\/p>\n<p data-renderer-start-pos=\"785\"><strong data-renderer-mark=\"true\">Schedule for Saturday, April 11<\/strong><\/p>\n<p data-renderer-start-pos=\"813\">11.00\u201312.15 Cuban rumba (open level)<br \/>\n12.30\u201313.45 Salsa solo (intermediate)<br \/>\n14.00\u201315.15 Couple salsa (intermediate)<\/p>\n<p data-renderer-start-pos=\"926\"><strong data-renderer-mark=\"true\">Place<\/strong>: Flama Linnankatu (Linnankatu 84, Turku)<\/p>\n<p data-renderer-start-pos=\"926\">\n<p data-renderer-start-pos=\"977\">Attention! We do not refund you, if you have to cancel your participation. In case of illness, you can receive a gift card of the same value to our studio.<\/p>\n","protected":false},"featured_media":91780,"template":"","meta":{"inline_featured_image":false},"product_brand":[],"product_cat":[798],"product_tag":[799,3485,1214,3735,838,1081],"class_list":{"0":"post-91814","1":"product","2":"type-product","3":"status-publish","4":"has-post-thumbnail","6":"product_cat-workshops-en","7":"product_tag-couple-salsa","8":"product_tag-cuban-rumba","9":"product_tag-cuban-salsa","10":"product_tag-jose-mesa-en","11":"product_tag-tanssistudio-flama-en","12":"product_tag-workshop-en","14":"first","15":"instock","16":"featured","17":"taxable","18":"shipping-taxable","19":"purchasable","20":"product-type-variable"},"yoast_head":"<!-- This site is optimized with the Yoast SEO plugin v27.3 - https:\/\/yoast.com\/product\/yoast-seo-wordpress\/ -->\n<title>Cuban Salsa and Rumba Workshops \/ Sat 11.4. - Tanssistudio Flama<\/title>\n<meta name=\"description\" content=\"In Jos\u00e9 Mesa&#039;s classes, you will learn more about Cuban dance culture from an internationally experienced teacher and gain new insights for your own dancing.\" \/>\n<meta name=\"robots\" content=\"index, follow, max-snippet:-1, max-image-preview:large, max-video-preview:-1\" \/>\n<link rel=\"canonical\" href=\"https:\/\/flama.fi\/en\/product\/jose-mesa-kuubalaisen-salsan-ja-rumban-workshopit-11-4\/\" \/>\n<meta property=\"og:locale\" content=\"en_US\" \/>\n<meta property=\"og:type\" content=\"article\" \/>\n<meta property=\"og:title\" content=\"Cuban Salsa and Rumba Workshops \/ Sat 11.4. - Tanssistudio Flama\" \/>\n<meta property=\"og:description\" content=\"In Jos\u00e9 Mesa&#039;s classes, you will learn more about Cuban dance culture from an internationally experienced teacher and gain new insights for your own dancing.\" \/>\n<meta property=\"og:url\" content=\"https:\/\/flama.fi\/en\/product\/jose-mesa-kuubalaisen-salsan-ja-rumban-workshopit-11-4\/\" \/>\n<meta property=\"og:site_name\" content=\"Tanssistudio Flama\" \/>\n<meta property=\"article:modified_time\" content=\"2026-04-02T10:36:24+00:00\" \/>\n<meta property=\"og:image\" content=\"https:\/\/flama.fi\/wp-content\/uploads\/2026\/01\/Jose_Mesa.jpg\" \/>\n\t<meta property=\"og:image:width\" content=\"1600\" \/>\n\t<meta property=\"og:image:height\" content=\"1064\" \/>\n\t<meta property=\"og:image:type\" content=\"image\/jpeg\" \/>\n<meta name=\"twitter:card\" content=\"summary_large_image\" \/>\n<meta name=\"twitter:label1\" content=\"Est. reading time\" \/>\n\t<meta name=\"twitter:data1\" content=\"3 minutes\" \/>\n<script type=\"application\/ld+json\" class=\"yoast-schema-graph\">{\"@context\":\"https:\\\/\\\/schema.org\",\"@graph\":[{\"@type\":\"WebPage\",\"@id\":\"https:\\\/\\\/flama.fi\\\/en\\\/product\\\/jose-mesa-kuubalaisen-salsan-ja-rumban-workshopit-11-4\\\/\",\"url\":\"https:\\\/\\\/flama.fi\\\/en\\\/product\\\/jose-mesa-kuubalaisen-salsan-ja-rumban-workshopit-11-4\\\/\",\"name\":\"Cuban Salsa and Rumba Workshops \\\/ Sat 11.4. - Tanssistudio Flama\",\"isPartOf\":{\"@id\":\"https:\\\/\\\/flama.fi\\\/en\\\/#website\"},\"primaryImageOfPage\":{\"@id\":\"https:\\\/\\\/flama.fi\\\/en\\\/product\\\/jose-mesa-kuubalaisen-salsan-ja-rumban-workshopit-11-4\\\/#primaryimage\"},\"image\":{\"@id\":\"https:\\\/\\\/flama.fi\\\/en\\\/product\\\/jose-mesa-kuubalaisen-salsan-ja-rumban-workshopit-11-4\\\/#primaryimage\"},\"thumbnailUrl\":\"https:\\\/\\\/flama.fi\\\/wp-content\\\/uploads\\\/2026\\\/01\\\/Jose_Mesa.jpg\",\"datePublished\":\"2026-01-23T15:50:59+00:00\",\"dateModified\":\"2026-04-02T10:36:24+00:00\",\"description\":\"In Jos\u00e9 Mesa's classes, you will learn more about Cuban dance culture from an internationally experienced teacher and gain new insights for your own dancing.\",\"breadcrumb\":{\"@id\":\"https:\\\/\\\/flama.fi\\\/en\\\/product\\\/jose-mesa-kuubalaisen-salsan-ja-rumban-workshopit-11-4\\\/#breadcrumb\"},\"inLanguage\":\"en-US\",\"potentialAction\":[{\"@type\":\"ReadAction\",\"target\":[\"https:\\\/\\\/flama.fi\\\/en\\\/product\\\/jose-mesa-kuubalaisen-salsan-ja-rumban-workshopit-11-4\\\/\"]}]},{\"@type\":\"ImageObject\",\"inLanguage\":\"en-US\",\"@id\":\"https:\\\/\\\/flama.fi\\\/en\\\/product\\\/jose-mesa-kuubalaisen-salsan-ja-rumban-workshopit-11-4\\\/#primaryimage\",\"url\":\"https:\\\/\\\/flama.fi\\\/wp-content\\\/uploads\\\/2026\\\/01\\\/Jose_Mesa.jpg\",\"contentUrl\":\"https:\\\/\\\/flama.fi\\\/wp-content\\\/uploads\\\/2026\\\/01\\\/Jose_Mesa.jpg\",\"width\":1600,\"height\":1064},{\"@type\":\"BreadcrumbList\",\"@id\":\"https:\\\/\\\/flama.fi\\\/en\\\/product\\\/jose-mesa-kuubalaisen-salsan-ja-rumban-workshopit-11-4\\\/#breadcrumb\",\"itemListElement\":[{\"@type\":\"ListItem\",\"position\":1,\"name\":\"Etusivu\",\"item\":\"https:\\\/\\\/flama.fi\\\/en\\\/\"},{\"@type\":\"ListItem\",\"position\":2,\"name\":\"Shop\",\"item\":\"https:\\\/\\\/flama.fi\\\/en\\\/shop\\\/\"},{\"@type\":\"ListItem\",\"position\":3,\"name\":\"Cuban Salsa and Rumba Workshops \\\/ Sat 11.4.\"}]},{\"@type\":\"WebSite\",\"@id\":\"https:\\\/\\\/flama.fi\\\/en\\\/#website\",\"url\":\"https:\\\/\\\/flama.fi\\\/en\\\/\",\"name\":\"Tanssistudio Flama\",\"description\":\"Turkulainen Tanssistudio\",\"publisher\":{\"@id\":\"https:\\\/\\\/flama.fi\\\/en\\\/#organization\"},\"potentialAction\":[{\"@type\":\"SearchAction\",\"target\":{\"@type\":\"EntryPoint\",\"urlTemplate\":\"https:\\\/\\\/flama.fi\\\/en\\\/?s={search_term_string}\"},\"query-input\":{\"@type\":\"PropertyValueSpecification\",\"valueRequired\":true,\"valueName\":\"search_term_string\"}}],\"inLanguage\":\"en-US\"},{\"@type\":\"Organization\",\"@id\":\"https:\\\/\\\/flama.fi\\\/en\\\/#organization\",\"name\":\"Tanssistudio Flama\",\"url\":\"https:\\\/\\\/flama.fi\\\/en\\\/\",\"logo\":{\"@type\":\"ImageObject\",\"inLanguage\":\"en-US\",\"@id\":\"https:\\\/\\\/flama.fi\\\/en\\\/#\\\/schema\\\/logo\\\/image\\\/\",\"url\":\"https:\\\/\\\/flama.fi\\\/wp-content\\\/uploads\\\/2022\\\/07\\\/Flama-logo.png\",\"contentUrl\":\"https:\\\/\\\/flama.fi\\\/wp-content\\\/uploads\\\/2022\\\/07\\\/Flama-logo.png\",\"width\":1240,\"height\":620,\"caption\":\"Tanssistudio Flama\"},\"image\":{\"@id\":\"https:\\\/\\\/flama.fi\\\/en\\\/#\\\/schema\\\/logo\\\/image\\\/\"}}]}<\/script>\n<!-- \/ Yoast SEO plugin. -->","yoast_head_json":{"title":"Cuban Salsa and Rumba Workshops \/ Sat 11.4. - Tanssistudio Flama","description":"In Jos\u00e9 Mesa's classes, you will learn more about Cuban dance culture from an internationally experienced teacher and gain new insights for your own dancing.","robots":{"index":"index","follow":"follow","max-snippet":"max-snippet:-1","max-image-preview":"max-image-preview:large","max-video-preview":"max-video-preview:-1"},"canonical":"https:\/\/flama.fi\/en\/product\/jose-mesa-kuubalaisen-salsan-ja-rumban-workshopit-11-4\/","og_locale":"en_US","og_type":"article","og_title":"Cuban Salsa and Rumba Workshops \/ Sat 11.4. - Tanssistudio Flama","og_description":"In Jos\u00e9 Mesa's classes, you will learn more about Cuban dance culture from an internationally experienced teacher and gain new insights for your own dancing.","og_url":"https:\/\/flama.fi\/en\/product\/jose-mesa-kuubalaisen-salsan-ja-rumban-workshopit-11-4\/","og_site_name":"Tanssistudio Flama","article_modified_time":"2026-04-02T10:36:24+00:00","og_image":[{"width":1600,"height":1064,"url":"https:\/\/flama.fi\/wp-content\/uploads\/2026\/01\/Jose_Mesa.jpg","type":"image\/jpeg"}],"twitter_card":"summary_large_image","twitter_misc":{"Est. reading time":"3 minutes"},"schema":{"@context":"https:\/\/schema.org","@graph":[{"@type":"WebPage","@id":"https:\/\/flama.fi\/en\/product\/jose-mesa-kuubalaisen-salsan-ja-rumban-workshopit-11-4\/","url":"https:\/\/flama.fi\/en\/product\/jose-mesa-kuubalaisen-salsan-ja-rumban-workshopit-11-4\/","name":"Cuban Salsa and Rumba Workshops \/ Sat 11.4. - Tanssistudio Flama","isPartOf":{"@id":"https:\/\/flama.fi\/en\/#website"},"primaryImageOfPage":{"@id":"https:\/\/flama.fi\/en\/product\/jose-mesa-kuubalaisen-salsan-ja-rumban-workshopit-11-4\/#primaryimage"},"image":{"@id":"https:\/\/flama.fi\/en\/product\/jose-mesa-kuubalaisen-salsan-ja-rumban-workshopit-11-4\/#primaryimage"},"thumbnailUrl":"https:\/\/flama.fi\/wp-content\/uploads\/2026\/01\/Jose_Mesa.jpg","datePublished":"2026-01-23T15:50:59+00:00","dateModified":"2026-04-02T10:36:24+00:00","description":"In Jos\u00e9 Mesa's classes, you will learn more about Cuban dance culture from an internationally experienced teacher and gain new insights for your own dancing.","breadcrumb":{"@id":"https:\/\/flama.fi\/en\/product\/jose-mesa-kuubalaisen-salsan-ja-rumban-workshopit-11-4\/#breadcrumb"},"inLanguage":"en-US","potentialAction":[{"@type":"ReadAction","target":["https:\/\/flama.fi\/en\/product\/jose-mesa-kuubalaisen-salsan-ja-rumban-workshopit-11-4\/"]}]},{"@type":"ImageObject","inLanguage":"en-US","@id":"https:\/\/flama.fi\/en\/product\/jose-mesa-kuubalaisen-salsan-ja-rumban-workshopit-11-4\/#primaryimage","url":"https:\/\/flama.fi\/wp-content\/uploads\/2026\/01\/Jose_Mesa.jpg","contentUrl":"https:\/\/flama.fi\/wp-content\/uploads\/2026\/01\/Jose_Mesa.jpg","width":1600,"height":1064},{"@type":"BreadcrumbList","@id":"https:\/\/flama.fi\/en\/product\/jose-mesa-kuubalaisen-salsan-ja-rumban-workshopit-11-4\/#breadcrumb","itemListElement":[{"@type":"ListItem","position":1,"name":"Etusivu","item":"https:\/\/flama.fi\/en\/"},{"@type":"ListItem","position":2,"name":"Shop","item":"https:\/\/flama.fi\/en\/shop\/"},{"@type":"ListItem","position":3,"name":"Cuban Salsa and Rumba Workshops \/ Sat 11.4."}]},{"@type":"WebSite","@id":"https:\/\/flama.fi\/en\/#website","url":"https:\/\/flama.fi\/en\/","name":"Tanssistudio Flama","description":"Turkulainen Tanssistudio","publisher":{"@id":"https:\/\/flama.fi\/en\/#organization"},"potentialAction":[{"@type":"SearchAction","target":{"@type":"EntryPoint","urlTemplate":"https:\/\/flama.fi\/en\/?s={search_term_string}"},"query-input":{"@type":"PropertyValueSpecification","valueRequired":true,"valueName":"search_term_string"}}],"inLanguage":"en-US"},{"@type":"Organization","@id":"https:\/\/flama.fi\/en\/#organization","name":"Tanssistudio Flama","url":"https:\/\/flama.fi\/en\/","logo":{"@type":"ImageObject","inLanguage":"en-US","@id":"https:\/\/flama.fi\/en\/#\/schema\/logo\/image\/","url":"https:\/\/flama.fi\/wp-content\/uploads\/2022\/07\/Flama-logo.png","contentUrl":"https:\/\/flama.fi\/wp-content\/uploads\/2022\/07\/Flama-logo.png","width":1240,"height":620,"caption":"Tanssistudio Flama"},"image":{"@id":"https:\/\/flama.fi\/en\/#\/schema\/logo\/image\/"}}]}},"_links":{"self":[{"href":"https:\/\/flama.fi\/en\/wp-json\/wp\/v2\/product\/91814","targetHints":{"allow":["GET"]}}],"collection":[{"href":"https:\/\/flama.fi\/en\/wp-json\/wp\/v2\/product"}],"about":[{"href":"https:\/\/flama.fi\/en\/wp-json\/wp\/v2\/types\/product"}],"version-history":[{"count":3,"href":"https:\/\/flama.fi\/en\/wp-json\/wp\/v2\/product\/91814\/revisions"}],"predecessor-version":[{"id":94341,"href":"https:\/\/flama.fi\/en\/wp-json\/wp\/v2\/product\/91814\/revisions\/94341"}],"wp:featuredmedia":[{"embeddable":true,"href":"https:\/\/flama.fi\/en\/wp-json\/wp\/v2\/media\/91780"}],"wp:attachment":[{"href":"https:\/\/flama.fi\/en\/wp-json\/wp\/v2\/media?parent=91814"}],"wp:term":[{"taxonomy":"product_brand","embeddable":true,"href":"https:\/\/flama.fi\/en\/wp-json\/wp\/v2\/product_brand?post=91814"},{"taxonomy":"product_cat","embeddable":true,"href":"https:\/\/flama.fi\/en\/wp-json\/wp\/v2\/product_cat?post=91814"},{"taxonomy":"product_tag","embeddable":true,"href":"https:\/\/flama.fi\/en\/wp-json\/wp\/v2\/product_tag?post=91814"}],"curies":[{"name":"wp","href":"https:\/\/api.w.org\/{rel}","templated":true}]}}