{"id":90762,"date":"2025-11-18T11:59:18","date_gmt":"2025-11-18T09:59:18","guid":{"rendered":"https:\/\/flama.fi\/tuote\/mama-barre-kurssi2-ida-martikainen\/"},"modified":"2026-03-11T10:24:27","modified_gmt":"2026-03-11T08:24:27","slug":"mama-barre-kurssi2-ida-martikainen","status":"publish","type":"product","link":"https:\/\/flama.fi\/en\/product\/mama-barre-kurssi2-ida-martikainen\/","title":{"rendered":"Mama Barre, beginners (8 sessions), Wednesdays 11.3.\u201329.4. at 10.15\u201311.10, instructed by Ida Martikainen"},"content":{"rendered":"<h3>What if I can&#8217;t participate every week?<\/h3>\n<p>Absences from classes can be made up during the same term in any other class or drop-in session. This way, no dance session will be wasted! <a href=\"https:\/\/flama.fi\/en\/info\/faq\/\">Read more.<\/a> <\/p>\n<h3>What should I bring with me?<\/h3>\n<p>Wear comfortable clothing that allows you to move freely and feel good.<\/p>\n<p> In class, you can dance in socks or soft ballet shoes intended for practice. If you come to class with a baby, bring a baby carrier or a blanket for them. Also, remember to bring a water bottle.  <\/p>\n<h3>Mama Barre<\/h3>\n<p>Mama Barre is a gentle barre class designed for new mothers and expectant parents. You can attend the classes alone or with your baby. If the baby is present, they can be in a baby carrier or on a blanket on the floor. No prior barre experience is required to join the class.   <\/p>\n<p>Barre class is a hybrid workout class \u2013 combining ballet-inspired moves with elements of pilates, dance, yoga and strength training. The classes focus on body control, posture, balance, and muscle endurance.<\/p>\n<h3>Ida Martikainen<\/h3>\n<p>Ida is a present and gentle dance instructor who loves bodily expression. She has completed Basic Education in the Art of Dance between 2004\u20132013 in Jyv\u00e4skyl\u00e4 Dance Institute, majoring in Classical Ballet and having Contemporary Dance, Jazz Dance and Repertoire Dance as her minors. In addition, she has been involved in several dance projects both as a dancer and as a choreographer.<\/p>\n<p>According to Ida, dancing is a journey to one\u2019s own body and in the way attach to a common space. She thinks that the most important element of the dance class is to stay present in the same place and time: the momentary synchronization and the common sense of the bodies. Through her teaching, Ida wants to get the dancers to feel their bodies powerful and bright.<\/p>\n<p>More information about the course:<a href=\"mailto:info@flama.fi\"> info@flama.fi<\/a><\/p>\n","protected":false},"excerpt":{"rendered":"<p>This class is designed for new mothers and expectant parents. You can attend the classes alone or with your baby. If the baby is present, they can be in a baby carrier or on a blanket on the floor. The gentle Mama Barre classes combine exercises at the ballet barre with Pilates-style training.  <\/p>\n<p>This course is suitable for beginners; you can participate without any prior barre experience.<\/p>\n<p><b>Time<\/b>: Wednesdays 11.3.\u201329.4. at10.15\u201311.10<br \/>\n<b>Place<\/b>: Flama Rauhankatu (Rauhankatu 15, 20100 Turku)<br \/>\n<b>Level<\/b>: beginners<br \/>\n<b>Teacher<\/b>: <a href=\"https:\/\/flama.fi\/en\/instructors\/ida-martikainen\/\">Ida Martikainen<\/a><\/p>\n<p>The course fee includes 8 \u00d7 55 min sessions.<\/p>\n<p><em>Unfortunately this course is already full. You can join the queue in case of cancellations: <a class=\"_ymio1r31 _ypr0glyw _zcxs1o36 _mizu194a _1ah3dkaa _ra3xnqa1 _128mdkaa _1cvmnqa1 _4davt94y _4bfu1r31 _1hms8stv _ajmmnqa1 _vchhusvi _kqswh2mm _ect4ttxp _syaz13af _1a3b1r31 _4fpr8stv _5goinqa1 _f8pj13af _9oik1r31 _1bnxglyw _jf4cnqa1 _30l313af _1nrm1r31 _c2waglyw _1iohnqa1 _9h8h12zz _10531ra0 _1ien1ra0 _n0fx1ra0 _1vhv17z1\" title=\"mailto:info@flama.fi\" href=\"mailto:info@flama.fi\" data-renderer-mark=\"true\" data-is-router-link=\"false\" data-testid=\"link-with-safety\">info@flama.fi<\/a><\/em><\/p>\n<p><b>Reserve your spot early and take advantage of the early bird price.<\/b><br \/>\nBy registering for the course by Wednesday 4.3.2026, you will receive a discounted rate.<\/p>\n<p>If you would like to pay part of the course fee with a tyky benefit (e.g., Smartum, Edenred, ePassi), please register by sending an email to: info@flama.fi.<\/p>\n<p>Thinking about taking more than one course? With the Flaman <a href=\"https:\/\/flama.fi\/en\/product\/anytime-spring-2026\/\"><b>Anytime card<\/b>,<\/a> you can dance as much as you want throughout the spring season. If you already have an Anytime card, sign up for courses by sending us an email to<a href=\"mailto:info@flama.fi\"> info@flama.fi.<\/a> <\/p>\n","protected":false},"featured_media":48845,"template":"","meta":{"inline_featured_image":false},"product_brand":[],"product_cat":[3851],"product_tag":[4355,2188,1241,4077,2518,2113,4325,4269,838],"class_list":{"0":"post-90762","1":"product","2":"type-product","3":"status-publish","4":"has-post-thumbnail","6":"product_cat-spring-courses","7":"product_tag-baby-tunnit","8":"product_tag-baletti-en","9":"product_tag-beginners","10":"product_tag-courses","11":"product_tag-flama-rauhankatu-en","12":"product_tag-ida-martikainen-en-2","13":"product_tag-mama-barre","14":"product_tag-spring-2026","15":"product_tag-tanssistudio-flama-en","17":"first","18":"outofstock","19":"virtual","20":"taxable","21":"purchasable","22":"product-type-simple"},"yoast_head":"<!-- This site is optimized with the Yoast SEO plugin v27.3 - https:\/\/yoast.com\/product\/yoast-seo-wordpress\/ -->\n<title>Mama Barre, beginners (8 sessions), Wednesdays 11.3.\u201329.4. at 10.15\u201311.10, instructed by Ida Martikainen - Tanssistudio Flama<\/title>\n<meta name=\"description\" content=\"In the gentle Mama Barre classes, you can start your day by caring for and strengthening your body. Suitable for expectant and new mothers.\" \/>\n<meta name=\"robots\" content=\"index, follow, max-snippet:-1, max-image-preview:large, max-video-preview:-1\" \/>\n<link rel=\"canonical\" href=\"https:\/\/flama.fi\/en\/product\/mama-barre-kurssi2-ida-martikainen\/\" \/>\n<meta property=\"og:locale\" content=\"en_US\" \/>\n<meta property=\"og:type\" content=\"article\" \/>\n<meta property=\"og:title\" content=\"Mama Barre, beginners (8 sessions), Wednesdays 11.3.\u201329.4. at 10.15\u201311.10, instructed by Ida Martikainen - Tanssistudio Flama\" \/>\n<meta property=\"og:description\" content=\"In the gentle Mama Barre classes, you can start your day by caring for and strengthening your body. Suitable for expectant and new mothers.\" \/>\n<meta property=\"og:url\" content=\"https:\/\/flama.fi\/en\/product\/mama-barre-kurssi2-ida-martikainen\/\" \/>\n<meta property=\"og:site_name\" content=\"Tanssistudio Flama\" \/>\n<meta property=\"article:modified_time\" content=\"2026-03-11T08:24:27+00:00\" \/>\n<meta property=\"og:image\" content=\"https:\/\/flama.fi\/wp-content\/uploads\/2022\/11\/ida-martikainen-1080x1080-1-1.jpg\" \/>\n\t<meta property=\"og:image:width\" content=\"1080\" \/>\n\t<meta property=\"og:image:height\" content=\"1080\" \/>\n\t<meta property=\"og:image:type\" content=\"image\/jpeg\" \/>\n<meta name=\"twitter:card\" content=\"summary_large_image\" \/>\n<meta name=\"twitter:label1\" content=\"Est. reading time\" \/>\n\t<meta name=\"twitter:data1\" content=\"3 minutes\" \/>\n<script type=\"application\/ld+json\" class=\"yoast-schema-graph\">{\"@context\":\"https:\\\/\\\/schema.org\",\"@graph\":[{\"@type\":\"WebPage\",\"@id\":\"https:\\\/\\\/flama.fi\\\/en\\\/product\\\/mama-barre-kurssi2-ida-martikainen\\\/\",\"url\":\"https:\\\/\\\/flama.fi\\\/en\\\/product\\\/mama-barre-kurssi2-ida-martikainen\\\/\",\"name\":\"Mama Barre, beginners (8 sessions), Wednesdays 11.3.\u201329.4. at 10.15\u201311.10, instructed by Ida Martikainen - Tanssistudio Flama\",\"isPartOf\":{\"@id\":\"https:\\\/\\\/flama.fi\\\/en\\\/#website\"},\"primaryImageOfPage\":{\"@id\":\"https:\\\/\\\/flama.fi\\\/en\\\/product\\\/mama-barre-kurssi2-ida-martikainen\\\/#primaryimage\"},\"image\":{\"@id\":\"https:\\\/\\\/flama.fi\\\/en\\\/product\\\/mama-barre-kurssi2-ida-martikainen\\\/#primaryimage\"},\"thumbnailUrl\":\"https:\\\/\\\/flama.fi\\\/wp-content\\\/uploads\\\/2022\\\/11\\\/ida-martikainen-1080x1080-1-1.jpg\",\"datePublished\":\"2025-11-18T09:59:18+00:00\",\"dateModified\":\"2026-03-11T08:24:27+00:00\",\"description\":\"In the gentle Mama Barre classes, you can start your day by caring for and strengthening your body. Suitable for expectant and new mothers.\",\"breadcrumb\":{\"@id\":\"https:\\\/\\\/flama.fi\\\/en\\\/product\\\/mama-barre-kurssi2-ida-martikainen\\\/#breadcrumb\"},\"inLanguage\":\"en-US\",\"potentialAction\":[{\"@type\":\"ReadAction\",\"target\":[\"https:\\\/\\\/flama.fi\\\/en\\\/product\\\/mama-barre-kurssi2-ida-martikainen\\\/\"]}]},{\"@type\":\"ImageObject\",\"inLanguage\":\"en-US\",\"@id\":\"https:\\\/\\\/flama.fi\\\/en\\\/product\\\/mama-barre-kurssi2-ida-martikainen\\\/#primaryimage\",\"url\":\"https:\\\/\\\/flama.fi\\\/wp-content\\\/uploads\\\/2022\\\/11\\\/ida-martikainen-1080x1080-1-1.jpg\",\"contentUrl\":\"https:\\\/\\\/flama.fi\\\/wp-content\\\/uploads\\\/2022\\\/11\\\/ida-martikainen-1080x1080-1-1.jpg\",\"width\":1080,\"height\":1080,\"caption\":\"Henkil\u00f6 seisoo kauniissa balettiasennossa, k\u00e4det venytettyn\u00e4 sivuille. Kuvassa Ida Martikainen.\"},{\"@type\":\"BreadcrumbList\",\"@id\":\"https:\\\/\\\/flama.fi\\\/en\\\/product\\\/mama-barre-kurssi2-ida-martikainen\\\/#breadcrumb\",\"itemListElement\":[{\"@type\":\"ListItem\",\"position\":1,\"name\":\"Etusivu\",\"item\":\"https:\\\/\\\/flama.fi\\\/en\\\/\"},{\"@type\":\"ListItem\",\"position\":2,\"name\":\"Shop\",\"item\":\"https:\\\/\\\/flama.fi\\\/en\\\/shop\\\/\"},{\"@type\":\"ListItem\",\"position\":3,\"name\":\"Mama Barre, beginners (8 sessions), Wednesdays 11.3.\u201329.4. at 10.15\u201311.10, instructed by Ida Martikainen\"}]},{\"@type\":\"WebSite\",\"@id\":\"https:\\\/\\\/flama.fi\\\/en\\\/#website\",\"url\":\"https:\\\/\\\/flama.fi\\\/en\\\/\",\"name\":\"Tanssistudio Flama\",\"description\":\"Turkulainen Tanssistudio\",\"publisher\":{\"@id\":\"https:\\\/\\\/flama.fi\\\/en\\\/#organization\"},\"potentialAction\":[{\"@type\":\"SearchAction\",\"target\":{\"@type\":\"EntryPoint\",\"urlTemplate\":\"https:\\\/\\\/flama.fi\\\/en\\\/?s={search_term_string}\"},\"query-input\":{\"@type\":\"PropertyValueSpecification\",\"valueRequired\":true,\"valueName\":\"search_term_string\"}}],\"inLanguage\":\"en-US\"},{\"@type\":\"Organization\",\"@id\":\"https:\\\/\\\/flama.fi\\\/en\\\/#organization\",\"name\":\"Tanssistudio Flama\",\"url\":\"https:\\\/\\\/flama.fi\\\/en\\\/\",\"logo\":{\"@type\":\"ImageObject\",\"inLanguage\":\"en-US\",\"@id\":\"https:\\\/\\\/flama.fi\\\/en\\\/#\\\/schema\\\/logo\\\/image\\\/\",\"url\":\"https:\\\/\\\/flama.fi\\\/wp-content\\\/uploads\\\/2022\\\/07\\\/Flama-logo.png\",\"contentUrl\":\"https:\\\/\\\/flama.fi\\\/wp-content\\\/uploads\\\/2022\\\/07\\\/Flama-logo.png\",\"width\":1240,\"height\":620,\"caption\":\"Tanssistudio Flama\"},\"image\":{\"@id\":\"https:\\\/\\\/flama.fi\\\/en\\\/#\\\/schema\\\/logo\\\/image\\\/\"}}]}<\/script>\n<!-- \/ Yoast SEO plugin. -->","yoast_head_json":{"title":"Mama Barre, beginners (8 sessions), Wednesdays 11.3.\u201329.4. at 10.15\u201311.10, instructed by Ida Martikainen - Tanssistudio Flama","description":"In the gentle Mama Barre classes, you can start your day by caring for and strengthening your body. Suitable for expectant and new mothers.","robots":{"index":"index","follow":"follow","max-snippet":"max-snippet:-1","max-image-preview":"max-image-preview:large","max-video-preview":"max-video-preview:-1"},"canonical":"https:\/\/flama.fi\/en\/product\/mama-barre-kurssi2-ida-martikainen\/","og_locale":"en_US","og_type":"article","og_title":"Mama Barre, beginners (8 sessions), Wednesdays 11.3.\u201329.4. at 10.15\u201311.10, instructed by Ida Martikainen - Tanssistudio Flama","og_description":"In the gentle Mama Barre classes, you can start your day by caring for and strengthening your body. Suitable for expectant and new mothers.","og_url":"https:\/\/flama.fi\/en\/product\/mama-barre-kurssi2-ida-martikainen\/","og_site_name":"Tanssistudio Flama","article_modified_time":"2026-03-11T08:24:27+00:00","og_image":[{"width":1080,"height":1080,"url":"https:\/\/flama.fi\/wp-content\/uploads\/2022\/11\/ida-martikainen-1080x1080-1-1.jpg","type":"image\/jpeg"}],"twitter_card":"summary_large_image","twitter_misc":{"Est. reading time":"3 minutes"},"schema":{"@context":"https:\/\/schema.org","@graph":[{"@type":"WebPage","@id":"https:\/\/flama.fi\/en\/product\/mama-barre-kurssi2-ida-martikainen\/","url":"https:\/\/flama.fi\/en\/product\/mama-barre-kurssi2-ida-martikainen\/","name":"Mama Barre, beginners (8 sessions), Wednesdays 11.3.\u201329.4. at 10.15\u201311.10, instructed by Ida Martikainen - Tanssistudio Flama","isPartOf":{"@id":"https:\/\/flama.fi\/en\/#website"},"primaryImageOfPage":{"@id":"https:\/\/flama.fi\/en\/product\/mama-barre-kurssi2-ida-martikainen\/#primaryimage"},"image":{"@id":"https:\/\/flama.fi\/en\/product\/mama-barre-kurssi2-ida-martikainen\/#primaryimage"},"thumbnailUrl":"https:\/\/flama.fi\/wp-content\/uploads\/2022\/11\/ida-martikainen-1080x1080-1-1.jpg","datePublished":"2025-11-18T09:59:18+00:00","dateModified":"2026-03-11T08:24:27+00:00","description":"In the gentle Mama Barre classes, you can start your day by caring for and strengthening your body. Suitable for expectant and new mothers.","breadcrumb":{"@id":"https:\/\/flama.fi\/en\/product\/mama-barre-kurssi2-ida-martikainen\/#breadcrumb"},"inLanguage":"en-US","potentialAction":[{"@type":"ReadAction","target":["https:\/\/flama.fi\/en\/product\/mama-barre-kurssi2-ida-martikainen\/"]}]},{"@type":"ImageObject","inLanguage":"en-US","@id":"https:\/\/flama.fi\/en\/product\/mama-barre-kurssi2-ida-martikainen\/#primaryimage","url":"https:\/\/flama.fi\/wp-content\/uploads\/2022\/11\/ida-martikainen-1080x1080-1-1.jpg","contentUrl":"https:\/\/flama.fi\/wp-content\/uploads\/2022\/11\/ida-martikainen-1080x1080-1-1.jpg","width":1080,"height":1080,"caption":"Henkil\u00f6 seisoo kauniissa balettiasennossa, k\u00e4det venytettyn\u00e4 sivuille. Kuvassa Ida Martikainen."},{"@type":"BreadcrumbList","@id":"https:\/\/flama.fi\/en\/product\/mama-barre-kurssi2-ida-martikainen\/#breadcrumb","itemListElement":[{"@type":"ListItem","position":1,"name":"Etusivu","item":"https:\/\/flama.fi\/en\/"},{"@type":"ListItem","position":2,"name":"Shop","item":"https:\/\/flama.fi\/en\/shop\/"},{"@type":"ListItem","position":3,"name":"Mama Barre, beginners (8 sessions), Wednesdays 11.3.\u201329.4. at 10.15\u201311.10, instructed by Ida Martikainen"}]},{"@type":"WebSite","@id":"https:\/\/flama.fi\/en\/#website","url":"https:\/\/flama.fi\/en\/","name":"Tanssistudio Flama","description":"Turkulainen Tanssistudio","publisher":{"@id":"https:\/\/flama.fi\/en\/#organization"},"potentialAction":[{"@type":"SearchAction","target":{"@type":"EntryPoint","urlTemplate":"https:\/\/flama.fi\/en\/?s={search_term_string}"},"query-input":{"@type":"PropertyValueSpecification","valueRequired":true,"valueName":"search_term_string"}}],"inLanguage":"en-US"},{"@type":"Organization","@id":"https:\/\/flama.fi\/en\/#organization","name":"Tanssistudio Flama","url":"https:\/\/flama.fi\/en\/","logo":{"@type":"ImageObject","inLanguage":"en-US","@id":"https:\/\/flama.fi\/en\/#\/schema\/logo\/image\/","url":"https:\/\/flama.fi\/wp-content\/uploads\/2022\/07\/Flama-logo.png","contentUrl":"https:\/\/flama.fi\/wp-content\/uploads\/2022\/07\/Flama-logo.png","width":1240,"height":620,"caption":"Tanssistudio Flama"},"image":{"@id":"https:\/\/flama.fi\/en\/#\/schema\/logo\/image\/"}}]}},"_links":{"self":[{"href":"https:\/\/flama.fi\/en\/wp-json\/wp\/v2\/product\/90762","targetHints":{"allow":["GET"]}}],"collection":[{"href":"https:\/\/flama.fi\/en\/wp-json\/wp\/v2\/product"}],"about":[{"href":"https:\/\/flama.fi\/en\/wp-json\/wp\/v2\/types\/product"}],"version-history":[{"count":2,"href":"https:\/\/flama.fi\/en\/wp-json\/wp\/v2\/product\/90762\/revisions"}],"predecessor-version":[{"id":92860,"href":"https:\/\/flama.fi\/en\/wp-json\/wp\/v2\/product\/90762\/revisions\/92860"}],"wp:featuredmedia":[{"embeddable":true,"href":"https:\/\/flama.fi\/en\/wp-json\/wp\/v2\/media\/48845"}],"wp:attachment":[{"href":"https:\/\/flama.fi\/en\/wp-json\/wp\/v2\/media?parent=90762"}],"wp:term":[{"taxonomy":"product_brand","embeddable":true,"href":"https:\/\/flama.fi\/en\/wp-json\/wp\/v2\/product_brand?post=90762"},{"taxonomy":"product_cat","embeddable":true,"href":"https:\/\/flama.fi\/en\/wp-json\/wp\/v2\/product_cat?post=90762"},{"taxonomy":"product_tag","embeddable":true,"href":"https:\/\/flama.fi\/en\/wp-json\/wp\/v2\/product_tag?post=90762"}],"curies":[{"name":"wp","href":"https:\/\/api.w.org\/{rel}","templated":true}]}}