{"id":90717,"date":"2025-11-18T12:00:32","date_gmt":"2025-11-18T10:00:32","guid":{"rendered":"https:\/\/flama.fi\/tuote\/aitiyspilates-alkeet-8-krt-maanantaisin-2\/"},"modified":"2026-03-10T00:02:39","modified_gmt":"2026-03-09T22:02:39","slug":"aitiyspilates-alkeet-8-krt-maanantaisin-2","status":"publish","type":"product","link":"https:\/\/flama.fi\/en\/product\/aitiyspilates-alkeet-8-krt-maanantaisin-2\/","title":{"rendered":"Maternity pilates, beginners (8 sessions), Mondays 16.3.\u201311.5. at 15.15\u201316.00, instructed by Sarianna Jakobsson"},"content":{"rendered":"<h3>What if I can&#8217;t participate every week?<\/h3>\n<p>Absences from classes can be made up during the same term in any other class or drop-in session. This way, no dance session will be wasted! <a href=\"https:\/\/flama.fi\/en\/info\/faq\/\">Read more.<\/a><\/p>\n<h3>What should I bring with me?<\/h3>\n<p>Wear comfortable clothing that allows you to move freely and feel good.<\/p>\n<p>You don\u2019t need shoes for the class, but you can bring your own water bottle and a yoga\/stretching mat. Our studio also provides mats for use during the class. If you come with a baby, you can bring a blanket for them.<\/p>\n<h3>Maternity Pilates<\/h3>\n<p>Maternity Pilates is designed for expectant and postpartum mothers. You can attend the classes alone or with your child. The classes focus on connecting with your own body and breath. Exercises target the pelvic floor, strengthen the abdominal muscles, and build posture-supporting muscles throughout the body with Pilates movements. Gentle dynamic stretches for the whole body are also included, followed by relaxation. You can join the course at any stage of pregnancy or soon after giving birth, but it\u2019s also fine if more time has passed since delivery.<\/p>\n<h3>Sarianna Jakobsson<\/h3>\n<p>Sarianna Jakobsson is a FasciaMethod instructor, 3 PhysioPilates instructor, a physiotherapist, a personal trainer and a basic sexologist. She has trained extensively over the years, and in physiotherapy, her specialization has been strongly focused on maternity physiotherapy.<\/p>\n<p>More information about the course:<a href=\"mailto:info@flama.fi\"> info@flama.fi<\/a><\/p>\n","protected":false},"excerpt":{"rendered":"<p>Come take care of your body and mind in the Maternity Pilates course! Maternity Pilates is designed for expectant parents at any stage of pregnancy and for postpartum parents, who can attend the class alone or with their child. You can join the course soon after giving birth, but it\u2019s also fine if more time has passed since delivery.<\/p>\n<p>The course is suitable for both beginners and those with prior Pilates experience. The course instructor, Sarianna, is a licensed physiotherapist specialized in maternity physiotherapy.<\/p>\n<p><b>Time<\/b>: Mondays 16.3.\u201311.5. at 15.15\u201316.00<br \/>\n<b>Place<\/b>: Flama Rauhankatu (Rauhankatu 15, 20100 Turku)<br \/>\n<b>Level<\/b>: beginners<br \/>\n<b>Teacher:<\/b> <a href=\"https:\/\/flama.fi\/en\/instructors\/sarianna-jakobsson\/\">Sarianna Jakobsson<\/a><\/p>\n<p>The course fee includes 8 \u00d7 45 min sessions No class 6.4.<\/p>\n<p><em>This course is already full. You can join the queue in case of cancellations: <a class=\"_ymio1r31 _ypr0glyw _zcxs1o36 _mizu194a _1ah3dkaa _ra3xnqa1 _128mdkaa _1cvmnqa1 _4davt94y _4bfu1r31 _1hms8stv _ajmmnqa1 _vchhusvi _kqswh2mm _ect4ttxp _syaz13af _1a3b1r31 _4fpr8stv _5goinqa1 _f8pj13af _9oik1r31 _1bnxglyw _jf4cnqa1 _30l313af _1nrm1r31 _c2waglyw _1iohnqa1 _9h8h12zz _10531ra0 _1ien1ra0 _n0fx1ra0 _1vhv17z1\" title=\"mailto:info@flama.fi\" href=\"mailto:info@flama.fi\" data-renderer-mark=\"true\" data-is-router-link=\"false\" data-testid=\"link-with-safety\">info@flama.fi<\/a>.<\/em><\/p>\n<p><b>Reserve your spot early and take advantage of the early bird price.<\/b><br \/>\nBy registering for the course by Monday 9.3.2026, you will receive a discounted rate.<\/p>\n<p>If you would like to pay part of the course fee with a tyky benefit (e.g., Smartum, Edenred, ePassi), please register by sending an email to: info@flama.fi.<\/p>\n<p><b>Thinking of taking multiple courses?<\/b> With the Flama<a href=\"https:\/\/flama.fi\/en\/product\/anytime-spring-2026\/\"> Anytime pass<\/a>, you can dance unlimitedly throughout the spring season. If you already have an Anytime pass, register for the courses by email: <a href=\"mailto:info@flama.fi\">info@flama.fi<\/a><\/p>\n","protected":false},"featured_media":48807,"template":"","meta":{"inline_featured_image":false},"product_brand":[],"product_cat":[3851],"product_tag":[4355,1241,4077,2518,4151,2957,4269,838],"class_list":{"0":"post-90717","1":"product","2":"type-product","3":"status-publish","4":"has-post-thumbnail","6":"product_cat-spring-courses","7":"product_tag-baby-tunnit","8":"product_tag-beginners","9":"product_tag-courses","10":"product_tag-flama-rauhankatu-en","11":"product_tag-maternity-pilates","12":"product_tag-sarianna-jakobsson-en","13":"product_tag-spring-2026","14":"product_tag-tanssistudio-flama-en","16":"first","17":"outofstock","18":"virtual","19":"taxable","20":"purchasable","21":"product-type-simple"},"yoast_head":"<!-- This site is optimized with the Yoast SEO plugin v27.3 - https:\/\/yoast.com\/product\/yoast-seo-wordpress\/ -->\n<title>Maternity pilates, beginners (8 sessions), Mondays 16.3.\u201311.5. at 15.15\u201316.00, instructed by Sarianna Jakobsson - Tanssistudio Flama<\/title>\n<meta name=\"description\" content=\"Welcome to care for your body in the Maternity Pilates course! These classes are suitable for expectant parents at any stage of pregnancy as well as for those who have already given birth.\" \/>\n<meta name=\"robots\" content=\"index, follow, max-snippet:-1, max-image-preview:large, max-video-preview:-1\" \/>\n<link rel=\"canonical\" href=\"https:\/\/flama.fi\/en\/product\/aitiyspilates-alkeet-8-krt-maanantaisin-2\/\" \/>\n<meta property=\"og:locale\" content=\"en_US\" \/>\n<meta property=\"og:type\" content=\"article\" \/>\n<meta property=\"og:title\" content=\"Maternity pilates, beginners (8 sessions), Mondays 16.3.\u201311.5. at 15.15\u201316.00, instructed by Sarianna Jakobsson - Tanssistudio Flama\" \/>\n<meta property=\"og:description\" content=\"Welcome to care for your body in the Maternity Pilates course! These classes are suitable for expectant parents at any stage of pregnancy as well as for those who have already given birth.\" \/>\n<meta property=\"og:url\" content=\"https:\/\/flama.fi\/en\/product\/aitiyspilates-alkeet-8-krt-maanantaisin-2\/\" \/>\n<meta property=\"og:site_name\" content=\"Tanssistudio Flama\" \/>\n<meta property=\"article:modified_time\" content=\"2026-03-09T22:02:39+00:00\" \/>\n<meta property=\"og:image\" content=\"https:\/\/flama.fi\/wp-content\/uploads\/2022\/11\/Sarianna-Jakobsson-1080x1080-2.jpg\" \/>\n\t<meta property=\"og:image:width\" content=\"1080\" \/>\n\t<meta property=\"og:image:height\" content=\"1080\" \/>\n\t<meta property=\"og:image:type\" content=\"image\/jpeg\" \/>\n<meta name=\"twitter:card\" content=\"summary_large_image\" \/>\n<meta name=\"twitter:label1\" content=\"Est. reading time\" \/>\n\t<meta name=\"twitter:data1\" content=\"2 minutes\" \/>\n<script type=\"application\/ld+json\" class=\"yoast-schema-graph\">{\"@context\":\"https:\\\/\\\/schema.org\",\"@graph\":[{\"@type\":\"WebPage\",\"@id\":\"https:\\\/\\\/flama.fi\\\/en\\\/product\\\/aitiyspilates-alkeet-8-krt-maanantaisin-2\\\/\",\"url\":\"https:\\\/\\\/flama.fi\\\/en\\\/product\\\/aitiyspilates-alkeet-8-krt-maanantaisin-2\\\/\",\"name\":\"Maternity pilates, beginners (8 sessions), Mondays 16.3.\u201311.5. at 15.15\u201316.00, instructed by Sarianna Jakobsson - Tanssistudio Flama\",\"isPartOf\":{\"@id\":\"https:\\\/\\\/flama.fi\\\/en\\\/#website\"},\"primaryImageOfPage\":{\"@id\":\"https:\\\/\\\/flama.fi\\\/en\\\/product\\\/aitiyspilates-alkeet-8-krt-maanantaisin-2\\\/#primaryimage\"},\"image\":{\"@id\":\"https:\\\/\\\/flama.fi\\\/en\\\/product\\\/aitiyspilates-alkeet-8-krt-maanantaisin-2\\\/#primaryimage\"},\"thumbnailUrl\":\"https:\\\/\\\/flama.fi\\\/wp-content\\\/uploads\\\/2022\\\/11\\\/Sarianna-Jakobsson-1080x1080-2.jpg\",\"datePublished\":\"2025-11-18T10:00:32+00:00\",\"dateModified\":\"2026-03-09T22:02:39+00:00\",\"description\":\"Welcome to care for your body in the Maternity Pilates course! These classes are suitable for expectant parents at any stage of pregnancy as well as for those who have already given birth.\",\"breadcrumb\":{\"@id\":\"https:\\\/\\\/flama.fi\\\/en\\\/product\\\/aitiyspilates-alkeet-8-krt-maanantaisin-2\\\/#breadcrumb\"},\"inLanguage\":\"en-US\",\"potentialAction\":[{\"@type\":\"ReadAction\",\"target\":[\"https:\\\/\\\/flama.fi\\\/en\\\/product\\\/aitiyspilates-alkeet-8-krt-maanantaisin-2\\\/\"]}]},{\"@type\":\"ImageObject\",\"inLanguage\":\"en-US\",\"@id\":\"https:\\\/\\\/flama.fi\\\/en\\\/product\\\/aitiyspilates-alkeet-8-krt-maanantaisin-2\\\/#primaryimage\",\"url\":\"https:\\\/\\\/flama.fi\\\/wp-content\\\/uploads\\\/2022\\\/11\\\/Sarianna-Jakobsson-1080x1080-2.jpg\",\"contentUrl\":\"https:\\\/\\\/flama.fi\\\/wp-content\\\/uploads\\\/2022\\\/11\\\/Sarianna-Jakobsson-1080x1080-2.jpg\",\"width\":1080,\"height\":1080,\"caption\":\"Ruskeasilm\u00e4inen ja ruskeahiuksinen nainen hymyilee ja katsoo kameraan, p\u00e4\u00e4ll\u00e4\u00e4n lila paita. Kuvassa Sarianna Jakobsson.\"},{\"@type\":\"BreadcrumbList\",\"@id\":\"https:\\\/\\\/flama.fi\\\/en\\\/product\\\/aitiyspilates-alkeet-8-krt-maanantaisin-2\\\/#breadcrumb\",\"itemListElement\":[{\"@type\":\"ListItem\",\"position\":1,\"name\":\"Etusivu\",\"item\":\"https:\\\/\\\/flama.fi\\\/en\\\/\"},{\"@type\":\"ListItem\",\"position\":2,\"name\":\"Shop\",\"item\":\"https:\\\/\\\/flama.fi\\\/en\\\/shop\\\/\"},{\"@type\":\"ListItem\",\"position\":3,\"name\":\"Maternity pilates, beginners (8 sessions), Mondays 16.3.\u201311.5. at 15.15\u201316.00, instructed by Sarianna Jakobsson\"}]},{\"@type\":\"WebSite\",\"@id\":\"https:\\\/\\\/flama.fi\\\/en\\\/#website\",\"url\":\"https:\\\/\\\/flama.fi\\\/en\\\/\",\"name\":\"Tanssistudio Flama\",\"description\":\"Turkulainen Tanssistudio\",\"publisher\":{\"@id\":\"https:\\\/\\\/flama.fi\\\/en\\\/#organization\"},\"potentialAction\":[{\"@type\":\"SearchAction\",\"target\":{\"@type\":\"EntryPoint\",\"urlTemplate\":\"https:\\\/\\\/flama.fi\\\/en\\\/?s={search_term_string}\"},\"query-input\":{\"@type\":\"PropertyValueSpecification\",\"valueRequired\":true,\"valueName\":\"search_term_string\"}}],\"inLanguage\":\"en-US\"},{\"@type\":\"Organization\",\"@id\":\"https:\\\/\\\/flama.fi\\\/en\\\/#organization\",\"name\":\"Tanssistudio Flama\",\"url\":\"https:\\\/\\\/flama.fi\\\/en\\\/\",\"logo\":{\"@type\":\"ImageObject\",\"inLanguage\":\"en-US\",\"@id\":\"https:\\\/\\\/flama.fi\\\/en\\\/#\\\/schema\\\/logo\\\/image\\\/\",\"url\":\"https:\\\/\\\/flama.fi\\\/wp-content\\\/uploads\\\/2022\\\/07\\\/Flama-logo.png\",\"contentUrl\":\"https:\\\/\\\/flama.fi\\\/wp-content\\\/uploads\\\/2022\\\/07\\\/Flama-logo.png\",\"width\":1240,\"height\":620,\"caption\":\"Tanssistudio Flama\"},\"image\":{\"@id\":\"https:\\\/\\\/flama.fi\\\/en\\\/#\\\/schema\\\/logo\\\/image\\\/\"}}]}<\/script>\n<!-- \/ Yoast SEO plugin. -->","yoast_head_json":{"title":"Maternity pilates, beginners (8 sessions), Mondays 16.3.\u201311.5. at 15.15\u201316.00, instructed by Sarianna Jakobsson - Tanssistudio Flama","description":"Welcome to care for your body in the Maternity Pilates course! These classes are suitable for expectant parents at any stage of pregnancy as well as for those who have already given birth.","robots":{"index":"index","follow":"follow","max-snippet":"max-snippet:-1","max-image-preview":"max-image-preview:large","max-video-preview":"max-video-preview:-1"},"canonical":"https:\/\/flama.fi\/en\/product\/aitiyspilates-alkeet-8-krt-maanantaisin-2\/","og_locale":"en_US","og_type":"article","og_title":"Maternity pilates, beginners (8 sessions), Mondays 16.3.\u201311.5. at 15.15\u201316.00, instructed by Sarianna Jakobsson - Tanssistudio Flama","og_description":"Welcome to care for your body in the Maternity Pilates course! These classes are suitable for expectant parents at any stage of pregnancy as well as for those who have already given birth.","og_url":"https:\/\/flama.fi\/en\/product\/aitiyspilates-alkeet-8-krt-maanantaisin-2\/","og_site_name":"Tanssistudio Flama","article_modified_time":"2026-03-09T22:02:39+00:00","og_image":[{"width":1080,"height":1080,"url":"https:\/\/flama.fi\/wp-content\/uploads\/2022\/11\/Sarianna-Jakobsson-1080x1080-2.jpg","type":"image\/jpeg"}],"twitter_card":"summary_large_image","twitter_misc":{"Est. reading time":"2 minutes"},"schema":{"@context":"https:\/\/schema.org","@graph":[{"@type":"WebPage","@id":"https:\/\/flama.fi\/en\/product\/aitiyspilates-alkeet-8-krt-maanantaisin-2\/","url":"https:\/\/flama.fi\/en\/product\/aitiyspilates-alkeet-8-krt-maanantaisin-2\/","name":"Maternity pilates, beginners (8 sessions), Mondays 16.3.\u201311.5. at 15.15\u201316.00, instructed by Sarianna Jakobsson - Tanssistudio Flama","isPartOf":{"@id":"https:\/\/flama.fi\/en\/#website"},"primaryImageOfPage":{"@id":"https:\/\/flama.fi\/en\/product\/aitiyspilates-alkeet-8-krt-maanantaisin-2\/#primaryimage"},"image":{"@id":"https:\/\/flama.fi\/en\/product\/aitiyspilates-alkeet-8-krt-maanantaisin-2\/#primaryimage"},"thumbnailUrl":"https:\/\/flama.fi\/wp-content\/uploads\/2022\/11\/Sarianna-Jakobsson-1080x1080-2.jpg","datePublished":"2025-11-18T10:00:32+00:00","dateModified":"2026-03-09T22:02:39+00:00","description":"Welcome to care for your body in the Maternity Pilates course! These classes are suitable for expectant parents at any stage of pregnancy as well as for those who have already given birth.","breadcrumb":{"@id":"https:\/\/flama.fi\/en\/product\/aitiyspilates-alkeet-8-krt-maanantaisin-2\/#breadcrumb"},"inLanguage":"en-US","potentialAction":[{"@type":"ReadAction","target":["https:\/\/flama.fi\/en\/product\/aitiyspilates-alkeet-8-krt-maanantaisin-2\/"]}]},{"@type":"ImageObject","inLanguage":"en-US","@id":"https:\/\/flama.fi\/en\/product\/aitiyspilates-alkeet-8-krt-maanantaisin-2\/#primaryimage","url":"https:\/\/flama.fi\/wp-content\/uploads\/2022\/11\/Sarianna-Jakobsson-1080x1080-2.jpg","contentUrl":"https:\/\/flama.fi\/wp-content\/uploads\/2022\/11\/Sarianna-Jakobsson-1080x1080-2.jpg","width":1080,"height":1080,"caption":"Ruskeasilm\u00e4inen ja ruskeahiuksinen nainen hymyilee ja katsoo kameraan, p\u00e4\u00e4ll\u00e4\u00e4n lila paita. Kuvassa Sarianna Jakobsson."},{"@type":"BreadcrumbList","@id":"https:\/\/flama.fi\/en\/product\/aitiyspilates-alkeet-8-krt-maanantaisin-2\/#breadcrumb","itemListElement":[{"@type":"ListItem","position":1,"name":"Etusivu","item":"https:\/\/flama.fi\/en\/"},{"@type":"ListItem","position":2,"name":"Shop","item":"https:\/\/flama.fi\/en\/shop\/"},{"@type":"ListItem","position":3,"name":"Maternity pilates, beginners (8 sessions), Mondays 16.3.\u201311.5. at 15.15\u201316.00, instructed by Sarianna Jakobsson"}]},{"@type":"WebSite","@id":"https:\/\/flama.fi\/en\/#website","url":"https:\/\/flama.fi\/en\/","name":"Tanssistudio Flama","description":"Turkulainen Tanssistudio","publisher":{"@id":"https:\/\/flama.fi\/en\/#organization"},"potentialAction":[{"@type":"SearchAction","target":{"@type":"EntryPoint","urlTemplate":"https:\/\/flama.fi\/en\/?s={search_term_string}"},"query-input":{"@type":"PropertyValueSpecification","valueRequired":true,"valueName":"search_term_string"}}],"inLanguage":"en-US"},{"@type":"Organization","@id":"https:\/\/flama.fi\/en\/#organization","name":"Tanssistudio Flama","url":"https:\/\/flama.fi\/en\/","logo":{"@type":"ImageObject","inLanguage":"en-US","@id":"https:\/\/flama.fi\/en\/#\/schema\/logo\/image\/","url":"https:\/\/flama.fi\/wp-content\/uploads\/2022\/07\/Flama-logo.png","contentUrl":"https:\/\/flama.fi\/wp-content\/uploads\/2022\/07\/Flama-logo.png","width":1240,"height":620,"caption":"Tanssistudio Flama"},"image":{"@id":"https:\/\/flama.fi\/en\/#\/schema\/logo\/image\/"}}]}},"_links":{"self":[{"href":"https:\/\/flama.fi\/en\/wp-json\/wp\/v2\/product\/90717","targetHints":{"allow":["GET"]}}],"collection":[{"href":"https:\/\/flama.fi\/en\/wp-json\/wp\/v2\/product"}],"about":[{"href":"https:\/\/flama.fi\/en\/wp-json\/wp\/v2\/types\/product"}],"version-history":[{"count":2,"href":"https:\/\/flama.fi\/en\/wp-json\/wp\/v2\/product\/90717\/revisions"}],"predecessor-version":[{"id":92776,"href":"https:\/\/flama.fi\/en\/wp-json\/wp\/v2\/product\/90717\/revisions\/92776"}],"wp:featuredmedia":[{"embeddable":true,"href":"https:\/\/flama.fi\/en\/wp-json\/wp\/v2\/media\/48807"}],"wp:attachment":[{"href":"https:\/\/flama.fi\/en\/wp-json\/wp\/v2\/media?parent=90717"}],"wp:term":[{"taxonomy":"product_brand","embeddable":true,"href":"https:\/\/flama.fi\/en\/wp-json\/wp\/v2\/product_brand?post=90717"},{"taxonomy":"product_cat","embeddable":true,"href":"https:\/\/flama.fi\/en\/wp-json\/wp\/v2\/product_cat?post=90717"},{"taxonomy":"product_tag","embeddable":true,"href":"https:\/\/flama.fi\/en\/wp-json\/wp\/v2\/product_tag?post=90717"}],"curies":[{"name":"wp","href":"https:\/\/api.w.org\/{rel}","templated":true}]}}