{"id":90708,"date":"2025-11-18T12:00:32","date_gmt":"2025-11-18T10:00:32","guid":{"rendered":"https:\/\/flama.fi\/tuote\/twerk-with-heels-open-level-20-sessions\/"},"modified":"2026-01-05T03:04:42","modified_gmt":"2026-01-05T01:04:42","slug":"twerk-with-heels-open-level-20-sessions","status":"publish","type":"product","link":"https:\/\/flama.fi\/en\/product\/twerk-with-heels-open-level-20-sessions\/","title":{"rendered":"Twerk with Heels, open level (20 sessions), Tuesdays 13.1.\u201326.5. at 17.15\u201318.10, instructed bt Meri Niemi"},"content":{"rendered":"<h3>What if I can&#8217;t participate every week?<\/h3>\n<p>Absences from classes can be made up during the same term in any other class or drop-in session. This way, no dance session will be wasted! <a href=\"https:\/\/flama.fi\/en\/info\/faq\/\">Read more.<\/a> <\/p>\n<h3>What should I bring with me?<\/h3>\n<p>Wear comfortable clothing that allows you to move freely and feel good.<\/p>\n<p> The pants should be made of loose material, because it is more difficult to perform twerk techniques in very tight leggings. For heels classes, we recommend high heels with ankle support. The best option for heels technique is a thin stiletto heel, but you can also dance in thicker heels. The sole of the shoe should be thin but firm, so a platform sole is not the best choice.   However, do not stress about the shoes! However, please make sure that the soles of your dance shoes are clean and the heel tips are intact to avoid damaging the studio floor. The course also includes floor work, so it\u2019s a good idea to bring knee pads or leg warmers to protect your knees. Knee pads are also available for purchase in our online store and at the studios. Remember to bring a water bottle.   <\/p>\n<h3>Twerk with Heels<\/h3>\n<p>In the class, we fuse the basic techniques of both twerk and heels, learning to twerk naturally and confidently in heels. We practice combining heels and twerk techniques, exploring how twerk movements feel in our bodies with the shift in weight and posture that heels bring, and what new elements heels can add to already learned twerk basics. The course includes choreographies that combine twerk with smooth, feminine movement.  <\/p>\n<h3>Meri Niemi<\/h3>\n<p>Meri is a dance teacher from Turku, whose classes are filled with laughter and humour while practising at full speed. Meri believes that training and having fun are not mutually exclusive \u2013 on the contrary, the more fun we have in our dance classes, the more likely we are to want to return to our hobby again and again. What interests and inspires Meri most about dancing is using different energies and getting deeper into the qualities of movement. As an instructor, she is a relaxed person, but encourages dancers to always do their best in the moment \u2013 listening to their own bodies. Meri often receives praise from her students for her encouraging, positive energy and her clear and calm teaching style, making it easy for even beginners to keep up with the class. A motto often heard in Meri\u2019s classes is that movement or choreography doesn\u2019t matter \u2013 it\u2019s the attitude that counts. Everyone is welcome to Meri\u2019s classes as themselves, and whatever the discipline, the main focus is on finding and nurturing your own unique movement language.      <\/p>\n<p>\u201cCome to class exactly as you are today, and move in the way that feels right for you today!\u201d<\/p>\n<p>Meri teaches twerk and reggaeton at Flama, and occasionally also commercial dance classes. You may also spot her at the front desk or replying to your emails, as in addition to teaching, Meri works in the studio\u2019s office. <\/p>\n<p>More information about the course:<a href=\"mailto:info@flama.fi\"> info@flama.fi<\/a><\/p>\n","protected":false},"excerpt":{"rendered":"<p>Looking for variety or a new challenge in twerk or heels classes? In this course, we combine the basic techniques of both styles and dive into the captivating feminine choreographies designed by Meri! <\/p>\n<p>The course combines two technical styles, so it is suitable for dancers who have a good command of basic twerk techniques and some prior dance experience. However, you can still join the course even if you haven\u2019t danced in heels before. <\/p>\n<p><b>Time: <\/b>Tuesdays 13.1.\u201326.5. at 17.15\u201318.10<br \/>\n<b>Place<\/b>: Flama Linnankatu (Linnankatu 84, Turku)<br \/>\n<b>Level:<\/b> open level<br \/>\n<b>Teacher<\/b>:<a href=\"https:\/\/flama.fi\/wp-content\/uploads\/2022\/07\/20210825_Flama_Henkilokuvat6718.jpg\"> Meri Niemi<\/a><\/p>\n<p>The course fee includes 5 x 55 min sessions.<\/p>\n<p><b>Reserve your place in time<\/b> and take advantage of the early bird price<br \/>\nBy registering for the course by Sunday 4.1.2026, you will receive the course at a discounted price.<\/p>\n<p>If you would like to pay part of the course fee with a tyky benefit (e.g., Smartum, Edenred, ePassi), please register by sending an email to: info@flama.fi.<\/p>\n<p><b>Thinking of taking multiple courses?<\/b> With the Flama<a href=\"https:\/\/flama.fi\/en\/product\/anytime-spring-2026\/\"> Anytime pass<\/a>, you can dance unlimitedly throughout the spring season. If you already have an Anytime pass, register for the courses by email: <a href=\"mailto:info@flama.fi\">info@flama.fi<\/a><\/p>\n","protected":false},"featured_media":48825,"template":"","meta":{"inline_featured_image":false},"product_brand":[],"product_cat":[3851],"product_tag":[2052,4077,2695,1876,4269,838,1078,2112],"class_list":{"0":"post-90708","1":"product","2":"type-product","3":"status-publish","4":"has-post-thumbnail","6":"product_cat-spring-courses","7":"product_tag-avoin-taso-en","8":"product_tag-courses","9":"product_tag-flama-linnankatu-en","10":"product_tag-meri-niemi-en-2","11":"product_tag-spring-2026","12":"product_tag-tanssistudio-flama-en","13":"product_tag-twerk-en","14":"product_tag-twerk-with-heels-en","16":"first","17":"instock","18":"virtual","19":"taxable","20":"purchasable","21":"product-type-simple"},"yoast_head":"<!-- This site is optimized with the Yoast SEO plugin v27.3 - https:\/\/yoast.com\/product\/yoast-seo-wordpress\/ -->\n<title>Twerk with Heels, open level (20 sessions), Tuesdays 13.1.\u201326.5. at 17.15\u201318.10, instructed bt Meri Niemi - Tanssistudio Flama<\/title>\n<meta name=\"description\" content=\"Looking for variety or a new challenge in twerk or heels classes? In this course, we combine the basic techniques of both styles and dive into the captivating feminine choreographies!\" \/>\n<meta name=\"robots\" content=\"index, follow, max-snippet:-1, max-image-preview:large, max-video-preview:-1\" \/>\n<link rel=\"canonical\" href=\"https:\/\/flama.fi\/en\/product\/twerk-with-heels-open-level-20-sessions\/\" \/>\n<meta property=\"og:locale\" content=\"en_US\" \/>\n<meta property=\"og:type\" content=\"article\" \/>\n<meta property=\"og:title\" content=\"Twerk with Heels, open level (20 sessions), Tuesdays 13.1.\u201326.5. at 17.15\u201318.10, instructed bt Meri Niemi - Tanssistudio Flama\" \/>\n<meta property=\"og:description\" content=\"Looking for variety or a new challenge in twerk or heels classes? In this course, we combine the basic techniques of both styles and dive into the captivating feminine choreographies!\" \/>\n<meta property=\"og:url\" content=\"https:\/\/flama.fi\/en\/product\/twerk-with-heels-open-level-20-sessions\/\" \/>\n<meta property=\"og:site_name\" content=\"Tanssistudio Flama\" \/>\n<meta property=\"article:modified_time\" content=\"2026-01-05T01:04:42+00:00\" \/>\n<meta property=\"og:image\" content=\"https:\/\/flama.fi\/wp-content\/uploads\/2022\/11\/meri-niemi-1080x1080-1.jpg\" \/>\n\t<meta property=\"og:image:width\" content=\"1080\" \/>\n\t<meta property=\"og:image:height\" content=\"1080\" \/>\n\t<meta property=\"og:image:type\" content=\"image\/jpeg\" \/>\n<meta name=\"twitter:card\" content=\"summary_large_image\" \/>\n<meta name=\"twitter:label1\" content=\"Est. reading time\" \/>\n\t<meta name=\"twitter:data1\" content=\"3 minutes\" \/>\n<script type=\"application\/ld+json\" class=\"yoast-schema-graph\">{\"@context\":\"https:\\\/\\\/schema.org\",\"@graph\":[{\"@type\":\"WebPage\",\"@id\":\"https:\\\/\\\/flama.fi\\\/en\\\/product\\\/twerk-with-heels-open-level-20-sessions\\\/\",\"url\":\"https:\\\/\\\/flama.fi\\\/en\\\/product\\\/twerk-with-heels-open-level-20-sessions\\\/\",\"name\":\"Twerk with Heels, open level (20 sessions), Tuesdays 13.1.\u201326.5. at 17.15\u201318.10, instructed bt Meri Niemi - Tanssistudio Flama\",\"isPartOf\":{\"@id\":\"https:\\\/\\\/flama.fi\\\/en\\\/#website\"},\"primaryImageOfPage\":{\"@id\":\"https:\\\/\\\/flama.fi\\\/en\\\/product\\\/twerk-with-heels-open-level-20-sessions\\\/#primaryimage\"},\"image\":{\"@id\":\"https:\\\/\\\/flama.fi\\\/en\\\/product\\\/twerk-with-heels-open-level-20-sessions\\\/#primaryimage\"},\"thumbnailUrl\":\"https:\\\/\\\/flama.fi\\\/wp-content\\\/uploads\\\/2022\\\/11\\\/meri-niemi-1080x1080-1.jpg\",\"datePublished\":\"2025-11-18T10:00:32+00:00\",\"dateModified\":\"2026-01-05T01:04:42+00:00\",\"description\":\"Looking for variety or a new challenge in twerk or heels classes? In this course, we combine the basic techniques of both styles and dive into the captivating feminine choreographies!\",\"breadcrumb\":{\"@id\":\"https:\\\/\\\/flama.fi\\\/en\\\/product\\\/twerk-with-heels-open-level-20-sessions\\\/#breadcrumb\"},\"inLanguage\":\"en-US\",\"potentialAction\":[{\"@type\":\"ReadAction\",\"target\":[\"https:\\\/\\\/flama.fi\\\/en\\\/product\\\/twerk-with-heels-open-level-20-sessions\\\/\"]}]},{\"@type\":\"ImageObject\",\"inLanguage\":\"en-US\",\"@id\":\"https:\\\/\\\/flama.fi\\\/en\\\/product\\\/twerk-with-heels-open-level-20-sessions\\\/#primaryimage\",\"url\":\"https:\\\/\\\/flama.fi\\\/wp-content\\\/uploads\\\/2022\\\/11\\\/meri-niemi-1080x1080-1.jpg\",\"contentUrl\":\"https:\\\/\\\/flama.fi\\\/wp-content\\\/uploads\\\/2022\\\/11\\\/meri-niemi-1080x1080-1.jpg\",\"width\":1080,\"height\":1080,\"caption\":\"Vaaleat ja lyhyet hiukset. Nainen hymyilee leve\u00e4sti, p\u00e4\u00e4ll\u00e4\u00e4n keltainen paita. Kuvass aMeri Niemi.\"},{\"@type\":\"BreadcrumbList\",\"@id\":\"https:\\\/\\\/flama.fi\\\/en\\\/product\\\/twerk-with-heels-open-level-20-sessions\\\/#breadcrumb\",\"itemListElement\":[{\"@type\":\"ListItem\",\"position\":1,\"name\":\"Etusivu\",\"item\":\"https:\\\/\\\/flama.fi\\\/en\\\/\"},{\"@type\":\"ListItem\",\"position\":2,\"name\":\"Shop\",\"item\":\"https:\\\/\\\/flama.fi\\\/en\\\/shop\\\/\"},{\"@type\":\"ListItem\",\"position\":3,\"name\":\"Twerk with Heels, open level (20 sessions), Tuesdays 13.1.\u201326.5. at 17.15\u201318.10, instructed bt Meri Niemi\"}]},{\"@type\":\"WebSite\",\"@id\":\"https:\\\/\\\/flama.fi\\\/en\\\/#website\",\"url\":\"https:\\\/\\\/flama.fi\\\/en\\\/\",\"name\":\"Tanssistudio Flama\",\"description\":\"Turkulainen Tanssistudio\",\"publisher\":{\"@id\":\"https:\\\/\\\/flama.fi\\\/en\\\/#organization\"},\"potentialAction\":[{\"@type\":\"SearchAction\",\"target\":{\"@type\":\"EntryPoint\",\"urlTemplate\":\"https:\\\/\\\/flama.fi\\\/en\\\/?s={search_term_string}\"},\"query-input\":{\"@type\":\"PropertyValueSpecification\",\"valueRequired\":true,\"valueName\":\"search_term_string\"}}],\"inLanguage\":\"en-US\"},{\"@type\":\"Organization\",\"@id\":\"https:\\\/\\\/flama.fi\\\/en\\\/#organization\",\"name\":\"Tanssistudio Flama\",\"url\":\"https:\\\/\\\/flama.fi\\\/en\\\/\",\"logo\":{\"@type\":\"ImageObject\",\"inLanguage\":\"en-US\",\"@id\":\"https:\\\/\\\/flama.fi\\\/en\\\/#\\\/schema\\\/logo\\\/image\\\/\",\"url\":\"https:\\\/\\\/flama.fi\\\/wp-content\\\/uploads\\\/2022\\\/07\\\/Flama-logo.png\",\"contentUrl\":\"https:\\\/\\\/flama.fi\\\/wp-content\\\/uploads\\\/2022\\\/07\\\/Flama-logo.png\",\"width\":1240,\"height\":620,\"caption\":\"Tanssistudio Flama\"},\"image\":{\"@id\":\"https:\\\/\\\/flama.fi\\\/en\\\/#\\\/schema\\\/logo\\\/image\\\/\"}}]}<\/script>\n<!-- \/ Yoast SEO plugin. -->","yoast_head_json":{"title":"Twerk with Heels, open level (20 sessions), Tuesdays 13.1.\u201326.5. at 17.15\u201318.10, instructed bt Meri Niemi - Tanssistudio Flama","description":"Looking for variety or a new challenge in twerk or heels classes? In this course, we combine the basic techniques of both styles and dive into the captivating feminine choreographies!","robots":{"index":"index","follow":"follow","max-snippet":"max-snippet:-1","max-image-preview":"max-image-preview:large","max-video-preview":"max-video-preview:-1"},"canonical":"https:\/\/flama.fi\/en\/product\/twerk-with-heels-open-level-20-sessions\/","og_locale":"en_US","og_type":"article","og_title":"Twerk with Heels, open level (20 sessions), Tuesdays 13.1.\u201326.5. at 17.15\u201318.10, instructed bt Meri Niemi - Tanssistudio Flama","og_description":"Looking for variety or a new challenge in twerk or heels classes? In this course, we combine the basic techniques of both styles and dive into the captivating feminine choreographies!","og_url":"https:\/\/flama.fi\/en\/product\/twerk-with-heels-open-level-20-sessions\/","og_site_name":"Tanssistudio Flama","article_modified_time":"2026-01-05T01:04:42+00:00","og_image":[{"width":1080,"height":1080,"url":"https:\/\/flama.fi\/wp-content\/uploads\/2022\/11\/meri-niemi-1080x1080-1.jpg","type":"image\/jpeg"}],"twitter_card":"summary_large_image","twitter_misc":{"Est. reading time":"3 minutes"},"schema":{"@context":"https:\/\/schema.org","@graph":[{"@type":"WebPage","@id":"https:\/\/flama.fi\/en\/product\/twerk-with-heels-open-level-20-sessions\/","url":"https:\/\/flama.fi\/en\/product\/twerk-with-heels-open-level-20-sessions\/","name":"Twerk with Heels, open level (20 sessions), Tuesdays 13.1.\u201326.5. at 17.15\u201318.10, instructed bt Meri Niemi - Tanssistudio Flama","isPartOf":{"@id":"https:\/\/flama.fi\/en\/#website"},"primaryImageOfPage":{"@id":"https:\/\/flama.fi\/en\/product\/twerk-with-heels-open-level-20-sessions\/#primaryimage"},"image":{"@id":"https:\/\/flama.fi\/en\/product\/twerk-with-heels-open-level-20-sessions\/#primaryimage"},"thumbnailUrl":"https:\/\/flama.fi\/wp-content\/uploads\/2022\/11\/meri-niemi-1080x1080-1.jpg","datePublished":"2025-11-18T10:00:32+00:00","dateModified":"2026-01-05T01:04:42+00:00","description":"Looking for variety or a new challenge in twerk or heels classes? In this course, we combine the basic techniques of both styles and dive into the captivating feminine choreographies!","breadcrumb":{"@id":"https:\/\/flama.fi\/en\/product\/twerk-with-heels-open-level-20-sessions\/#breadcrumb"},"inLanguage":"en-US","potentialAction":[{"@type":"ReadAction","target":["https:\/\/flama.fi\/en\/product\/twerk-with-heels-open-level-20-sessions\/"]}]},{"@type":"ImageObject","inLanguage":"en-US","@id":"https:\/\/flama.fi\/en\/product\/twerk-with-heels-open-level-20-sessions\/#primaryimage","url":"https:\/\/flama.fi\/wp-content\/uploads\/2022\/11\/meri-niemi-1080x1080-1.jpg","contentUrl":"https:\/\/flama.fi\/wp-content\/uploads\/2022\/11\/meri-niemi-1080x1080-1.jpg","width":1080,"height":1080,"caption":"Vaaleat ja lyhyet hiukset. Nainen hymyilee leve\u00e4sti, p\u00e4\u00e4ll\u00e4\u00e4n keltainen paita. Kuvass aMeri Niemi."},{"@type":"BreadcrumbList","@id":"https:\/\/flama.fi\/en\/product\/twerk-with-heels-open-level-20-sessions\/#breadcrumb","itemListElement":[{"@type":"ListItem","position":1,"name":"Etusivu","item":"https:\/\/flama.fi\/en\/"},{"@type":"ListItem","position":2,"name":"Shop","item":"https:\/\/flama.fi\/en\/shop\/"},{"@type":"ListItem","position":3,"name":"Twerk with Heels, open level (20 sessions), Tuesdays 13.1.\u201326.5. at 17.15\u201318.10, instructed bt Meri Niemi"}]},{"@type":"WebSite","@id":"https:\/\/flama.fi\/en\/#website","url":"https:\/\/flama.fi\/en\/","name":"Tanssistudio Flama","description":"Turkulainen Tanssistudio","publisher":{"@id":"https:\/\/flama.fi\/en\/#organization"},"potentialAction":[{"@type":"SearchAction","target":{"@type":"EntryPoint","urlTemplate":"https:\/\/flama.fi\/en\/?s={search_term_string}"},"query-input":{"@type":"PropertyValueSpecification","valueRequired":true,"valueName":"search_term_string"}}],"inLanguage":"en-US"},{"@type":"Organization","@id":"https:\/\/flama.fi\/en\/#organization","name":"Tanssistudio Flama","url":"https:\/\/flama.fi\/en\/","logo":{"@type":"ImageObject","inLanguage":"en-US","@id":"https:\/\/flama.fi\/en\/#\/schema\/logo\/image\/","url":"https:\/\/flama.fi\/wp-content\/uploads\/2022\/07\/Flama-logo.png","contentUrl":"https:\/\/flama.fi\/wp-content\/uploads\/2022\/07\/Flama-logo.png","width":1240,"height":620,"caption":"Tanssistudio Flama"},"image":{"@id":"https:\/\/flama.fi\/en\/#\/schema\/logo\/image\/"}}]}},"_links":{"self":[{"href":"https:\/\/flama.fi\/en\/wp-json\/wp\/v2\/product\/90708","targetHints":{"allow":["GET"]}}],"collection":[{"href":"https:\/\/flama.fi\/en\/wp-json\/wp\/v2\/product"}],"about":[{"href":"https:\/\/flama.fi\/en\/wp-json\/wp\/v2\/types\/product"}],"version-history":[{"count":0,"href":"https:\/\/flama.fi\/en\/wp-json\/wp\/v2\/product\/90708\/revisions"}],"wp:featuredmedia":[{"embeddable":true,"href":"https:\/\/flama.fi\/en\/wp-json\/wp\/v2\/media\/48825"}],"wp:attachment":[{"href":"https:\/\/flama.fi\/en\/wp-json\/wp\/v2\/media?parent=90708"}],"wp:term":[{"taxonomy":"product_brand","embeddable":true,"href":"https:\/\/flama.fi\/en\/wp-json\/wp\/v2\/product_brand?post=90708"},{"taxonomy":"product_cat","embeddable":true,"href":"https:\/\/flama.fi\/en\/wp-json\/wp\/v2\/product_cat?post=90708"},{"taxonomy":"product_tag","embeddable":true,"href":"https:\/\/flama.fi\/en\/wp-json\/wp\/v2\/product_tag?post=90708"}],"curies":[{"name":"wp","href":"https:\/\/api.w.org\/{rel}","templated":true}]}}