{"id":90640,"date":"2025-11-18T12:00:32","date_gmt":"2025-11-18T10:00:32","guid":{"rendered":"https:\/\/flama.fi\/tuote\/reggaeton-beginners-18-sessions-thu\/"},"modified":"2026-01-08T09:30:36","modified_gmt":"2026-01-08T07:30:36","slug":"reggaeton-beginners-18-sessions-thu","status":"publish","type":"product","link":"https:\/\/flama.fi\/en\/product\/reggaeton-beginners-18-sessions-thu\/","title":{"rendered":"Reggaeton, beginners (18 sessions), on Thursdays 15.1.\u201328.5. at 17.15\u201318.10, instructed by Meri Niemi"},"content":{"rendered":"<h3>What if I can&#8217;t participate every week?<\/h3>\n<p>Absences from classes can be made up during the same term in any other class or drop-in session. This way, no dance session will be wasted! <a href=\"https:\/\/flama.fi\/en\/info\/faq\/\">Read more.<\/a> <\/p>\n<h3>What should I bring with me?<\/h3>\n<p>For the class, it is recommended to wear clothes that are comfortable to move around in. You can dance with indoor sneakers, dance shoes, or socks.  Also take a water bottle with you and remember to drink enough after class.<\/p>\n<h3>Reggaeton<\/h3>\n<p>Reggaeton is a dance style born in the beginning of 1990s and it is is nowadays a globally popular dance and music style that has been influenced by various South and Central American dance styles, such as Dancehall, different Afro dances as well as Hip Hop. for example. Reggaeton has its roots in countries such as Panama, Puerto Rico and Cuba.<\/p>\n<p>Reggaeton is characterized by strong dynamic fluctuations, polyrhythmics and playing with chest and hip isolation in particular. The style is characterized by strong dynamic contrasts: powerful, fast accents alternate with soft, sensual movements in reggaeton. Reggaeton classes are full of power, energy and attitude!<\/p>\n<h3>Meri Niemi<\/h3>\n<p>Meri is a dance teacher from Turku, whose classes are filled with laughter and humour while practising at full speed. Meri believes that training and having fun are not mutually exclusive \u2013 on the contrary, the more fun we have in our dance classes, the more likely we are to want to return to our hobby again and again. What interests and inspires Meri most about dancing is using different energies and getting deeper into the qualities of movement. As an instructor, she is a relaxed person, but encourages dancers to always do their best in the moment \u2013 listening to their own bodies. Meri often receives praise from her students for her encouraging, positive energy and her clear and calm teaching style, making it easy for even beginners to keep up with the class. A motto often heard in Meri\u2019s classes is that movement or choreography doesn\u2019t matter \u2013 it\u2019s the attitude that counts. Everyone is welcome to Meri\u2019s classes as themselves, and whatever the discipline, the main focus is on finding and nurturing your own unique movement language.      <\/p>\n<p>\u201cCome to class exactly as you are today, and move in the way that feels right for you today!\u201d<\/p>\n<p>Meri teaches twerk and reggaeton at Flama, and occasionally also commercial dance classes. You may also spot her at the front desk or replying to your emails, as in addition to teaching, Meri works in the studio\u2019s office. <\/p>\n<p>More information about the course:<a href=\"mailto:info@flama.fi\"> info@flama.fi<\/a><\/p>\n","protected":false},"excerpt":{"rendered":"<p><em>Unfortunately this course is already full. You can join the queue in case of cancellations: <a class=\"_ymio1r31 _ypr0glyw _zcxs1o36 _mizu194a _1ah3dkaa _ra3xnqa1 _128mdkaa _1cvmnqa1 _4davt94y _4bfu1r31 _1hms8stv _ajmmnqa1 _vchhusvi _kqswh2mm _syaz13af _ect41gqc _1a3b1r31 _4fpr8stv _5goinqa1 _f8pj13af _9oik1r31 _1bnxglyw _jf4cnqa1 _30l313af _1nrm1r31 _c2waglyw _1iohnqa1 _9h8h12zz _10531ra0 _1ien1ra0 _n0fx1ra0 _1vhv17z1\" title=\"mailto:info@flama.fi\" href=\"mailto:info@flama.fi\" data-renderer-mark=\"true\" data-is-router-link=\"false\" data-testid=\"link-with-safety\">info@flama.fi<\/a><\/em><\/p>\n<p>Welcome to dance energetic reggaeton! In the beginner&#8217;s course, we will practice various reggaeton techniques from the basics and dance short choreographies. Not forgetting the attitude and power typical of reggaeton!  <\/p>\n<p>This course is suitable for beginners. You can join without any previous dance experience.<\/p>\n<p><b>Time:<\/b> thursdays 15.1.\u201328.5. at 17.15\u201318.10<br \/>\n<b>Place<\/b>: Flama Rauhankatu (Rauhankatu 15, 20100 Turku)<br \/>\n<b>Level<\/b>: beginners<br \/>\n<b>Teacher<\/b>:<a href=\"https:\/\/flama.fi\/wp-content\/uploads\/2022\/07\/20210825_Flama_Henkilokuvat6718.jpg\"> Meri Niemi<\/a><\/p>\n<p>The course fee includes 18 \u00d7 55 min sessions. No class 30.4. and 14.5.  <\/p>\n<p><b>Reserve your place in time<\/b> and take advantage of the early bird price<br \/>\nBy registering for the course by Sunday 4.1.2026, you will receive the course at a discounted price.<\/p>\n<p>If you would like to pay part of the course fee with a tyky benefit (e.g., Smartum, Edenred, ePassi), please register by sending an email to: info@flama.fi.<\/p>\n<p><b>Thinking of taking multiple courses?<\/b> With the Flama<a href=\"https:\/\/flama.fi\/en\/product\/anytime-spring-2026\/\"> Anytime pass<\/a>, you can dance unlimitedly throughout the spring season. If you already have an Anytime pass, register for the courses by email: <a href=\"mailto:info@flama.fi\">info@flama.fi<\/a><\/p>\n","protected":false},"featured_media":48825,"template":"","meta":{"inline_featured_image":false},"product_brand":[],"product_cat":[3851],"product_tag":[1241,4077,2518,1876,1088,4269,838],"class_list":{"0":"post-90640","1":"product","2":"type-product","3":"status-publish","4":"has-post-thumbnail","6":"product_cat-spring-courses","7":"product_tag-beginners","8":"product_tag-courses","9":"product_tag-flama-rauhankatu-en","10":"product_tag-meri-niemi-en-2","11":"product_tag-reggaeton-en","12":"product_tag-spring-2026","13":"product_tag-tanssistudio-flama-en","15":"first","16":"outofstock","17":"virtual","18":"taxable","19":"purchasable","20":"product-type-simple"},"yoast_head":"<!-- This site is optimized with the Yoast SEO plugin v27.3 - https:\/\/yoast.com\/product\/yoast-seo-wordpress\/ -->\n<title>Reggaeton, beginners (18 sessions), on Thursdays 15.1.\u201328.5. at 17.15\u201318.10, instructed by Meri Niemi - Tanssistudio Flama<\/title>\n<meta name=\"description\" content=\"Come and discover the energetic world of reggaeton. In these classes, you will learn the basics of this dance style and dance short choreographies.\" \/>\n<meta name=\"robots\" content=\"index, follow, max-snippet:-1, max-image-preview:large, max-video-preview:-1\" \/>\n<link rel=\"canonical\" href=\"https:\/\/flama.fi\/en\/product\/reggaeton-beginners-18-sessions-thu\/\" \/>\n<meta property=\"og:locale\" content=\"en_US\" \/>\n<meta property=\"og:type\" content=\"article\" \/>\n<meta property=\"og:title\" content=\"Reggaeton, beginners (18 sessions), on Thursdays 15.1.\u201328.5. at 17.15\u201318.10, instructed by Meri Niemi - Tanssistudio Flama\" \/>\n<meta property=\"og:description\" content=\"Come and discover the energetic world of reggaeton. In these classes, you will learn the basics of this dance style and dance short choreographies.\" \/>\n<meta property=\"og:url\" content=\"https:\/\/flama.fi\/en\/product\/reggaeton-beginners-18-sessions-thu\/\" \/>\n<meta property=\"og:site_name\" content=\"Tanssistudio Flama\" \/>\n<meta property=\"article:modified_time\" content=\"2026-01-08T07:30:36+00:00\" \/>\n<meta property=\"og:image\" content=\"https:\/\/flama.fi\/wp-content\/uploads\/2022\/11\/meri-niemi-1080x1080-1.jpg\" \/>\n\t<meta property=\"og:image:width\" content=\"1080\" \/>\n\t<meta property=\"og:image:height\" content=\"1080\" \/>\n\t<meta property=\"og:image:type\" content=\"image\/jpeg\" \/>\n<meta name=\"twitter:card\" content=\"summary_large_image\" \/>\n<meta name=\"twitter:label1\" content=\"Est. reading time\" \/>\n\t<meta name=\"twitter:data1\" content=\"2 minutes\" \/>\n<script type=\"application\/ld+json\" class=\"yoast-schema-graph\">{\"@context\":\"https:\\\/\\\/schema.org\",\"@graph\":[{\"@type\":\"WebPage\",\"@id\":\"https:\\\/\\\/flama.fi\\\/en\\\/product\\\/reggaeton-beginners-18-sessions-thu\\\/\",\"url\":\"https:\\\/\\\/flama.fi\\\/en\\\/product\\\/reggaeton-beginners-18-sessions-thu\\\/\",\"name\":\"Reggaeton, beginners (18 sessions), on Thursdays 15.1.\u201328.5. at 17.15\u201318.10, instructed by Meri Niemi - Tanssistudio Flama\",\"isPartOf\":{\"@id\":\"https:\\\/\\\/flama.fi\\\/en\\\/#website\"},\"primaryImageOfPage\":{\"@id\":\"https:\\\/\\\/flama.fi\\\/en\\\/product\\\/reggaeton-beginners-18-sessions-thu\\\/#primaryimage\"},\"image\":{\"@id\":\"https:\\\/\\\/flama.fi\\\/en\\\/product\\\/reggaeton-beginners-18-sessions-thu\\\/#primaryimage\"},\"thumbnailUrl\":\"https:\\\/\\\/flama.fi\\\/wp-content\\\/uploads\\\/2022\\\/11\\\/meri-niemi-1080x1080-1.jpg\",\"datePublished\":\"2025-11-18T10:00:32+00:00\",\"dateModified\":\"2026-01-08T07:30:36+00:00\",\"description\":\"Come and discover the energetic world of reggaeton. In these classes, you will learn the basics of this dance style and dance short choreographies.\",\"breadcrumb\":{\"@id\":\"https:\\\/\\\/flama.fi\\\/en\\\/product\\\/reggaeton-beginners-18-sessions-thu\\\/#breadcrumb\"},\"inLanguage\":\"en-US\",\"potentialAction\":[{\"@type\":\"ReadAction\",\"target\":[\"https:\\\/\\\/flama.fi\\\/en\\\/product\\\/reggaeton-beginners-18-sessions-thu\\\/\"]}]},{\"@type\":\"ImageObject\",\"inLanguage\":\"en-US\",\"@id\":\"https:\\\/\\\/flama.fi\\\/en\\\/product\\\/reggaeton-beginners-18-sessions-thu\\\/#primaryimage\",\"url\":\"https:\\\/\\\/flama.fi\\\/wp-content\\\/uploads\\\/2022\\\/11\\\/meri-niemi-1080x1080-1.jpg\",\"contentUrl\":\"https:\\\/\\\/flama.fi\\\/wp-content\\\/uploads\\\/2022\\\/11\\\/meri-niemi-1080x1080-1.jpg\",\"width\":1080,\"height\":1080,\"caption\":\"Vaaleat ja lyhyet hiukset. Nainen hymyilee leve\u00e4sti, p\u00e4\u00e4ll\u00e4\u00e4n keltainen paita. Kuvass aMeri Niemi.\"},{\"@type\":\"BreadcrumbList\",\"@id\":\"https:\\\/\\\/flama.fi\\\/en\\\/product\\\/reggaeton-beginners-18-sessions-thu\\\/#breadcrumb\",\"itemListElement\":[{\"@type\":\"ListItem\",\"position\":1,\"name\":\"Etusivu\",\"item\":\"https:\\\/\\\/flama.fi\\\/en\\\/\"},{\"@type\":\"ListItem\",\"position\":2,\"name\":\"Shop\",\"item\":\"https:\\\/\\\/flama.fi\\\/en\\\/shop\\\/\"},{\"@type\":\"ListItem\",\"position\":3,\"name\":\"Reggaeton, beginners (18 sessions), on Thursdays 15.1.\u201328.5. at 17.15\u201318.10, instructed by Meri Niemi\"}]},{\"@type\":\"WebSite\",\"@id\":\"https:\\\/\\\/flama.fi\\\/en\\\/#website\",\"url\":\"https:\\\/\\\/flama.fi\\\/en\\\/\",\"name\":\"Tanssistudio Flama\",\"description\":\"Turkulainen Tanssistudio\",\"publisher\":{\"@id\":\"https:\\\/\\\/flama.fi\\\/en\\\/#organization\"},\"potentialAction\":[{\"@type\":\"SearchAction\",\"target\":{\"@type\":\"EntryPoint\",\"urlTemplate\":\"https:\\\/\\\/flama.fi\\\/en\\\/?s={search_term_string}\"},\"query-input\":{\"@type\":\"PropertyValueSpecification\",\"valueRequired\":true,\"valueName\":\"search_term_string\"}}],\"inLanguage\":\"en-US\"},{\"@type\":\"Organization\",\"@id\":\"https:\\\/\\\/flama.fi\\\/en\\\/#organization\",\"name\":\"Tanssistudio Flama\",\"url\":\"https:\\\/\\\/flama.fi\\\/en\\\/\",\"logo\":{\"@type\":\"ImageObject\",\"inLanguage\":\"en-US\",\"@id\":\"https:\\\/\\\/flama.fi\\\/en\\\/#\\\/schema\\\/logo\\\/image\\\/\",\"url\":\"https:\\\/\\\/flama.fi\\\/wp-content\\\/uploads\\\/2022\\\/07\\\/Flama-logo.png\",\"contentUrl\":\"https:\\\/\\\/flama.fi\\\/wp-content\\\/uploads\\\/2022\\\/07\\\/Flama-logo.png\",\"width\":1240,\"height\":620,\"caption\":\"Tanssistudio Flama\"},\"image\":{\"@id\":\"https:\\\/\\\/flama.fi\\\/en\\\/#\\\/schema\\\/logo\\\/image\\\/\"}}]}<\/script>\n<!-- \/ Yoast SEO plugin. -->","yoast_head_json":{"title":"Reggaeton, beginners (18 sessions), on Thursdays 15.1.\u201328.5. at 17.15\u201318.10, instructed by Meri Niemi - Tanssistudio Flama","description":"Come and discover the energetic world of reggaeton. In these classes, you will learn the basics of this dance style and dance short choreographies.","robots":{"index":"index","follow":"follow","max-snippet":"max-snippet:-1","max-image-preview":"max-image-preview:large","max-video-preview":"max-video-preview:-1"},"canonical":"https:\/\/flama.fi\/en\/product\/reggaeton-beginners-18-sessions-thu\/","og_locale":"en_US","og_type":"article","og_title":"Reggaeton, beginners (18 sessions), on Thursdays 15.1.\u201328.5. at 17.15\u201318.10, instructed by Meri Niemi - Tanssistudio Flama","og_description":"Come and discover the energetic world of reggaeton. In these classes, you will learn the basics of this dance style and dance short choreographies.","og_url":"https:\/\/flama.fi\/en\/product\/reggaeton-beginners-18-sessions-thu\/","og_site_name":"Tanssistudio Flama","article_modified_time":"2026-01-08T07:30:36+00:00","og_image":[{"width":1080,"height":1080,"url":"https:\/\/flama.fi\/wp-content\/uploads\/2022\/11\/meri-niemi-1080x1080-1.jpg","type":"image\/jpeg"}],"twitter_card":"summary_large_image","twitter_misc":{"Est. reading time":"2 minutes"},"schema":{"@context":"https:\/\/schema.org","@graph":[{"@type":"WebPage","@id":"https:\/\/flama.fi\/en\/product\/reggaeton-beginners-18-sessions-thu\/","url":"https:\/\/flama.fi\/en\/product\/reggaeton-beginners-18-sessions-thu\/","name":"Reggaeton, beginners (18 sessions), on Thursdays 15.1.\u201328.5. at 17.15\u201318.10, instructed by Meri Niemi - Tanssistudio Flama","isPartOf":{"@id":"https:\/\/flama.fi\/en\/#website"},"primaryImageOfPage":{"@id":"https:\/\/flama.fi\/en\/product\/reggaeton-beginners-18-sessions-thu\/#primaryimage"},"image":{"@id":"https:\/\/flama.fi\/en\/product\/reggaeton-beginners-18-sessions-thu\/#primaryimage"},"thumbnailUrl":"https:\/\/flama.fi\/wp-content\/uploads\/2022\/11\/meri-niemi-1080x1080-1.jpg","datePublished":"2025-11-18T10:00:32+00:00","dateModified":"2026-01-08T07:30:36+00:00","description":"Come and discover the energetic world of reggaeton. In these classes, you will learn the basics of this dance style and dance short choreographies.","breadcrumb":{"@id":"https:\/\/flama.fi\/en\/product\/reggaeton-beginners-18-sessions-thu\/#breadcrumb"},"inLanguage":"en-US","potentialAction":[{"@type":"ReadAction","target":["https:\/\/flama.fi\/en\/product\/reggaeton-beginners-18-sessions-thu\/"]}]},{"@type":"ImageObject","inLanguage":"en-US","@id":"https:\/\/flama.fi\/en\/product\/reggaeton-beginners-18-sessions-thu\/#primaryimage","url":"https:\/\/flama.fi\/wp-content\/uploads\/2022\/11\/meri-niemi-1080x1080-1.jpg","contentUrl":"https:\/\/flama.fi\/wp-content\/uploads\/2022\/11\/meri-niemi-1080x1080-1.jpg","width":1080,"height":1080,"caption":"Vaaleat ja lyhyet hiukset. Nainen hymyilee leve\u00e4sti, p\u00e4\u00e4ll\u00e4\u00e4n keltainen paita. Kuvass aMeri Niemi."},{"@type":"BreadcrumbList","@id":"https:\/\/flama.fi\/en\/product\/reggaeton-beginners-18-sessions-thu\/#breadcrumb","itemListElement":[{"@type":"ListItem","position":1,"name":"Etusivu","item":"https:\/\/flama.fi\/en\/"},{"@type":"ListItem","position":2,"name":"Shop","item":"https:\/\/flama.fi\/en\/shop\/"},{"@type":"ListItem","position":3,"name":"Reggaeton, beginners (18 sessions), on Thursdays 15.1.\u201328.5. at 17.15\u201318.10, instructed by Meri Niemi"}]},{"@type":"WebSite","@id":"https:\/\/flama.fi\/en\/#website","url":"https:\/\/flama.fi\/en\/","name":"Tanssistudio Flama","description":"Turkulainen Tanssistudio","publisher":{"@id":"https:\/\/flama.fi\/en\/#organization"},"potentialAction":[{"@type":"SearchAction","target":{"@type":"EntryPoint","urlTemplate":"https:\/\/flama.fi\/en\/?s={search_term_string}"},"query-input":{"@type":"PropertyValueSpecification","valueRequired":true,"valueName":"search_term_string"}}],"inLanguage":"en-US"},{"@type":"Organization","@id":"https:\/\/flama.fi\/en\/#organization","name":"Tanssistudio Flama","url":"https:\/\/flama.fi\/en\/","logo":{"@type":"ImageObject","inLanguage":"en-US","@id":"https:\/\/flama.fi\/en\/#\/schema\/logo\/image\/","url":"https:\/\/flama.fi\/wp-content\/uploads\/2022\/07\/Flama-logo.png","contentUrl":"https:\/\/flama.fi\/wp-content\/uploads\/2022\/07\/Flama-logo.png","width":1240,"height":620,"caption":"Tanssistudio Flama"},"image":{"@id":"https:\/\/flama.fi\/en\/#\/schema\/logo\/image\/"}}]}},"_links":{"self":[{"href":"https:\/\/flama.fi\/en\/wp-json\/wp\/v2\/product\/90640","targetHints":{"allow":["GET"]}}],"collection":[{"href":"https:\/\/flama.fi\/en\/wp-json\/wp\/v2\/product"}],"about":[{"href":"https:\/\/flama.fi\/en\/wp-json\/wp\/v2\/types\/product"}],"version-history":[{"count":2,"href":"https:\/\/flama.fi\/en\/wp-json\/wp\/v2\/product\/90640\/revisions"}],"predecessor-version":[{"id":91308,"href":"https:\/\/flama.fi\/en\/wp-json\/wp\/v2\/product\/90640\/revisions\/91308"}],"wp:featuredmedia":[{"embeddable":true,"href":"https:\/\/flama.fi\/en\/wp-json\/wp\/v2\/media\/48825"}],"wp:attachment":[{"href":"https:\/\/flama.fi\/en\/wp-json\/wp\/v2\/media?parent=90640"}],"wp:term":[{"taxonomy":"product_brand","embeddable":true,"href":"https:\/\/flama.fi\/en\/wp-json\/wp\/v2\/product_brand?post=90640"},{"taxonomy":"product_cat","embeddable":true,"href":"https:\/\/flama.fi\/en\/wp-json\/wp\/v2\/product_cat?post=90640"},{"taxonomy":"product_tag","embeddable":true,"href":"https:\/\/flama.fi\/en\/wp-json\/wp\/v2\/product_tag?post=90640"}],"curies":[{"name":"wp","href":"https:\/\/api.w.org\/{rel}","templated":true}]}}