{"id":90597,"date":"2025-11-18T11:58:10","date_gmt":"2025-11-18T09:58:10","guid":{"rendered":"https:\/\/flama.fi\/tuote\/commercial-dance-beginners-20-sessions-tuesdays\/"},"modified":"2026-01-05T03:04:36","modified_gmt":"2026-01-05T01:04:36","slug":"commercial-dance-beginners-20-sessions-tuesdays","status":"publish","type":"product","link":"https:\/\/flama.fi\/en\/product\/commercial-dance-beginners-20-sessions-tuesdays\/","title":{"rendered":"Commercial Dance, beginners (20 sessions), Tuesdays 13.1.\u201326.5. at 18.15\u201319.10, instructed by Effiina Campomanes"},"content":{"rendered":"<h3>What if I can&#8217;t participate every week?<\/h3>\n<p>Absences from classes can be made up during the same term in any other class or drop-in session. This way, no dance session will be wasted! <a href=\"https:\/\/flama.fi\/en\/info\/faq\/\">Read more.<\/a> <\/p>\n<h3>What should I bring with me?<\/h3>\n<p>Wear comfortable clothing that allows you to move freely and feel good.<\/p>\n<p> You can dance in indoor sneakers, dance shoes, or socks. Also take a water bottle with you and remember to drink enough after class.<\/p>\n<h3>Commercial Dance<\/h3>\n<p>Commercial dance classes seek to cultivate a bold attitude reminiscent of music videos, combining and utilizing techniques from different dance styles. The main focus of the classes is on dancing choreographies, but we also practice the techniques needed for choreography and focus on performing and developing and trusting your own unique body language. The course lets you throw yourself into different styles of choreography and have fun together!  <\/p>\n<h3>Effiina Campomanes<\/h3>\n<p>Effiina Campomanes is a versatile and experienced dancer, dance video producer, determined choreographer and teacher who always encourages dancers to challenge themselves and to try new things. She graduated as a professional dancer from Turku Conservatory in 2012 and today she works as a dancer, dance teacher, choreographer and video producer. In her energetic and physical choreographies, she always focuses on movement versatility, visuality and surprise. Effiina is a chameleon that challenges and breaks genre boundaries, switching roles seamlessly both in front of and behind the camera.<\/p>\n<p>Dance has always played a big role in her life and Effiina, who has been performing for almost 30 years, has a strong musicality and an expression that is contagious to the back of the audience. For her, dance is primarily about storytelling and turning music into movement. The stage is Effiina\u2019s second home and she has been seen on stage in both dance productions and musicals.<\/p>\n<p>More information about the course:<a href=\"mailto:info@flama.fi\"> info@flama.fi<\/a><\/p>\n","protected":false},"excerpt":{"rendered":"<p>Would you like to dance like a music video star? Commercial dance classes combine and utilize techniques from different dance styles and encourage a bold, music video-inspired attitude. In this course, we dance to the beat of current and past hit songs and throw ourselves into different choreographies. In addition to dance skills, you will get to practice empathy and finding your own body language.   <\/p>\n<p>This course is suitable for beginner dancers who already have some dance experience or a background in other physical activities.<\/p>\n<p><b>Time:<\/b> tuesdays 13.1.\u201326.5. at 18:15\u201319:10<br \/>\n<b>Place<\/b>: Flama Linnankatu (Linnankatu 84, Turku)<br \/>\n<b>Level<\/b>: beginners<br \/>\n<b>Teacher<\/b>: <a href=\"https:\/\/flama.fi\/en\/instructors\/effiina-jalonen\/\">Effiina Campomanes<\/a><\/p>\n<p>The course fee includes 5 x 55 min sessions.<\/p>\n<p><b>Reserve your place in time<\/b> and take advantage of the early bird price<br \/>\nBy registering for the course by Sunday 4.1.2026, you will receive the course at a discounted price.<\/p>\n<p>If you would like to pay part of the course fee with a tyky benefit (e.g., Smartum, Edenred, ePassi), please register by sending an email to: info@flama.fi.<\/p>\n<p>Thinking about taking more than one course? With the Flaman <a href=\"https:\/\/flama.fi\/en\/product\/anytime-spring-2026\/\"><b>Anytime card<\/b>,<\/a> you can dance as much as you want throughout the spring season. If you already have an Anytime card, sign up for courses by sending us an email to<a href=\"mailto:info@flama.fi\"> info@flama.fi.<\/a> <\/p>\n","protected":false},"featured_media":48851,"template":"","meta":{"inline_featured_image":false},"product_brand":[],"product_cat":[3851],"product_tag":[1241,836,4077,3581,2695,4269,838],"class_list":{"0":"post-90597","1":"product","2":"type-product","3":"status-publish","4":"has-post-thumbnail","6":"product_cat-spring-courses","7":"product_tag-beginners","8":"product_tag-commercial-dance-en","9":"product_tag-courses","10":"product_tag-effiina-campomanes-en","11":"product_tag-flama-linnankatu-en","12":"product_tag-spring-2026","13":"product_tag-tanssistudio-flama-en","15":"first","16":"instock","17":"virtual","18":"taxable","19":"purchasable","20":"product-type-simple"},"yoast_head":"<!-- This site is optimized with the Yoast SEO plugin v27.3 - https:\/\/yoast.com\/product\/yoast-seo-wordpress\/ -->\n<title>Commercial Dance, beginners (20 sessions), Tuesdays 13.1.\u201326.5. at 18.15\u201319.10, instructed by Effiina Campomanes - Tanssistudio Flama<\/title>\n<meta name=\"description\" content=\"Would you like to dance like a music video star? Join our beginner&#039;s commercial dance course\u2014no previous dance experience needed!\" \/>\n<meta name=\"robots\" content=\"index, follow, max-snippet:-1, max-image-preview:large, max-video-preview:-1\" \/>\n<link rel=\"canonical\" href=\"https:\/\/flama.fi\/en\/product\/commercial-dance-beginners-20-sessions-tuesdays\/\" \/>\n<meta property=\"og:locale\" content=\"en_US\" \/>\n<meta property=\"og:type\" content=\"article\" \/>\n<meta property=\"og:title\" content=\"Commercial Dance, beginners (20 sessions), Tuesdays 13.1.\u201326.5. at 18.15\u201319.10, instructed by Effiina Campomanes - Tanssistudio Flama\" \/>\n<meta property=\"og:description\" content=\"Would you like to dance like a music video star? Join our beginner&#039;s commercial dance course\u2014no previous dance experience needed!\" \/>\n<meta property=\"og:url\" content=\"https:\/\/flama.fi\/en\/product\/commercial-dance-beginners-20-sessions-tuesdays\/\" \/>\n<meta property=\"og:site_name\" content=\"Tanssistudio Flama\" \/>\n<meta property=\"article:modified_time\" content=\"2026-01-05T01:04:36+00:00\" \/>\n<meta property=\"og:image\" content=\"https:\/\/flama.fi\/wp-content\/uploads\/2022\/11\/effiina-jalonen-1080x1080-1.jpg\" \/>\n\t<meta property=\"og:image:width\" content=\"1080\" \/>\n\t<meta property=\"og:image:height\" content=\"1080\" \/>\n\t<meta property=\"og:image:type\" content=\"image\/jpeg\" \/>\n<meta name=\"twitter:card\" content=\"summary_large_image\" \/>\n<meta name=\"twitter:label1\" content=\"Est. reading time\" \/>\n\t<meta name=\"twitter:data1\" content=\"2 minutes\" \/>\n<script type=\"application\/ld+json\" class=\"yoast-schema-graph\">{\"@context\":\"https:\\\/\\\/schema.org\",\"@graph\":[{\"@type\":\"WebPage\",\"@id\":\"https:\\\/\\\/flama.fi\\\/en\\\/product\\\/commercial-dance-beginners-20-sessions-tuesdays\\\/\",\"url\":\"https:\\\/\\\/flama.fi\\\/en\\\/product\\\/commercial-dance-beginners-20-sessions-tuesdays\\\/\",\"name\":\"Commercial Dance, beginners (20 sessions), Tuesdays 13.1.\u201326.5. at 18.15\u201319.10, instructed by Effiina Campomanes - Tanssistudio Flama\",\"isPartOf\":{\"@id\":\"https:\\\/\\\/flama.fi\\\/en\\\/#website\"},\"primaryImageOfPage\":{\"@id\":\"https:\\\/\\\/flama.fi\\\/en\\\/product\\\/commercial-dance-beginners-20-sessions-tuesdays\\\/#primaryimage\"},\"image\":{\"@id\":\"https:\\\/\\\/flama.fi\\\/en\\\/product\\\/commercial-dance-beginners-20-sessions-tuesdays\\\/#primaryimage\"},\"thumbnailUrl\":\"https:\\\/\\\/flama.fi\\\/wp-content\\\/uploads\\\/2022\\\/11\\\/effiina-jalonen-1080x1080-1.jpg\",\"datePublished\":\"2025-11-18T09:58:10+00:00\",\"dateModified\":\"2026-01-05T01:04:36+00:00\",\"description\":\"Would you like to dance like a music video star? Join our beginner's commercial dance course\u2014no previous dance experience needed!\",\"breadcrumb\":{\"@id\":\"https:\\\/\\\/flama.fi\\\/en\\\/product\\\/commercial-dance-beginners-20-sessions-tuesdays\\\/#breadcrumb\"},\"inLanguage\":\"en-US\",\"potentialAction\":[{\"@type\":\"ReadAction\",\"target\":[\"https:\\\/\\\/flama.fi\\\/en\\\/product\\\/commercial-dance-beginners-20-sessions-tuesdays\\\/\"]}]},{\"@type\":\"ImageObject\",\"inLanguage\":\"en-US\",\"@id\":\"https:\\\/\\\/flama.fi\\\/en\\\/product\\\/commercial-dance-beginners-20-sessions-tuesdays\\\/#primaryimage\",\"url\":\"https:\\\/\\\/flama.fi\\\/wp-content\\\/uploads\\\/2022\\\/11\\\/effiina-jalonen-1080x1080-1.jpg\",\"contentUrl\":\"https:\\\/\\\/flama.fi\\\/wp-content\\\/uploads\\\/2022\\\/11\\\/effiina-jalonen-1080x1080-1.jpg\",\"width\":1080,\"height\":1080,\"caption\":\"Vaalehiuksinen nainen hymyilee vienosti, hiukset on korkealla ponih\u00e4nn\u00e4ll\u00e4. Kuvassa Effiina Jalonen.\"},{\"@type\":\"BreadcrumbList\",\"@id\":\"https:\\\/\\\/flama.fi\\\/en\\\/product\\\/commercial-dance-beginners-20-sessions-tuesdays\\\/#breadcrumb\",\"itemListElement\":[{\"@type\":\"ListItem\",\"position\":1,\"name\":\"Etusivu\",\"item\":\"https:\\\/\\\/flama.fi\\\/en\\\/\"},{\"@type\":\"ListItem\",\"position\":2,\"name\":\"Shop\",\"item\":\"https:\\\/\\\/flama.fi\\\/en\\\/shop\\\/\"},{\"@type\":\"ListItem\",\"position\":3,\"name\":\"Commercial Dance, beginners (20 sessions), Tuesdays 13.1.\u201326.5. at 18.15\u201319.10, instructed by Effiina Campomanes\"}]},{\"@type\":\"WebSite\",\"@id\":\"https:\\\/\\\/flama.fi\\\/en\\\/#website\",\"url\":\"https:\\\/\\\/flama.fi\\\/en\\\/\",\"name\":\"Tanssistudio Flama\",\"description\":\"Turkulainen Tanssistudio\",\"publisher\":{\"@id\":\"https:\\\/\\\/flama.fi\\\/en\\\/#organization\"},\"potentialAction\":[{\"@type\":\"SearchAction\",\"target\":{\"@type\":\"EntryPoint\",\"urlTemplate\":\"https:\\\/\\\/flama.fi\\\/en\\\/?s={search_term_string}\"},\"query-input\":{\"@type\":\"PropertyValueSpecification\",\"valueRequired\":true,\"valueName\":\"search_term_string\"}}],\"inLanguage\":\"en-US\"},{\"@type\":\"Organization\",\"@id\":\"https:\\\/\\\/flama.fi\\\/en\\\/#organization\",\"name\":\"Tanssistudio Flama\",\"url\":\"https:\\\/\\\/flama.fi\\\/en\\\/\",\"logo\":{\"@type\":\"ImageObject\",\"inLanguage\":\"en-US\",\"@id\":\"https:\\\/\\\/flama.fi\\\/en\\\/#\\\/schema\\\/logo\\\/image\\\/\",\"url\":\"https:\\\/\\\/flama.fi\\\/wp-content\\\/uploads\\\/2022\\\/07\\\/Flama-logo.png\",\"contentUrl\":\"https:\\\/\\\/flama.fi\\\/wp-content\\\/uploads\\\/2022\\\/07\\\/Flama-logo.png\",\"width\":1240,\"height\":620,\"caption\":\"Tanssistudio Flama\"},\"image\":{\"@id\":\"https:\\\/\\\/flama.fi\\\/en\\\/#\\\/schema\\\/logo\\\/image\\\/\"}}]}<\/script>\n<!-- \/ Yoast SEO plugin. -->","yoast_head_json":{"title":"Commercial Dance, beginners (20 sessions), Tuesdays 13.1.\u201326.5. at 18.15\u201319.10, instructed by Effiina Campomanes - Tanssistudio Flama","description":"Would you like to dance like a music video star? Join our beginner's commercial dance course\u2014no previous dance experience needed!","robots":{"index":"index","follow":"follow","max-snippet":"max-snippet:-1","max-image-preview":"max-image-preview:large","max-video-preview":"max-video-preview:-1"},"canonical":"https:\/\/flama.fi\/en\/product\/commercial-dance-beginners-20-sessions-tuesdays\/","og_locale":"en_US","og_type":"article","og_title":"Commercial Dance, beginners (20 sessions), Tuesdays 13.1.\u201326.5. at 18.15\u201319.10, instructed by Effiina Campomanes - Tanssistudio Flama","og_description":"Would you like to dance like a music video star? Join our beginner's commercial dance course\u2014no previous dance experience needed!","og_url":"https:\/\/flama.fi\/en\/product\/commercial-dance-beginners-20-sessions-tuesdays\/","og_site_name":"Tanssistudio Flama","article_modified_time":"2026-01-05T01:04:36+00:00","og_image":[{"width":1080,"height":1080,"url":"https:\/\/flama.fi\/wp-content\/uploads\/2022\/11\/effiina-jalonen-1080x1080-1.jpg","type":"image\/jpeg"}],"twitter_card":"summary_large_image","twitter_misc":{"Est. reading time":"2 minutes"},"schema":{"@context":"https:\/\/schema.org","@graph":[{"@type":"WebPage","@id":"https:\/\/flama.fi\/en\/product\/commercial-dance-beginners-20-sessions-tuesdays\/","url":"https:\/\/flama.fi\/en\/product\/commercial-dance-beginners-20-sessions-tuesdays\/","name":"Commercial Dance, beginners (20 sessions), Tuesdays 13.1.\u201326.5. at 18.15\u201319.10, instructed by Effiina Campomanes - Tanssistudio Flama","isPartOf":{"@id":"https:\/\/flama.fi\/en\/#website"},"primaryImageOfPage":{"@id":"https:\/\/flama.fi\/en\/product\/commercial-dance-beginners-20-sessions-tuesdays\/#primaryimage"},"image":{"@id":"https:\/\/flama.fi\/en\/product\/commercial-dance-beginners-20-sessions-tuesdays\/#primaryimage"},"thumbnailUrl":"https:\/\/flama.fi\/wp-content\/uploads\/2022\/11\/effiina-jalonen-1080x1080-1.jpg","datePublished":"2025-11-18T09:58:10+00:00","dateModified":"2026-01-05T01:04:36+00:00","description":"Would you like to dance like a music video star? Join our beginner's commercial dance course\u2014no previous dance experience needed!","breadcrumb":{"@id":"https:\/\/flama.fi\/en\/product\/commercial-dance-beginners-20-sessions-tuesdays\/#breadcrumb"},"inLanguage":"en-US","potentialAction":[{"@type":"ReadAction","target":["https:\/\/flama.fi\/en\/product\/commercial-dance-beginners-20-sessions-tuesdays\/"]}]},{"@type":"ImageObject","inLanguage":"en-US","@id":"https:\/\/flama.fi\/en\/product\/commercial-dance-beginners-20-sessions-tuesdays\/#primaryimage","url":"https:\/\/flama.fi\/wp-content\/uploads\/2022\/11\/effiina-jalonen-1080x1080-1.jpg","contentUrl":"https:\/\/flama.fi\/wp-content\/uploads\/2022\/11\/effiina-jalonen-1080x1080-1.jpg","width":1080,"height":1080,"caption":"Vaalehiuksinen nainen hymyilee vienosti, hiukset on korkealla ponih\u00e4nn\u00e4ll\u00e4. Kuvassa Effiina Jalonen."},{"@type":"BreadcrumbList","@id":"https:\/\/flama.fi\/en\/product\/commercial-dance-beginners-20-sessions-tuesdays\/#breadcrumb","itemListElement":[{"@type":"ListItem","position":1,"name":"Etusivu","item":"https:\/\/flama.fi\/en\/"},{"@type":"ListItem","position":2,"name":"Shop","item":"https:\/\/flama.fi\/en\/shop\/"},{"@type":"ListItem","position":3,"name":"Commercial Dance, beginners (20 sessions), Tuesdays 13.1.\u201326.5. at 18.15\u201319.10, instructed by Effiina Campomanes"}]},{"@type":"WebSite","@id":"https:\/\/flama.fi\/en\/#website","url":"https:\/\/flama.fi\/en\/","name":"Tanssistudio Flama","description":"Turkulainen Tanssistudio","publisher":{"@id":"https:\/\/flama.fi\/en\/#organization"},"potentialAction":[{"@type":"SearchAction","target":{"@type":"EntryPoint","urlTemplate":"https:\/\/flama.fi\/en\/?s={search_term_string}"},"query-input":{"@type":"PropertyValueSpecification","valueRequired":true,"valueName":"search_term_string"}}],"inLanguage":"en-US"},{"@type":"Organization","@id":"https:\/\/flama.fi\/en\/#organization","name":"Tanssistudio Flama","url":"https:\/\/flama.fi\/en\/","logo":{"@type":"ImageObject","inLanguage":"en-US","@id":"https:\/\/flama.fi\/en\/#\/schema\/logo\/image\/","url":"https:\/\/flama.fi\/wp-content\/uploads\/2022\/07\/Flama-logo.png","contentUrl":"https:\/\/flama.fi\/wp-content\/uploads\/2022\/07\/Flama-logo.png","width":1240,"height":620,"caption":"Tanssistudio Flama"},"image":{"@id":"https:\/\/flama.fi\/en\/#\/schema\/logo\/image\/"}}]}},"_links":{"self":[{"href":"https:\/\/flama.fi\/en\/wp-json\/wp\/v2\/product\/90597","targetHints":{"allow":["GET"]}}],"collection":[{"href":"https:\/\/flama.fi\/en\/wp-json\/wp\/v2\/product"}],"about":[{"href":"https:\/\/flama.fi\/en\/wp-json\/wp\/v2\/types\/product"}],"version-history":[{"count":0,"href":"https:\/\/flama.fi\/en\/wp-json\/wp\/v2\/product\/90597\/revisions"}],"wp:featuredmedia":[{"embeddable":true,"href":"https:\/\/flama.fi\/en\/wp-json\/wp\/v2\/media\/48851"}],"wp:attachment":[{"href":"https:\/\/flama.fi\/en\/wp-json\/wp\/v2\/media?parent=90597"}],"wp:term":[{"taxonomy":"product_brand","embeddable":true,"href":"https:\/\/flama.fi\/en\/wp-json\/wp\/v2\/product_brand?post=90597"},{"taxonomy":"product_cat","embeddable":true,"href":"https:\/\/flama.fi\/en\/wp-json\/wp\/v2\/product_cat?post=90597"},{"taxonomy":"product_tag","embeddable":true,"href":"https:\/\/flama.fi\/en\/wp-json\/wp\/v2\/product_tag?post=90597"}],"curies":[{"name":"wp","href":"https:\/\/api.w.org\/{rel}","templated":true}]}}