{"id":90562,"date":"2025-11-18T11:59:33","date_gmt":"2025-11-18T09:59:33","guid":{"rendered":"https:\/\/flama.fi\/tuote\/couple-salsa-beginners-monday-anna-ketopaikka\/"},"modified":"2026-01-05T03:04:59","modified_gmt":"2026-01-05T01:04:59","slug":"couple-salsa-beginners-monday-anna-ketopaikka","status":"publish","type":"product","link":"https:\/\/flama.fi\/en\/product\/couple-salsa-beginners-monday-anna-ketopaikka\/","title":{"rendered":"Couple Salsa, beginners (19 sessions), Mondays 12.1.\u201325.5. at 20.15\u201321.10, instructed by Anna Ketopaikka"},"content":{"rendered":"<h3>What if I can&#8217;t participate every week?<\/h3>\n<p>Absences from classes can be made up during the same term in any other class or drop-in session. This way, no dance session will be wasted! <a href=\"https:\/\/flama.fi\/en\/info\/faq\/\">Read more.<\/a> <\/p>\n<h3>What should I bring with me?<\/h3>\n<p>Wear comfortable clothing that allows you to move freely and feel good.<\/p>\n<p> You can dance in indoor sneakers, dance shoes, or socks. Also take a water bottle with you and remember to drink enough after class.<\/p>\n<h3>Couple Salsa<\/h3>\n<p>Flama&#8217;s couple salsa classes are all Cuban style. Cuban couple salsa is an energetic and joyful social dance. In the classes, you will learn the rhythms, steps, body movements, and styling of salsa, as well as the typical patterns used in Cuban salsa.  <\/p>\n<p>Cuban salsa is a social dance, which means that it is danced freely with different partners without any prearranged choreography. The classes teach the skills of leading and following, which is how dancers communicate through movement: the leader guides the dance with small body movements and hand signals, and the follower responds to them naturally. This allows for improvisation, living in the moment, and dancing with anyone\u2014even if you&#8217;ve never practiced together before.  <\/p>\n<p>Cuban salsa is based in particularly on Cuban son: a music and dance style from the early 20th century that combines African rhythms (e.g., clave, call and response structure, percussion instruments) and Spanish melodic influences (e.g., guitars, singing). Cuban salsa is a rich mix of music and movement, with influences from Cuban rumba, mambo, cha-cha-ch\u00e1, and other Cuban and Afro-Cuban rhythms and dances. <\/p>\n<h3>Anna Ketopaikka<\/h3>\n<p>Dance captured Anna&#8217;s heart at an early age: she started dancing at the age of 5 in Ballet classes at the Tampere Ballet Institute. Over the years, she continued to study dance, including Jazz and Show Dance. Since 2010, Anna has focused intensively on Cuban dances. She trained as a salsa instructor with Cuban Ram\u00f3n Silverio and she has been teaching since 2014.<\/p>\n<p>&#8220;I founded Flama out of a burning passion for dance and movement. Dance has brought so much energy, strength, presence and dear friends to my life and I want to be able to share this pleasure to others as well. In my classes, I want to inspire people above all to find strength and joy in everyday life through dance.&#8221;<\/p>\n<p>At Flama, Anna teaches Cuban Salsa (solo and couple salsa) and other Cuban dances, such as son and rumba, as well as bachata and reggaeton.<\/p>\n<p>More information about the course:<a href=\"mailto:info@flama.fi\"> info@flama.fi<\/a><\/p>\n","protected":false},"excerpt":{"rendered":"<p>Would you like to learn how to dance fun Cuban salsa? In the beginner&#8217;s course, you will learn the basic steps, rhythms, and most common basic patterns of Cuban salsa, also known as casino, as well as leading and following techniques \u2013 and above all, you will fall in love with this wonderful dance! <\/p>\n<p>This course is suitable for beginners. You can join without any previous dance experience.<\/p>\n<p>You can sign up alone or with a partner. During the lessons, partners are changed in a circle. If you wish, you can also dance only with your own partner. <\/p>\n<p>Anyone can participate in all Flama\u00b4s partner classes as a leader or follower, regardless of gender identity.<\/p>\n<p><b>Time<\/b>: Mondays 12.1.\u201325.5. at 20:15\u201321:10<br \/>\n<b>Place<\/b>: Flama Linnankatu (Linnankatu 84, Turku)<br \/>\n<b>Level<\/b>: beginners<br \/>\n<b>Teacher<\/b>: <a href=\"https:\/\/flama.fi\/en\/instructors\/anna-ketopaikka\/\">Anna Ketopaikka<\/a><\/p>\n<p>Kurssimaksu sis\u00e4lt\u00e4\u00e4 19 \u00d7 55 min opetuskertaa. Ei tuntia p\u00e4\u00e4si\u00e4ismaanantaina 6.4. <\/p>\n<p>If you are purchasing a course for two people, please add the name, email address, and phone number of the second participant in the &#8220;Order comments&#8221; field so that we can add them to the course as well.<\/p>\n<p><b>Reserve your place in time<\/b> and take advantage of the early bird price<br \/>\nBy registering for the course by Sunday 4.1.2026, you will receive the course at a discounted price.<\/p>\n<p>If you would like to pay part of the course fee with a tyky benefit (e.g., Smartum, Edenred, ePassi), please register by sending an email to: info@flama.fi.<\/p>\n<p>Thinking about taking more than one course? With the Flaman <a href=\"https:\/\/flama.fi\/en\/product\/anytime-spring-2026\/\"><b>Anytime card<\/b>,<\/a> you can dance as much as you want throughout the spring season. If you already have an Anytime card, sign up for courses by sending us an email to<a href=\"mailto:info@flama.fi\"> info@flama.fi.<\/a> <\/p>\n","protected":false},"featured_media":48853,"template":"","meta":{"inline_featured_image":false},"product_brand":[],"product_cat":[3851],"product_tag":[2127,1241,3286,799,1076,4077,2695,4269,838],"class_list":{"0":"post-90562","1":"product","2":"type-product","3":"status-publish","4":"has-post-thumbnail","6":"product_cat-spring-courses","7":"product_tag-anna-ketopaikka-en-3","8":"product_tag-beginners","9":"product_tag-couple-dances","10":"product_tag-couple-salsa","11":"product_tag-couple-salsa-for-beginners","12":"product_tag-courses","13":"product_tag-flama-linnankatu-en","14":"product_tag-spring-2026","15":"product_tag-tanssistudio-flama-en","17":"first","18":"instock","19":"taxable","20":"shipping-taxable","21":"purchasable","22":"product-type-variable"},"yoast_head":"<!-- This site is optimized with the Yoast SEO plugin v27.3 - https:\/\/yoast.com\/product\/yoast-seo-wordpress\/ -->\n<title>Couple Salsa, beginners (19 sessions), Mondays 12.1.\u201325.5. at 20.15\u201321.10, instructed by Anna Ketopaikka - Tanssistudio Flama<\/title>\n<meta name=\"description\" content=\"Would you like to learn how to dance the fun Cuban salsa? Flama&#039;s beginner&#039;s course will introduce you to the basics of the dance and help you start a new hobby.\" \/>\n<meta name=\"robots\" content=\"index, follow, max-snippet:-1, max-image-preview:large, max-video-preview:-1\" \/>\n<link rel=\"canonical\" href=\"https:\/\/flama.fi\/en\/product\/couple-salsa-beginners-monday-anna-ketopaikka\/\" \/>\n<meta property=\"og:locale\" content=\"en_US\" \/>\n<meta property=\"og:type\" content=\"article\" \/>\n<meta property=\"og:title\" content=\"Couple Salsa, beginners (19 sessions), Mondays 12.1.\u201325.5. at 20.15\u201321.10, instructed by Anna Ketopaikka - Tanssistudio Flama\" \/>\n<meta property=\"og:description\" content=\"Would you like to learn how to dance the fun Cuban salsa? Flama&#039;s beginner&#039;s course will introduce you to the basics of the dance and help you start a new hobby.\" \/>\n<meta property=\"og:url\" content=\"https:\/\/flama.fi\/en\/product\/couple-salsa-beginners-monday-anna-ketopaikka\/\" \/>\n<meta property=\"og:site_name\" content=\"Tanssistudio Flama\" \/>\n<meta property=\"article:modified_time\" content=\"2026-01-05T01:04:59+00:00\" \/>\n<meta property=\"og:image\" content=\"https:\/\/flama.fi\/wp-content\/uploads\/2022\/11\/anna-ketopaikka-1080x1080-1.jpg\" \/>\n\t<meta property=\"og:image:width\" content=\"1080\" \/>\n\t<meta property=\"og:image:height\" content=\"1080\" \/>\n\t<meta property=\"og:image:type\" content=\"image\/jpeg\" \/>\n<meta name=\"twitter:card\" content=\"summary_large_image\" \/>\n<meta name=\"twitter:label1\" content=\"Est. reading time\" \/>\n\t<meta name=\"twitter:data1\" content=\"2 minutes\" \/>\n<script type=\"application\/ld+json\" class=\"yoast-schema-graph\">{\"@context\":\"https:\\\/\\\/schema.org\",\"@graph\":[{\"@type\":\"WebPage\",\"@id\":\"https:\\\/\\\/flama.fi\\\/en\\\/product\\\/couple-salsa-beginners-monday-anna-ketopaikka\\\/\",\"url\":\"https:\\\/\\\/flama.fi\\\/en\\\/product\\\/couple-salsa-beginners-monday-anna-ketopaikka\\\/\",\"name\":\"Couple Salsa, beginners (19 sessions), Mondays 12.1.\u201325.5. at 20.15\u201321.10, instructed by Anna Ketopaikka - Tanssistudio Flama\",\"isPartOf\":{\"@id\":\"https:\\\/\\\/flama.fi\\\/en\\\/#website\"},\"primaryImageOfPage\":{\"@id\":\"https:\\\/\\\/flama.fi\\\/en\\\/product\\\/couple-salsa-beginners-monday-anna-ketopaikka\\\/#primaryimage\"},\"image\":{\"@id\":\"https:\\\/\\\/flama.fi\\\/en\\\/product\\\/couple-salsa-beginners-monday-anna-ketopaikka\\\/#primaryimage\"},\"thumbnailUrl\":\"https:\\\/\\\/flama.fi\\\/wp-content\\\/uploads\\\/2022\\\/11\\\/anna-ketopaikka-1080x1080-1.jpg\",\"datePublished\":\"2025-11-18T09:59:33+00:00\",\"dateModified\":\"2026-01-05T01:04:59+00:00\",\"description\":\"Would you like to learn how to dance the fun Cuban salsa? Flama's beginner's course will introduce you to the basics of the dance and help you start a new hobby.\",\"breadcrumb\":{\"@id\":\"https:\\\/\\\/flama.fi\\\/en\\\/product\\\/couple-salsa-beginners-monday-anna-ketopaikka\\\/#breadcrumb\"},\"inLanguage\":\"en-US\",\"potentialAction\":[{\"@type\":\"ReadAction\",\"target\":[\"https:\\\/\\\/flama.fi\\\/en\\\/product\\\/couple-salsa-beginners-monday-anna-ketopaikka\\\/\"]}]},{\"@type\":\"ImageObject\",\"inLanguage\":\"en-US\",\"@id\":\"https:\\\/\\\/flama.fi\\\/en\\\/product\\\/couple-salsa-beginners-monday-anna-ketopaikka\\\/#primaryimage\",\"url\":\"https:\\\/\\\/flama.fi\\\/wp-content\\\/uploads\\\/2022\\\/11\\\/anna-ketopaikka-1080x1080-1.jpg\",\"contentUrl\":\"https:\\\/\\\/flama.fi\\\/wp-content\\\/uploads\\\/2022\\\/11\\\/anna-ketopaikka-1080x1080-1.jpg\",\"width\":1080,\"height\":1080,\"caption\":\"Ruskeahiuksinen nainen hymyilee kameralle ja poseeraa tummissa vaatteissa, k\u00e4si lantiolla. Kuvassa on Anna Ketopaikka.\"},{\"@type\":\"BreadcrumbList\",\"@id\":\"https:\\\/\\\/flama.fi\\\/en\\\/product\\\/couple-salsa-beginners-monday-anna-ketopaikka\\\/#breadcrumb\",\"itemListElement\":[{\"@type\":\"ListItem\",\"position\":1,\"name\":\"Etusivu\",\"item\":\"https:\\\/\\\/flama.fi\\\/en\\\/\"},{\"@type\":\"ListItem\",\"position\":2,\"name\":\"Shop\",\"item\":\"https:\\\/\\\/flama.fi\\\/en\\\/shop\\\/\"},{\"@type\":\"ListItem\",\"position\":3,\"name\":\"Couple Salsa, beginners (19 sessions), Mondays 12.1.\u201325.5. at 20.15\u201321.10, instructed by Anna Ketopaikka\"}]},{\"@type\":\"WebSite\",\"@id\":\"https:\\\/\\\/flama.fi\\\/en\\\/#website\",\"url\":\"https:\\\/\\\/flama.fi\\\/en\\\/\",\"name\":\"Tanssistudio Flama\",\"description\":\"Turkulainen Tanssistudio\",\"publisher\":{\"@id\":\"https:\\\/\\\/flama.fi\\\/en\\\/#organization\"},\"potentialAction\":[{\"@type\":\"SearchAction\",\"target\":{\"@type\":\"EntryPoint\",\"urlTemplate\":\"https:\\\/\\\/flama.fi\\\/en\\\/?s={search_term_string}\"},\"query-input\":{\"@type\":\"PropertyValueSpecification\",\"valueRequired\":true,\"valueName\":\"search_term_string\"}}],\"inLanguage\":\"en-US\"},{\"@type\":\"Organization\",\"@id\":\"https:\\\/\\\/flama.fi\\\/en\\\/#organization\",\"name\":\"Tanssistudio Flama\",\"url\":\"https:\\\/\\\/flama.fi\\\/en\\\/\",\"logo\":{\"@type\":\"ImageObject\",\"inLanguage\":\"en-US\",\"@id\":\"https:\\\/\\\/flama.fi\\\/en\\\/#\\\/schema\\\/logo\\\/image\\\/\",\"url\":\"https:\\\/\\\/flama.fi\\\/wp-content\\\/uploads\\\/2022\\\/07\\\/Flama-logo.png\",\"contentUrl\":\"https:\\\/\\\/flama.fi\\\/wp-content\\\/uploads\\\/2022\\\/07\\\/Flama-logo.png\",\"width\":1240,\"height\":620,\"caption\":\"Tanssistudio Flama\"},\"image\":{\"@id\":\"https:\\\/\\\/flama.fi\\\/en\\\/#\\\/schema\\\/logo\\\/image\\\/\"}}]}<\/script>\n<!-- \/ Yoast SEO plugin. -->","yoast_head_json":{"title":"Couple Salsa, beginners (19 sessions), Mondays 12.1.\u201325.5. at 20.15\u201321.10, instructed by Anna Ketopaikka - Tanssistudio Flama","description":"Would you like to learn how to dance the fun Cuban salsa? Flama's beginner's course will introduce you to the basics of the dance and help you start a new hobby.","robots":{"index":"index","follow":"follow","max-snippet":"max-snippet:-1","max-image-preview":"max-image-preview:large","max-video-preview":"max-video-preview:-1"},"canonical":"https:\/\/flama.fi\/en\/product\/couple-salsa-beginners-monday-anna-ketopaikka\/","og_locale":"en_US","og_type":"article","og_title":"Couple Salsa, beginners (19 sessions), Mondays 12.1.\u201325.5. at 20.15\u201321.10, instructed by Anna Ketopaikka - Tanssistudio Flama","og_description":"Would you like to learn how to dance the fun Cuban salsa? Flama's beginner's course will introduce you to the basics of the dance and help you start a new hobby.","og_url":"https:\/\/flama.fi\/en\/product\/couple-salsa-beginners-monday-anna-ketopaikka\/","og_site_name":"Tanssistudio Flama","article_modified_time":"2026-01-05T01:04:59+00:00","og_image":[{"width":1080,"height":1080,"url":"https:\/\/flama.fi\/wp-content\/uploads\/2022\/11\/anna-ketopaikka-1080x1080-1.jpg","type":"image\/jpeg"}],"twitter_card":"summary_large_image","twitter_misc":{"Est. reading time":"2 minutes"},"schema":{"@context":"https:\/\/schema.org","@graph":[{"@type":"WebPage","@id":"https:\/\/flama.fi\/en\/product\/couple-salsa-beginners-monday-anna-ketopaikka\/","url":"https:\/\/flama.fi\/en\/product\/couple-salsa-beginners-monday-anna-ketopaikka\/","name":"Couple Salsa, beginners (19 sessions), Mondays 12.1.\u201325.5. at 20.15\u201321.10, instructed by Anna Ketopaikka - Tanssistudio Flama","isPartOf":{"@id":"https:\/\/flama.fi\/en\/#website"},"primaryImageOfPage":{"@id":"https:\/\/flama.fi\/en\/product\/couple-salsa-beginners-monday-anna-ketopaikka\/#primaryimage"},"image":{"@id":"https:\/\/flama.fi\/en\/product\/couple-salsa-beginners-monday-anna-ketopaikka\/#primaryimage"},"thumbnailUrl":"https:\/\/flama.fi\/wp-content\/uploads\/2022\/11\/anna-ketopaikka-1080x1080-1.jpg","datePublished":"2025-11-18T09:59:33+00:00","dateModified":"2026-01-05T01:04:59+00:00","description":"Would you like to learn how to dance the fun Cuban salsa? Flama's beginner's course will introduce you to the basics of the dance and help you start a new hobby.","breadcrumb":{"@id":"https:\/\/flama.fi\/en\/product\/couple-salsa-beginners-monday-anna-ketopaikka\/#breadcrumb"},"inLanguage":"en-US","potentialAction":[{"@type":"ReadAction","target":["https:\/\/flama.fi\/en\/product\/couple-salsa-beginners-monday-anna-ketopaikka\/"]}]},{"@type":"ImageObject","inLanguage":"en-US","@id":"https:\/\/flama.fi\/en\/product\/couple-salsa-beginners-monday-anna-ketopaikka\/#primaryimage","url":"https:\/\/flama.fi\/wp-content\/uploads\/2022\/11\/anna-ketopaikka-1080x1080-1.jpg","contentUrl":"https:\/\/flama.fi\/wp-content\/uploads\/2022\/11\/anna-ketopaikka-1080x1080-1.jpg","width":1080,"height":1080,"caption":"Ruskeahiuksinen nainen hymyilee kameralle ja poseeraa tummissa vaatteissa, k\u00e4si lantiolla. Kuvassa on Anna Ketopaikka."},{"@type":"BreadcrumbList","@id":"https:\/\/flama.fi\/en\/product\/couple-salsa-beginners-monday-anna-ketopaikka\/#breadcrumb","itemListElement":[{"@type":"ListItem","position":1,"name":"Etusivu","item":"https:\/\/flama.fi\/en\/"},{"@type":"ListItem","position":2,"name":"Shop","item":"https:\/\/flama.fi\/en\/shop\/"},{"@type":"ListItem","position":3,"name":"Couple Salsa, beginners (19 sessions), Mondays 12.1.\u201325.5. at 20.15\u201321.10, instructed by Anna Ketopaikka"}]},{"@type":"WebSite","@id":"https:\/\/flama.fi\/en\/#website","url":"https:\/\/flama.fi\/en\/","name":"Tanssistudio Flama","description":"Turkulainen Tanssistudio","publisher":{"@id":"https:\/\/flama.fi\/en\/#organization"},"potentialAction":[{"@type":"SearchAction","target":{"@type":"EntryPoint","urlTemplate":"https:\/\/flama.fi\/en\/?s={search_term_string}"},"query-input":{"@type":"PropertyValueSpecification","valueRequired":true,"valueName":"search_term_string"}}],"inLanguage":"en-US"},{"@type":"Organization","@id":"https:\/\/flama.fi\/en\/#organization","name":"Tanssistudio Flama","url":"https:\/\/flama.fi\/en\/","logo":{"@type":"ImageObject","inLanguage":"en-US","@id":"https:\/\/flama.fi\/en\/#\/schema\/logo\/image\/","url":"https:\/\/flama.fi\/wp-content\/uploads\/2022\/07\/Flama-logo.png","contentUrl":"https:\/\/flama.fi\/wp-content\/uploads\/2022\/07\/Flama-logo.png","width":1240,"height":620,"caption":"Tanssistudio Flama"},"image":{"@id":"https:\/\/flama.fi\/en\/#\/schema\/logo\/image\/"}}]}},"_links":{"self":[{"href":"https:\/\/flama.fi\/en\/wp-json\/wp\/v2\/product\/90562","targetHints":{"allow":["GET"]}}],"collection":[{"href":"https:\/\/flama.fi\/en\/wp-json\/wp\/v2\/product"}],"about":[{"href":"https:\/\/flama.fi\/en\/wp-json\/wp\/v2\/types\/product"}],"version-history":[{"count":0,"href":"https:\/\/flama.fi\/en\/wp-json\/wp\/v2\/product\/90562\/revisions"}],"wp:featuredmedia":[{"embeddable":true,"href":"https:\/\/flama.fi\/en\/wp-json\/wp\/v2\/media\/48853"}],"wp:attachment":[{"href":"https:\/\/flama.fi\/en\/wp-json\/wp\/v2\/media?parent=90562"}],"wp:term":[{"taxonomy":"product_brand","embeddable":true,"href":"https:\/\/flama.fi\/en\/wp-json\/wp\/v2\/product_brand?post=90562"},{"taxonomy":"product_cat","embeddable":true,"href":"https:\/\/flama.fi\/en\/wp-json\/wp\/v2\/product_cat?post=90562"},{"taxonomy":"product_tag","embeddable":true,"href":"https:\/\/flama.fi\/en\/wp-json\/wp\/v2\/product_tag?post=90562"}],"curies":[{"name":"wp","href":"https:\/\/api.w.org\/{rel}","templated":true}]}}