{"id":89665,"date":"2025-11-18T11:59:31","date_gmt":"2025-11-18T09:59:31","guid":{"rendered":"https:\/\/flama.fi\/tuote\/parisalsa-taso-4-anna-ketopaikka\/"},"modified":"2026-01-05T03:04:59","modified_gmt":"2026-01-05T01:04:59","slug":"parisalsa-taso-4-anna-ketopaikka","status":"publish","type":"product","link":"https:\/\/flama.fi\/en\/product\/parisalsa-taso-4-anna-ketopaikka\/","title":{"rendered":"Couple Salsa, level 4 (19 sessions), Mondays 12.1.\u201325.5. at 18.15\u201319.10, instructed by Anna Ketopaikka"},"content":{"rendered":"<h3>What if I can&#8217;t participate every week?<\/h3>\n<p>Absences from classes can be made up during the same term in any other class or drop-in session. This way, no dance session will be wasted! <a href=\"https:\/\/flama.fi\/en\/info\/faq\/\">Read more.<\/a><\/p>\n<h3>What should I bring with me?<\/h3>\n<p>For the class, it is recommended to wear clothes that are comfortable to move around in. You can dance with indoor sneakers, dance shoes, or socks. Also take a water bottle with you and remember to drink enough after class.<\/p>\n<h3>Level 4 (2,5+ years)<\/h3>\n<p>This level is suitable for those who have danced couple salsa for several years. At this level, we deepen, vary, refine and practice figures that have already become familiar in previous levels. In addition, you learn new figures and body movements. At this level, the focus is more on music interpretation, styling and how to create a shared musical experience from dance.<\/p>\n<h3>Anna Ketopaikka<\/h3>\n<p>Dance captured Anna&#8217;s heart at an early age: she started dancing at the age of 5 in Ballet classes at the Tampere Ballet Institute. Over the years, she continued to study dance, including Jazz and Show Dance. Since 2010, Anna has focused intensively on Cuban dances. She trained as a salsa instructor with Cuban Ram\u00f3n Silverio and she has been teaching since 2014.<\/p>\n<p>&#8220;I founded Flama out of a burning passion for dance and movement. Dance has brought so much energy, strength, presence and dear friends to my life and I want to be able to share this pleasure to others as well. In my classes, I want to inspire people above all to find strength and joy in everyday life through dance.&#8221;<\/p>\n<p>At Flama, Anna teaches Cuban Salsa (solo and couple salsa) and other Cuban dances, such as son and rumba, as well as bachata and reggaeton.<\/p>\n<p>More information about the course:<a href=\"mailto:info@flama.fi\"> info@flama.fi<\/a><\/p>\n","protected":false},"excerpt":{"rendered":"<p><em>Attention! Unfortunately, the spots for the followers without their own dance partner have already been taken. <strong data-renderer-mark=\"true\">There are currently only places for leaders and pairs.<\/strong> To be informed about possible changes, please contact us by email:<a class=\"_mizu194a _1ah3dkaa _ra3xnqa1 _128mdkaa _1cvmnqa1 _4davt94y _4bfu1r31 _1hms8stv _ajmmnqa1 _vchhusvi _kqswh2mm _syaz14q2 _ect41gqc _1a3b1r31 _4fpr8stv _5goinqa1 _f8pj14q2 _9oik1r31 _1bnxglyw _jf4cnqa1 _30l314q2 _1nrm1r31 _c2waglyw _1iohnqa1 _9h8h16c2 _1053w7te _1ienw7te _n0fxw7te _1vhvg3x0\" title=\"mailto:info@flama.fi\" href=\"mailto:info@flama.fi\" data-renderer-mark=\"true\" data-is-router-link=\"false\" data-testid=\"link-with-safety\"> info@flama.fi<\/a>.<\/em><\/p>\n<p>In this advanced course, we deepen our knowledge of music interpretation, body movements, figures and the technique of leading and following in Cuban Couple Salsa.<\/p>\n<p>The course is suitable for those who have been dancing Cuban salsa weekly for several years.<\/p>\n<p>You can sign up either alone or with your own partner. During the lessons, partners are changed in a circle. If you wish, you can also dance only with your own partner.<\/p>\n<p>Anyone can participate in all Flama\u00b4s partner classes as a leader or follower, regardless of gender identity.<\/p>\n<p><b>Time<\/b>: Mondays 12.1.\u201325.5. at 18:15\u201319:10<br \/>\n<b>Place<\/b>: Flama Linnankatu (Linnankatu 84, Turku)<br \/>\nLevel:<br \/>\n<b>Teacher<\/b>: <a href=\"https:\/\/flama.fi\/en\/instructors\/anna-ketopaikka\/\">Anna Ketopaikka<\/a><\/p>\n<p>Kurssimaksu sis\u00e4lt\u00e4\u00e4 19 \u00d7 55 min opetuskertaa. Ei tuntia p\u00e4\u00e4si\u00e4ismaanantaina 6.4.<\/p>\n<p>If you are purchasing a course for two people, please add the name, email address, and phone number of the second participant in the &#8220;Order comments&#8221; field so that we can add them to the course as well.<\/p>\n<p><b>Reserve your place in time<\/b> and take advantage of the early bird price<br \/>\nBy registering for the course by Sunday 4.1.2026, you will receive the course at a discounted price.<\/p>\n<p>If you would like to pay part of the course fee with a tyky benefit (e.g., Smartum, Edenred, ePassi), please register by sending an email to: info@flama.fi.<\/p>\n<p>Thinking about taking more than one course? With the Flaman <a href=\"https:\/\/flama.fi\/en\/product\/anytime-spring-2026\/\"><b>Anytime card<\/b>,<\/a> you can dance as much as you want throughout the spring season. If you already have an Anytime card, sign up for courses by sending us an email to<a href=\"mailto:info@flama.fi\"> info@flama.fi.<\/a><\/p>\n","protected":false},"featured_media":48853,"template":"","meta":{"inline_featured_image":false},"product_brand":[],"product_cat":[3851],"product_tag":[2127,3286,799,4077,2695,4269,838,2408],"class_list":{"0":"post-89665","1":"product","2":"type-product","3":"status-publish","4":"has-post-thumbnail","6":"product_cat-spring-courses","7":"product_tag-anna-ketopaikka-en-3","8":"product_tag-couple-dances","9":"product_tag-couple-salsa","10":"product_tag-courses","11":"product_tag-flama-linnankatu-en","12":"product_tag-spring-2026","13":"product_tag-tanssistudio-flama-en","14":"product_tag-taso-4-en","16":"first","17":"instock","18":"taxable","19":"shipping-taxable","20":"purchasable","21":"product-type-variable"},"yoast_head":"<!-- This site is optimized with the Yoast SEO plugin v27.3 - https:\/\/yoast.com\/product\/yoast-seo-wordpress\/ -->\n<title>Couple Salsa, level 4 (19 sessions), Mondays 12.1.\u201325.5. at 18.15\u201319.10, instructed by Anna Ketopaikka - Tanssistudio Flama<\/title>\n<meta name=\"description\" content=\"In this advanced course, we deepen our knowledge of music interpretation, body movements, figures and the technique of leading and following in Cuban Couple Salsa.\" \/>\n<meta name=\"robots\" content=\"index, follow, max-snippet:-1, max-image-preview:large, max-video-preview:-1\" \/>\n<link rel=\"canonical\" href=\"https:\/\/flama.fi\/en\/product\/parisalsa-taso-4-anna-ketopaikka\/\" \/>\n<meta property=\"og:locale\" content=\"en_US\" \/>\n<meta property=\"og:type\" content=\"article\" \/>\n<meta property=\"og:title\" content=\"Couple Salsa, level 4 (19 sessions), Mondays 12.1.\u201325.5. at 18.15\u201319.10, instructed by Anna Ketopaikka - Tanssistudio Flama\" \/>\n<meta property=\"og:description\" content=\"In this advanced course, we deepen our knowledge of music interpretation, body movements, figures and the technique of leading and following in Cuban Couple Salsa.\" \/>\n<meta property=\"og:url\" content=\"https:\/\/flama.fi\/en\/product\/parisalsa-taso-4-anna-ketopaikka\/\" \/>\n<meta property=\"og:site_name\" content=\"Tanssistudio Flama\" \/>\n<meta property=\"article:modified_time\" content=\"2026-01-05T01:04:59+00:00\" \/>\n<meta property=\"og:image\" content=\"https:\/\/flama.fi\/wp-content\/uploads\/2022\/11\/anna-ketopaikka-1080x1080-1.jpg\" \/>\n\t<meta property=\"og:image:width\" content=\"1080\" \/>\n\t<meta property=\"og:image:height\" content=\"1080\" \/>\n\t<meta property=\"og:image:type\" content=\"image\/jpeg\" \/>\n<meta name=\"twitter:card\" content=\"summary_large_image\" \/>\n<meta name=\"twitter:label1\" content=\"Est. reading time\" \/>\n\t<meta name=\"twitter:data1\" content=\"3 minutes\" \/>\n<script type=\"application\/ld+json\" class=\"yoast-schema-graph\">{\"@context\":\"https:\\\/\\\/schema.org\",\"@graph\":[{\"@type\":\"WebPage\",\"@id\":\"https:\\\/\\\/flama.fi\\\/en\\\/product\\\/parisalsa-taso-4-anna-ketopaikka\\\/\",\"url\":\"https:\\\/\\\/flama.fi\\\/en\\\/product\\\/parisalsa-taso-4-anna-ketopaikka\\\/\",\"name\":\"Couple Salsa, level 4 (19 sessions), Mondays 12.1.\u201325.5. at 18.15\u201319.10, instructed by Anna Ketopaikka - Tanssistudio Flama\",\"isPartOf\":{\"@id\":\"https:\\\/\\\/flama.fi\\\/en\\\/#website\"},\"primaryImageOfPage\":{\"@id\":\"https:\\\/\\\/flama.fi\\\/en\\\/product\\\/parisalsa-taso-4-anna-ketopaikka\\\/#primaryimage\"},\"image\":{\"@id\":\"https:\\\/\\\/flama.fi\\\/en\\\/product\\\/parisalsa-taso-4-anna-ketopaikka\\\/#primaryimage\"},\"thumbnailUrl\":\"https:\\\/\\\/flama.fi\\\/wp-content\\\/uploads\\\/2022\\\/11\\\/anna-ketopaikka-1080x1080-1.jpg\",\"datePublished\":\"2025-11-18T09:59:31+00:00\",\"dateModified\":\"2026-01-05T01:04:59+00:00\",\"description\":\"In this advanced course, we deepen our knowledge of music interpretation, body movements, figures and the technique of leading and following in Cuban Couple Salsa.\",\"breadcrumb\":{\"@id\":\"https:\\\/\\\/flama.fi\\\/en\\\/product\\\/parisalsa-taso-4-anna-ketopaikka\\\/#breadcrumb\"},\"inLanguage\":\"en-US\",\"potentialAction\":[{\"@type\":\"ReadAction\",\"target\":[\"https:\\\/\\\/flama.fi\\\/en\\\/product\\\/parisalsa-taso-4-anna-ketopaikka\\\/\"]}]},{\"@type\":\"ImageObject\",\"inLanguage\":\"en-US\",\"@id\":\"https:\\\/\\\/flama.fi\\\/en\\\/product\\\/parisalsa-taso-4-anna-ketopaikka\\\/#primaryimage\",\"url\":\"https:\\\/\\\/flama.fi\\\/wp-content\\\/uploads\\\/2022\\\/11\\\/anna-ketopaikka-1080x1080-1.jpg\",\"contentUrl\":\"https:\\\/\\\/flama.fi\\\/wp-content\\\/uploads\\\/2022\\\/11\\\/anna-ketopaikka-1080x1080-1.jpg\",\"width\":1080,\"height\":1080,\"caption\":\"Ruskeahiuksinen nainen hymyilee kameralle ja poseeraa tummissa vaatteissa, k\u00e4si lantiolla. Kuvassa on Anna Ketopaikka.\"},{\"@type\":\"BreadcrumbList\",\"@id\":\"https:\\\/\\\/flama.fi\\\/en\\\/product\\\/parisalsa-taso-4-anna-ketopaikka\\\/#breadcrumb\",\"itemListElement\":[{\"@type\":\"ListItem\",\"position\":1,\"name\":\"Etusivu\",\"item\":\"https:\\\/\\\/flama.fi\\\/en\\\/\"},{\"@type\":\"ListItem\",\"position\":2,\"name\":\"Shop\",\"item\":\"https:\\\/\\\/flama.fi\\\/en\\\/shop\\\/\"},{\"@type\":\"ListItem\",\"position\":3,\"name\":\"Couple Salsa, level 4 (19 sessions), Mondays 12.1.\u201325.5. at 18.15\u201319.10, instructed by Anna Ketopaikka\"}]},{\"@type\":\"WebSite\",\"@id\":\"https:\\\/\\\/flama.fi\\\/en\\\/#website\",\"url\":\"https:\\\/\\\/flama.fi\\\/en\\\/\",\"name\":\"Tanssistudio Flama\",\"description\":\"Turkulainen Tanssistudio\",\"publisher\":{\"@id\":\"https:\\\/\\\/flama.fi\\\/en\\\/#organization\"},\"potentialAction\":[{\"@type\":\"SearchAction\",\"target\":{\"@type\":\"EntryPoint\",\"urlTemplate\":\"https:\\\/\\\/flama.fi\\\/en\\\/?s={search_term_string}\"},\"query-input\":{\"@type\":\"PropertyValueSpecification\",\"valueRequired\":true,\"valueName\":\"search_term_string\"}}],\"inLanguage\":\"en-US\"},{\"@type\":\"Organization\",\"@id\":\"https:\\\/\\\/flama.fi\\\/en\\\/#organization\",\"name\":\"Tanssistudio Flama\",\"url\":\"https:\\\/\\\/flama.fi\\\/en\\\/\",\"logo\":{\"@type\":\"ImageObject\",\"inLanguage\":\"en-US\",\"@id\":\"https:\\\/\\\/flama.fi\\\/en\\\/#\\\/schema\\\/logo\\\/image\\\/\",\"url\":\"https:\\\/\\\/flama.fi\\\/wp-content\\\/uploads\\\/2022\\\/07\\\/Flama-logo.png\",\"contentUrl\":\"https:\\\/\\\/flama.fi\\\/wp-content\\\/uploads\\\/2022\\\/07\\\/Flama-logo.png\",\"width\":1240,\"height\":620,\"caption\":\"Tanssistudio Flama\"},\"image\":{\"@id\":\"https:\\\/\\\/flama.fi\\\/en\\\/#\\\/schema\\\/logo\\\/image\\\/\"}}]}<\/script>\n<!-- \/ Yoast SEO plugin. -->","yoast_head_json":{"title":"Couple Salsa, level 4 (19 sessions), Mondays 12.1.\u201325.5. at 18.15\u201319.10, instructed by Anna Ketopaikka - Tanssistudio Flama","description":"In this advanced course, we deepen our knowledge of music interpretation, body movements, figures and the technique of leading and following in Cuban Couple Salsa.","robots":{"index":"index","follow":"follow","max-snippet":"max-snippet:-1","max-image-preview":"max-image-preview:large","max-video-preview":"max-video-preview:-1"},"canonical":"https:\/\/flama.fi\/en\/product\/parisalsa-taso-4-anna-ketopaikka\/","og_locale":"en_US","og_type":"article","og_title":"Couple Salsa, level 4 (19 sessions), Mondays 12.1.\u201325.5. at 18.15\u201319.10, instructed by Anna Ketopaikka - Tanssistudio Flama","og_description":"In this advanced course, we deepen our knowledge of music interpretation, body movements, figures and the technique of leading and following in Cuban Couple Salsa.","og_url":"https:\/\/flama.fi\/en\/product\/parisalsa-taso-4-anna-ketopaikka\/","og_site_name":"Tanssistudio Flama","article_modified_time":"2026-01-05T01:04:59+00:00","og_image":[{"width":1080,"height":1080,"url":"https:\/\/flama.fi\/wp-content\/uploads\/2022\/11\/anna-ketopaikka-1080x1080-1.jpg","type":"image\/jpeg"}],"twitter_card":"summary_large_image","twitter_misc":{"Est. reading time":"3 minutes"},"schema":{"@context":"https:\/\/schema.org","@graph":[{"@type":"WebPage","@id":"https:\/\/flama.fi\/en\/product\/parisalsa-taso-4-anna-ketopaikka\/","url":"https:\/\/flama.fi\/en\/product\/parisalsa-taso-4-anna-ketopaikka\/","name":"Couple Salsa, level 4 (19 sessions), Mondays 12.1.\u201325.5. at 18.15\u201319.10, instructed by Anna Ketopaikka - Tanssistudio Flama","isPartOf":{"@id":"https:\/\/flama.fi\/en\/#website"},"primaryImageOfPage":{"@id":"https:\/\/flama.fi\/en\/product\/parisalsa-taso-4-anna-ketopaikka\/#primaryimage"},"image":{"@id":"https:\/\/flama.fi\/en\/product\/parisalsa-taso-4-anna-ketopaikka\/#primaryimage"},"thumbnailUrl":"https:\/\/flama.fi\/wp-content\/uploads\/2022\/11\/anna-ketopaikka-1080x1080-1.jpg","datePublished":"2025-11-18T09:59:31+00:00","dateModified":"2026-01-05T01:04:59+00:00","description":"In this advanced course, we deepen our knowledge of music interpretation, body movements, figures and the technique of leading and following in Cuban Couple Salsa.","breadcrumb":{"@id":"https:\/\/flama.fi\/en\/product\/parisalsa-taso-4-anna-ketopaikka\/#breadcrumb"},"inLanguage":"en-US","potentialAction":[{"@type":"ReadAction","target":["https:\/\/flama.fi\/en\/product\/parisalsa-taso-4-anna-ketopaikka\/"]}]},{"@type":"ImageObject","inLanguage":"en-US","@id":"https:\/\/flama.fi\/en\/product\/parisalsa-taso-4-anna-ketopaikka\/#primaryimage","url":"https:\/\/flama.fi\/wp-content\/uploads\/2022\/11\/anna-ketopaikka-1080x1080-1.jpg","contentUrl":"https:\/\/flama.fi\/wp-content\/uploads\/2022\/11\/anna-ketopaikka-1080x1080-1.jpg","width":1080,"height":1080,"caption":"Ruskeahiuksinen nainen hymyilee kameralle ja poseeraa tummissa vaatteissa, k\u00e4si lantiolla. Kuvassa on Anna Ketopaikka."},{"@type":"BreadcrumbList","@id":"https:\/\/flama.fi\/en\/product\/parisalsa-taso-4-anna-ketopaikka\/#breadcrumb","itemListElement":[{"@type":"ListItem","position":1,"name":"Etusivu","item":"https:\/\/flama.fi\/en\/"},{"@type":"ListItem","position":2,"name":"Shop","item":"https:\/\/flama.fi\/en\/shop\/"},{"@type":"ListItem","position":3,"name":"Couple Salsa, level 4 (19 sessions), Mondays 12.1.\u201325.5. at 18.15\u201319.10, instructed by Anna Ketopaikka"}]},{"@type":"WebSite","@id":"https:\/\/flama.fi\/en\/#website","url":"https:\/\/flama.fi\/en\/","name":"Tanssistudio Flama","description":"Turkulainen Tanssistudio","publisher":{"@id":"https:\/\/flama.fi\/en\/#organization"},"potentialAction":[{"@type":"SearchAction","target":{"@type":"EntryPoint","urlTemplate":"https:\/\/flama.fi\/en\/?s={search_term_string}"},"query-input":{"@type":"PropertyValueSpecification","valueRequired":true,"valueName":"search_term_string"}}],"inLanguage":"en-US"},{"@type":"Organization","@id":"https:\/\/flama.fi\/en\/#organization","name":"Tanssistudio Flama","url":"https:\/\/flama.fi\/en\/","logo":{"@type":"ImageObject","inLanguage":"en-US","@id":"https:\/\/flama.fi\/en\/#\/schema\/logo\/image\/","url":"https:\/\/flama.fi\/wp-content\/uploads\/2022\/07\/Flama-logo.png","contentUrl":"https:\/\/flama.fi\/wp-content\/uploads\/2022\/07\/Flama-logo.png","width":1240,"height":620,"caption":"Tanssistudio Flama"},"image":{"@id":"https:\/\/flama.fi\/en\/#\/schema\/logo\/image\/"}}]}},"_links":{"self":[{"href":"https:\/\/flama.fi\/en\/wp-json\/wp\/v2\/product\/89665","targetHints":{"allow":["GET"]}}],"collection":[{"href":"https:\/\/flama.fi\/en\/wp-json\/wp\/v2\/product"}],"about":[{"href":"https:\/\/flama.fi\/en\/wp-json\/wp\/v2\/types\/product"}],"version-history":[{"count":2,"href":"https:\/\/flama.fi\/en\/wp-json\/wp\/v2\/product\/89665\/revisions"}],"predecessor-version":[{"id":89672,"href":"https:\/\/flama.fi\/en\/wp-json\/wp\/v2\/product\/89665\/revisions\/89672"}],"wp:featuredmedia":[{"embeddable":true,"href":"https:\/\/flama.fi\/en\/wp-json\/wp\/v2\/media\/48853"}],"wp:attachment":[{"href":"https:\/\/flama.fi\/en\/wp-json\/wp\/v2\/media?parent=89665"}],"wp:term":[{"taxonomy":"product_brand","embeddable":true,"href":"https:\/\/flama.fi\/en\/wp-json\/wp\/v2\/product_brand?post=89665"},{"taxonomy":"product_cat","embeddable":true,"href":"https:\/\/flama.fi\/en\/wp-json\/wp\/v2\/product_cat?post=89665"},{"taxonomy":"product_tag","embeddable":true,"href":"https:\/\/flama.fi\/en\/wp-json\/wp\/v2\/product_tag?post=89665"}],"curies":[{"name":"wp","href":"https:\/\/api.w.org\/{rel}","templated":true}]}}