{"id":89252,"date":"2025-11-18T12:00:19","date_gmt":"2025-11-18T10:00:19","guid":{"rendered":"https:\/\/flama.fi\/tuote\/parisalsa-show-jatkotaso-anna-ketopaikka\/"},"modified":"2026-03-03T11:19:05","modified_gmt":"2026-03-03T09:19:05","slug":"parisalsa-show-jatkotaso-anna-ketopaikka","status":"publish","type":"product","link":"https:\/\/flama.fi\/en\/product\/parisalsa-show-jatkotaso-anna-ketopaikka\/","title":{"rendered":"Couple Salsa Show, advanced (10 sessions), on Sundays 8.3.\u201324.5. at 17.15\u201318.10, instructed by Anna Ketopaikka"},"content":{"rendered":"<h3>What if I can&#8217;t participate every week?<\/h3>\n<p>Absences from classes can be made up during the same term in any other class or drop-in session. This way, no dance session will be wasted! <a href=\"https:\/\/flama.fi\/en\/info\/faq\/\">Read more.<\/a> <\/p>\n<h3>What should I bring with me?<\/h3>\n<p>For the class, it is recommended to wear clothes that are comfortable to move around in. You can dance with indoor sneakers, dance shoes, or socks.  Also take a water bottle with you and remember to drink enough after class.<\/p>\n<h3>Anna Ketopaikka<\/h3>\n<p>Dance captured Anna&#8217;s heart at an early age: she started dancing at the age of 5 in Ballet classes at the Tampere Ballet Institute. Over the years, she continued to study dance, including Jazz and Show Dance. Since 2010, Anna has focused intensively on Cuban dances. She trained as a salsa instructor with Cuban Ram\u00f3n Silverio and she has been teaching since 2014.<\/p>\n<p>&#8220;I founded Flama out of a burning passion for dance and movement. Dance has brought so much energy, strength, presence and dear friends to my life and I want to be able to share this pleasure to others as well. In my classes, I want to inspire people above all to find strength and joy in everyday life through dance.&#8221;<\/p>\n<p>At Flama, Anna teaches Cuban Salsa (solo and couple salsa) and other Cuban dances, such as son and rumba, as well as bachata and reggaeton.<\/p>\n<p>More information about the course:<a href=\"mailto:info@flama.fi\"> info@flama.fi<\/a><\/p>\n","protected":false},"excerpt":{"rendered":"<p><em>Attention! Unfortunately, the spots for the followers have already been taken. T<strong data-renderer-mark=\"true\">here are currently only places for leaders<\/strong>. To be informed about possible changes, please contact us by email: <a class=\"_mizu194a _1ah3dkaa _ra3xnqa1 _128mdkaa _1cvmnqa1 _4davt94y _4bfu1r31 _1hms8stv _ajmmnqa1 _vchhusvi _kqswh2mm _syaz14q2 _ect41gqc _1a3b1r31 _4fpr8stv _5goinqa1 _f8pj14q2 _9oik1r31 _1bnxglyw _jf4cnqa1 _30l314q2 _1nrm1r31 _c2waglyw _1iohnqa1 _9h8h16c2 _1053w7te _1ienw7te _n0fxw7te _1vhvg3x0\" title=\"mailto:info@flama.fi\" href=\"mailto:info@flama.fi\" data-renderer-mark=\"true\" data-is-router-link=\"false\" data-testid=\"link-with-safety\">info@flama.fi.<\/a><\/em><\/p>\n<p>You couple salsa dancer, come shine in the spotlight and gain experience in performing!<\/p>\n<p>T\u00e4ll\u00e4 kurssilla harjoitellaan Anna Ketopaikan suunnittelema kuubalaisen parisalsan esityskoreografia, joka esitet\u00e4\u00e4n Flama Spring Show\u2019ssa Linnateatterissa keskiviikkona 27.5. The participants of the course commit to perform in the show. The couple salsa choreography includes also some parts of salsa solo.<\/p>\n<p>The course is suitable for dancers on level 4, so you have danced Cuban couple salsa weekly for several years.<\/p>\n<p>You can sign up alone or with a partner. During the lessons, partners are changed in a circle. If you wish, you can also dance only with your own partner. <\/p>\n<p>Anyone can participate in all Flama\u00b4s partner classes as a leader or follower, regardless of gender identity.<\/p>\n<p><b>Time:<\/b> on Sundays 8.3.\u201324.5. at 17.15\u201318.10<br \/>\n<b>Place<\/b>: Flama Linnankatu (Linnankatu 84, Turku)<br \/>\nLevel: advanced<br \/>\n<b>Teacher<\/b>: <a href=\"https:\/\/flama.fi\/en\/instructors\/anna-ketopaikka\/\">Anna Ketopaikka<\/a><\/p>\n<p>The course fee includes 10 \u00d7 55 min sessions. No class on Easter Day 5.4. or Mother\u2019s Day 10.5. <\/p>\n<p>If you are purchasing a course for two people, please add the name, email address, and phone number of the second participant in the &#8220;Order comments&#8221; field so that we can add them to the course as well.<\/p>\n<p>Reserve your place in time and take advantage of the early bird price<br \/>\n<b>By registering for the course by Sunday, the 1st of March 2026, you will receive the course at a discounted price.<\/b><\/p>\n<p>If you would like to pay part of the course fee with a tyky benefit (e.g., Smartum, Edenred, ePassi), please register by sending an email to: info@flama.fi.<\/p>\n<p>Thinking about taking more than one course? With the Flaman <a href=\"https:\/\/flama.fi\/en\/product\/anytime-spring-2026\/\"><b>Anytime card<\/b>,<\/a> you can dance as much as you want throughout the spring season. If you already have an Anytime card, sign up for courses by sending us an email to<a href=\"mailto:info@flama.fi\"> info@flama.fi.<\/a> <\/p>\n","protected":false},"featured_media":48853,"template":"","meta":{"inline_featured_image":false},"product_brand":[],"product_cat":[3851],"product_tag":[2127,4294,4077,2695,2335,4269,838],"class_list":{"0":"post-89252","1":"product","2":"type-product","3":"status-publish","4":"has-post-thumbnail","6":"product_cat-spring-courses","7":"product_tag-anna-ketopaikka-en-3","8":"product_tag-couple-salsa-show","9":"product_tag-courses","10":"product_tag-flama-linnankatu-en","11":"product_tag-jatkotaso-en","12":"product_tag-spring-2026","13":"product_tag-tanssistudio-flama-en","15":"first","16":"instock","17":"taxable","18":"shipping-taxable","19":"purchasable","20":"product-type-variable"},"yoast_head":"<!-- This site is optimized with the Yoast SEO plugin v27.3 - https:\/\/yoast.com\/product\/yoast-seo-wordpress\/ -->\n<title>Couple Salsa Show, advanced (10 sessions), on Sundays 8.3.\u201324.5. at 17.15\u201318.10, instructed by Anna Ketopaikka - Tanssistudio Flama<\/title>\n<meta name=\"description\" content=\"Parisalsaaja, tule loistamaan parrasvaloissa! Kurssilla harjoitellaan kuubalaisen parisalsan koreografia, joka esitet\u00e4\u00e4n Flama Spring Show\u2019ssa.\" \/>\n<meta name=\"robots\" content=\"index, follow, max-snippet:-1, max-image-preview:large, max-video-preview:-1\" \/>\n<link rel=\"canonical\" href=\"https:\/\/flama.fi\/en\/product\/parisalsa-show-jatkotaso-anna-ketopaikka\/\" \/>\n<meta property=\"og:locale\" content=\"en_US\" \/>\n<meta property=\"og:type\" content=\"article\" \/>\n<meta property=\"og:title\" content=\"Couple Salsa Show, advanced (10 sessions), on Sundays 8.3.\u201324.5. at 17.15\u201318.10, instructed by Anna Ketopaikka - Tanssistudio Flama\" \/>\n<meta property=\"og:description\" content=\"Parisalsaaja, tule loistamaan parrasvaloissa! Kurssilla harjoitellaan kuubalaisen parisalsan koreografia, joka esitet\u00e4\u00e4n Flama Spring Show\u2019ssa.\" \/>\n<meta property=\"og:url\" content=\"https:\/\/flama.fi\/en\/product\/parisalsa-show-jatkotaso-anna-ketopaikka\/\" \/>\n<meta property=\"og:site_name\" content=\"Tanssistudio Flama\" \/>\n<meta property=\"article:modified_time\" content=\"2026-03-03T09:19:05+00:00\" \/>\n<meta property=\"og:image\" content=\"https:\/\/flama.fi\/wp-content\/uploads\/2022\/11\/anna-ketopaikka-1080x1080-1.jpg\" \/>\n\t<meta property=\"og:image:width\" content=\"1080\" \/>\n\t<meta property=\"og:image:height\" content=\"1080\" \/>\n\t<meta property=\"og:image:type\" content=\"image\/jpeg\" \/>\n<meta name=\"twitter:card\" content=\"summary_large_image\" \/>\n<meta name=\"twitter:label1\" content=\"Est. reading time\" \/>\n\t<meta name=\"twitter:data1\" content=\"2 minutes\" \/>\n<script type=\"application\/ld+json\" class=\"yoast-schema-graph\">{\"@context\":\"https:\\\/\\\/schema.org\",\"@graph\":[{\"@type\":\"WebPage\",\"@id\":\"https:\\\/\\\/flama.fi\\\/en\\\/product\\\/parisalsa-show-jatkotaso-anna-ketopaikka\\\/\",\"url\":\"https:\\\/\\\/flama.fi\\\/en\\\/product\\\/parisalsa-show-jatkotaso-anna-ketopaikka\\\/\",\"name\":\"Couple Salsa Show, advanced (10 sessions), on Sundays 8.3.\u201324.5. at 17.15\u201318.10, instructed by Anna Ketopaikka - Tanssistudio Flama\",\"isPartOf\":{\"@id\":\"https:\\\/\\\/flama.fi\\\/en\\\/#website\"},\"primaryImageOfPage\":{\"@id\":\"https:\\\/\\\/flama.fi\\\/en\\\/product\\\/parisalsa-show-jatkotaso-anna-ketopaikka\\\/#primaryimage\"},\"image\":{\"@id\":\"https:\\\/\\\/flama.fi\\\/en\\\/product\\\/parisalsa-show-jatkotaso-anna-ketopaikka\\\/#primaryimage\"},\"thumbnailUrl\":\"https:\\\/\\\/flama.fi\\\/wp-content\\\/uploads\\\/2022\\\/11\\\/anna-ketopaikka-1080x1080-1.jpg\",\"datePublished\":\"2025-11-18T10:00:19+00:00\",\"dateModified\":\"2026-03-03T09:19:05+00:00\",\"description\":\"Parisalsaaja, tule loistamaan parrasvaloissa! Kurssilla harjoitellaan kuubalaisen parisalsan koreografia, joka esitet\u00e4\u00e4n Flama Spring Show\u2019ssa.\",\"breadcrumb\":{\"@id\":\"https:\\\/\\\/flama.fi\\\/en\\\/product\\\/parisalsa-show-jatkotaso-anna-ketopaikka\\\/#breadcrumb\"},\"inLanguage\":\"en-US\",\"potentialAction\":[{\"@type\":\"ReadAction\",\"target\":[\"https:\\\/\\\/flama.fi\\\/en\\\/product\\\/parisalsa-show-jatkotaso-anna-ketopaikka\\\/\"]}]},{\"@type\":\"ImageObject\",\"inLanguage\":\"en-US\",\"@id\":\"https:\\\/\\\/flama.fi\\\/en\\\/product\\\/parisalsa-show-jatkotaso-anna-ketopaikka\\\/#primaryimage\",\"url\":\"https:\\\/\\\/flama.fi\\\/wp-content\\\/uploads\\\/2022\\\/11\\\/anna-ketopaikka-1080x1080-1.jpg\",\"contentUrl\":\"https:\\\/\\\/flama.fi\\\/wp-content\\\/uploads\\\/2022\\\/11\\\/anna-ketopaikka-1080x1080-1.jpg\",\"width\":1080,\"height\":1080,\"caption\":\"Ruskeahiuksinen nainen hymyilee kameralle ja poseeraa tummissa vaatteissa, k\u00e4si lantiolla. Kuvassa on Anna Ketopaikka.\"},{\"@type\":\"BreadcrumbList\",\"@id\":\"https:\\\/\\\/flama.fi\\\/en\\\/product\\\/parisalsa-show-jatkotaso-anna-ketopaikka\\\/#breadcrumb\",\"itemListElement\":[{\"@type\":\"ListItem\",\"position\":1,\"name\":\"Etusivu\",\"item\":\"https:\\\/\\\/flama.fi\\\/en\\\/\"},{\"@type\":\"ListItem\",\"position\":2,\"name\":\"Shop\",\"item\":\"https:\\\/\\\/flama.fi\\\/en\\\/shop\\\/\"},{\"@type\":\"ListItem\",\"position\":3,\"name\":\"Couple Salsa Show, advanced (10 sessions), on Sundays 8.3.\u201324.5. at 17.15\u201318.10, instructed by Anna Ketopaikka\"}]},{\"@type\":\"WebSite\",\"@id\":\"https:\\\/\\\/flama.fi\\\/en\\\/#website\",\"url\":\"https:\\\/\\\/flama.fi\\\/en\\\/\",\"name\":\"Tanssistudio Flama\",\"description\":\"Turkulainen Tanssistudio\",\"publisher\":{\"@id\":\"https:\\\/\\\/flama.fi\\\/en\\\/#organization\"},\"potentialAction\":[{\"@type\":\"SearchAction\",\"target\":{\"@type\":\"EntryPoint\",\"urlTemplate\":\"https:\\\/\\\/flama.fi\\\/en\\\/?s={search_term_string}\"},\"query-input\":{\"@type\":\"PropertyValueSpecification\",\"valueRequired\":true,\"valueName\":\"search_term_string\"}}],\"inLanguage\":\"en-US\"},{\"@type\":\"Organization\",\"@id\":\"https:\\\/\\\/flama.fi\\\/en\\\/#organization\",\"name\":\"Tanssistudio Flama\",\"url\":\"https:\\\/\\\/flama.fi\\\/en\\\/\",\"logo\":{\"@type\":\"ImageObject\",\"inLanguage\":\"en-US\",\"@id\":\"https:\\\/\\\/flama.fi\\\/en\\\/#\\\/schema\\\/logo\\\/image\\\/\",\"url\":\"https:\\\/\\\/flama.fi\\\/wp-content\\\/uploads\\\/2022\\\/07\\\/Flama-logo.png\",\"contentUrl\":\"https:\\\/\\\/flama.fi\\\/wp-content\\\/uploads\\\/2022\\\/07\\\/Flama-logo.png\",\"width\":1240,\"height\":620,\"caption\":\"Tanssistudio Flama\"},\"image\":{\"@id\":\"https:\\\/\\\/flama.fi\\\/en\\\/#\\\/schema\\\/logo\\\/image\\\/\"}}]}<\/script>\n<!-- \/ Yoast SEO plugin. -->","yoast_head_json":{"title":"Couple Salsa Show, advanced (10 sessions), on Sundays 8.3.\u201324.5. at 17.15\u201318.10, instructed by Anna Ketopaikka - Tanssistudio Flama","description":"Parisalsaaja, tule loistamaan parrasvaloissa! Kurssilla harjoitellaan kuubalaisen parisalsan koreografia, joka esitet\u00e4\u00e4n Flama Spring Show\u2019ssa.","robots":{"index":"index","follow":"follow","max-snippet":"max-snippet:-1","max-image-preview":"max-image-preview:large","max-video-preview":"max-video-preview:-1"},"canonical":"https:\/\/flama.fi\/en\/product\/parisalsa-show-jatkotaso-anna-ketopaikka\/","og_locale":"en_US","og_type":"article","og_title":"Couple Salsa Show, advanced (10 sessions), on Sundays 8.3.\u201324.5. at 17.15\u201318.10, instructed by Anna Ketopaikka - Tanssistudio Flama","og_description":"Parisalsaaja, tule loistamaan parrasvaloissa! Kurssilla harjoitellaan kuubalaisen parisalsan koreografia, joka esitet\u00e4\u00e4n Flama Spring Show\u2019ssa.","og_url":"https:\/\/flama.fi\/en\/product\/parisalsa-show-jatkotaso-anna-ketopaikka\/","og_site_name":"Tanssistudio Flama","article_modified_time":"2026-03-03T09:19:05+00:00","og_image":[{"width":1080,"height":1080,"url":"https:\/\/flama.fi\/wp-content\/uploads\/2022\/11\/anna-ketopaikka-1080x1080-1.jpg","type":"image\/jpeg"}],"twitter_card":"summary_large_image","twitter_misc":{"Est. reading time":"2 minutes"},"schema":{"@context":"https:\/\/schema.org","@graph":[{"@type":"WebPage","@id":"https:\/\/flama.fi\/en\/product\/parisalsa-show-jatkotaso-anna-ketopaikka\/","url":"https:\/\/flama.fi\/en\/product\/parisalsa-show-jatkotaso-anna-ketopaikka\/","name":"Couple Salsa Show, advanced (10 sessions), on Sundays 8.3.\u201324.5. at 17.15\u201318.10, instructed by Anna Ketopaikka - Tanssistudio Flama","isPartOf":{"@id":"https:\/\/flama.fi\/en\/#website"},"primaryImageOfPage":{"@id":"https:\/\/flama.fi\/en\/product\/parisalsa-show-jatkotaso-anna-ketopaikka\/#primaryimage"},"image":{"@id":"https:\/\/flama.fi\/en\/product\/parisalsa-show-jatkotaso-anna-ketopaikka\/#primaryimage"},"thumbnailUrl":"https:\/\/flama.fi\/wp-content\/uploads\/2022\/11\/anna-ketopaikka-1080x1080-1.jpg","datePublished":"2025-11-18T10:00:19+00:00","dateModified":"2026-03-03T09:19:05+00:00","description":"Parisalsaaja, tule loistamaan parrasvaloissa! Kurssilla harjoitellaan kuubalaisen parisalsan koreografia, joka esitet\u00e4\u00e4n Flama Spring Show\u2019ssa.","breadcrumb":{"@id":"https:\/\/flama.fi\/en\/product\/parisalsa-show-jatkotaso-anna-ketopaikka\/#breadcrumb"},"inLanguage":"en-US","potentialAction":[{"@type":"ReadAction","target":["https:\/\/flama.fi\/en\/product\/parisalsa-show-jatkotaso-anna-ketopaikka\/"]}]},{"@type":"ImageObject","inLanguage":"en-US","@id":"https:\/\/flama.fi\/en\/product\/parisalsa-show-jatkotaso-anna-ketopaikka\/#primaryimage","url":"https:\/\/flama.fi\/wp-content\/uploads\/2022\/11\/anna-ketopaikka-1080x1080-1.jpg","contentUrl":"https:\/\/flama.fi\/wp-content\/uploads\/2022\/11\/anna-ketopaikka-1080x1080-1.jpg","width":1080,"height":1080,"caption":"Ruskeahiuksinen nainen hymyilee kameralle ja poseeraa tummissa vaatteissa, k\u00e4si lantiolla. Kuvassa on Anna Ketopaikka."},{"@type":"BreadcrumbList","@id":"https:\/\/flama.fi\/en\/product\/parisalsa-show-jatkotaso-anna-ketopaikka\/#breadcrumb","itemListElement":[{"@type":"ListItem","position":1,"name":"Etusivu","item":"https:\/\/flama.fi\/en\/"},{"@type":"ListItem","position":2,"name":"Shop","item":"https:\/\/flama.fi\/en\/shop\/"},{"@type":"ListItem","position":3,"name":"Couple Salsa Show, advanced (10 sessions), on Sundays 8.3.\u201324.5. at 17.15\u201318.10, instructed by Anna Ketopaikka"}]},{"@type":"WebSite","@id":"https:\/\/flama.fi\/en\/#website","url":"https:\/\/flama.fi\/en\/","name":"Tanssistudio Flama","description":"Turkulainen Tanssistudio","publisher":{"@id":"https:\/\/flama.fi\/en\/#organization"},"potentialAction":[{"@type":"SearchAction","target":{"@type":"EntryPoint","urlTemplate":"https:\/\/flama.fi\/en\/?s={search_term_string}"},"query-input":{"@type":"PropertyValueSpecification","valueRequired":true,"valueName":"search_term_string"}}],"inLanguage":"en-US"},{"@type":"Organization","@id":"https:\/\/flama.fi\/en\/#organization","name":"Tanssistudio Flama","url":"https:\/\/flama.fi\/en\/","logo":{"@type":"ImageObject","inLanguage":"en-US","@id":"https:\/\/flama.fi\/en\/#\/schema\/logo\/image\/","url":"https:\/\/flama.fi\/wp-content\/uploads\/2022\/07\/Flama-logo.png","contentUrl":"https:\/\/flama.fi\/wp-content\/uploads\/2022\/07\/Flama-logo.png","width":1240,"height":620,"caption":"Tanssistudio Flama"},"image":{"@id":"https:\/\/flama.fi\/en\/#\/schema\/logo\/image\/"}}]}},"_links":{"self":[{"href":"https:\/\/flama.fi\/en\/wp-json\/wp\/v2\/product\/89252","targetHints":{"allow":["GET"]}}],"collection":[{"href":"https:\/\/flama.fi\/en\/wp-json\/wp\/v2\/product"}],"about":[{"href":"https:\/\/flama.fi\/en\/wp-json\/wp\/v2\/types\/product"}],"version-history":[{"count":2,"href":"https:\/\/flama.fi\/en\/wp-json\/wp\/v2\/product\/89252\/revisions"}],"predecessor-version":[{"id":92663,"href":"https:\/\/flama.fi\/en\/wp-json\/wp\/v2\/product\/89252\/revisions\/92663"}],"wp:featuredmedia":[{"embeddable":true,"href":"https:\/\/flama.fi\/en\/wp-json\/wp\/v2\/media\/48853"}],"wp:attachment":[{"href":"https:\/\/flama.fi\/en\/wp-json\/wp\/v2\/media?parent=89252"}],"wp:term":[{"taxonomy":"product_brand","embeddable":true,"href":"https:\/\/flama.fi\/en\/wp-json\/wp\/v2\/product_brand?post=89252"},{"taxonomy":"product_cat","embeddable":true,"href":"https:\/\/flama.fi\/en\/wp-json\/wp\/v2\/product_cat?post=89252"},{"taxonomy":"product_tag","embeddable":true,"href":"https:\/\/flama.fi\/en\/wp-json\/wp\/v2\/product_tag?post=89252"}],"curies":[{"name":"wp","href":"https:\/\/api.w.org\/{rel}","templated":true}]}}