{"id":88495,"date":"2025-11-18T12:00:31","date_gmt":"2025-11-18T10:00:31","guid":{"rendered":"https:\/\/flama.fi\/?post_type=product&#038;p=88495"},"modified":"2026-04-05T07:43:41","modified_gmt":"2026-04-05T04:43:41","slug":"musical-dance-intermediate-saturday-juulia-alho","status":"publish","type":"product","link":"https:\/\/flama.fi\/en\/product\/musical-dance-intermediate-saturday-juulia-alho\/","title":{"rendered":"Musical Dance, intermediate (5 sessions), Saturdays 11.4.\u201323.5. at 10:30\u201312:00, instructed by Juulia Alho"},"content":{"rendered":"<h3>What if I can&#8217;t participate every week?<\/h3>\n<p>Absences from classes can be made up during the same term in any other class or drop-in session. This way, no dance session will be wasted! <a href=\"https:\/\/flama.fi\/en\/info\/faq\/\">Read more.<\/a><\/p>\n<h3>What should I bring with me?<\/h3>\n<p>For the class, it is recommended to wear clothes that are comfortable to move around in. You can dance with indoor sneakers, dance shoes, or socks. Also take a water bottle with you and remember to drink enough after class.<\/p>\n<h3>Musical Dance<\/h3>\n<p>As the name suggests, the Musical Dance Course draws its inspiration from the world of film and stage musicals. In the classes, expression and storytelling through dance are practiced in particular. This course is suitable for those with some previous dance background. The course is particularly good for developing performance skills.<\/p>\n<h3>Juulia Alho<\/h3>\n<p>Juulia is a professional sports instructor and sports massage therapist and she has several years of experience in instructing different groups. Dance classes and body care are especially close to Juulia&#8217;s heart.<\/p>\n<p>Dancing and performing have always been part of Juulia\u2019s life. There have been theater, gymnastics, show, jazz and contemporary dance, Latin dances as well as show burlesque in a Turku-based dance group called GlamGrls&#8217;n&#8217;Pantyhoes.<\/p>\n<p>Relaxed atmosphere, bold expression, throwing yourself, doing things to the fullest and physicality describe Juulia&#8217;s classes well.<\/p>\n<p>&nbsp;<\/p>\n<p>More information about the course:<a href=\"mailto:info@flama.fi\"> info@flama.fi<\/a><\/p>\n","protected":false},"excerpt":{"rendered":"<p>Welcome to dance to wonderful musical songs! In this course, expression and storytelling are practiced through dance.<\/p>\n<p>In this course, we work on Juulia Alho\u2019s musical dance choreography, which will be performed on Wednesday, May 27, 2026, on the stage of the Linnateatteri in Turku. The performance is part of Flama Spring Show. You can also join the course even if you are unable to participate in the performance.<\/p>\n<p><strong>Time:<\/strong> Saturdays 11.4.\u201323.5. at 10:30\u201312:00 (no class 8.4. and 16.5.)<br \/>\n<strong>Place<\/strong>: Flama Rauhankatu (Rauhankatu 15, 20100 Turku)<br \/>\n<strong>Level<\/strong>: intermediate<br \/>\n<strong>Teacher<\/strong>: <a href=\"https:\/\/flama.fi\/en\/instructors\/juulia-alho\/\">Juulia Alho<\/a><\/p>\n<p>The course fee includes 5 x 90 min sessions. No class 18.4 and 16.5.<\/p>\n<p>&nbsp;<\/p>\n<p><b>Reserve your spot early and take advantage of the early bird price.<\/b><br \/>\n<span style=\"font-weight: 400;\">By registering for the course by Saturday 4.4.2026, you will receive a discounted rate.<\/span><\/p>\n<p><span style=\"font-weight: 400;\">If you would like to pay part of the course fee with a tyky benefit (e.g., Smartum, Edenred, ePassi), please register by sending an email to: info@flama.fi.<\/span><\/p>\n<p><b>Thinking about attendinf multiple courses?<\/b> <span style=\"font-weight: 400;\">With Flama&#8217;s<\/span> <span style=\"font-weight: 400;\"><a href=\"https:\/\/flama.fi\/en\/product\/anytime-spring-2026\/\">Anytime pass<\/a><\/span><span style=\"font-weight: 400;\"> you can dance as much as you&#8217;d like during the spring season. If you already have an Anytime, sign up for the course through e-mail: <\/span><a href=\"mailto:info@flama.fi\"><span style=\"font-weight: 400;\">info@flama.fi<\/span><\/a><span style=\"font-weight: 400;\">. <\/span><\/p>\n","protected":false},"featured_media":41327,"template":"","meta":{"inline_featured_image":false},"product_brand":[],"product_cat":[3851],"product_tag":[4077,2518,4345,1836,3875,2521,4083,4079,3663,838],"class_list":{"0":"post-88495","1":"product","2":"type-product","3":"status-publish","4":"has-post-thumbnail","6":"product_cat-spring-courses","7":"product_tag-courses","8":"product_tag-flama-rauhankatu-en","9":"product_tag-flama-spring-show-2026","10":"product_tag-intermediate-en","11":"product_tag-juulia-alho-en","12":"product_tag-musical-dance-en-2","13":"product_tag-musical-dance-en-3","14":"product_tag-performance-en","15":"product_tag-performing","16":"product_tag-tanssistudio-flama-en","18":"first","19":"instock","20":"virtual","21":"taxable","22":"purchasable","23":"product-type-simple"},"yoast_head":"<!-- This site is optimized with the Yoast SEO plugin v27.3 - https:\/\/yoast.com\/product\/yoast-seo-wordpress\/ -->\n<title>Musical Dance, intermediate (5 sessions), Saturdays 11.4.\u201323.5. at 10:30\u201312:00, instructed by Juulia Alho - Tanssistudio Flama<\/title>\n<meta name=\"description\" content=\"Welcome to dance to wonderful musical songs! In this course, expression and storytelling are practiced through dance.\" \/>\n<meta name=\"robots\" content=\"index, follow, max-snippet:-1, max-image-preview:large, max-video-preview:-1\" \/>\n<link rel=\"canonical\" href=\"https:\/\/flama.fi\/en\/product\/musical-dance-intermediate-saturday-juulia-alho\/\" \/>\n<meta property=\"og:locale\" content=\"en_US\" \/>\n<meta property=\"og:type\" content=\"article\" \/>\n<meta property=\"og:title\" content=\"Musical Dance, intermediate (5 sessions), Saturdays 11.4.\u201323.5. at 10:30\u201312:00, instructed by Juulia Alho - Tanssistudio Flama\" \/>\n<meta property=\"og:description\" content=\"Welcome to dance to wonderful musical songs! In this course, expression and storytelling are practiced through dance.\" \/>\n<meta property=\"og:url\" content=\"https:\/\/flama.fi\/en\/product\/musical-dance-intermediate-saturday-juulia-alho\/\" \/>\n<meta property=\"og:site_name\" content=\"Tanssistudio Flama\" \/>\n<meta property=\"article:modified_time\" content=\"2026-04-05T04:43:41+00:00\" \/>\n<meta property=\"og:image\" content=\"https:\/\/flama.fi\/wp-content\/uploads\/2022\/07\/20210825_Flama_Henkilokuvat7653.jpg\" \/>\n\t<meta property=\"og:image:width\" content=\"2048\" \/>\n\t<meta property=\"og:image:height\" content=\"1365\" \/>\n\t<meta property=\"og:image:type\" content=\"image\/jpeg\" \/>\n<meta name=\"twitter:card\" content=\"summary_large_image\" \/>\n<meta name=\"twitter:label1\" content=\"Est. reading time\" \/>\n\t<meta name=\"twitter:data1\" content=\"2 minutes\" \/>\n<script type=\"application\/ld+json\" class=\"yoast-schema-graph\">{\"@context\":\"https:\\\/\\\/schema.org\",\"@graph\":[{\"@type\":\"WebPage\",\"@id\":\"https:\\\/\\\/flama.fi\\\/en\\\/product\\\/musical-dance-intermediate-saturday-juulia-alho\\\/\",\"url\":\"https:\\\/\\\/flama.fi\\\/en\\\/product\\\/musical-dance-intermediate-saturday-juulia-alho\\\/\",\"name\":\"Musical Dance, intermediate (5 sessions), Saturdays 11.4.\u201323.5. at 10:30\u201312:00, instructed by Juulia Alho - Tanssistudio Flama\",\"isPartOf\":{\"@id\":\"https:\\\/\\\/flama.fi\\\/en\\\/#website\"},\"primaryImageOfPage\":{\"@id\":\"https:\\\/\\\/flama.fi\\\/en\\\/product\\\/musical-dance-intermediate-saturday-juulia-alho\\\/#primaryimage\"},\"image\":{\"@id\":\"https:\\\/\\\/flama.fi\\\/en\\\/product\\\/musical-dance-intermediate-saturday-juulia-alho\\\/#primaryimage\"},\"thumbnailUrl\":\"https:\\\/\\\/flama.fi\\\/wp-content\\\/uploads\\\/2022\\\/07\\\/20210825_Flama_Henkilokuvat7653.jpg\",\"datePublished\":\"2025-11-18T10:00:31+00:00\",\"dateModified\":\"2026-04-05T04:43:41+00:00\",\"description\":\"Welcome to dance to wonderful musical songs! In this course, expression and storytelling are practiced through dance.\",\"breadcrumb\":{\"@id\":\"https:\\\/\\\/flama.fi\\\/en\\\/product\\\/musical-dance-intermediate-saturday-juulia-alho\\\/#breadcrumb\"},\"inLanguage\":\"en-US\",\"potentialAction\":[{\"@type\":\"ReadAction\",\"target\":[\"https:\\\/\\\/flama.fi\\\/en\\\/product\\\/musical-dance-intermediate-saturday-juulia-alho\\\/\"]}]},{\"@type\":\"ImageObject\",\"inLanguage\":\"en-US\",\"@id\":\"https:\\\/\\\/flama.fi\\\/en\\\/product\\\/musical-dance-intermediate-saturday-juulia-alho\\\/#primaryimage\",\"url\":\"https:\\\/\\\/flama.fi\\\/wp-content\\\/uploads\\\/2022\\\/07\\\/20210825_Flama_Henkilokuvat7653.jpg\",\"contentUrl\":\"https:\\\/\\\/flama.fi\\\/wp-content\\\/uploads\\\/2022\\\/07\\\/20210825_Flama_Henkilokuvat7653.jpg\",\"width\":2048,\"height\":1365,\"caption\":\"Tummahiuksinen nainen hymyilee vienosti kameralle. P\u00e4\u00e4ll\u00e4\u00e4n musta toppi, jossa lukee Tanssistudio Flama. Kuvassa Juulia Niemi.\"},{\"@type\":\"BreadcrumbList\",\"@id\":\"https:\\\/\\\/flama.fi\\\/en\\\/product\\\/musical-dance-intermediate-saturday-juulia-alho\\\/#breadcrumb\",\"itemListElement\":[{\"@type\":\"ListItem\",\"position\":1,\"name\":\"Etusivu\",\"item\":\"https:\\\/\\\/flama.fi\\\/en\\\/\"},{\"@type\":\"ListItem\",\"position\":2,\"name\":\"Shop\",\"item\":\"https:\\\/\\\/flama.fi\\\/en\\\/shop\\\/\"},{\"@type\":\"ListItem\",\"position\":3,\"name\":\"Musical Dance, intermediate (5 sessions), Saturdays 11.4.\u201323.5. at 10:30\u201312:00, instructed by Juulia Alho\"}]},{\"@type\":\"WebSite\",\"@id\":\"https:\\\/\\\/flama.fi\\\/en\\\/#website\",\"url\":\"https:\\\/\\\/flama.fi\\\/en\\\/\",\"name\":\"Tanssistudio Flama\",\"description\":\"Turkulainen Tanssistudio\",\"publisher\":{\"@id\":\"https:\\\/\\\/flama.fi\\\/en\\\/#organization\"},\"potentialAction\":[{\"@type\":\"SearchAction\",\"target\":{\"@type\":\"EntryPoint\",\"urlTemplate\":\"https:\\\/\\\/flama.fi\\\/en\\\/?s={search_term_string}\"},\"query-input\":{\"@type\":\"PropertyValueSpecification\",\"valueRequired\":true,\"valueName\":\"search_term_string\"}}],\"inLanguage\":\"en-US\"},{\"@type\":\"Organization\",\"@id\":\"https:\\\/\\\/flama.fi\\\/en\\\/#organization\",\"name\":\"Tanssistudio Flama\",\"url\":\"https:\\\/\\\/flama.fi\\\/en\\\/\",\"logo\":{\"@type\":\"ImageObject\",\"inLanguage\":\"en-US\",\"@id\":\"https:\\\/\\\/flama.fi\\\/en\\\/#\\\/schema\\\/logo\\\/image\\\/\",\"url\":\"https:\\\/\\\/flama.fi\\\/wp-content\\\/uploads\\\/2022\\\/07\\\/Flama-logo.png\",\"contentUrl\":\"https:\\\/\\\/flama.fi\\\/wp-content\\\/uploads\\\/2022\\\/07\\\/Flama-logo.png\",\"width\":1240,\"height\":620,\"caption\":\"Tanssistudio Flama\"},\"image\":{\"@id\":\"https:\\\/\\\/flama.fi\\\/en\\\/#\\\/schema\\\/logo\\\/image\\\/\"}}]}<\/script>\n<!-- \/ Yoast SEO plugin. -->","yoast_head_json":{"title":"Musical Dance, intermediate (5 sessions), Saturdays 11.4.\u201323.5. at 10:30\u201312:00, instructed by Juulia Alho - Tanssistudio Flama","description":"Welcome to dance to wonderful musical songs! In this course, expression and storytelling are practiced through dance.","robots":{"index":"index","follow":"follow","max-snippet":"max-snippet:-1","max-image-preview":"max-image-preview:large","max-video-preview":"max-video-preview:-1"},"canonical":"https:\/\/flama.fi\/en\/product\/musical-dance-intermediate-saturday-juulia-alho\/","og_locale":"en_US","og_type":"article","og_title":"Musical Dance, intermediate (5 sessions), Saturdays 11.4.\u201323.5. at 10:30\u201312:00, instructed by Juulia Alho - Tanssistudio Flama","og_description":"Welcome to dance to wonderful musical songs! In this course, expression and storytelling are practiced through dance.","og_url":"https:\/\/flama.fi\/en\/product\/musical-dance-intermediate-saturday-juulia-alho\/","og_site_name":"Tanssistudio Flama","article_modified_time":"2026-04-05T04:43:41+00:00","og_image":[{"width":2048,"height":1365,"url":"https:\/\/flama.fi\/wp-content\/uploads\/2022\/07\/20210825_Flama_Henkilokuvat7653.jpg","type":"image\/jpeg"}],"twitter_card":"summary_large_image","twitter_misc":{"Est. reading time":"2 minutes"},"schema":{"@context":"https:\/\/schema.org","@graph":[{"@type":"WebPage","@id":"https:\/\/flama.fi\/en\/product\/musical-dance-intermediate-saturday-juulia-alho\/","url":"https:\/\/flama.fi\/en\/product\/musical-dance-intermediate-saturday-juulia-alho\/","name":"Musical Dance, intermediate (5 sessions), Saturdays 11.4.\u201323.5. at 10:30\u201312:00, instructed by Juulia Alho - Tanssistudio Flama","isPartOf":{"@id":"https:\/\/flama.fi\/en\/#website"},"primaryImageOfPage":{"@id":"https:\/\/flama.fi\/en\/product\/musical-dance-intermediate-saturday-juulia-alho\/#primaryimage"},"image":{"@id":"https:\/\/flama.fi\/en\/product\/musical-dance-intermediate-saturday-juulia-alho\/#primaryimage"},"thumbnailUrl":"https:\/\/flama.fi\/wp-content\/uploads\/2022\/07\/20210825_Flama_Henkilokuvat7653.jpg","datePublished":"2025-11-18T10:00:31+00:00","dateModified":"2026-04-05T04:43:41+00:00","description":"Welcome to dance to wonderful musical songs! In this course, expression and storytelling are practiced through dance.","breadcrumb":{"@id":"https:\/\/flama.fi\/en\/product\/musical-dance-intermediate-saturday-juulia-alho\/#breadcrumb"},"inLanguage":"en-US","potentialAction":[{"@type":"ReadAction","target":["https:\/\/flama.fi\/en\/product\/musical-dance-intermediate-saturday-juulia-alho\/"]}]},{"@type":"ImageObject","inLanguage":"en-US","@id":"https:\/\/flama.fi\/en\/product\/musical-dance-intermediate-saturday-juulia-alho\/#primaryimage","url":"https:\/\/flama.fi\/wp-content\/uploads\/2022\/07\/20210825_Flama_Henkilokuvat7653.jpg","contentUrl":"https:\/\/flama.fi\/wp-content\/uploads\/2022\/07\/20210825_Flama_Henkilokuvat7653.jpg","width":2048,"height":1365,"caption":"Tummahiuksinen nainen hymyilee vienosti kameralle. P\u00e4\u00e4ll\u00e4\u00e4n musta toppi, jossa lukee Tanssistudio Flama. Kuvassa Juulia Niemi."},{"@type":"BreadcrumbList","@id":"https:\/\/flama.fi\/en\/product\/musical-dance-intermediate-saturday-juulia-alho\/#breadcrumb","itemListElement":[{"@type":"ListItem","position":1,"name":"Etusivu","item":"https:\/\/flama.fi\/en\/"},{"@type":"ListItem","position":2,"name":"Shop","item":"https:\/\/flama.fi\/en\/shop\/"},{"@type":"ListItem","position":3,"name":"Musical Dance, intermediate (5 sessions), Saturdays 11.4.\u201323.5. at 10:30\u201312:00, instructed by Juulia Alho"}]},{"@type":"WebSite","@id":"https:\/\/flama.fi\/en\/#website","url":"https:\/\/flama.fi\/en\/","name":"Tanssistudio Flama","description":"Turkulainen Tanssistudio","publisher":{"@id":"https:\/\/flama.fi\/en\/#organization"},"potentialAction":[{"@type":"SearchAction","target":{"@type":"EntryPoint","urlTemplate":"https:\/\/flama.fi\/en\/?s={search_term_string}"},"query-input":{"@type":"PropertyValueSpecification","valueRequired":true,"valueName":"search_term_string"}}],"inLanguage":"en-US"},{"@type":"Organization","@id":"https:\/\/flama.fi\/en\/#organization","name":"Tanssistudio Flama","url":"https:\/\/flama.fi\/en\/","logo":{"@type":"ImageObject","inLanguage":"en-US","@id":"https:\/\/flama.fi\/en\/#\/schema\/logo\/image\/","url":"https:\/\/flama.fi\/wp-content\/uploads\/2022\/07\/Flama-logo.png","contentUrl":"https:\/\/flama.fi\/wp-content\/uploads\/2022\/07\/Flama-logo.png","width":1240,"height":620,"caption":"Tanssistudio Flama"},"image":{"@id":"https:\/\/flama.fi\/en\/#\/schema\/logo\/image\/"}}]}},"_links":{"self":[{"href":"https:\/\/flama.fi\/en\/wp-json\/wp\/v2\/product\/88495","targetHints":{"allow":["GET"]}}],"collection":[{"href":"https:\/\/flama.fi\/en\/wp-json\/wp\/v2\/product"}],"about":[{"href":"https:\/\/flama.fi\/en\/wp-json\/wp\/v2\/types\/product"}],"version-history":[{"count":2,"href":"https:\/\/flama.fi\/en\/wp-json\/wp\/v2\/product\/88495\/revisions"}],"predecessor-version":[{"id":90720,"href":"https:\/\/flama.fi\/en\/wp-json\/wp\/v2\/product\/88495\/revisions\/90720"}],"wp:featuredmedia":[{"embeddable":true,"href":"https:\/\/flama.fi\/en\/wp-json\/wp\/v2\/media\/41327"}],"wp:attachment":[{"href":"https:\/\/flama.fi\/en\/wp-json\/wp\/v2\/media?parent=88495"}],"wp:term":[{"taxonomy":"product_brand","embeddable":true,"href":"https:\/\/flama.fi\/en\/wp-json\/wp\/v2\/product_brand?post=88495"},{"taxonomy":"product_cat","embeddable":true,"href":"https:\/\/flama.fi\/en\/wp-json\/wp\/v2\/product_cat?post=88495"},{"taxonomy":"product_tag","embeddable":true,"href":"https:\/\/flama.fi\/en\/wp-json\/wp\/v2\/product_tag?post=88495"}],"curies":[{"name":"wp","href":"https:\/\/api.w.org\/{rel}","templated":true}]}}